{"id":2,"date":"2024-03-02T09:07:11","date_gmt":"2024-03-02T09:07:11","guid":{"rendered":"https:\/\/sesesc.qroo.gob.mx\/?page_id=2"},"modified":"2026-04-29T10:39:49","modified_gmt":"2026-04-29T15:39:49","slug":"marco-juridico","status":"publish","type":"page","link":"https:\/\/sesesc.qroo.gob.mx\/index.php\/marco-juridico\/","title":{"rendered":"Marco Jur\u00eddico"},"content":{"rendered":"\t\t<div data-elementor-type=\"wp-page\" data-elementor-id=\"2\" class=\"elementor elementor-2\">\n\t\t\t\t<div class=\"elementor-element elementor-element-12b4710b e-flex e-con-boxed e-con e-parent\" data-id=\"12b4710b\" data-element_type=\"container\">\n\t\t\t\t\t<div class=\"e-con-inner\">\n\t\t\t\t<div class=\"elementor-element elementor-element-f8b9b2b elementor-widget elementor-widget-heading\" data-id=\"f8b9b2b\" data-element_type=\"widget\" data-widget_type=\"heading.default\">\n\t\t\t\t<div class=\"elementor-widget-container\">\n\t\t\t\t\t<h1 class=\"elementor-heading-title elementor-size-default\">Marco Jur\u00eddico<\/h1>\t\t\t\t<\/div>\n\t\t\t\t<\/div>\n\t\t\t\t\t<\/div>\n\t\t\t\t<\/div>\n\t\t<div class=\"elementor-element elementor-element-21cc1025 e-flex e-con-boxed e-con e-parent\" data-id=\"21cc1025\" data-element_type=\"container\">\n\t\t\t\t\t<div class=\"e-con-inner\">\n\t\t\t\t<div class=\"elementor-element elementor-element-59877905 elementor-widget elementor-widget-html\" data-id=\"59877905\" data-element_type=\"widget\" data-widget_type=\"html.default\">\n\t\t\t\t<div class=\"elementor-widget-container\">\n\t\t\t\t\t<details>\r\n  <summary style=\"color: white\">Marco Normativo<\/summary>\r\n  <a\r\n    href=\"https:\/\/sesesc.qroo.gob.mx\/wp-content\/uploads\/2026\/04\/1.-Constitucion-Politica-de-los-Estados-Unidos-Mexicanos.pdf\"\r\n    >Constituci\u00f3n Pol\u00edtica de los Estados Unidos Mexicanos<\/a\r\n  >\r\n  <a\r\n    href=\"https:\/\/sesesc.qroo.gob.mx\/wp-content\/uploads\/2026\/04\/2.-Plan-Nacional-de-Desarrollo-2025-2030.pdf\"\r\n    >Plan Nacional de Desarrollo 2025-2030<\/a\r\n  >\r\n <a\r\n    href=\"https:\/\/sesesc.qroo.gob.mx\/wp-content\/uploads\/2026\/04\/3.-Ley-General-del-Sistema-Nacional-de-Seguridad-Publica.pdf\"\r\n    >Ley General del Sistema Nacional de Seguridad P\u00fablica<\/a\r\n  >\r\n <a\r\n    href=\"https:\/\/sesesc.qroo.gob.mx\/wp-content\/uploads\/2026\/04\/4.-Constitucion-Politica-del-Estado-Libre-y-Soberano-de-Quintana-Roo.pdf\"\r\n    >Constituci\u00f3n Pol\u00edtica del Estado Libre y Soberano de Quintana Roo.<\/a\r\n  >\r\n  <a\r\n    href=\"https:\/\/sesesc.qroo.gob.mx\/wp-content\/uploads\/2026\/04\/5.-Plan-Estatal-de-Desarrollo-2023-2027.pdf\"\r\n    >Plan Estatal de Desarrollo 2023-2027<\/a\r\n  >\r\n  <a\r\n    href=\"https:\/\/sesesc.qroo.gob.mx\/wp-content\/uploads\/2026\/04\/6.-Ley-del-Secretariado-Ejecutivo-del-Sistema-Estatal-de-Seguridad-Ciudadana-del-Estado-de-Quintana-Roo.pdf\"\r\n    >Ley del Secretariado Ejecutivo del Sistema Estatal de Seguridad Ciudadana del Estado de Quintana Roo<\/a\r\n  >\r\n  <a\r\n    href=\"https:\/\/sesesc.qroo.gob.mx\/wp-content\/uploads\/2026\/04\/7.-Ley-de-Seguridad-Ciudadana-del-Estado-de-Quintana-Roo.pdf\"\r\n    >Ley de Seguridad Ciudadana del Estado de Quintana Roo<\/a\r\n  >\r\n  <a\r\n    href=\"https:\/\/sesesc.qroo.gob.mx\/wp-content\/uploads\/2026\/04\/8.-Ley-de-Prevencion-del-Delito-para-el-Estado-de-Quintana-Roo.pdf\"\r\n    >Ley de Prevenci\u00f3n del Delito para el Estado de Quintana Roo<\/a\r\n  >\r\n  <a\r\n    href=\"https:\/\/sesesc.qroo.gob.mx\/wp-content\/uploads\/2026\/04\/9.-Ley-de-Adquisiciones-Arrendamientos-y-Servicios-del-Sector-Publico.pdf\"\r\n    >Ley de Adquisiciones, Arrendamientos y Servicios del Sector P\u00fablico<\/a\r\n  >\r\n <a\r\n    href=\"https:\/\/sesesc.qroo.gob.mx\/wp-content\/uploads\/2026\/04\/10.-Ley-General-de-Transparencia-y-Acceso-a-la-Informacion-Publica.pdf\"\r\n    >Ley General de Transparencia y Acceso a la Informaci\u00f3n P\u00fablica<\/a\r\n  >\r\n  <a\r\n    href=\"https:\/\/sesesc.qroo.gob.mx\/wp-content\/uploads\/2026\/04\/11.-Ley-de-Transparencia-y-Acceso-a-la-Informacion-Publica-del-Estado-de-Quintana-Roo.pdf\"\r\n    >Ley de Transparencia y Acceso a la Informaci\u00f3n P\u00fablica del Estado de Quintana Roo<\/a\r\n  >\r\n  <a\r\n    href=\"https:\/\/sesesc.qroo.gob.mx\/wp-content\/uploads\/2025\/09\/12.-Ley-de-Adquisiciones-Arrendamientos-y-Prestacion-de-Servicios-Relacionados-con-Bienes-Muebles-del-Estado-de-Quintana-Roo.pdf\"\r\n    >Ley de Adquisiciones, Arrendamientos y Prestaci\u00f3n de Servicios Relacionados con Bienes Muebles del Estado de Quintana Roo<\/a\r\n  >\r\n    <a\r\n    href=\"https:\/\/sesesc.qroo.gob.mx\/wp-content\/uploads\/2026\/04\/12.-Ley-de-Adquisiciones-Arrendamientos-y-Prestacion-de-Servicios-Relacionados-con-Bienes-Muebles-del-Estado-de-Quintana-Roo.pdf\"\r\n    >Lineamientos Generales para Integraci\u00f3n, Organizaci\u00f3n y Funcionamiento de los Comit\u00e9s de Transparencia de los sujetos obligados de la Ley de Transparencia y Acceso a la Informaci\u00f3n P\u00fablica para el Estado de Quintana Roo<\/a\r\n  >\r\n  <a\r\n    href=\"https:\/\/sesesc.qroo.gob.mx\/wp-content\/uploads\/2026\/04\/14.-Ley-de-Coordinacion-Fiscal.pdf\"\r\n    >Ley de Coordinaci\u00f3n Fiscal<\/a\r\n  >\r\n  <a\r\n    href=\"https:\/\/sesesc.qroo.gob.mx\/wp-content\/uploads\/2026\/04\/15.-Ley-de-Disciplina-Financiera-de-las-Entidades-Federativas-y-los-Municipios.pdf\"\r\n    >Ley de Disciplina Financiera de las Entidades Federativas y los Municipios<\/a\r\n  >\r\n  <a\r\n    href=\"https:\/\/sesesc.qroo.gob.mx\/wp-content\/uploads\/2026\/04\/16.-Ley-de-Seguridad-Nacional.pdf\"\r\n    >Ley de Seguridad Nacional<\/a\r\n  >\r\n  <a\r\n    href=\"https:\/\/sesesc.qroo.gob.mx\/wp-content\/uploads\/2026\/04\/17.-Ley-del-Registro-Publico-Vehicular.pdf\"\r\n    >Ley del Registro P\u00fablico Vehicular<\/a\r\n  >\r\n <a\r\n    href=\"https:\/\/sesesc.qroo.gob.mx\/wp-content\/uploads\/2026\/04\/18.-Ley-General-de-Proteccion-de-Datos-Personales-en-Posesion-de-Sujetos-Obligados.pdf\"\r\n    >Ley General de Protecci\u00f3n de Datos Personales en Posesi\u00f3n de Sujetos Obligados<\/a\r\n  >\r\n  <a\r\n    href=\"https:\/\/sesesc.qroo.gob.mx\/wp-content\/uploads\/2026\/04\/19.-Ley-Federal-de-Presupuesto-y-Responsabilidad-Hacendaria.pdf\"\r\n    >Ley Federal de Presupuesto y Responsabilidad Hacendaria<\/a\r\n  >\r\n  <a\r\n    href=\"https:\/\/sesesc.qroo.gob.mx\/wp-content\/uploads\/2026\/04\/20.-Ley-Federal-del-Trabajo.pdf\"\r\n    >Ley Federal del Trabajo<\/a\r\n  >\r\n <a\r\n    href=\"https:\/\/sesesc.qroo.gob.mx\/wp-content\/uploads\/2026\/04\/21.-Ley-General-de-Contabilidad-Gubernamental.pdf\"\r\n    >Ley General de Contabilidad Gubernamental<\/a\r\n  >\r\n   <a\r\n    href=\"https:\/\/sesesc.qroo.gob.mx\/wp-content\/uploads\/2026\/04\/22.-Ley-General-para-la-Prevencion-Social-de-la-Violencia-y-Delincuencia.pdf\"\r\n    >Ley General para la Prevenci\u00f3n Social de la Violencia y Delincuencia<\/a\r\n  >\r\n  <a\r\n    href=\"https:\/\/sesesc.qroo.gob.mx\/wp-content\/uploads\/2026\/04\/23.-Reglamento-de-la-Ley-de-Adquisiciones-Arrendamientos-y-Servicios-del-Sector-Publico.pdf\"\r\n    >Reglamento de la Ley de Adquisiciones, Arrendamientos y Servicios del Sector P\u00fablico<\/a\r\n  >\r\n  <a\r\n    href=\"https:\/\/sesesc.qroo.gob.mx\/wp-content\/uploads\/2026\/04\/24.-Reglamento-de-la-Ley-del-Registro-Publico-Vehicular.pdf\"\r\n    >Reglamento de la Ley del Registro P\u00fablico Vehicular<\/a\r\n  >\r\n  <a\r\n    href=\"https:\/\/sesesc.qroo.gob.mx\/wp-content\/uploads\/2026\/04\/25.-Reglamento-de-la-Ley-Federal-de-Presupuesto-y-Responsabilidad-Hacendaria.pdf\"\r\n    >Reglamento de la Ley Federal de Presupuesto y Responsabilidad Hacendaria<\/a\r\n  >\r\n  <a\r\n    href=\"https:\/\/sesesc.qroo.gob.mx\/index.php\/lineamientos-tecnicos-generales-para-la-publicacion-homologacion-y-estandarizacion-de-la-informacion-de-las-obligaciones-de-transparencia\/\"\r\n    >Lineamientos T\u00e9cnicos Generales para la P\u00fablicaci\u00f3n Homologaci\u00f3n y Estandarizaci\u00f3n de la Informaci\u00f3n de las Obligaciones de Transparencia<\/a\r\n  >\r\n <a\r\n    href=\"https:\/\/sesesc.qroo.gob.mx\/wp-content\/uploads\/2026\/04\/27.-Ley-de-Hacienda-del-Estado-de-Quintana-Roo.pdf\"\r\n    >Ley de Hacienda del Estado de Quintana Roo<\/a\r\n  >\r\n  <a\r\n    href=\"https:\/\/sesesc.qroo.gob.mx\/wp-content\/uploads\/2026\/04\/29.-Ley-de-los-Trabajadores-al-Servicio-de-los-Poderes-Legislativo-Ejecutivo-y-Judicial-de-los-Ayuntamientos-y-Organismos-Descentralizados-del-Estado-de-Quintana-Roo.pdf\"\r\n    >Ley de los Trabajadores al Servicio de los Poderes Legislativo, Ejecutivo y Judicial, de los Ayuntamientos y Organismos Descentralizados del Estado de Quintana Roo<\/a\r\n  >\r\n   <a\r\n    href=\"https:\/\/sesesc.qroo.gob.mx\/wp-content\/uploads\/2026\/04\/30.-Ley-de-Responsabilidades-Administrativas-del-Estado-de-Quintana-Roo-y-sus-Municipios.pdf\"\r\n    >Ley de Responsabilidades Administrativas del Estado de Quintana Roo y sus Municipios.<\/a\r\n  >\r\n   <a\r\n    href=\"https:\/\/sesesc.qroo.gob.mx\/wp-content\/uploads\/2026\/04\/31.-Ley-que-Crea-el-Consejo-Estatal-de-Armonizacion-Contable-del-Estado-de-Quintana-Roo.pdf\"\r\n    >Ley que Crea el Consejo Estatal de Armonizaci\u00f3n Contable del Estado de Quintana Roo<\/a\r\n  >\r\n <a\r\n    href=\"https:\/\/sesesc.qroo.gob.mx\/wp-content\/uploads\/2026\/04\/32.-Ley-Organica-de-la-Administracion-Publica-del-Estado-de-Quintana-Roo.pdf\"\r\n    >Ley Org\u00e1nica de la Administraci\u00f3n P\u00fablica del Estado de Quintana Roo<\/a\r\n  >\r\n  <a\r\n    href=\"https:\/\/sesesc.qroo.gob.mx\/wp-content\/uploads\/2026\/04\/34.-Reglamento-de-la-Ley-de-Entidades-de-la-Administracion-Publica-Paraestatal-del-Estado-de-Quintana-Roo.pdf\"\r\n    >Reglamento de la Ley de Entidades de la Administraci\u00f3n P\u00fablica Paraestatal del Estado de Quintana Roo, en materia de homogenizaci\u00f3n del funcionamiento de los \u00f3rganos de gobierno, integraci\u00f3n de las carpetas de trabajo, y actas de sesiones<\/a\r\n  >\r\n   <a\r\n    href=\"https:\/\/sesesc.qroo.gob.mx\/wp-content\/uploads\/2026\/04\/35.-Acuerdo-por-el-que-se-Emite-las-Normas-Generales-de-Control-Interno-para-la-Administracion-Publica-Central-y-Paraestatal-del-Edo.-QRoo.pdf\"\r\n    >Acuerdo por el que se Emiten las Normas Generales de Control Interno para la Administraci\u00f3n P\u00fablica Central y Paraestatal del Estado de Quintana Roo<\/a\r\n  >\r\n   <a\r\n    href=\"https:\/\/sesesc.qroo.gob.mx\/index.php\/politicas-bases-y-lineamientos-en-materia-de-adquisiciones-arrendamientos-y-prestacion-de-servicios-del-sesesc\/\"\r\n    >Pol\u00edticas, Bases y Lineamientos en Materia de Adquisiciones,\r\nArrendamientos y Prestaci\u00f3n\r\nde Servicios del Secretariado Ejecutivo del Sistema Estatal de Seguridad\r\nCiudadana del Estado de Quintana Roo<\/a\r\n  >\r\n<\/details>\r\n<style>\r\n  details {\r\n    width: 100%;\r\n    margin: 10px 0;\r\n    background-color: #ffffff;\r\n    border: 1px solid transparent;\r\n    border-radius: 4px;\r\n    font-family: \"Montserrat\", sans-serif;\r\n  }\r\n  summary {\r\n    cursor: pointer;\r\n    font-weight: bold;\r\n    padding: 10px;\r\n    background-color: #afafaf;\r\n    border-bottom: 1px solid transparent;\r\n    border-radius: 4px 4px 0 0;\r\n  }\r\n  details[open] summary {\r\n    background-color: #a0a0a0;\r\n  }\r\n  a {\r\n    display: block;\r\n    padding: 5px 10px;\r\n    margin: 2px 0;\r\n    background-color: #ffffff;\r\n    text-decoration: none;\r\n    color: #ab0a3d;\r\n    border-radius: 4px;\r\n    transition: background-color 0.3s ease;\r\n    margin-left: 20px;\r\n  }\r\n  a:hover {\r\n    background-color: #ffffff;\r\n  }\r\n  details details {\r\n    margin: 0;\r\n    border: none;\r\n    background-color: white !important;\r\n  }\r\n  details details summary {\r\n    background-color: #ffffff !important;\r\n    border-radius: 4px;\r\n    padding-left: 20px;\r\n    color: #999999;\r\n  }\r\n  details details details summary {\r\n    background-color: #ffffff !important;\r\n    border-radius: 4px;\r\n    padding-left: 30px;\r\n    color: #999999;\r\n    border: none;\r\n  }\r\n  details details details a {\r\n    background-color: #ffffff;\r\n    border: none;\r\n  }\r\n<\/style>\r\n\t\t\t\t<\/div>\n\t\t\t\t<\/div>\n\t\t\t\t\t<\/div>\n\t\t\t\t<\/div>\n\t\t\t\t<\/div>\n\t\t","protected":false},"excerpt":{"rendered":"<p>Marco Jur\u00eddico Marco Normativo Constituci\u00f3n Pol\u00edtica de los Estados Unidos Mexicanos Plan Nacional de Desarrollo 2025-2030 Ley General del Sistema Nacional de Seguridad P\u00fablica Constituci\u00f3n Pol\u00edtica del Estado Libre y Soberano de Quintana Roo. Plan Estatal de Desarrollo 2023-2027 Ley del Secretariado Ejecutivo del Sistema Estatal de Seguridad Ciudadana del Estado de Quintana Roo Ley &#8230; <a title=\"Marco Jur\u00eddico\" class=\"read-more\" href=\"https:\/\/sesesc.qroo.gob.mx\/index.php\/marco-juridico\/\" aria-label=\"Leer m\u00e1s sobre Marco Jur\u00eddico\">Leer m\u00e1s<\/a><\/p>\n","protected":false},"author":1,"featured_media":0,"parent":0,"menu_order":0,"comment_status":"closed","ping_status":"open","template":"","meta":{"footnotes":""},"class_list":["post-2","page","type-page","status-publish"],"yoast_head":"<!-- This site is optimized with the Yoast SEO plugin v24.6 - https:\/\/yoast.com\/wordpress\/plugins\/seo\/ -->\n<title>Marco Jur\u00eddico - Secretariado Ejecutivo del Sistema Estatal de Seguridad P\u00fablica<\/title>\n<meta name=\"robots\" content=\"noindex, follow, max-snippet:-1, max-image-preview:large, max-video-preview:-1\" \/>\n<meta property=\"og:locale\" content=\"es_MX\" \/>\n<meta property=\"og:type\" content=\"article\" \/>\n<meta property=\"og:title\" content=\"Marco Jur\u00eddico - Secretariado Ejecutivo del Sistema Estatal de Seguridad P\u00fablica\" \/>\n<meta property=\"og:description\" content=\"Marco Jur\u00eddico Marco Normativo Constituci\u00f3n Pol\u00edtica de los Estados Unidos Mexicanos Plan Nacional de Desarrollo 2025-2030 Ley General del Sistema Nacional de Seguridad P\u00fablica Constituci\u00f3n Pol\u00edtica del Estado Libre y Soberano de Quintana Roo. Plan Estatal de Desarrollo 2023-2027 Ley del Secretariado Ejecutivo del Sistema Estatal de Seguridad Ciudadana del Estado de Quintana Roo Ley ... Leer m\u00e1s\" \/>\n<meta property=\"og:url\" content=\"https:\/\/sesesc.qroo.gob.mx\/index.php\/marco-juridico\/\" \/>\n<meta property=\"og:site_name\" content=\"Secretariado Ejecutivo del Sistema Estatal de Seguridad P\u00fablica\" \/>\n<meta property=\"article:modified_time\" content=\"2026-04-29T15:39:49+00:00\" \/>\n<meta name=\"twitter:card\" content=\"summary_large_image\" \/>\n<meta name=\"twitter:label1\" content=\"Tiempo de lectura\" \/>\n\t<meta name=\"twitter:data1\" content=\"2 minutos\" \/>\n<script type=\"application\/ld+json\" class=\"yoast-schema-graph\">{\"@context\":\"https:\/\/schema.org\",\"@graph\":[{\"@type\":\"WebPage\",\"@id\":\"https:\/\/sesesc.qroo.gob.mx\/index.php\/marco-juridico\/\",\"url\":\"https:\/\/sesesc.qroo.gob.mx\/index.php\/marco-juridico\/\",\"name\":\"Marco Jur\u00eddico - Secretariado Ejecutivo del Sistema Estatal de Seguridad P\u00fablica\",\"isPartOf\":{\"@id\":\"https:\/\/sesesc.qroo.gob.mx\/#website\"},\"datePublished\":\"2024-03-02T09:07:11+00:00\",\"dateModified\":\"2026-04-29T15:39:49+00:00\",\"breadcrumb\":{\"@id\":\"https:\/\/sesesc.qroo.gob.mx\/index.php\/marco-juridico\/#breadcrumb\"},\"inLanguage\":\"es\",\"potentialAction\":[{\"@type\":\"ReadAction\",\"target\":[\"https:\/\/sesesc.qroo.gob.mx\/index.php\/marco-juridico\/\"]}]},{\"@type\":\"BreadcrumbList\",\"@id\":\"https:\/\/sesesc.qroo.gob.mx\/index.php\/marco-juridico\/#breadcrumb\",\"itemListElement\":[{\"@type\":\"ListItem\",\"position\":1,\"name\":\"Inicio\",\"item\":\"https:\/\/sesesc.qroo.gob.mx\/\"},{\"@type\":\"ListItem\",\"position\":2,\"name\":\"Marco Jur\u00eddico\"}]},{\"@type\":\"WebSite\",\"@id\":\"https:\/\/sesesc.qroo.gob.mx\/#website\",\"url\":\"https:\/\/sesesc.qroo.gob.mx\/\",\"name\":\"Secretariado Ejecutivo del Sistema Estatal de Seguridad P\u00fablica\",\"description\":\"\",\"potentialAction\":[{\"@type\":\"SearchAction\",\"target\":{\"@type\":\"EntryPoint\",\"urlTemplate\":\"https:\/\/sesesc.qroo.gob.mx\/?s={search_term_string}\"},\"query-input\":{\"@type\":\"PropertyValueSpecification\",\"valueRequired\":true,\"valueName\":\"search_term_string\"}}],\"inLanguage\":\"es\"}]}<\/script>\n<!-- \/ Yoast SEO plugin. -->","yoast_head_json":{"title":"Marco Jur\u00eddico - Secretariado Ejecutivo del Sistema Estatal de Seguridad P\u00fablica","robots":{"index":"noindex","follow":"follow","max-snippet":"max-snippet:-1","max-image-preview":"max-image-preview:large","max-video-preview":"max-video-preview:-1"},"og_locale":"es_MX","og_type":"article","og_title":"Marco Jur\u00eddico - Secretariado Ejecutivo del Sistema Estatal de Seguridad P\u00fablica","og_description":"Marco Jur\u00eddico Marco Normativo Constituci\u00f3n Pol\u00edtica de los Estados Unidos Mexicanos Plan Nacional de Desarrollo 2025-2030 Ley General del Sistema Nacional de Seguridad P\u00fablica Constituci\u00f3n Pol\u00edtica del Estado Libre y Soberano de Quintana Roo. Plan Estatal de Desarrollo 2023-2027 Ley del Secretariado Ejecutivo del Sistema Estatal de Seguridad Ciudadana del Estado de Quintana Roo Ley ... Leer m\u00e1s","og_url":"https:\/\/sesesc.qroo.gob.mx\/index.php\/marco-juridico\/","og_site_name":"Secretariado Ejecutivo del Sistema Estatal de Seguridad P\u00fablica","article_modified_time":"2026-04-29T15:39:49+00:00","twitter_card":"summary_large_image","twitter_misc":{"Tiempo de lectura":"2 minutos"},"schema":{"@context":"https:\/\/schema.org","@graph":[{"@type":"WebPage","@id":"https:\/\/sesesc.qroo.gob.mx\/index.php\/marco-juridico\/","url":"https:\/\/sesesc.qroo.gob.mx\/index.php\/marco-juridico\/","name":"Marco Jur\u00eddico - Secretariado Ejecutivo del Sistema Estatal de Seguridad P\u00fablica","isPartOf":{"@id":"https:\/\/sesesc.qroo.gob.mx\/#website"},"datePublished":"2024-03-02T09:07:11+00:00","dateModified":"2026-04-29T15:39:49+00:00","breadcrumb":{"@id":"https:\/\/sesesc.qroo.gob.mx\/index.php\/marco-juridico\/#breadcrumb"},"inLanguage":"es","potentialAction":[{"@type":"ReadAction","target":["https:\/\/sesesc.qroo.gob.mx\/index.php\/marco-juridico\/"]}]},{"@type":"BreadcrumbList","@id":"https:\/\/sesesc.qroo.gob.mx\/index.php\/marco-juridico\/#breadcrumb","itemListElement":[{"@type":"ListItem","position":1,"name":"Inicio","item":"https:\/\/sesesc.qroo.gob.mx\/"},{"@type":"ListItem","position":2,"name":"Marco Jur\u00eddico"}]},{"@type":"WebSite","@id":"https:\/\/sesesc.qroo.gob.mx\/#website","url":"https:\/\/sesesc.qroo.gob.mx\/","name":"Secretariado Ejecutivo del Sistema Estatal de Seguridad P\u00fablica","description":"","potentialAction":[{"@type":"SearchAction","target":{"@type":"EntryPoint","urlTemplate":"https:\/\/sesesc.qroo.gob.mx\/?s={search_term_string}"},"query-input":{"@type":"PropertyValueSpecification","valueRequired":true,"valueName":"search_term_string"}}],"inLanguage":"es"}]}},"_links":{"self":[{"href":"https:\/\/sesesc.qroo.gob.mx\/index.php\/wp-json\/wp\/v2\/pages\/2","targetHints":{"allow":["GET"]}}],"collection":[{"href":"https:\/\/sesesc.qroo.gob.mx\/index.php\/wp-json\/wp\/v2\/pages"}],"about":[{"href":"https:\/\/sesesc.qroo.gob.mx\/index.php\/wp-json\/wp\/v2\/types\/page"}],"author":[{"embeddable":true,"href":"https:\/\/sesesc.qroo.gob.mx\/index.php\/wp-json\/wp\/v2\/users\/1"}],"replies":[{"embeddable":true,"href":"https:\/\/sesesc.qroo.gob.mx\/index.php\/wp-json\/wp\/v2\/comments?post=2"}],"version-history":[{"count":102,"href":"https:\/\/sesesc.qroo.gob.mx\/index.php\/wp-json\/wp\/v2\/pages\/2\/revisions"}],"predecessor-version":[{"id":41256,"href":"https:\/\/sesesc.qroo.gob.mx\/index.php\/wp-json\/wp\/v2\/pages\/2\/revisions\/41256"}],"wp:attachment":[{"href":"https:\/\/sesesc.qroo.gob.mx\/index.php\/wp-json\/wp\/v2\/media?parent=2"}],"curies":[{"name":"wp","href":"https:\/\/api.w.org\/{rel}","templated":true}]}}