{"id":36640,"date":"2024-08-13T11:31:12","date_gmt":"2024-08-13T16:31:12","guid":{"rendered":"https:\/\/sesesc.qroo.gob.mx\/?page_id=36640"},"modified":"2026-02-23T16:38:23","modified_gmt":"2026-02-23T21:38:23","slug":"informacion-financiera","status":"publish","type":"page","link":"https:\/\/sesesc.qroo.gob.mx\/index.php\/informacion-financiera\/","title":{"rendered":"Informaci\u00f3n financiera"},"content":{"rendered":"\t\t<div data-elementor-type=\"wp-page\" data-elementor-id=\"36640\" class=\"elementor elementor-36640\">\n\t\t\t\t<div class=\"elementor-element elementor-element-17a47eb e-flex e-con-boxed e-con e-parent\" data-id=\"17a47eb\" data-element_type=\"container\">\n\t\t\t\t\t<div class=\"e-con-inner\">\n\t\t\t\t<div class=\"elementor-element elementor-element-f57d8a1 elementor-widget elementor-widget-heading\" data-id=\"f57d8a1\" data-element_type=\"widget\" data-widget_type=\"heading.default\">\n\t\t\t\t<div class=\"elementor-widget-container\">\n\t\t\t\t\t<h2 class=\"elementor-heading-title elementor-size-default\">Informaci\u00f3n financiera<\/h2>\t\t\t\t<\/div>\n\t\t\t\t<\/div>\n\t\t\t\t\t<\/div>\n\t\t\t\t<\/div>\n\t\t<div class=\"elementor-element elementor-element-1da210df e-con-full e-flex e-con e-child\" data-id=\"1da210df\" data-element_type=\"container\">\n\t\t\t\t<div class=\"elementor-element elementor-element-71d42898 elementor-widget elementor-widget-html\" data-id=\"71d42898\" data-element_type=\"widget\" data-widget_type=\"html.default\">\n\t\t\t\t<div class=\"elementor-widget-container\">\n\t\t\t\t\t<details>\r\n  <summary style=\"color: white\">Cuenta P\u00fablica 2025<\/summary>\r\n\r\n<details>\r\n    <summary>2DO TRIMESTRE<\/summary>\r\n    <a href=\"https:\/\/sesesc.qroo.gob.mx\/wp-content\/uploads\/2025\/08\/1.-ESF.pdf\">1. Estado de situaci\u00f3n financiera<\/a>\r\n     <a href=\"https:\/\/sesesc.qroo.gob.mx\/wp-content\/uploads\/2025\/08\/2.-EA.pdf\">2. Estado de actividades<\/a>\r\n       <a href=\"https:\/\/sesesc.qroo.gob.mx\/wp-content\/uploads\/2025\/08\/3.-EVHP.pdf\">3. Estado de variaci\u00f3n en la hacienda p\u00fablica<\/a>\r\n      <a href=\"https:\/\/sesesc.qroo.gob.mx\/wp-content\/uploads\/2025\/08\/4.-ECSF.pdf\">4. Estado de cambios en la situaci\u00f3n financiera<\/a>\r\n       <a href=\"https:\/\/sesesc.qroo.gob.mx\/wp-content\/uploads\/2025\/08\/5.-EFE.pdf\">5. Estado de flujos de efectivo<\/a>\r\n      <a href=\"https:\/\/sesesc.qroo.gob.mx\/wp-content\/uploads\/2025\/08\/6.-EAA.pdf\">6. Estado anal\u00edtico del activo<\/a>\r\n       <a href=\"https:\/\/sesesc.qroo.gob.mx\/wp-content\/uploads\/2025\/08\/7.-EADYOP.pdf\">7. Estado anal\u00edtico de la deuda y otros pasivos<\/a>\r\n      <a href=\"https:\/\/sesesc.qroo.gob.mx\/wp-content\/uploads\/2025\/08\/8.-IPC.pdf\">8. Informe sobre pasivos contingentes<\/a>\r\n       <a href=\"https:\/\/sesesc.qroo.gob.mx\/wp-content\/uploads\/2025\/08\/9.-NotasEF.pdf\">9. Notas a los estados financieros<\/a>\r\n      <a href=\"https:\/\/sesesc.qroo.gob.mx\/wp-content\/uploads\/2025\/08\/10.-EAI.pdf\">10. Estado anal\u00edtico de ingresos<\/a>\r\n       <a href=\"https:\/\/sesesc.qroo.gob.mx\/wp-content\/uploads\/2025\/08\/11.-EAEPE-OG.pdf\">11. Estado anal\u00edtico del ejercicio del presupuesto de egresos con base a clasificaci\u00f3n por objeto del gasto<\/a>\r\n      <a href=\"https:\/\/sesesc.qroo.gob.mx\/wp-content\/uploads\/2025\/08\/12.-EAEPE-economica.pdf\">12. Estado anal\u00edtico del ejercicio del presupuesto de egresos con base a clasificaci\u00f3n econ\u00f3mica<\/a>\r\n       <a href=\"https:\/\/sesesc.qroo.gob.mx\/wp-content\/uploads\/2025\/08\/13.-EAEPE-administrativa.pdf\">13. Estado anal\u00edtico del ejercicio del presupuesto de egresos con base a clasificaci\u00f3n administrativa<\/a>\r\n      <a href=\"https:\/\/sesesc.qroo.gob.mx\/wp-content\/uploads\/2025\/08\/14.-EAEPE-funcional.pdf\">14. Estado anal\u00edtico del ejercicio del presupuesto de egresos con base a clasificaci\u00f3n funcional<\/a>\r\n       <a href=\"https:\/\/sesesc.qroo.gob.mx\/wp-content\/uploads\/2025\/08\/15.-EndeudamientoNetp.pdf\">15. Endeudamiento neto<\/a>\r\n      <a href=\"https:\/\/sesesc.qroo.gob.mx\/wp-content\/uploads\/2025\/08\/16.-ID.pdf\">16. Intereses de la deuda<\/a>\r\n       <a href=\"https:\/\/sesesc.qroo.gob.mx\/wp-content\/uploads\/2025\/08\/17.-GCP.pdf\">17. Gasto por categor\u00eda program\u00e1tica<\/a>\r\n      <a href=\"https:\/\/sesesc.qroo.gob.mx\/wp-content\/uploads\/2025\/08\/18.Indicadores-de-resultados.pdf\">18. Indicadores de resultados<\/a>\r\n       <a href=\"https:\/\/sesesc.qroo.gob.mx\/wp-content\/uploads\/2025\/08\/19.Programas-y-Proyectos-de-Inversion.pdf\">19. Programas y proyectos de inversi\u00f3n<\/a>\r\n      <a href=\"https:\/\/sesesc.qroo.gob.mx\/wp-content\/uploads\/2025\/08\/20.-AyudasSubsidiosD111.pdf\">20. Ayudas y subsidios<\/a>\r\n  <\/details>\r\n  <details>\r\n    <summary>3ER TRIMESTRE<\/summary>\r\n    <a href=\"https:\/\/sesesc.qroo.gob.mx\/wp-content\/uploads\/2025\/11\/1.-Estado-de-Situacion-Financiera.pdf\">1. Estado de situaci\u00f3n financiera<\/a>\r\n      <a href=\"https:\/\/sesesc.qroo.gob.mx\/wp-content\/uploads\/2025\/10\/2.-Estado-de-actividades.pdf\">2. Estado de actividades<\/a>\r\n       <a href=\"https:\/\/sesesc.qroo.gob.mx\/wp-content\/uploads\/2025\/10\/3.-Estado-de-variacion-en-la-hacienda-publica.pdf\">3. Estado de variaci\u00f3n en la hacienda p\u00fablica<\/a>\r\n      <a href=\"https:\/\/sesesc.qroo.gob.mx\/wp-content\/uploads\/2025\/10\/4.-Estado-de-cambios-en-la-situacion-financiera.pdf\">4. Estado de cambios en la situaci\u00f3n financiera<\/a>\r\n       <a href=\"https:\/\/sesesc.qroo.gob.mx\/wp-content\/uploads\/2025\/11\/5.-Estado-de-Flujos-de-Efectivo.pdf\">5. Estado de flujos de efectivo<\/a>\r\n      <a href=\"https:\/\/sesesc.qroo.gob.mx\/wp-content\/uploads\/2025\/10\/6.-Estado-analitico-del-activo.pdf\">6. Estado anal\u00edtico del activo<\/a>\r\n       <a href=\"https:\/\/sesesc.qroo.gob.mx\/wp-content\/uploads\/2025\/10\/7.-Estado-analitico-de-la-deuda-y-otros-pasivos.pdf\">7. Estado anal\u00edtico de la deuda y otros pasivos<\/a>\r\n      <a href=\"https:\/\/sesesc.qroo.gob.mx\/wp-content\/uploads\/2025\/10\/8.-Informe-sobre-pasivos-contingentes.pdf\">8. Informe sobre pasivos contingentes<\/a>\r\n       <a href=\"https:\/\/sesesc.qroo.gob.mx\/wp-content\/uploads\/2025\/11\/9.-Notas-a-los-Estados-Financieros.pdf\">9. Notas a los estados financieros<\/a>\r\n      <a href=\"https:\/\/sesesc.qroo.gob.mx\/wp-content\/uploads\/2025\/10\/10.-Estado-analitico-del-ingreso.pdf\">10. Estado anal\u00edtico de ingresos<\/a>\r\n       <a href=\"https:\/\/sesesc.qroo.gob.mx\/wp-content\/uploads\/2025\/11\/11.-EAEPE-por-Objeto.pdf\">11. Estado anal\u00edtico del ejercicio del presupuesto de egresos con base a clasificaci\u00f3n por objeto del gasto<\/a>\r\n      <a href=\"https:\/\/sesesc.qroo.gob.mx\/wp-content\/uploads\/2025\/11\/12.-EAEPE-Clasificacion-economica.pdf\">12. Estado anal\u00edtico del ejercicio del presupuesto de egresos con base a clasificaci\u00f3n econ\u00f3mica<\/a>\r\n       <a href=\"https:\/\/sesesc.qroo.gob.mx\/wp-content\/uploads\/2025\/11\/13.-EAEPE-Clasificacion-Administrativa.pdf\">13. Estado anal\u00edtico del ejercicio del presupuesto de egresos con base a clasificaci\u00f3n administrativa<\/a>\r\n      <a href=\"https:\/\/sesesc.qroo.gob.mx\/wp-content\/uploads\/2025\/10\/14.-Estado-analitico-del-egreso-finalidad-y-funcion.pdf\">14. Estado anal\u00edtico del ejercicio del presupuesto de egresos con base a clasificaci\u00f3n funcional<\/a>\r\n       <a href=\"https:\/\/sesesc.qroo.gob.mx\/wp-content\/uploads\/2025\/10\/15.-Endeudamiento-neto.pdf\">15. Endeudamiento neto<\/a>\r\n      <a href=\"https:\/\/sesesc.qroo.gob.mx\/wp-content\/uploads\/2025\/10\/16.-Intereses-de-la-deuda.pdf\">16. Intereses de la deuda<\/a>\r\n       <a href=\"https:\/\/sesesc.qroo.gob.mx\/wp-content\/uploads\/2025\/10\/17.-Gasto-por-Categoria-Programatica.pdf\">17. Gasto por categor\u00eda program\u00e1tica<\/a>\r\n      <a href=\"https:\/\/sesesc.qroo.gob.mx\/wp-content\/uploads\/2025\/10\/18.Indicadores-de-Resultados.pdf\">18. Indicadores de resultados<\/a>\r\n       <a href=\"https:\/\/sesesc.qroo.gob.mx\/wp-content\/uploads\/2025\/10\/19.Programas-y-Proyectos-de-Inversion.pdf\">19. Programas y proyectos de inversi\u00f3n<\/a>\r\n      <a href=\"https:\/\/sesesc.qroo.gob.mx\/wp-content\/uploads\/2025\/10\/20.-Ayudas-y-subsidios.pdf\">20. Ayudas y subsidios<\/a>\r\n<\/details>\r\n<details>\r\n    <summary>4TO TRIMESTRE<\/summary>\r\n    <a href=\"https:\/\/sesesc.qroo.gob.mx\/wp-content\/uploads\/2026\/02\/1.-Estado-de-Situacion-Financiera.pdf\">1. Estado de situaci\u00f3n financiera<\/a>\r\n    <a href=\"https:\/\/sesesc.qroo.gob.mx\/wp-content\/uploads\/2026\/02\/2.-Estado-de-Actividades.pdf\">2. Estado de actividades<\/a>\r\n    <a href=\"https:\/\/sesesc.qroo.gob.mx\/wp-content\/uploads\/2026\/02\/3.-Estado-de-Variacion-en-la-Hacienda-Publica.pdf\">3. Estado de Variaci\u00f3n en la Hacienda P\u00fablica<\/a>\r\n    <a href=\"https:\/\/sesesc.qroo.gob.mx\/wp-content\/uploads\/2026\/02\/4.-Estado-de-Cambios-en-la-Situacion-Financiera.pdf\">4. Estado de Cambios en la Situaci\u00f3n Financiera<\/a>\r\n    <a href=\"https:\/\/sesesc.qroo.gob.mx\/wp-content\/uploads\/2026\/02\/5.-Estado-de-Flujos-de-Efectivo.pdf\">5. Estado de Flujos de Efectivo<\/a>\r\n    <a href=\"https:\/\/sesesc.qroo.gob.mx\/wp-content\/uploads\/2026\/02\/6.-Estado-Analitico-del-Activo.pdf\">6. Estado Anal\u00edtico del Activo<\/a>\r\n    <a href=\"https:\/\/sesesc.qroo.gob.mx\/wp-content\/uploads\/2026\/02\/7.-Estado-Analitico-de-la-Deuda-y-Otros-Pasivos.pdf\">7. Estado Anal\u00edtico de la Deuda y Otros Pasivos<\/a>\r\n    <a href=\"https:\/\/sesesc.qroo.gob.mx\/wp-content\/uploads\/2026\/02\/8.-Informa-sobre-Pasivos-Contingentes.pdf\">8. Informa sobre Pasivos Contingentes<\/a>\r\n    <a href=\"https:\/\/sesesc.qroo.gob.mx\/wp-content\/uploads\/2026\/02\/9.-Notas-a-los-Estados-Financieros-diciembre.pdf\">9. Notas a los Estados Financieros diciembre<\/a>\r\n    <a href=\"https:\/\/sesesc.qroo.gob.mx\/wp-content\/uploads\/2026\/02\/10.-Estado-Analitico-de-Ingresos.pdf\">10. Estado Anal\u00edtico de Ingresos<\/a>\r\n    <a href=\"https:\/\/sesesc.qroo.gob.mx\/wp-content\/uploads\/2026\/02\/11.-EAEPE-Clasificacion-Objeto-del-Gasto.pdf\">11. EAEPE Clasificaci\u00f3n Objeto del Gasto<\/a>\r\n    <a href=\"https:\/\/sesesc.qroo.gob.mx\/wp-content\/uploads\/2026\/02\/12.-EAEPE-Clasificacion-Economica.pdf\">12. EAEPE Clasificaci\u00f3n Econ\u00f3mica<\/a>\r\n    <a href=\"https:\/\/sesesc.qroo.gob.mx\/wp-content\/uploads\/2026\/02\/13.-Estado-Analitico-Clasificacion-Admnistrativa.pdf\">13. Estado Anal\u00edtico Clasificaci\u00f3n Admnistrativa<\/a>\r\n    <a href=\"https:\/\/sesesc.qroo.gob.mx\/wp-content\/uploads\/2026\/02\/14.-EAEPE-Clasificacion-Funcional.pdf\">14. EAEPE Clasificaci\u00f3n Funcional<\/a>\r\n    <a href=\"https:\/\/sesesc.qroo.gob.mx\/wp-content\/uploads\/2026\/02\/15.-Endeudamiento-Neto.pdf\">15. Endeudamiento Neto<\/a>\r\n    <a href=\"https:\/\/sesesc.qroo.gob.mx\/wp-content\/uploads\/2026\/02\/16.-Intereses-de-la-Deuda.pdf\">16. Intereses de la Deuda<\/a>\r\n    <a href=\"https:\/\/sesesc.qroo.gob.mx\/wp-content\/uploads\/2026\/02\/17.-Gasto-Categoria-Progrmatica.pdf\">17. Gasto Categor\u00eda Progrm\u00e1tica<\/a>\r\n     <a href=\"https:\/\/sesesc.qroo.gob.mx\/wp-content\/uploads\/2026\/02\/18.Indicadores-de-Resultados.pdf\">18.Indicadores de Resultados<\/a>\r\n      <a href=\"https:\/\/sesesc.qroo.gob.mx\/wp-content\/uploads\/2026\/02\/19.Programas-y-Proyectos-de-Inversion.pdf\">19.Programas y Proyectos de Inversi\u00f3n<\/a>\r\n    <a href=\"https:\/\/sesesc.qroo.gob.mx\/wp-content\/uploads\/2026\/02\/20.-Justificacion-reactivo-D1.11.pdf\">20. Justificaci\u00f3n reactivo D1.11<\/a>\r\n    <\/details>\r\n  <\/details>\r\n  <style>\r\n    details {\r\n      width: 100%;\r\n      margin: 10px 0;\r\n      background-color: #ffffff;\r\n      border: 1px solid transparent;\r\n      border-radius: 4px;\r\n      font-family: \"Montserrat\", sans-serif;\r\n    }\r\n    summary {\r\n      cursor: pointer;\r\n      font-weight: bold;\r\n      padding: 10px;\r\n      background-color: #afafaf;\r\n      border-bottom: 1px solid transparent;\r\n      border-radius: 4px 4px 0 0;\r\n    }\r\n    details[open] summary {\r\n      background-color: #a0a0a0;\r\n    }\r\n    a {\r\n      display: block;\r\n      padding: 5px 10px;\r\n      margin: 2px 0;\r\n      background-color: #ffffff;\r\n      text-decoration: none;\r\n      color: #ab0a3d;\r\n      border-radius: 4px;\r\n      transition: background-color 0.3s ease;\r\n      margin-left: 20px;\r\n    }\r\n    a:hover {\r\n      background-color: #ffffff;\r\n    }\r\n    details details {\r\n      margin: 0;\r\n      border: none;\r\n      background-color: white !important;\r\n    }\r\n    details details summary {\r\n      background-color: #ffffff !important;\r\n      border-radius: 4px;\r\n      padding-left: 20px;\r\n      color: #999999;\r\n    }\r\n    details details details summary {\r\n      background-color: #ffffff !important;\r\n      border-radius: 4px;\r\n      padding-left: 30px;\r\n      color: #999999;\r\n      border: none;\r\n    }\r\n    details details details a {\r\n      background-color: #ffffff;\r\n      border: none;\r\n    }\r\n  <\/style>\r\n<\/details>\t\t\t\t<\/div>\n\t\t\t\t<\/div>\n\t\t\t\t<\/div>\n\t\t\t\t<\/div>\n\t\t","protected":false},"excerpt":{"rendered":"<p>Informaci\u00f3n financiera Cuenta P\u00fablica 2025 2DO TRIMESTRE 1. Estado de situaci\u00f3n financiera 2. Estado de actividades 3. Estado de variaci\u00f3n en la hacienda p\u00fablica 4. Estado de cambios en la situaci\u00f3n financiera 5. Estado de flujos de efectivo 6. Estado anal\u00edtico del activo 7. Estado anal\u00edtico de la deuda y otros pasivos 8. Informe sobre &#8230; <a title=\"Informaci\u00f3n financiera\" class=\"read-more\" href=\"https:\/\/sesesc.qroo.gob.mx\/index.php\/informacion-financiera\/\" aria-label=\"Leer m\u00e1s sobre Informaci\u00f3n financiera\">Leer m\u00e1s<\/a><\/p>\n","protected":false},"author":4,"featured_media":0,"parent":0,"menu_order":0,"comment_status":"closed","ping_status":"closed","template":"","meta":{"footnotes":""},"class_list":["post-36640","page","type-page","status-publish"],"yoast_head":"<!-- This site is optimized with the Yoast SEO plugin v24.6 - https:\/\/yoast.com\/wordpress\/plugins\/seo\/ -->\n<title>Informaci\u00f3n financiera - Secretariado Ejecutivo del Sistema Estatal de Seguridad P\u00fablica<\/title>\n<meta name=\"robots\" content=\"noindex, follow, max-snippet:-1, max-image-preview:large, max-video-preview:-1\" \/>\n<meta property=\"og:locale\" content=\"es_MX\" \/>\n<meta property=\"og:type\" content=\"article\" \/>\n<meta property=\"og:title\" content=\"Informaci\u00f3n financiera - Secretariado Ejecutivo del Sistema Estatal de Seguridad P\u00fablica\" \/>\n<meta property=\"og:description\" content=\"Informaci\u00f3n financiera Cuenta P\u00fablica 2025 2DO TRIMESTRE 1. Estado de situaci\u00f3n financiera 2. Estado de actividades 3. Estado de variaci\u00f3n en la hacienda p\u00fablica 4. Estado de cambios en la situaci\u00f3n financiera 5. Estado de flujos de efectivo 6. Estado anal\u00edtico del activo 7. Estado anal\u00edtico de la deuda y otros pasivos 8. Informe sobre ... Leer m\u00e1s\" \/>\n<meta property=\"og:url\" content=\"https:\/\/sesesc.qroo.gob.mx\/index.php\/informacion-financiera\/\" \/>\n<meta property=\"og:site_name\" content=\"Secretariado Ejecutivo del Sistema Estatal de Seguridad P\u00fablica\" \/>\n<meta property=\"article:modified_time\" content=\"2026-02-23T21:38:23+00:00\" \/>\n<meta name=\"twitter:card\" content=\"summary_large_image\" \/>\n<meta name=\"twitter:label1\" content=\"Tiempo de lectura\" \/>\n\t<meta name=\"twitter:data1\" content=\"2 minutos\" \/>\n<script type=\"application\/ld+json\" class=\"yoast-schema-graph\">{\"@context\":\"https:\/\/schema.org\",\"@graph\":[{\"@type\":\"WebPage\",\"@id\":\"https:\/\/sesesc.qroo.gob.mx\/index.php\/informacion-financiera\/\",\"url\":\"https:\/\/sesesc.qroo.gob.mx\/index.php\/informacion-financiera\/\",\"name\":\"Informaci\u00f3n financiera - Secretariado Ejecutivo del Sistema Estatal de Seguridad P\u00fablica\",\"isPartOf\":{\"@id\":\"https:\/\/sesesc.qroo.gob.mx\/#website\"},\"datePublished\":\"2024-08-13T16:31:12+00:00\",\"dateModified\":\"2026-02-23T21:38:23+00:00\",\"breadcrumb\":{\"@id\":\"https:\/\/sesesc.qroo.gob.mx\/index.php\/informacion-financiera\/#breadcrumb\"},\"inLanguage\":\"es\",\"potentialAction\":[{\"@type\":\"ReadAction\",\"target\":[\"https:\/\/sesesc.qroo.gob.mx\/index.php\/informacion-financiera\/\"]}]},{\"@type\":\"BreadcrumbList\",\"@id\":\"https:\/\/sesesc.qroo.gob.mx\/index.php\/informacion-financiera\/#breadcrumb\",\"itemListElement\":[{\"@type\":\"ListItem\",\"position\":1,\"name\":\"Inicio\",\"item\":\"https:\/\/sesesc.qroo.gob.mx\/\"},{\"@type\":\"ListItem\",\"position\":2,\"name\":\"Informaci\u00f3n financiera\"}]},{\"@type\":\"WebSite\",\"@id\":\"https:\/\/sesesc.qroo.gob.mx\/#website\",\"url\":\"https:\/\/sesesc.qroo.gob.mx\/\",\"name\":\"Secretariado Ejecutivo del Sistema Estatal de Seguridad P\u00fablica\",\"description\":\"\",\"potentialAction\":[{\"@type\":\"SearchAction\",\"target\":{\"@type\":\"EntryPoint\",\"urlTemplate\":\"https:\/\/sesesc.qroo.gob.mx\/?s={search_term_string}\"},\"query-input\":{\"@type\":\"PropertyValueSpecification\",\"valueRequired\":true,\"valueName\":\"search_term_string\"}}],\"inLanguage\":\"es\"}]}<\/script>\n<!-- \/ Yoast SEO plugin. -->","yoast_head_json":{"title":"Informaci\u00f3n financiera - Secretariado Ejecutivo del Sistema Estatal de Seguridad P\u00fablica","robots":{"index":"noindex","follow":"follow","max-snippet":"max-snippet:-1","max-image-preview":"max-image-preview:large","max-video-preview":"max-video-preview:-1"},"og_locale":"es_MX","og_type":"article","og_title":"Informaci\u00f3n financiera - Secretariado Ejecutivo del Sistema Estatal de Seguridad P\u00fablica","og_description":"Informaci\u00f3n financiera Cuenta P\u00fablica 2025 2DO TRIMESTRE 1. Estado de situaci\u00f3n financiera 2. Estado de actividades 3. Estado de variaci\u00f3n en la hacienda p\u00fablica 4. Estado de cambios en la situaci\u00f3n financiera 5. Estado de flujos de efectivo 6. Estado anal\u00edtico del activo 7. Estado anal\u00edtico de la deuda y otros pasivos 8. Informe sobre ... Leer m\u00e1s","og_url":"https:\/\/sesesc.qroo.gob.mx\/index.php\/informacion-financiera\/","og_site_name":"Secretariado Ejecutivo del Sistema Estatal de Seguridad P\u00fablica","article_modified_time":"2026-02-23T21:38:23+00:00","twitter_card":"summary_large_image","twitter_misc":{"Tiempo de lectura":"2 minutos"},"schema":{"@context":"https:\/\/schema.org","@graph":[{"@type":"WebPage","@id":"https:\/\/sesesc.qroo.gob.mx\/index.php\/informacion-financiera\/","url":"https:\/\/sesesc.qroo.gob.mx\/index.php\/informacion-financiera\/","name":"Informaci\u00f3n financiera - Secretariado Ejecutivo del Sistema Estatal de Seguridad P\u00fablica","isPartOf":{"@id":"https:\/\/sesesc.qroo.gob.mx\/#website"},"datePublished":"2024-08-13T16:31:12+00:00","dateModified":"2026-02-23T21:38:23+00:00","breadcrumb":{"@id":"https:\/\/sesesc.qroo.gob.mx\/index.php\/informacion-financiera\/#breadcrumb"},"inLanguage":"es","potentialAction":[{"@type":"ReadAction","target":["https:\/\/sesesc.qroo.gob.mx\/index.php\/informacion-financiera\/"]}]},{"@type":"BreadcrumbList","@id":"https:\/\/sesesc.qroo.gob.mx\/index.php\/informacion-financiera\/#breadcrumb","itemListElement":[{"@type":"ListItem","position":1,"name":"Inicio","item":"https:\/\/sesesc.qroo.gob.mx\/"},{"@type":"ListItem","position":2,"name":"Informaci\u00f3n financiera"}]},{"@type":"WebSite","@id":"https:\/\/sesesc.qroo.gob.mx\/#website","url":"https:\/\/sesesc.qroo.gob.mx\/","name":"Secretariado Ejecutivo del Sistema Estatal de Seguridad P\u00fablica","description":"","potentialAction":[{"@type":"SearchAction","target":{"@type":"EntryPoint","urlTemplate":"https:\/\/sesesc.qroo.gob.mx\/?s={search_term_string}"},"query-input":{"@type":"PropertyValueSpecification","valueRequired":true,"valueName":"search_term_string"}}],"inLanguage":"es"}]}},"_links":{"self":[{"href":"https:\/\/sesesc.qroo.gob.mx\/index.php\/wp-json\/wp\/v2\/pages\/36640","targetHints":{"allow":["GET"]}}],"collection":[{"href":"https:\/\/sesesc.qroo.gob.mx\/index.php\/wp-json\/wp\/v2\/pages"}],"about":[{"href":"https:\/\/sesesc.qroo.gob.mx\/index.php\/wp-json\/wp\/v2\/types\/page"}],"author":[{"embeddable":true,"href":"https:\/\/sesesc.qroo.gob.mx\/index.php\/wp-json\/wp\/v2\/users\/4"}],"replies":[{"embeddable":true,"href":"https:\/\/sesesc.qroo.gob.mx\/index.php\/wp-json\/wp\/v2\/comments?post=36640"}],"version-history":[{"count":187,"href":"https:\/\/sesesc.qroo.gob.mx\/index.php\/wp-json\/wp\/v2\/pages\/36640\/revisions"}],"predecessor-version":[{"id":40947,"href":"https:\/\/sesesc.qroo.gob.mx\/index.php\/wp-json\/wp\/v2\/pages\/36640\/revisions\/40947"}],"wp:attachment":[{"href":"https:\/\/sesesc.qroo.gob.mx\/index.php\/wp-json\/wp\/v2\/media?parent=36640"}],"curies":[{"name":"wp","href":"https:\/\/api.w.org\/{rel}","templated":true}]}}