{"id":36824,"date":"2024-08-14T10:49:59","date_gmt":"2024-08-14T15:49:59","guid":{"rendered":"https:\/\/sesesc.qroo.gob.mx\/?page_id=36824"},"modified":"2025-09-26T12:46:38","modified_gmt":"2025-09-26T17:46:38","slug":"decreto-de-creacion-copy","status":"publish","type":"page","link":"https:\/\/sesesc.qroo.gob.mx\/index.php\/decreto-de-creacion-copy\/","title":{"rendered":"Organigrama estructural"},"content":{"rendered":"\t\t<div data-elementor-type=\"wp-page\" data-elementor-id=\"36824\" class=\"elementor elementor-36824\">\n\t\t\t\t<div class=\"elementor-element elementor-element-12b4710b e-flex e-con-boxed e-con e-parent\" data-id=\"12b4710b\" data-element_type=\"container\">\n\t\t\t\t\t<div class=\"e-con-inner\">\n\t\t\t\t<div class=\"elementor-element elementor-element-f8b9b2b elementor-widget elementor-widget-heading\" data-id=\"f8b9b2b\" data-element_type=\"widget\" data-widget_type=\"heading.default\">\n\t\t\t\t<div class=\"elementor-widget-container\">\n\t\t\t\t\t<h1 class=\"elementor-heading-title elementor-size-default\">Estructura Org\u00e1nica<\/h1>\t\t\t\t<\/div>\n\t\t\t\t<\/div>\n\t\t\t\t<div class=\"elementor-element elementor-element-38e0c497 elementor-widget elementor-widget-text-editor\" data-id=\"38e0c497\" data-element_type=\"widget\" data-widget_type=\"text-editor.default\">\n\t\t\t\t<div class=\"elementor-widget-container\">\n\t\t\t\t\t\t\t\t\t<p>La presente estructura org\u00e1nica qued\u00f3 registrada el 29 de octubre de 2024, con el n\u00famero de registro REGISTRO\/SECOES\/ORG.EO\/027\/ENT-SESESC\/X\/2024, de conformidad con lo establecido en los art\u00edculos 43 fracci\u00f3n XXXIX de la Ley Org\u00e1nica de la Administraci\u00f3n P\u00fablica del Estado de Quintana Roo y art\u00edculo 42 fracci\u00f3n XXVII del Reglamento Interior de la Secretar\u00eda de la Contralor\u00eda.<\/p>\t\t\t\t\t\t\t\t<\/div>\n\t\t\t\t<\/div>\n\t\t\t\t\t<\/div>\n\t\t\t\t<\/div>\n\t\t<div class=\"elementor-element elementor-element-1feac18 e-flex e-con-boxed e-con e-parent\" data-id=\"1feac18\" data-element_type=\"container\">\n\t\t\t\t\t<div class=\"e-con-inner\">\n\t\t<div class=\"elementor-element elementor-element-ecd7d95 e-con-full e-flex e-con e-child\" data-id=\"ecd7d95\" data-element_type=\"container\">\n\t\t\t\t<div class=\"elementor-element elementor-element-349e84b elementor-widget elementor-widget-html\" data-id=\"349e84b\" data-element_type=\"widget\" data-widget_type=\"html.default\">\n\t\t\t\t<div class=\"elementor-widget-container\">\n\t\t\t\t\t<iframe src=\"https:\/\/sesesc.qroo.gob.mx\/wp-content\/uploads\/2025\/09\/Organigrama-estructural.pdf\" width=\"100%\" height=\"500\"><\/iframe>\t\t\t\t<\/div>\n\t\t\t\t<\/div>\n\t\t\t\t<\/div>\n\t\t\t\t\t<\/div>\n\t\t\t\t<\/div>\n\t\t\t\t<\/div>\n\t\t","protected":false},"excerpt":{"rendered":"<p>Estructura Org\u00e1nica La presente estructura org\u00e1nica qued\u00f3 registrada el 29 de octubre de 2024, con el n\u00famero de registro REGISTRO\/SECOES\/ORG.EO\/027\/ENT-SESESC\/X\/2024, de conformidad con lo establecido en los art\u00edculos 43 fracci\u00f3n XXXIX de la Ley Org\u00e1nica de la Administraci\u00f3n P\u00fablica del Estado de Quintana Roo y art\u00edculo 42 fracci\u00f3n XXVII del Reglamento Interior de la Secretar\u00eda &#8230; <a title=\"Organigrama estructural\" class=\"read-more\" href=\"https:\/\/sesesc.qroo.gob.mx\/index.php\/decreto-de-creacion-copy\/\" aria-label=\"Leer m\u00e1s sobre Organigrama estructural\">Leer m\u00e1s<\/a><\/p>\n","protected":false},"author":4,"featured_media":0,"parent":0,"menu_order":0,"comment_status":"closed","ping_status":"open","template":"","meta":{"footnotes":""},"class_list":["post-36824","page","type-page","status-publish"],"yoast_head":"<!-- This site is optimized with the Yoast SEO plugin v24.6 - https:\/\/yoast.com\/wordpress\/plugins\/seo\/ -->\n<title>Organigrama estructural - Secretariado Ejecutivo del Sistema Estatal de Seguridad P\u00fablica<\/title>\n<meta name=\"robots\" content=\"noindex, follow, max-snippet:-1, max-image-preview:large, max-video-preview:-1\" \/>\n<meta property=\"og:locale\" content=\"es_MX\" \/>\n<meta property=\"og:type\" content=\"article\" \/>\n<meta property=\"og:title\" content=\"Organigrama estructural - Secretariado Ejecutivo del Sistema Estatal de Seguridad P\u00fablica\" \/>\n<meta property=\"og:description\" content=\"Estructura Org\u00e1nica La presente estructura org\u00e1nica qued\u00f3 registrada el 29 de octubre de 2024, con el n\u00famero de registro REGISTRO\/SECOES\/ORG.EO\/027\/ENT-SESESC\/X\/2024, de conformidad con lo establecido en los art\u00edculos 43 fracci\u00f3n XXXIX de la Ley Org\u00e1nica de la Administraci\u00f3n P\u00fablica del Estado de Quintana Roo y art\u00edculo 42 fracci\u00f3n XXVII del Reglamento Interior de la Secretar\u00eda ... Leer m\u00e1s\" \/>\n<meta property=\"og:url\" content=\"https:\/\/sesesc.qroo.gob.mx\/index.php\/decreto-de-creacion-copy\/\" \/>\n<meta property=\"og:site_name\" content=\"Secretariado Ejecutivo del Sistema Estatal de Seguridad P\u00fablica\" \/>\n<meta property=\"article:modified_time\" content=\"2025-09-26T17:46:38+00:00\" \/>\n<meta name=\"twitter:card\" content=\"summary_large_image\" \/>\n<meta name=\"twitter:label1\" content=\"Tiempo de lectura\" \/>\n\t<meta name=\"twitter:data1\" content=\"1 minuto\" \/>\n<script type=\"application\/ld+json\" class=\"yoast-schema-graph\">{\"@context\":\"https:\/\/schema.org\",\"@graph\":[{\"@type\":\"WebPage\",\"@id\":\"https:\/\/sesesc.qroo.gob.mx\/index.php\/decreto-de-creacion-copy\/\",\"url\":\"https:\/\/sesesc.qroo.gob.mx\/index.php\/decreto-de-creacion-copy\/\",\"name\":\"Organigrama estructural - Secretariado Ejecutivo del Sistema Estatal de Seguridad P\u00fablica\",\"isPartOf\":{\"@id\":\"https:\/\/sesesc.qroo.gob.mx\/#website\"},\"datePublished\":\"2024-08-14T15:49:59+00:00\",\"dateModified\":\"2025-09-26T17:46:38+00:00\",\"breadcrumb\":{\"@id\":\"https:\/\/sesesc.qroo.gob.mx\/index.php\/decreto-de-creacion-copy\/#breadcrumb\"},\"inLanguage\":\"es\",\"potentialAction\":[{\"@type\":\"ReadAction\",\"target\":[\"https:\/\/sesesc.qroo.gob.mx\/index.php\/decreto-de-creacion-copy\/\"]}]},{\"@type\":\"BreadcrumbList\",\"@id\":\"https:\/\/sesesc.qroo.gob.mx\/index.php\/decreto-de-creacion-copy\/#breadcrumb\",\"itemListElement\":[{\"@type\":\"ListItem\",\"position\":1,\"name\":\"Inicio\",\"item\":\"https:\/\/sesesc.qroo.gob.mx\/\"},{\"@type\":\"ListItem\",\"position\":2,\"name\":\"Organigrama estructural\"}]},{\"@type\":\"WebSite\",\"@id\":\"https:\/\/sesesc.qroo.gob.mx\/#website\",\"url\":\"https:\/\/sesesc.qroo.gob.mx\/\",\"name\":\"Secretariado Ejecutivo del Sistema Estatal de Seguridad P\u00fablica\",\"description\":\"\",\"potentialAction\":[{\"@type\":\"SearchAction\",\"target\":{\"@type\":\"EntryPoint\",\"urlTemplate\":\"https:\/\/sesesc.qroo.gob.mx\/?s={search_term_string}\"},\"query-input\":{\"@type\":\"PropertyValueSpecification\",\"valueRequired\":true,\"valueName\":\"search_term_string\"}}],\"inLanguage\":\"es\"}]}<\/script>\n<!-- \/ Yoast SEO plugin. -->","yoast_head_json":{"title":"Organigrama estructural - Secretariado Ejecutivo del Sistema Estatal de Seguridad P\u00fablica","robots":{"index":"noindex","follow":"follow","max-snippet":"max-snippet:-1","max-image-preview":"max-image-preview:large","max-video-preview":"max-video-preview:-1"},"og_locale":"es_MX","og_type":"article","og_title":"Organigrama estructural - Secretariado Ejecutivo del Sistema Estatal de Seguridad P\u00fablica","og_description":"Estructura Org\u00e1nica La presente estructura org\u00e1nica qued\u00f3 registrada el 29 de octubre de 2024, con el n\u00famero de registro REGISTRO\/SECOES\/ORG.EO\/027\/ENT-SESESC\/X\/2024, de conformidad con lo establecido en los art\u00edculos 43 fracci\u00f3n XXXIX de la Ley Org\u00e1nica de la Administraci\u00f3n P\u00fablica del Estado de Quintana Roo y art\u00edculo 42 fracci\u00f3n XXVII del Reglamento Interior de la Secretar\u00eda ... Leer m\u00e1s","og_url":"https:\/\/sesesc.qroo.gob.mx\/index.php\/decreto-de-creacion-copy\/","og_site_name":"Secretariado Ejecutivo del Sistema Estatal de Seguridad P\u00fablica","article_modified_time":"2025-09-26T17:46:38+00:00","twitter_card":"summary_large_image","twitter_misc":{"Tiempo de lectura":"1 minuto"},"schema":{"@context":"https:\/\/schema.org","@graph":[{"@type":"WebPage","@id":"https:\/\/sesesc.qroo.gob.mx\/index.php\/decreto-de-creacion-copy\/","url":"https:\/\/sesesc.qroo.gob.mx\/index.php\/decreto-de-creacion-copy\/","name":"Organigrama estructural - Secretariado Ejecutivo del Sistema Estatal de Seguridad P\u00fablica","isPartOf":{"@id":"https:\/\/sesesc.qroo.gob.mx\/#website"},"datePublished":"2024-08-14T15:49:59+00:00","dateModified":"2025-09-26T17:46:38+00:00","breadcrumb":{"@id":"https:\/\/sesesc.qroo.gob.mx\/index.php\/decreto-de-creacion-copy\/#breadcrumb"},"inLanguage":"es","potentialAction":[{"@type":"ReadAction","target":["https:\/\/sesesc.qroo.gob.mx\/index.php\/decreto-de-creacion-copy\/"]}]},{"@type":"BreadcrumbList","@id":"https:\/\/sesesc.qroo.gob.mx\/index.php\/decreto-de-creacion-copy\/#breadcrumb","itemListElement":[{"@type":"ListItem","position":1,"name":"Inicio","item":"https:\/\/sesesc.qroo.gob.mx\/"},{"@type":"ListItem","position":2,"name":"Organigrama estructural"}]},{"@type":"WebSite","@id":"https:\/\/sesesc.qroo.gob.mx\/#website","url":"https:\/\/sesesc.qroo.gob.mx\/","name":"Secretariado Ejecutivo del Sistema Estatal de Seguridad P\u00fablica","description":"","potentialAction":[{"@type":"SearchAction","target":{"@type":"EntryPoint","urlTemplate":"https:\/\/sesesc.qroo.gob.mx\/?s={search_term_string}"},"query-input":{"@type":"PropertyValueSpecification","valueRequired":true,"valueName":"search_term_string"}}],"inLanguage":"es"}]}},"_links":{"self":[{"href":"https:\/\/sesesc.qroo.gob.mx\/index.php\/wp-json\/wp\/v2\/pages\/36824","targetHints":{"allow":["GET"]}}],"collection":[{"href":"https:\/\/sesesc.qroo.gob.mx\/index.php\/wp-json\/wp\/v2\/pages"}],"about":[{"href":"https:\/\/sesesc.qroo.gob.mx\/index.php\/wp-json\/wp\/v2\/types\/page"}],"author":[{"embeddable":true,"href":"https:\/\/sesesc.qroo.gob.mx\/index.php\/wp-json\/wp\/v2\/users\/4"}],"replies":[{"embeddable":true,"href":"https:\/\/sesesc.qroo.gob.mx\/index.php\/wp-json\/wp\/v2\/comments?post=36824"}],"version-history":[{"count":26,"href":"https:\/\/sesesc.qroo.gob.mx\/index.php\/wp-json\/wp\/v2\/pages\/36824\/revisions"}],"predecessor-version":[{"id":40483,"href":"https:\/\/sesesc.qroo.gob.mx\/index.php\/wp-json\/wp\/v2\/pages\/36824\/revisions\/40483"}],"wp:attachment":[{"href":"https:\/\/sesesc.qroo.gob.mx\/index.php\/wp-json\/wp\/v2\/media?parent=36824"}],"curies":[{"name":"wp","href":"https:\/\/api.w.org\/{rel}","templated":true}]}}