{"id":36936,"date":"2024-08-14T17:02:20","date_gmt":"2024-08-14T22:02:20","guid":{"rendered":"https:\/\/sesesc.qroo.gob.mx\/?page_id=36936"},"modified":"2025-09-02T11:04:14","modified_gmt":"2025-09-02T16:04:14","slug":"fasp","status":"publish","type":"page","link":"https:\/\/sesesc.qroo.gob.mx\/index.php\/fasp\/","title":{"rendered":"FASP"},"content":{"rendered":"\t\t<div data-elementor-type=\"wp-page\" data-elementor-id=\"36936\" class=\"elementor elementor-36936\">\n\t\t\t\t<div class=\"elementor-element elementor-element-aec6b04 e-flex e-con-boxed e-con e-parent\" data-id=\"aec6b04\" data-element_type=\"container\">\n\t\t\t\t\t<div class=\"e-con-inner\">\n\t\t\t\t<div class=\"elementor-element elementor-element-4c0bf34 elementor-widget elementor-widget-heading\" data-id=\"4c0bf34\" data-element_type=\"widget\" data-widget_type=\"heading.default\">\n\t\t\t\t<div class=\"elementor-widget-container\">\n\t\t\t\t\t<h2 class=\"elementor-heading-title elementor-size-default\">Fondo de Aportaciones para la Seguridad P\u00fablica<\/h2>\t\t\t\t<\/div>\n\t\t\t\t<\/div>\n\t\t\t\t\t<\/div>\n\t\t\t\t<\/div>\n\t\t<div class=\"elementor-element elementor-element-f9c879e e-flex e-con-boxed e-con e-parent\" data-id=\"f9c879e\" data-element_type=\"container\">\n\t\t\t\t\t<div class=\"e-con-inner\">\n\t\t\t\t<div class=\"elementor-element elementor-element-dece993 elementor-widget elementor-widget-html\" data-id=\"dece993\" data-element_type=\"widget\" data-widget_type=\"html.default\">\n\t\t\t\t<div class=\"elementor-widget-container\">\n\t\t\t\t\t<details>\r\n  <summary style=\"color: white\">FASP 2024<\/summary>\r\n  <a\r\n    href=\"https:\/\/sesesc.qroo.gob.mx\/wp-content\/uploads\/2024\/11\/ANEXO-TECNICO-FASP-2024-FINAL.pdf\"\r\n    >Anexo T\u00e9cnico<\/a\r\n  >\r\n  <details>\r\n    <summary>Evaluaci\u00f3n de desempe\u00f1o<\/summary>\r\n    <p>\r\n      <a\r\n        href=\"https:\/\/sesesc.qroo.gob.mx\/wp-content\/uploads\/2025\/05\/PAE2024_ProgramaAnual.pdf\"\r\n        >Programa anual del desempe\u00f1o (PAE) del ejercicio fiscal 2024<\/a\r\n      >\r\n    <\/p>\r\n    <p>\r\n        <a\r\n    href=\"https:\/\/sesesc.qroo.gob.mx\/wp-content\/uploads\/2025\/05\/IF_EED_FASP_2023.pdf\"\r\n    >Evaluaci\u00f3n del desempe\u00f1o FASP<\/a\r\n  >\r\n    <\/p>\r\n<\/details>\r\n   <details>\r\n    <summary>Evaluaci\u00f3n<\/summary>\r\n    <p>\r\n      <a\r\n        href=\"https:\/\/sesesc.qroo.gob.mx\/wp-content\/uploads\/2025\/02\/Informe-Ejecutivo-de-Resultados-Encuesta-Institucional.pdf\"\r\n        >Informe ejecutivo de resultados encuesta institucional<\/a\r\n      >\r\n    <\/p>\r\n    <p>\r\n        <a\r\n    href=\"https:\/\/sesesc.qroo.gob.mx\/wp-content\/uploads\/2025\/04\/EVALUACION-INTEGRAL-Corte-01-01-24-al-31-03-25-Version-Publica-CT.pdf\"\r\n    >Informe Estatal de Evaluaci\u00f3n<\/a\r\n  >\r\n    <\/p>\r\n<\/details>\r\n  <details>\r\n    <summary>Primer trimestre<\/summary>\r\n    <p>\r\n      <a\r\n        href=\"https:\/\/sesesc.qroo.gob.mx\/wp-content\/uploads\/2024\/11\/1-FASP-Quintana-Roo-SRFT-1er-Trim-2024-FINANCIEROS.pdf\"\r\n        >Informe financieros PDF<\/a\r\n      >\r\n    <\/p>\r\n    <p>\r\n      <a\r\n        href=\"https:\/\/sesesc.qroo.gob.mx\/wp-content\/uploads\/2024\/11\/1-FASP-Quintana-Roo-SRFT-1er-Trim-2024-INDICADORES.pdf\"\r\n        >Informe indicadores<\/a\r\n      >\r\n    <\/p>\r\n    <p>\r\n      <a\r\n        href=\"https:\/\/sesesc.qroo.gob.mx\/wp-content\/uploads\/2024\/11\/1-FASP-Quintana-Roo-SRFT-1er-Trim-2024-PROYECTOS.pdf\"\r\n        >Informe proyectos<\/a\r\n      >\r\n    <\/p>\r\n    <p>\r\n      <a\r\n        href=\"https:\/\/sesesc.qroo.gob.mx\/wp-content\/uploads\/2024\/11\/1-FASP-Quintana-Roo-SRFT-1er-Trim-2024.xlsx\"\r\n        >Informe financieros XLSX<\/a\r\n      >\r\n    <\/p>\r\n  <\/details>\r\n  <details>\r\n    <summary>Segundo trimestre<\/summary>\r\n    <p>\r\n      <a\r\n        href=\"https:\/\/sesesc.qroo.gob.mx\/wp-content\/uploads\/2024\/11\/1-FASP-Quintana-Roo-SRFT-2do-Trim-2024-FINANCIEROS.pdf\"\r\n        >Informe financieros PDF<\/a\r\n      >\r\n    <\/p>\r\n    <p>\r\n      <a\r\n        href=\"https:\/\/sesesc.qroo.gob.mx\/wp-content\/uploads\/2024\/11\/1-FASP-Quintana-Roo-SRFT-2do-Trim-2024-INDICADORES.pdf\"\r\n        >Informe indicadores<\/a\r\n      >\r\n    <\/p>\r\n    <p>\r\n      <a\r\n        href=\"https:\/\/sesesc.qroo.gob.mx\/wp-content\/uploads\/2024\/11\/1-FASP-Quintana-Roo-SRFT-2do-Trim-2024-DESTINO.pdf\"\r\n        >Informe destino<\/a\r\n      >\r\n    <\/p>\r\n    <p>\r\n      <a\r\n        href=\"https:\/\/sesesc.qroo.gob.mx\/wp-content\/uploads\/2024\/11\/1-FASP-Quintana-Roo-SRFT-2do-Trim-2024.xlsx\"\r\n        >Informe financieros XLSX<\/a\r\n      >\r\n    <\/p>\r\n  <\/details>\r\n  <details>\r\n    <summary>Tercer trimestre<\/summary>\r\n    <p>\r\n      <a\r\n        href=\"https:\/\/sesesc.qroo.gob.mx\/wp-content\/uploads\/2024\/11\/1-FASP-Quintana-Roo-SRFT-3er-Trim-2024-FINANCIEROS.pdf\"\r\n        >Informe financieros PDF<\/a\r\n      >\r\n    <\/p>\r\n    <p>\r\n      <a\r\n        href=\"https:\/\/sesesc.qroo.gob.mx\/wp-content\/uploads\/2024\/11\/1-FASP-Quintana-Roo-SRFT-3er-Trim-2024-INDICADORES.pdf\"\r\n        >Informe indicadores<\/a\r\n      >\r\n    <\/p>\r\n    <p>\r\n      <a\r\n        href=\"https:\/\/sesesc.qroo.gob.mx\/wp-content\/uploads\/2024\/11\/1-FASP-Quintana-Roo-SRFT-3er-Trim-2024-DESTINO.pdf\"\r\n        >Destino del Gasto<\/a\r\n      >\r\n    <\/p>\r\n    <p>\r\n      <a\r\n        href=\"https:\/\/sesesc.qroo.gob.mx\/wp-content\/uploads\/2024\/11\/1-FASP-Quintana-Roo-SRFT-3er-Trim-2024.xlsx\"\r\n        >Informe financieros XLSX<\/a\r\n      >\r\n    <\/p>\r\n  <\/details>\r\n  <details>\r\n    <summary>Cuarto trimestre<\/summary>\r\n    <p>\r\n      <a\r\n        href=\"https:\/\/sesesc.qroo.gob.mx\/wp-content\/uploads\/2025\/02\/SRFT-PARA-PUBLICACION-FINANCIERO-FASP.pdf\"\r\n        >Informe financieros PDF<\/a\r\n      >\r\n    <\/p>\r\n    <p>\r\n      <a\r\n        href=\"https:\/\/sesesc.qroo.gob.mx\/wp-content\/uploads\/2025\/02\/SRFT-PARA-PUBLICACION-INDICADORES-FASP.pdf\"\r\n        >Informe indicadores<\/a\r\n      >\r\n    <\/p>\r\n    <p>\r\n      <a\r\n        href=\"https:\/\/sesesc.qroo.gob.mx\/wp-content\/uploads\/2025\/02\/SRFT-PARA-PUBLICACION-DESTINO-FASP.pdf\"\r\n        >Informe Proyectos<\/a\r\n      >\r\n    <\/p>\r\n    <p>\r\n      <a\r\n        href=\"https:\/\/sesesc.qroo.gob.mx\/wp-content\/uploads\/2025\/02\/FASP-SRFT-4o-Trim-2024.xlsx\"\r\n        >Informe financieros XLSX<\/a\r\n      >\r\n    <\/p>\r\n  <\/details>\r\n<\/details>\r\n<details>\r\n  <summary style=\"color: white\">FASP 2023<\/summary>\r\n   <a\r\n    href=\"https:\/\/sesesc.qroo.gob.mx\/wp-content\/uploads\/2025\/09\/INFORME-NACIONAL-DE-EVALUACION-FASP-2023.pdf\"\r\n    >Informe Nacional de Evaluaci\u00f3n FASP <\/a\r\n  >\r\n  <details>\r\n    <summary>Evaluaci\u00f3n<\/summary>\r\n    <p>\r\n      <a\r\n        href=\"https:\/\/sesesc.qroo.gob.mx\/wp-content\/uploads\/2024\/08\/IEE-FASP-2023-Corte-01.01.23-15.04.24-v.p.-jur.pdf\"\r\n        >Informe estatal de evaluaci\u00f3n<\/a\r\n      >\r\n    <\/p>\r\n  <\/details>\r\n  <details>\r\n    <summary>Reporte Definitivo<\/summary>\r\n    <p>\r\n      <a\r\n        href=\"https:\/\/sesesc.qroo.gob.mx\/wp-content\/uploads\/2024\/11\/1-FASP-Quintana-Roo-SRFT-Reporte-Definitivo-2023-FINANCIEROS.pdf\"\r\n        >Reporte definitivo Finacieros\r\n      <\/a>\r\n    <\/p>\r\n    <p>\r\n      <a\r\n        href=\"https:\/\/sesesc.qroo.gob.mx\/wp-content\/uploads\/2024\/11\/1-FASP-Quintana-Roo-SRFT-Reporte-Definitivo-2023-INDICADORES.pdf\"\r\n        >Reporte definitivo Indicadores PDF<\/a\r\n      >\r\n    <\/p>\r\n    <p>\r\n      <a\r\n        href=\"https:\/\/sesesc.qroo.gob.mx\/wp-content\/uploads\/2024\/11\/1-FASP-Quintana-Roo-SRFT-Reporte-Definitivo-2023-DESTINO.pdf\"\r\n        >Reporte definitivo Destino\r\n      <\/a>\r\n    <\/p>\r\n    <p>\r\n      <a\r\n        href=\"https:\/\/sesesc.qroo.gob.mx\/wp-content\/uploads\/2024\/11\/1-FASP-Quintana-Roo-SRFT-Reporte-Definitivo-2023.xlsx\"\r\n        >Reporte definitivo Indicadores XLSX<\/a\r\n      >\r\n    <\/p>\r\n  <\/details>\r\n<\/details>\r\n<details>\r\n  <summary style=\"color: white\">FASP 2022<\/summary>\r\n   <a\r\n    href=\"https:\/\/sesesc.qroo.gob.mx\/wp-content\/uploads\/2025\/09\/INFORME-NACIONAL-DE-EVALUACION-FASP-2022.pdf\"\r\n    >Informe Nacional de Evaluaci\u00f3n FASP <\/a\r\n  >\r\n  <details>\r\n    <summary>Evaluaci\u00f3n<\/summary>\r\n    <p>\r\n      <a\r\n        href=\"https:\/\/sesesc.qroo.gob.mx\/wp-content\/uploads\/2024\/08\/Informe-Estatal-de-Evalucion-FASP-2022-pub_1.pdf\"\r\n        >Informe estatal de evaluaci\u00f3n<\/a\r\n      >\r\n    <\/p>\r\n  <\/details>\r\n<\/details>\r\n\r\n<style>\r\n  details {\r\n    width: 100%;\r\n    margin: 10px 0;\r\n    background-color: #ffffff;\r\n    border: 1px solid transparent;\r\n    border-radius: 4px;\r\n    font-family: \"Montserrat\", sans-serif;\r\n  }\r\n  summary {\r\n    cursor: pointer;\r\n    font-weight: bold;\r\n    padding: 10px;\r\n    background-color: #afafaf;\r\n    border-bottom: 1px solid transparent;\r\n    border-radius: 4px 4px 0 0;\r\n  }\r\n  details[open] summary {\r\n    background-color: #a0a0a0;\r\n  }\r\n  a {\r\n    display: block;\r\n    padding: 5px 10px;\r\n    margin: 2px 0;\r\n    background-color: #ffffff;\r\n    text-decoration: none;\r\n    color: #ab0a3d;\r\n    border-radius: 4px;\r\n    transition: background-color 0.3s ease;\r\n    margin-left: 20px;\r\n  }\r\n  a:hover {\r\n    background-color: #ffffff;\r\n  }\r\n  details details {\r\n    margin: 0;\r\n    border: none;\r\n    background-color: white !important;\r\n  }\r\n  details details summary {\r\n    background-color: #ffffff !important;\r\n    border-radius: 4px;\r\n    padding-left: 20px;\r\n    color: #999999;\r\n  }\r\n  details details details summary {\r\n    background-color: #ffffff !important;\r\n    border-radius: 4px;\r\n    padding-left: 30px;\r\n    color: #999999;\r\n    border: none;\r\n  }\r\n  details details details a {\r\n    background-color: #ffffff;\r\n    border: none;\r\n  }\r\n<\/style>\r\n\t\t\t\t<\/div>\n\t\t\t\t<\/div>\n\t\t\t\t\t<\/div>\n\t\t\t\t<\/div>\n\t\t\t\t<\/div>\n\t\t","protected":false},"excerpt":{"rendered":"<p>Fondo de Aportaciones para la Seguridad P\u00fablica FASP 2024 Anexo T\u00e9cnico Evaluaci\u00f3n de desempe\u00f1o Programa anual del desempe\u00f1o (PAE) del ejercicio fiscal 2024 Evaluaci\u00f3n del desempe\u00f1o FASP Evaluaci\u00f3n Informe ejecutivo de resultados encuesta institucional Informe Estatal de Evaluaci\u00f3n Primer trimestre Informe financieros PDF Informe indicadores Informe proyectos Informe financieros XLSX Segundo trimestre Informe financieros PDF &#8230; <a title=\"FASP\" class=\"read-more\" href=\"https:\/\/sesesc.qroo.gob.mx\/index.php\/fasp\/\" aria-label=\"Leer m\u00e1s sobre FASP\">Leer m\u00e1s<\/a><\/p>\n","protected":false},"author":4,"featured_media":0,"parent":0,"menu_order":0,"comment_status":"closed","ping_status":"closed","template":"","meta":{"footnotes":""},"class_list":["post-36936","page","type-page","status-publish"],"yoast_head":"<!-- This site is optimized with the Yoast SEO plugin v24.6 - https:\/\/yoast.com\/wordpress\/plugins\/seo\/ -->\n<title>FASP - Secretariado Ejecutivo del Sistema Estatal de Seguridad P\u00fablica<\/title>\n<meta name=\"robots\" content=\"noindex, follow, max-snippet:-1, max-image-preview:large, max-video-preview:-1\" \/>\n<meta property=\"og:locale\" content=\"es_MX\" \/>\n<meta property=\"og:type\" content=\"article\" \/>\n<meta property=\"og:title\" content=\"FASP - Secretariado Ejecutivo del Sistema Estatal de Seguridad P\u00fablica\" \/>\n<meta property=\"og:description\" content=\"Fondo de Aportaciones para la Seguridad P\u00fablica FASP 2024 Anexo T\u00e9cnico Evaluaci\u00f3n de desempe\u00f1o Programa anual del desempe\u00f1o (PAE) del ejercicio fiscal 2024 Evaluaci\u00f3n del desempe\u00f1o FASP Evaluaci\u00f3n Informe ejecutivo de resultados encuesta institucional Informe Estatal de Evaluaci\u00f3n Primer trimestre Informe financieros PDF Informe indicadores Informe proyectos Informe financieros XLSX Segundo trimestre Informe financieros PDF ... Leer m\u00e1s\" \/>\n<meta property=\"og:url\" content=\"https:\/\/sesesc.qroo.gob.mx\/index.php\/fasp\/\" \/>\n<meta property=\"og:site_name\" content=\"Secretariado Ejecutivo del Sistema Estatal de Seguridad P\u00fablica\" \/>\n<meta property=\"article:modified_time\" content=\"2025-09-02T16:04:14+00:00\" \/>\n<meta name=\"twitter:card\" content=\"summary_large_image\" \/>\n<meta name=\"twitter:label1\" content=\"Tiempo de lectura\" \/>\n\t<meta name=\"twitter:data1\" content=\"1 minuto\" \/>\n<script type=\"application\/ld+json\" class=\"yoast-schema-graph\">{\"@context\":\"https:\/\/schema.org\",\"@graph\":[{\"@type\":\"WebPage\",\"@id\":\"https:\/\/sesesc.qroo.gob.mx\/index.php\/fasp\/\",\"url\":\"https:\/\/sesesc.qroo.gob.mx\/index.php\/fasp\/\",\"name\":\"FASP - Secretariado Ejecutivo del Sistema Estatal de Seguridad P\u00fablica\",\"isPartOf\":{\"@id\":\"https:\/\/sesesc.qroo.gob.mx\/#website\"},\"datePublished\":\"2024-08-14T22:02:20+00:00\",\"dateModified\":\"2025-09-02T16:04:14+00:00\",\"breadcrumb\":{\"@id\":\"https:\/\/sesesc.qroo.gob.mx\/index.php\/fasp\/#breadcrumb\"},\"inLanguage\":\"es\",\"potentialAction\":[{\"@type\":\"ReadAction\",\"target\":[\"https:\/\/sesesc.qroo.gob.mx\/index.php\/fasp\/\"]}]},{\"@type\":\"BreadcrumbList\",\"@id\":\"https:\/\/sesesc.qroo.gob.mx\/index.php\/fasp\/#breadcrumb\",\"itemListElement\":[{\"@type\":\"ListItem\",\"position\":1,\"name\":\"Inicio\",\"item\":\"https:\/\/sesesc.qroo.gob.mx\/\"},{\"@type\":\"ListItem\",\"position\":2,\"name\":\"FASP\"}]},{\"@type\":\"WebSite\",\"@id\":\"https:\/\/sesesc.qroo.gob.mx\/#website\",\"url\":\"https:\/\/sesesc.qroo.gob.mx\/\",\"name\":\"Secretariado Ejecutivo del Sistema Estatal de Seguridad P\u00fablica\",\"description\":\"\",\"potentialAction\":[{\"@type\":\"SearchAction\",\"target\":{\"@type\":\"EntryPoint\",\"urlTemplate\":\"https:\/\/sesesc.qroo.gob.mx\/?s={search_term_string}\"},\"query-input\":{\"@type\":\"PropertyValueSpecification\",\"valueRequired\":true,\"valueName\":\"search_term_string\"}}],\"inLanguage\":\"es\"}]}<\/script>\n<!-- \/ Yoast SEO plugin. -->","yoast_head_json":{"title":"FASP - Secretariado Ejecutivo del Sistema Estatal de Seguridad P\u00fablica","robots":{"index":"noindex","follow":"follow","max-snippet":"max-snippet:-1","max-image-preview":"max-image-preview:large","max-video-preview":"max-video-preview:-1"},"og_locale":"es_MX","og_type":"article","og_title":"FASP - Secretariado Ejecutivo del Sistema Estatal de Seguridad P\u00fablica","og_description":"Fondo de Aportaciones para la Seguridad P\u00fablica FASP 2024 Anexo T\u00e9cnico Evaluaci\u00f3n de desempe\u00f1o Programa anual del desempe\u00f1o (PAE) del ejercicio fiscal 2024 Evaluaci\u00f3n del desempe\u00f1o FASP Evaluaci\u00f3n Informe ejecutivo de resultados encuesta institucional Informe Estatal de Evaluaci\u00f3n Primer trimestre Informe financieros PDF Informe indicadores Informe proyectos Informe financieros XLSX Segundo trimestre Informe financieros PDF ... Leer m\u00e1s","og_url":"https:\/\/sesesc.qroo.gob.mx\/index.php\/fasp\/","og_site_name":"Secretariado Ejecutivo del Sistema Estatal de Seguridad P\u00fablica","article_modified_time":"2025-09-02T16:04:14+00:00","twitter_card":"summary_large_image","twitter_misc":{"Tiempo de lectura":"1 minuto"},"schema":{"@context":"https:\/\/schema.org","@graph":[{"@type":"WebPage","@id":"https:\/\/sesesc.qroo.gob.mx\/index.php\/fasp\/","url":"https:\/\/sesesc.qroo.gob.mx\/index.php\/fasp\/","name":"FASP - Secretariado Ejecutivo del Sistema Estatal de Seguridad P\u00fablica","isPartOf":{"@id":"https:\/\/sesesc.qroo.gob.mx\/#website"},"datePublished":"2024-08-14T22:02:20+00:00","dateModified":"2025-09-02T16:04:14+00:00","breadcrumb":{"@id":"https:\/\/sesesc.qroo.gob.mx\/index.php\/fasp\/#breadcrumb"},"inLanguage":"es","potentialAction":[{"@type":"ReadAction","target":["https:\/\/sesesc.qroo.gob.mx\/index.php\/fasp\/"]}]},{"@type":"BreadcrumbList","@id":"https:\/\/sesesc.qroo.gob.mx\/index.php\/fasp\/#breadcrumb","itemListElement":[{"@type":"ListItem","position":1,"name":"Inicio","item":"https:\/\/sesesc.qroo.gob.mx\/"},{"@type":"ListItem","position":2,"name":"FASP"}]},{"@type":"WebSite","@id":"https:\/\/sesesc.qroo.gob.mx\/#website","url":"https:\/\/sesesc.qroo.gob.mx\/","name":"Secretariado Ejecutivo del Sistema Estatal de Seguridad P\u00fablica","description":"","potentialAction":[{"@type":"SearchAction","target":{"@type":"EntryPoint","urlTemplate":"https:\/\/sesesc.qroo.gob.mx\/?s={search_term_string}"},"query-input":{"@type":"PropertyValueSpecification","valueRequired":true,"valueName":"search_term_string"}}],"inLanguage":"es"}]}},"_links":{"self":[{"href":"https:\/\/sesesc.qroo.gob.mx\/index.php\/wp-json\/wp\/v2\/pages\/36936","targetHints":{"allow":["GET"]}}],"collection":[{"href":"https:\/\/sesesc.qroo.gob.mx\/index.php\/wp-json\/wp\/v2\/pages"}],"about":[{"href":"https:\/\/sesesc.qroo.gob.mx\/index.php\/wp-json\/wp\/v2\/types\/page"}],"author":[{"embeddable":true,"href":"https:\/\/sesesc.qroo.gob.mx\/index.php\/wp-json\/wp\/v2\/users\/4"}],"replies":[{"embeddable":true,"href":"https:\/\/sesesc.qroo.gob.mx\/index.php\/wp-json\/wp\/v2\/comments?post=36936"}],"version-history":[{"count":58,"href":"https:\/\/sesesc.qroo.gob.mx\/index.php\/wp-json\/wp\/v2\/pages\/36936\/revisions"}],"predecessor-version":[{"id":40262,"href":"https:\/\/sesesc.qroo.gob.mx\/index.php\/wp-json\/wp\/v2\/pages\/36936\/revisions\/40262"}],"wp:attachment":[{"href":"https:\/\/sesesc.qroo.gob.mx\/index.php\/wp-json\/wp\/v2\/media?parent=36936"}],"curies":[{"name":"wp","href":"https:\/\/api.w.org\/{rel}","templated":true}]}}