{"id":37077,"date":"2024-08-19T13:08:34","date_gmt":"2024-08-19T18:08:34","guid":{"rendered":"https:\/\/sesesc.qroo.gob.mx\/?page_id=37077"},"modified":"2026-04-28T15:55:04","modified_gmt":"2026-04-28T20:55:04","slug":"unidad-de-transparencia","status":"publish","type":"page","link":"https:\/\/sesesc.qroo.gob.mx\/index.php\/unidad-de-transparencia\/","title":{"rendered":"Unidad de transparencia"},"content":{"rendered":"\t\t<div data-elementor-type=\"wp-page\" data-elementor-id=\"37077\" class=\"elementor elementor-37077\">\n\t\t\t\t<div class=\"elementor-element elementor-element-b944469 e-flex e-con-boxed e-con e-parent\" data-id=\"b944469\" data-element_type=\"container\" data-settings=\"{&quot;background_background&quot;:&quot;classic&quot;}\">\n\t\t\t\t\t<div class=\"e-con-inner\">\n\t\t\t\t<div class=\"elementor-element elementor-element-9dbaee5 elementor-widget elementor-widget-heading\" data-id=\"9dbaee5\" data-element_type=\"widget\" data-widget_type=\"heading.default\">\n\t\t\t\t<div class=\"elementor-widget-container\">\n\t\t\t\t\t<h2 class=\"elementor-heading-title elementor-size-default\">Unidad de transparencia<\/h2>\t\t\t\t<\/div>\n\t\t\t\t<\/div>\n\t\t\t\t\t<\/div>\n\t\t\t\t<\/div>\n\t\t<div class=\"elementor-element elementor-element-5d0b186 e-flex e-con-boxed elementor-invisible e-con e-parent\" data-id=\"5d0b186\" data-element_type=\"container\" data-settings=\"{&quot;animation&quot;:&quot;fadeInUp&quot;}\">\n\t\t\t\t\t<div class=\"e-con-inner\">\n\t\t<div class=\"elementor-element elementor-element-7793c7d e-con-full e-flex e-con e-child\" data-id=\"7793c7d\" data-element_type=\"container\">\n\t\t\t\t<div class=\"elementor-element elementor-element-96e09d6 elementor-widget elementor-widget-text-editor\" data-id=\"96e09d6\" data-element_type=\"widget\" data-widget_type=\"text-editor.default\">\n\t\t\t\t<div class=\"elementor-widget-container\">\n\t\t\t\t\t\t\t\t\t<p>La Ley de Transparencia y Acceso a la Informaci\u00f3n P\u00fablica del Estado de Quintana Roo, establece que las Unidades de Transparencia ser\u00e1n el enlace entre los sujetos obligados y el solicitante, establecer\u00e1n sus oficinas en lugares visibles y accesibles al p\u00fablico, ya que son las responsables de la atenci\u00f3n de las solicitudes de informaci\u00f3n y gozar\u00e1n de autonom\u00eda de gesti\u00f3n a fin de cumplir con sus funciones y las disposiciones de esta Ley Local.<\/p><p>En el <strong>Secretariado Ejecutivo del Sistema Estatal de Seguridad Ciudadana del Estado de Quintana Roo,<\/strong> la persona servidora p\u00fablica responsable de atender las solicitudes de acceso a la informaci\u00f3n y asesorar sobre el ejercicio del Derecho ARCO, que se realicen ante este Sujeto Obligado es:<\/p>\t\t\t\t\t\t\t\t<\/div>\n\t\t\t\t<\/div>\n\t\t<div class=\"elementor-element elementor-element-695c0fc e-con-full e-flex e-con e-child\" data-id=\"695c0fc\" data-element_type=\"container\">\n\t\t<div class=\"elementor-element elementor-element-6f77390 e-con-full e-flex e-con e-child\" data-id=\"6f77390\" data-element_type=\"container\">\n\t\t\t\t<div class=\"elementor-element elementor-element-9e05c4b elementor-widget elementor-widget-heading\" data-id=\"9e05c4b\" data-element_type=\"widget\" data-widget_type=\"heading.default\">\n\t\t\t\t<div class=\"elementor-widget-container\">\n\t\t\t\t\t<h4 class=\"elementor-heading-title elementor-size-default\">Lcda. Melva Delfina Berm\u00fadez Tirado.<\/h4>\t\t\t\t<\/div>\n\t\t\t\t<\/div>\n\t\t\t\t<div class=\"elementor-element elementor-element-8d2fece elementor-widget elementor-widget-heading\" data-id=\"8d2fece\" data-element_type=\"widget\" data-widget_type=\"heading.default\">\n\t\t\t\t<div class=\"elementor-widget-container\">\n\t\t\t\t\t<p class=\"elementor-heading-title elementor-size-default\">\nEncargada de la Coordinaci\u00f3n Jur\u00eddica y Unidad de Transparencia Acceso a la Informaci\u00f3n P\u00fablica y Protecci\u00f3n de Datos Personales\n<\/p>\t\t\t\t<\/div>\n\t\t\t\t<\/div>\n\t\t\t\t<\/div>\n\t\t\t\t<\/div>\n\t\t\t\t<\/div>\n\t\t<div class=\"elementor-element elementor-element-b76a413 e-con-full e-flex e-con e-child\" data-id=\"b76a413\" data-element_type=\"container\">\n\t\t\t\t<div class=\"elementor-element elementor-element-3230fd8 elementor-widget elementor-widget-text-editor\" data-id=\"3230fd8\" data-element_type=\"widget\" data-widget_type=\"text-editor.default\">\n\t\t\t\t<div class=\"elementor-widget-container\">\n\t\t\t\t\t\t\t\t\t<p><b>Contacto con la Unidad de Transparencia del SESESC:<\/b><\/p><p><b>Correo electr\u00f3nico:<br \/><\/b>transparencia@sesescqroo.gob.mx<\/p><p><b>Direcci\u00f3n:<br \/><\/b>Calle 1 de mayo s\/n entre Calle Tom\u00e1s Aznar Barbachano y Calle 5 de febrero, Colonia Proterritorio. C.P. 77086. Chetumal, Quintana Roo.<\/p><p><b>Tel\u00e9fono:<\/b><br \/>9836882638 Ext. 160<\/p><p><b>Solicitud de informaci\u00f3n:<\/b><br \/>https:\/\/www.plataformadetransparencia.org.mx\/Inicio<\/p><p><b>Horarios de atenci\u00f3n:<\/b><br \/>Lunes a viernes de<br \/>9:00-17:00 horas.<\/p>\t\t\t\t\t\t\t\t<\/div>\n\t\t\t\t<\/div>\n\t\t\t\t<\/div>\n\t\t\t\t\t<\/div>\n\t\t\t\t<\/div>\n\t\t\t\t<\/div>\n\t\t","protected":false},"excerpt":{"rendered":"<p>Unidad de transparencia La Ley de Transparencia y Acceso a la Informaci\u00f3n P\u00fablica del Estado de Quintana Roo, establece que las Unidades de Transparencia ser\u00e1n el enlace entre los sujetos obligados y el solicitante, establecer\u00e1n sus oficinas en lugares visibles y accesibles al p\u00fablico, ya que son las responsables de la atenci\u00f3n de las solicitudes &#8230; <a title=\"Unidad de transparencia\" class=\"read-more\" href=\"https:\/\/sesesc.qroo.gob.mx\/index.php\/unidad-de-transparencia\/\" aria-label=\"Leer m\u00e1s sobre Unidad de transparencia\">Leer m\u00e1s<\/a><\/p>\n","protected":false},"author":4,"featured_media":0,"parent":0,"menu_order":0,"comment_status":"closed","ping_status":"closed","template":"","meta":{"footnotes":""},"class_list":["post-37077","page","type-page","status-publish"],"yoast_head":"<!-- This site is optimized with the Yoast SEO plugin v24.6 - https:\/\/yoast.com\/wordpress\/plugins\/seo\/ -->\n<title>Unidad de transparencia - Secretariado Ejecutivo del Sistema Estatal de Seguridad P\u00fablica<\/title>\n<meta name=\"robots\" content=\"noindex, follow, max-snippet:-1, max-image-preview:large, max-video-preview:-1\" \/>\n<meta property=\"og:locale\" content=\"es_MX\" \/>\n<meta property=\"og:type\" content=\"article\" \/>\n<meta property=\"og:title\" content=\"Unidad de transparencia - Secretariado Ejecutivo del Sistema Estatal de Seguridad P\u00fablica\" \/>\n<meta property=\"og:description\" content=\"Unidad de transparencia La Ley de Transparencia y Acceso a la Informaci\u00f3n P\u00fablica del Estado de Quintana Roo, establece que las Unidades de Transparencia ser\u00e1n el enlace entre los sujetos obligados y el solicitante, establecer\u00e1n sus oficinas en lugares visibles y accesibles al p\u00fablico, ya que son las responsables de la atenci\u00f3n de las solicitudes ... Leer m\u00e1s\" \/>\n<meta property=\"og:url\" content=\"https:\/\/sesesc.qroo.gob.mx\/index.php\/unidad-de-transparencia\/\" \/>\n<meta property=\"og:site_name\" content=\"Secretariado Ejecutivo del Sistema Estatal de Seguridad P\u00fablica\" \/>\n<meta property=\"article:modified_time\" content=\"2026-04-28T20:55:04+00:00\" \/>\n<meta name=\"twitter:card\" content=\"summary_large_image\" \/>\n<meta name=\"twitter:label1\" content=\"Tiempo de lectura\" \/>\n\t<meta name=\"twitter:data1\" content=\"1 minuto\" \/>\n<script type=\"application\/ld+json\" class=\"yoast-schema-graph\">{\"@context\":\"https:\/\/schema.org\",\"@graph\":[{\"@type\":\"WebPage\",\"@id\":\"https:\/\/sesesc.qroo.gob.mx\/index.php\/unidad-de-transparencia\/\",\"url\":\"https:\/\/sesesc.qroo.gob.mx\/index.php\/unidad-de-transparencia\/\",\"name\":\"Unidad de transparencia - Secretariado Ejecutivo del Sistema Estatal de Seguridad P\u00fablica\",\"isPartOf\":{\"@id\":\"https:\/\/sesesc.qroo.gob.mx\/#website\"},\"datePublished\":\"2024-08-19T18:08:34+00:00\",\"dateModified\":\"2026-04-28T20:55:04+00:00\",\"breadcrumb\":{\"@id\":\"https:\/\/sesesc.qroo.gob.mx\/index.php\/unidad-de-transparencia\/#breadcrumb\"},\"inLanguage\":\"es\",\"potentialAction\":[{\"@type\":\"ReadAction\",\"target\":[\"https:\/\/sesesc.qroo.gob.mx\/index.php\/unidad-de-transparencia\/\"]}]},{\"@type\":\"BreadcrumbList\",\"@id\":\"https:\/\/sesesc.qroo.gob.mx\/index.php\/unidad-de-transparencia\/#breadcrumb\",\"itemListElement\":[{\"@type\":\"ListItem\",\"position\":1,\"name\":\"Inicio\",\"item\":\"https:\/\/sesesc.qroo.gob.mx\/\"},{\"@type\":\"ListItem\",\"position\":2,\"name\":\"Unidad de transparencia\"}]},{\"@type\":\"WebSite\",\"@id\":\"https:\/\/sesesc.qroo.gob.mx\/#website\",\"url\":\"https:\/\/sesesc.qroo.gob.mx\/\",\"name\":\"Secretariado Ejecutivo del Sistema Estatal de Seguridad P\u00fablica\",\"description\":\"\",\"potentialAction\":[{\"@type\":\"SearchAction\",\"target\":{\"@type\":\"EntryPoint\",\"urlTemplate\":\"https:\/\/sesesc.qroo.gob.mx\/?s={search_term_string}\"},\"query-input\":{\"@type\":\"PropertyValueSpecification\",\"valueRequired\":true,\"valueName\":\"search_term_string\"}}],\"inLanguage\":\"es\"}]}<\/script>\n<!-- \/ Yoast SEO plugin. -->","yoast_head_json":{"title":"Unidad de transparencia - Secretariado Ejecutivo del Sistema Estatal de Seguridad P\u00fablica","robots":{"index":"noindex","follow":"follow","max-snippet":"max-snippet:-1","max-image-preview":"max-image-preview:large","max-video-preview":"max-video-preview:-1"},"og_locale":"es_MX","og_type":"article","og_title":"Unidad de transparencia - Secretariado Ejecutivo del Sistema Estatal de Seguridad P\u00fablica","og_description":"Unidad de transparencia La Ley de Transparencia y Acceso a la Informaci\u00f3n P\u00fablica del Estado de Quintana Roo, establece que las Unidades de Transparencia ser\u00e1n el enlace entre los sujetos obligados y el solicitante, establecer\u00e1n sus oficinas en lugares visibles y accesibles al p\u00fablico, ya que son las responsables de la atenci\u00f3n de las solicitudes ... Leer m\u00e1s","og_url":"https:\/\/sesesc.qroo.gob.mx\/index.php\/unidad-de-transparencia\/","og_site_name":"Secretariado Ejecutivo del Sistema Estatal de Seguridad P\u00fablica","article_modified_time":"2026-04-28T20:55:04+00:00","twitter_card":"summary_large_image","twitter_misc":{"Tiempo de lectura":"1 minuto"},"schema":{"@context":"https:\/\/schema.org","@graph":[{"@type":"WebPage","@id":"https:\/\/sesesc.qroo.gob.mx\/index.php\/unidad-de-transparencia\/","url":"https:\/\/sesesc.qroo.gob.mx\/index.php\/unidad-de-transparencia\/","name":"Unidad de transparencia - Secretariado Ejecutivo del Sistema Estatal de Seguridad P\u00fablica","isPartOf":{"@id":"https:\/\/sesesc.qroo.gob.mx\/#website"},"datePublished":"2024-08-19T18:08:34+00:00","dateModified":"2026-04-28T20:55:04+00:00","breadcrumb":{"@id":"https:\/\/sesesc.qroo.gob.mx\/index.php\/unidad-de-transparencia\/#breadcrumb"},"inLanguage":"es","potentialAction":[{"@type":"ReadAction","target":["https:\/\/sesesc.qroo.gob.mx\/index.php\/unidad-de-transparencia\/"]}]},{"@type":"BreadcrumbList","@id":"https:\/\/sesesc.qroo.gob.mx\/index.php\/unidad-de-transparencia\/#breadcrumb","itemListElement":[{"@type":"ListItem","position":1,"name":"Inicio","item":"https:\/\/sesesc.qroo.gob.mx\/"},{"@type":"ListItem","position":2,"name":"Unidad de transparencia"}]},{"@type":"WebSite","@id":"https:\/\/sesesc.qroo.gob.mx\/#website","url":"https:\/\/sesesc.qroo.gob.mx\/","name":"Secretariado Ejecutivo del Sistema Estatal de Seguridad P\u00fablica","description":"","potentialAction":[{"@type":"SearchAction","target":{"@type":"EntryPoint","urlTemplate":"https:\/\/sesesc.qroo.gob.mx\/?s={search_term_string}"},"query-input":{"@type":"PropertyValueSpecification","valueRequired":true,"valueName":"search_term_string"}}],"inLanguage":"es"}]}},"_links":{"self":[{"href":"https:\/\/sesesc.qroo.gob.mx\/index.php\/wp-json\/wp\/v2\/pages\/37077","targetHints":{"allow":["GET"]}}],"collection":[{"href":"https:\/\/sesesc.qroo.gob.mx\/index.php\/wp-json\/wp\/v2\/pages"}],"about":[{"href":"https:\/\/sesesc.qroo.gob.mx\/index.php\/wp-json\/wp\/v2\/types\/page"}],"author":[{"embeddable":true,"href":"https:\/\/sesesc.qroo.gob.mx\/index.php\/wp-json\/wp\/v2\/users\/4"}],"replies":[{"embeddable":true,"href":"https:\/\/sesesc.qroo.gob.mx\/index.php\/wp-json\/wp\/v2\/comments?post=37077"}],"version-history":[{"count":53,"href":"https:\/\/sesesc.qroo.gob.mx\/index.php\/wp-json\/wp\/v2\/pages\/37077\/revisions"}],"predecessor-version":[{"id":41135,"href":"https:\/\/sesesc.qroo.gob.mx\/index.php\/wp-json\/wp\/v2\/pages\/37077\/revisions\/41135"}],"wp:attachment":[{"href":"https:\/\/sesesc.qroo.gob.mx\/index.php\/wp-json\/wp\/v2\/media?parent=37077"}],"curies":[{"name":"wp","href":"https:\/\/api.w.org\/{rel}","templated":true}]}}