{"id":37360,"date":"2024-08-21T11:40:16","date_gmt":"2024-08-21T16:40:16","guid":{"rendered":"https:\/\/sesesc.qroo.gob.mx\/?page_id=37360"},"modified":"2026-04-28T16:11:24","modified_gmt":"2026-04-28T21:11:24","slug":"xlix-mecanismos-de-presentacion-directa-de-peticiones-opiniones-quejas-denuncias-o-sugerencias-sesesc","status":"publish","type":"page","link":"https:\/\/sesesc.qroo.gob.mx\/index.php\/xlix-mecanismos-de-presentacion-directa-de-peticiones-opiniones-quejas-denuncias-o-sugerencias-sesesc\/","title":{"rendered":"XLIX Mecanismos de Presentaci\u00f3n Directa de Peticiones, Opiniones, Quejas, Denuncias o Sugerencias SESESC"},"content":{"rendered":"\t\t<div data-elementor-type=\"wp-page\" data-elementor-id=\"37360\" class=\"elementor elementor-37360\">\n\t\t\t\t<div class=\"elementor-element elementor-element-f0f78ea e-flex e-con-boxed e-con e-parent\" data-id=\"f0f78ea\" data-element_type=\"container\" data-settings=\"{&quot;background_background&quot;:&quot;classic&quot;}\">\n\t\t\t\t\t<div class=\"e-con-inner\">\n\t\t\t\t<div class=\"elementor-element elementor-element-e09d5e7 elementor-widget elementor-widget-heading\" data-id=\"e09d5e7\" data-element_type=\"widget\" data-widget_type=\"heading.default\">\n\t\t\t\t<div class=\"elementor-widget-container\">\n\t\t\t\t\t<h2 class=\"elementor-heading-title elementor-size-default\">Mecanismos de Presentaci\u00f3n Directa de Peticiones, Opiniones, Quejas, Denuncias o Sugerencias.<\/h2>\t\t\t\t<\/div>\n\t\t\t\t<\/div>\n\t\t\t\t\t<\/div>\n\t\t\t\t<\/div>\n\t\t<div class=\"elementor-element elementor-element-ca3e9e0 e-flex e-con-boxed e-con e-parent\" data-id=\"ca3e9e0\" data-element_type=\"container\">\n\t\t\t\t\t<div class=\"e-con-inner\">\n\t\t\t\t<div class=\"elementor-element elementor-element-26c6a2d elementor-widget elementor-widget-text-editor\" data-id=\"26c6a2d\" data-element_type=\"widget\" data-widget_type=\"text-editor.default\">\n\t\t\t\t<div class=\"elementor-widget-container\">\n\t\t\t\t\t\t\t\t\t<p>En esta secci\u00f3n encontraras informaci\u00f3n relativo a los formatos para presentaci\u00f3n directa de peticiones, opiniones, quejas, denuncias o sugerencias, dirigido a este Sujeto Obligado y los informes generados trimestralmente.<\/p><p>Actualizaci\u00f3n: Trimestral<\/p>\t\t\t\t\t\t\t\t<\/div>\n\t\t\t\t<\/div>\n\t\t\t\t<div class=\"elementor-element elementor-element-21c7249 elementor-align-center elementor-widget elementor-widget-button\" data-id=\"21c7249\" data-element_type=\"widget\" data-widget_type=\"button.default\">\n\t\t\t\t<div class=\"elementor-widget-container\">\n\t\t\t\t\t\t\t\t\t<div class=\"elementor-button-wrapper\">\n\t\t\t\t\t<a class=\"elementor-button elementor-button-link elementor-size-sm\" href=\"https:\/\/sesesc.qroo.gob.mx\/wp-content\/uploads\/2026\/04\/6.-Formato-de-Peticiones-Opiniones-Denuncias-o-Sugerencias-2026.pdf\">\n\t\t\t\t\t\t<span class=\"elementor-button-content-wrapper\">\n\t\t\t\t\t\t<span class=\"elementor-button-icon\">\n\t\t\t\t<svg aria-hidden=\"true\" class=\"e-font-icon-svg e-fas-file-download\" viewBox=\"0 0 384 512\" xmlns=\"http:\/\/www.w3.org\/2000\/svg\"><path d=\"M224 136V0H24C10.7 0 0 10.7 0 24v464c0 13.3 10.7 24 24 24h336c13.3 0 24-10.7 24-24V160H248c-13.2 0-24-10.8-24-24zm76.45 211.36l-96.42 95.7c-6.65 6.61-17.39 6.61-24.04 0l-96.42-95.7C73.42 337.29 80.54 320 94.82 320H160v-80c0-8.84 7.16-16 16-16h32c8.84 0 16 7.16 16 16v80h65.18c14.28 0 21.4 17.29 11.27 27.36zM377 105L279.1 7c-4.5-4.5-10.6-7-17-7H256v128h128v-6.1c0-6.3-2.5-12.4-7-16.9z\"><\/path><\/svg>\t\t\t<\/span>\n\t\t\t\t\t\t\t\t\t<span class=\"elementor-button-text\">Descarga el formato.<\/span>\n\t\t\t\t\t<\/span>\n\t\t\t\t\t<\/a>\n\t\t\t\t<\/div>\n\t\t\t\t\t\t\t\t<\/div>\n\t\t\t\t<\/div>\n\t\t\t\t\t<\/div>\n\t\t\t\t<\/div>\n\t\t<div class=\"elementor-element elementor-element-7f4ec5f e-flex e-con-boxed e-con e-parent\" data-id=\"7f4ec5f\" data-element_type=\"container\">\n\t\t\t\t\t<div class=\"e-con-inner\">\n\t\t<div class=\"elementor-element elementor-element-6d8649f e-con-full e-flex e-con e-child\" data-id=\"6d8649f\" data-element_type=\"container\">\n\t\t\t\t<div class=\"elementor-element elementor-element-343b877 elementor-widget elementor-widget-heading\" data-id=\"343b877\" data-element_type=\"widget\" data-widget_type=\"heading.default\">\n\t\t\t\t<div class=\"elementor-widget-container\">\n\t\t\t\t\t<h2 class=\"elementor-heading-title elementor-size-default\">Preguntas frecuentes<\/h2>\t\t\t\t<\/div>\n\t\t\t\t<\/div>\n\t\t\t\t<\/div>\n\t\t<div class=\"elementor-element elementor-element-ddd1b79 e-con-full e-flex e-con e-child\" data-id=\"ddd1b79\" data-element_type=\"container\">\n\t\t\t\t<div class=\"elementor-element elementor-element-6ddc891 elementor-widget elementor-widget-image\" data-id=\"6ddc891\" data-element_type=\"widget\" data-widget_type=\"image.default\">\n\t\t\t\t<div class=\"elementor-widget-container\">\n\t\t\t\t\t\t\t\t\t\t\t\t\t\t\t<img decoding=\"async\" src=\"https:\/\/sesesc.qroo.gob.mx\/wp-content\/uploads\/elementor\/thumbs\/180795-qsy119lti34ijxyacxkadud876iwmcd3gx7f0g784o.png\" title=\"180795\" alt=\"180795\" loading=\"lazy\" \/>\t\t\t\t\t\t\t\t\t\t\t\t\t\t\t<\/div>\n\t\t\t\t<\/div>\n\t\t\t\t<\/div>\n\t\t\t\t\t<\/div>\n\t\t\t\t<\/div>\n\t\t<div class=\"elementor-element elementor-element-41b21a1 e-flex e-con-boxed e-con e-parent\" data-id=\"41b21a1\" data-element_type=\"container\">\n\t\t\t\t\t<div class=\"e-con-inner\">\n\t\t\t\t<div class=\"elementor-element elementor-element-3f079cb elementor-align-center elementor-widget__width-inherit elementor-widget elementor-widget-button\" data-id=\"3f079cb\" data-element_type=\"widget\" data-widget_type=\"button.default\">\n\t\t\t\t<div class=\"elementor-widget-container\">\n\t\t\t\t\t\t\t\t\t<div class=\"elementor-button-wrapper\">\n\t\t\t\t\t<a class=\"elementor-button elementor-button-link elementor-size-sm\" href=\"https:\/\/sesesc.qroo.gob.mx\/wp-content\/uploads\/2024\/08\/Preguntas-y-respuestas-que-surgen-frecuentemente.docx.pdf\">\n\t\t\t\t\t\t<span class=\"elementor-button-content-wrapper\">\n\t\t\t\t\t\t<span class=\"elementor-button-icon\">\n\t\t\t\t<svg aria-hidden=\"true\" class=\"e-font-icon-svg e-fas-file-download\" viewBox=\"0 0 384 512\" xmlns=\"http:\/\/www.w3.org\/2000\/svg\"><path d=\"M224 136V0H24C10.7 0 0 10.7 0 24v464c0 13.3 10.7 24 24 24h336c13.3 0 24-10.7 24-24V160H248c-13.2 0-24-10.8-24-24zm76.45 211.36l-96.42 95.7c-6.65 6.61-17.39 6.61-24.04 0l-96.42-95.7C73.42 337.29 80.54 320 94.82 320H160v-80c0-8.84 7.16-16 16-16h32c8.84 0 16 7.16 16 16v80h65.18c14.28 0 21.4 17.29 11.27 27.36zM377 105L279.1 7c-4.5-4.5-10.6-7-17-7H256v128h128v-6.1c0-6.3-2.5-12.4-7-16.9z\"><\/path><\/svg>\t\t\t<\/span>\n\t\t\t\t\t\t\t\t\t<span class=\"elementor-button-text\">Descarga aqu\u00ed<\/span>\n\t\t\t\t\t<\/span>\n\t\t\t\t\t<\/a>\n\t\t\t\t<\/div>\n\t\t\t\t\t\t\t\t<\/div>\n\t\t\t\t<\/div>\n\t\t\t\t\t<\/div>\n\t\t\t\t<\/div>\n\t\t<div class=\"elementor-element elementor-element-48a9bbd1 e-flex e-con-boxed e-con e-parent\" data-id=\"48a9bbd1\" data-element_type=\"container\">\n\t\t\t\t\t<div class=\"e-con-inner\">\n\t\t<div class=\"elementor-element elementor-element-7e050628 e-con-full e-flex e-con e-child\" data-id=\"7e050628\" data-element_type=\"container\">\n\t\t<div class=\"elementor-element elementor-element-cf47a2e e-con-full e-flex e-con e-child\" data-id=\"cf47a2e\" data-element_type=\"container\">\n\t\t\t\t<div class=\"elementor-element elementor-element-6d9b3b7f elementor-widget elementor-widget-image\" data-id=\"6d9b3b7f\" data-element_type=\"widget\" data-widget_type=\"image.default\">\n\t\t\t\t<div class=\"elementor-widget-container\">\n\t\t\t\t\t\t\t\t\t\t\t\t\t\t\t<img decoding=\"async\" src=\"https:\/\/sesesc.qroo.gob.mx\/wp-content\/uploads\/elementor\/thumbs\/4451366-qsy0hkvid06bdyjrbf7l5t7oank5ek7hfhbb5te2g8.png\" title=\"4451366\" alt=\"4451366\" loading=\"lazy\" \/>\t\t\t\t\t\t\t\t\t\t\t\t\t\t\t<\/div>\n\t\t\t\t<\/div>\n\t\t\t\t<\/div>\n\t\t<div class=\"elementor-element elementor-element-1a9e0d8b e-con-full e-flex e-con e-child\" data-id=\"1a9e0d8b\" data-element_type=\"container\">\n\t\t\t\t<div class=\"elementor-element elementor-element-220fa17e elementor-widget elementor-widget-heading\" data-id=\"220fa17e\" data-element_type=\"widget\" data-widget_type=\"heading.default\">\n\t\t\t\t<div class=\"elementor-widget-container\">\n\t\t\t\t\t<h2 class=\"elementor-heading-title elementor-size-default\">Informes de mecanismos<\/h2>\t\t\t\t<\/div>\n\t\t\t\t<\/div>\n\t\t\t\t<\/div>\n\t\t\t\t<\/div>\n\t\t\t\t\t<\/div>\n\t\t\t\t<\/div>\n\t\t<div class=\"elementor-element elementor-element-4050a21b e-flex e-con-boxed e-con e-parent\" data-id=\"4050a21b\" data-element_type=\"container\">\n\t\t\t\t\t<div class=\"e-con-inner\">\n\t\t<div class=\"elementor-element elementor-element-2408893b e-con-full e-flex e-con e-child\" data-id=\"2408893b\" data-element_type=\"container\">\n\t\t\t\t<div class=\"elementor-element elementor-element-3155c86 elementor-widget elementor-widget-html\" data-id=\"3155c86\" data-element_type=\"widget\" data-widget_type=\"html.default\">\n\t\t\t\t<div class=\"elementor-widget-container\">\n\t\t\t\t\t<details>\r\n    <summary style=\"color: white\">\r\n      2025\r\n    <\/summary>\r\n    <p>\r\n      <a\r\n        href=\"https:\/\/sesesc.qroo.gob.mx\/wp-content\/uploads\/2025\/04\/1-INFORME-DE-MECANISMOS-2025.pdf\"\r\n        >Primer trimestre<\/a\r\n      >\r\n    <\/p>\r\n     <p>\r\n      <a\r\n        href=\"https:\/\/sesesc.qroo.gob.mx\/wp-content\/uploads\/2025\/07\/2-INFORME-DE-MECANISMOS-2025-.pdf\"\r\n        >Segundo trimestre<\/a\r\n      >\r\n    <\/p>\r\n     <p>\r\n      <a\r\n        href=\"https:\/\/sesesc.qroo.gob.mx\/wp-content\/uploads\/2025\/10\/3-INFORME-DE-MECANISMOS-2025.pdf\"\r\n        >Tercer trimestre<\/a\r\n      >\r\n    <\/p>\r\n    <p>\r\n      <a\r\n        href=\"https:\/\/sesesc.qroo.gob.mx\/wp-content\/uploads\/2026\/01\/4-INFORME-DE-MECANISMOS-2025.pdf\"\r\n        >Cuarto trimestre<\/a\r\n      >\r\n    <\/p>\r\n  <\/details>\r\n  <details>\r\n    <summary style=\"color: white\">\r\n      2026\r\n    <\/summary>\r\n    <p>\r\n      <a\r\n        href=\"https:\/\/sesesc.qroo.gob.mx\/wp-content\/uploads\/2026\/04\/LGT_65_XLVI.2.xlsx\"\r\n        >Primer trimestre<\/a\r\n      >\r\n    <\/p>\r\n  <\/details>\r\n  <style>\r\n    .div-container {\r\n      padding: 20px;\r\n      background-color: #ffffff;\r\n      transition: max-height 0.2s ease-out;\r\n      box-shadow: 1px 4px 8px rgba(0, 0, 0, 0.1);\r\n    }\r\n  \r\n    details {\r\n      width: 100%;\r\n      margin: 10px 0;\r\n      background-color: #ececec;\r\n      border: 1px solid #ffffff00;\r\n      border-radius: 4px;\r\n      font-family: \"Montserrat\", sans-serif;\r\n    }\r\n  \r\n    summary {\r\n      cursor: pointer;\r\n      font-weight: bold;\r\n      padding: 10px;\r\n      background-color: #afafaf;\r\n      border-bottom: 1px solid #ffffff00;\r\n      border-radius: 4px 4px 0 0;\r\n    }\r\n  \r\n    details[open] summary {\r\n      background-color: #a0a0a0;\r\n    }\r\n  \r\n    details p {\r\n      padding: 10px;\r\n      margin: 0;\r\n      background-color: #f9f9f9;\r\n      border-radius: 0 0 4px 4px;\r\n    }\r\n  \r\n    a {\r\n      text-decoration: none;\r\n    }\r\n  \r\n    a:hover {\r\n      text-decoration: underline;\r\n    }\r\n  <\/style>\r\n  \t\t\t\t<\/div>\n\t\t\t\t<\/div>\n\t\t\t\t<\/div>\n\t\t\t\t\t<\/div>\n\t\t\t\t<\/div>\n\t\t<div class=\"elementor-element elementor-element-2068495a e-flex e-con-boxed e-con e-parent\" data-id=\"2068495a\" data-element_type=\"container\">\n\t\t\t\t\t<div class=\"e-con-inner\">\n\t\t<div class=\"elementor-element elementor-element-37be685a e-con-full e-flex e-con e-child\" data-id=\"37be685a\" data-element_type=\"container\">\n\t\t\t\t<div class=\"elementor-element elementor-element-7ec9b1b elementor-widget elementor-widget-image\" data-id=\"7ec9b1b\" data-element_type=\"widget\" data-widget_type=\"image.default\">\n\t\t\t\t<div class=\"elementor-widget-container\">\n\t\t\t\t\t\t\t\t\t\t\t\t\t\t\t<img decoding=\"async\" src=\"https:\/\/sesesc.qroo.gob.mx\/wp-content\/uploads\/elementor\/thumbs\/432662-qsy1c8e18i4y060ubo7lh2qtp0h2f7wcz77cknxvjc.png\" title=\"432662\" alt=\"432662\" loading=\"lazy\" \/>\t\t\t\t\t\t\t\t\t\t\t\t\t\t\t<\/div>\n\t\t\t\t<\/div>\n\t\t\t\t<\/div>\n\t\t<div class=\"elementor-element elementor-element-62841108 e-con-full e-flex e-con e-child\" data-id=\"62841108\" data-element_type=\"container\">\n\t\t\t\t<div class=\"elementor-element elementor-element-13264cbb elementor-widget elementor-widget-heading\" data-id=\"13264cbb\" data-element_type=\"widget\" data-widget_type=\"heading.default\">\n\t\t\t\t<div class=\"elementor-widget-container\">\n\t\t\t\t\t<h2 class=\"elementor-heading-title elementor-size-default\">Estad\u00edstica de preguntas <br>frecuentes<\/h2>\t\t\t\t<\/div>\n\t\t\t\t<\/div>\n\t\t\t\t<\/div>\n\t\t\t\t\t<\/div>\n\t\t\t\t<\/div>\n\t\t<div class=\"elementor-element elementor-element-3a16ac2 e-con-full e-flex e-con e-parent\" data-id=\"3a16ac2\" data-element_type=\"container\">\n\t\t\t\t<div class=\"elementor-element elementor-element-65c5cea3 elementor-widget elementor-widget-html\" data-id=\"65c5cea3\" data-element_type=\"widget\" data-widget_type=\"html.default\">\n\t\t\t\t<div class=\"elementor-widget-container\">\n\t\t\t\t\t<details>\r\n  <summary style=\"color: white\">2025<\/summary>\r\n  <p>\r\n    <a\r\n      href=\"https:\/\/sesesc.qroo.gob.mx\/wp-content\/uploads\/2025\/04\/1-ESTADISTICA-PREGUNTAS-FRECUENTES-2025.pdf\"\r\n      >Primer trimestre<\/a\r\n    >\r\n  <\/p>\r\n  <p>\r\n    <a\r\n      href=\"https:\/\/sesesc.qroo.gob.mx\/wp-content\/uploads\/2025\/07\/2-ESTADISTICA-PREGUNTAS-FRECUENTES-2025-edit.pdf\"\r\n      >Segundo trimestre<\/a\r\n    >\r\n  <\/p>\r\n  <p>\r\n    <a\r\n      href=\"https:\/\/sesesc.qroo.gob.mx\/wp-content\/uploads\/2025\/10\/3-ESTADISTICA-PREGUNTAS-FRECUENTES-2025-edit.pdf\"\r\n      >Tercer trimestre<\/a\r\n    >\r\n  <\/p>\r\n  <p>\r\n    <a\r\n      href=\"https:\/\/sesesc.qroo.gob.mx\/wp-content\/uploads\/2026\/01\/4-ESTADISTICA-PREGUNTAS-FRECUENTES-2025-edit.pdf\"\r\n      >Cuarto trimestre<\/a\r\n    >\r\n  <\/p>\r\n<\/details>\r\n<details>\r\n  <summary style=\"color: white\">2026<\/summary>\r\n  <p>\r\n    <a\r\n      href=\"https:\/\/sesesc.qroo.gob.mx\/wp-content\/uploads\/2026\/04\/1-ESTADISTICA-PREGUNTAS-FRECUENTES.pdf\"\r\n      >Primer trimestre<\/a\r\n    >\r\n  <\/p>\r\n<\/details>\r\n<style>\r\n  .div-container {\r\n    padding: 20px;\r\n    background-color: #ffffff;\r\n    transition: max-height 0.2s ease-out;\r\n    box-shadow: 1px 4px 8px rgba(0, 0, 0, 0.1);\r\n  }\r\n\r\n  details {\r\n    width: 100%;\r\n    margin: 10px 0;\r\n    background-color: #ececec;\r\n    border: 1px solid #ffffff00;\r\n    border-radius: 4px;\r\n    font-family: \"Montserrat\", sans-serif;\r\n  }\r\n\r\n  summary {\r\n    cursor: pointer;\r\n    font-weight: bold;\r\n    padding: 10px;\r\n    background-color: #afafaf;\r\n    border-bottom: 1px solid #ffffff00;\r\n    border-radius: 4px 4px 0 0;\r\n  }\r\n\r\n  details[open] summary {\r\n    background-color: #a0a0a0;\r\n  }\r\n\r\n  details p {\r\n    padding: 10px;\r\n    margin: 0;\r\n    background-color: #f9f9f9;\r\n    border-radius: 0 0 4px 4px;\r\n  }\r\n\r\n  a {\r\n    text-decoration: none;\r\n  }\r\n\r\n  a:hover {\r\n    text-decoration: underline;\r\n  }\r\n<\/style>\r\n\t\t\t\t<\/div>\n\t\t\t\t<\/div>\n\t\t\t\t<\/div>\n\t\t\t\t<\/div>\n\t\t","protected":false},"excerpt":{"rendered":"<p>Mecanismos de Presentaci\u00f3n Directa de Peticiones, Opiniones, Quejas, Denuncias o Sugerencias. En esta secci\u00f3n encontraras informaci\u00f3n relativo a los formatos para presentaci\u00f3n directa de peticiones, opiniones, quejas, denuncias o sugerencias, dirigido a este Sujeto Obligado y los informes generados trimestralmente. Actualizaci\u00f3n: Trimestral Descarga el formato. Preguntas frecuentes Descarga aqu\u00ed Informes de mecanismos 2025 Primer trimestre &#8230; <a title=\"XLIX Mecanismos de Presentaci\u00f3n Directa de Peticiones, Opiniones, Quejas, Denuncias o Sugerencias SESESC\" class=\"read-more\" href=\"https:\/\/sesesc.qroo.gob.mx\/index.php\/xlix-mecanismos-de-presentacion-directa-de-peticiones-opiniones-quejas-denuncias-o-sugerencias-sesesc\/\" aria-label=\"Leer m\u00e1s sobre XLIX Mecanismos de Presentaci\u00f3n Directa de Peticiones, Opiniones, Quejas, Denuncias o Sugerencias SESESC\">Leer m\u00e1s<\/a><\/p>\n","protected":false},"author":4,"featured_media":0,"parent":0,"menu_order":0,"comment_status":"closed","ping_status":"closed","template":"","meta":{"footnotes":""},"class_list":["post-37360","page","type-page","status-publish"],"yoast_head":"<!-- This site is optimized with the Yoast SEO plugin v24.6 - https:\/\/yoast.com\/wordpress\/plugins\/seo\/ -->\n<title>XLIX Mecanismos de Presentaci\u00f3n Directa de Peticiones, Opiniones, Quejas, Denuncias o Sugerencias SESESC - Secretariado Ejecutivo del Sistema Estatal de Seguridad P\u00fablica<\/title>\n<meta name=\"robots\" content=\"noindex, follow, max-snippet:-1, max-image-preview:large, max-video-preview:-1\" \/>\n<meta property=\"og:locale\" content=\"es_MX\" \/>\n<meta property=\"og:type\" content=\"article\" \/>\n<meta property=\"og:title\" content=\"XLIX Mecanismos de Presentaci\u00f3n Directa de Peticiones, Opiniones, Quejas, Denuncias o Sugerencias SESESC - Secretariado Ejecutivo del Sistema Estatal de Seguridad P\u00fablica\" \/>\n<meta property=\"og:description\" content=\"Mecanismos de Presentaci\u00f3n Directa de Peticiones, Opiniones, Quejas, Denuncias o Sugerencias. En esta secci\u00f3n encontraras informaci\u00f3n relativo a los formatos para presentaci\u00f3n directa de peticiones, opiniones, quejas, denuncias o sugerencias, dirigido a este Sujeto Obligado y los informes generados trimestralmente. Actualizaci\u00f3n: Trimestral Descarga el formato. Preguntas frecuentes Descarga aqu\u00ed Informes de mecanismos 2025 Primer trimestre ... Leer m\u00e1s\" \/>\n<meta property=\"og:url\" content=\"https:\/\/sesesc.qroo.gob.mx\/index.php\/xlix-mecanismos-de-presentacion-directa-de-peticiones-opiniones-quejas-denuncias-o-sugerencias-sesesc\/\" \/>\n<meta property=\"og:site_name\" content=\"Secretariado Ejecutivo del Sistema Estatal de Seguridad P\u00fablica\" \/>\n<meta property=\"article:modified_time\" content=\"2026-04-28T21:11:24+00:00\" \/>\n<meta property=\"og:image\" content=\"https:\/\/sesesc.qroo.gob.mx\/wp-content\/uploads\/elementor\/thumbs\/180795-qsy119lti34ijxyacxkadud876iwmcd3gx7f0g784o.png\" \/>\n<meta name=\"twitter:card\" content=\"summary_large_image\" \/>\n<meta name=\"twitter:label1\" content=\"Tiempo de lectura\" \/>\n\t<meta name=\"twitter:data1\" content=\"1 minuto\" \/>\n<script type=\"application\/ld+json\" class=\"yoast-schema-graph\">{\"@context\":\"https:\/\/schema.org\",\"@graph\":[{\"@type\":\"WebPage\",\"@id\":\"https:\/\/sesesc.qroo.gob.mx\/index.php\/xlix-mecanismos-de-presentacion-directa-de-peticiones-opiniones-quejas-denuncias-o-sugerencias-sesesc\/\",\"url\":\"https:\/\/sesesc.qroo.gob.mx\/index.php\/xlix-mecanismos-de-presentacion-directa-de-peticiones-opiniones-quejas-denuncias-o-sugerencias-sesesc\/\",\"name\":\"XLIX Mecanismos de Presentaci\u00f3n Directa de Peticiones, Opiniones, Quejas, Denuncias o Sugerencias SESESC - Secretariado Ejecutivo del Sistema Estatal de Seguridad P\u00fablica\",\"isPartOf\":{\"@id\":\"https:\/\/sesesc.qroo.gob.mx\/#website\"},\"primaryImageOfPage\":{\"@id\":\"https:\/\/sesesc.qroo.gob.mx\/index.php\/xlix-mecanismos-de-presentacion-directa-de-peticiones-opiniones-quejas-denuncias-o-sugerencias-sesesc\/#primaryimage\"},\"image\":{\"@id\":\"https:\/\/sesesc.qroo.gob.mx\/index.php\/xlix-mecanismos-de-presentacion-directa-de-peticiones-opiniones-quejas-denuncias-o-sugerencias-sesesc\/#primaryimage\"},\"thumbnailUrl\":\"https:\/\/sesesc.qroo.gob.mx\/wp-content\/uploads\/elementor\/thumbs\/180795-qsy119lti34ijxyacxkadud876iwmcd3gx7f0g784o.png\",\"datePublished\":\"2024-08-21T16:40:16+00:00\",\"dateModified\":\"2026-04-28T21:11:24+00:00\",\"breadcrumb\":{\"@id\":\"https:\/\/sesesc.qroo.gob.mx\/index.php\/xlix-mecanismos-de-presentacion-directa-de-peticiones-opiniones-quejas-denuncias-o-sugerencias-sesesc\/#breadcrumb\"},\"inLanguage\":\"es\",\"potentialAction\":[{\"@type\":\"ReadAction\",\"target\":[\"https:\/\/sesesc.qroo.gob.mx\/index.php\/xlix-mecanismos-de-presentacion-directa-de-peticiones-opiniones-quejas-denuncias-o-sugerencias-sesesc\/\"]}]},{\"@type\":\"ImageObject\",\"inLanguage\":\"es\",\"@id\":\"https:\/\/sesesc.qroo.gob.mx\/index.php\/xlix-mecanismos-de-presentacion-directa-de-peticiones-opiniones-quejas-denuncias-o-sugerencias-sesesc\/#primaryimage\",\"url\":\"https:\/\/sesesc.qroo.gob.mx\/wp-content\/uploads\/elementor\/thumbs\/180795-qsy119lti34ijxyacxkadud876iwmcd3gx7f0g784o.png\",\"contentUrl\":\"https:\/\/sesesc.qroo.gob.mx\/wp-content\/uploads\/elementor\/thumbs\/180795-qsy119lti34ijxyacxkadud876iwmcd3gx7f0g784o.png\"},{\"@type\":\"BreadcrumbList\",\"@id\":\"https:\/\/sesesc.qroo.gob.mx\/index.php\/xlix-mecanismos-de-presentacion-directa-de-peticiones-opiniones-quejas-denuncias-o-sugerencias-sesesc\/#breadcrumb\",\"itemListElement\":[{\"@type\":\"ListItem\",\"position\":1,\"name\":\"Inicio\",\"item\":\"https:\/\/sesesc.qroo.gob.mx\/\"},{\"@type\":\"ListItem\",\"position\":2,\"name\":\"XLIX Mecanismos de Presentaci\u00f3n Directa de Peticiones, Opiniones, Quejas, Denuncias o Sugerencias SESESC\"}]},{\"@type\":\"WebSite\",\"@id\":\"https:\/\/sesesc.qroo.gob.mx\/#website\",\"url\":\"https:\/\/sesesc.qroo.gob.mx\/\",\"name\":\"Secretariado Ejecutivo del Sistema Estatal de Seguridad P\u00fablica\",\"description\":\"\",\"potentialAction\":[{\"@type\":\"SearchAction\",\"target\":{\"@type\":\"EntryPoint\",\"urlTemplate\":\"https:\/\/sesesc.qroo.gob.mx\/?s={search_term_string}\"},\"query-input\":{\"@type\":\"PropertyValueSpecification\",\"valueRequired\":true,\"valueName\":\"search_term_string\"}}],\"inLanguage\":\"es\"}]}<\/script>\n<!-- \/ Yoast SEO plugin. -->","yoast_head_json":{"title":"XLIX Mecanismos de Presentaci\u00f3n Directa de Peticiones, Opiniones, Quejas, Denuncias o Sugerencias SESESC - Secretariado Ejecutivo del Sistema Estatal de Seguridad P\u00fablica","robots":{"index":"noindex","follow":"follow","max-snippet":"max-snippet:-1","max-image-preview":"max-image-preview:large","max-video-preview":"max-video-preview:-1"},"og_locale":"es_MX","og_type":"article","og_title":"XLIX Mecanismos de Presentaci\u00f3n Directa de Peticiones, Opiniones, Quejas, Denuncias o Sugerencias SESESC - Secretariado Ejecutivo del Sistema Estatal de Seguridad P\u00fablica","og_description":"Mecanismos de Presentaci\u00f3n Directa de Peticiones, Opiniones, Quejas, Denuncias o Sugerencias. En esta secci\u00f3n encontraras informaci\u00f3n relativo a los formatos para presentaci\u00f3n directa de peticiones, opiniones, quejas, denuncias o sugerencias, dirigido a este Sujeto Obligado y los informes generados trimestralmente. Actualizaci\u00f3n: Trimestral Descarga el formato. Preguntas frecuentes Descarga aqu\u00ed Informes de mecanismos 2025 Primer trimestre ... Leer m\u00e1s","og_url":"https:\/\/sesesc.qroo.gob.mx\/index.php\/xlix-mecanismos-de-presentacion-directa-de-peticiones-opiniones-quejas-denuncias-o-sugerencias-sesesc\/","og_site_name":"Secretariado Ejecutivo del Sistema Estatal de Seguridad P\u00fablica","article_modified_time":"2026-04-28T21:11:24+00:00","og_image":[{"url":"https:\/\/sesesc.qroo.gob.mx\/wp-content\/uploads\/elementor\/thumbs\/180795-qsy119lti34ijxyacxkadud876iwmcd3gx7f0g784o.png","type":"","width":"","height":""}],"twitter_card":"summary_large_image","twitter_misc":{"Tiempo de lectura":"1 minuto"},"schema":{"@context":"https:\/\/schema.org","@graph":[{"@type":"WebPage","@id":"https:\/\/sesesc.qroo.gob.mx\/index.php\/xlix-mecanismos-de-presentacion-directa-de-peticiones-opiniones-quejas-denuncias-o-sugerencias-sesesc\/","url":"https:\/\/sesesc.qroo.gob.mx\/index.php\/xlix-mecanismos-de-presentacion-directa-de-peticiones-opiniones-quejas-denuncias-o-sugerencias-sesesc\/","name":"XLIX Mecanismos de Presentaci\u00f3n Directa de Peticiones, Opiniones, Quejas, Denuncias o Sugerencias SESESC - Secretariado Ejecutivo del Sistema Estatal de Seguridad P\u00fablica","isPartOf":{"@id":"https:\/\/sesesc.qroo.gob.mx\/#website"},"primaryImageOfPage":{"@id":"https:\/\/sesesc.qroo.gob.mx\/index.php\/xlix-mecanismos-de-presentacion-directa-de-peticiones-opiniones-quejas-denuncias-o-sugerencias-sesesc\/#primaryimage"},"image":{"@id":"https:\/\/sesesc.qroo.gob.mx\/index.php\/xlix-mecanismos-de-presentacion-directa-de-peticiones-opiniones-quejas-denuncias-o-sugerencias-sesesc\/#primaryimage"},"thumbnailUrl":"https:\/\/sesesc.qroo.gob.mx\/wp-content\/uploads\/elementor\/thumbs\/180795-qsy119lti34ijxyacxkadud876iwmcd3gx7f0g784o.png","datePublished":"2024-08-21T16:40:16+00:00","dateModified":"2026-04-28T21:11:24+00:00","breadcrumb":{"@id":"https:\/\/sesesc.qroo.gob.mx\/index.php\/xlix-mecanismos-de-presentacion-directa-de-peticiones-opiniones-quejas-denuncias-o-sugerencias-sesesc\/#breadcrumb"},"inLanguage":"es","potentialAction":[{"@type":"ReadAction","target":["https:\/\/sesesc.qroo.gob.mx\/index.php\/xlix-mecanismos-de-presentacion-directa-de-peticiones-opiniones-quejas-denuncias-o-sugerencias-sesesc\/"]}]},{"@type":"ImageObject","inLanguage":"es","@id":"https:\/\/sesesc.qroo.gob.mx\/index.php\/xlix-mecanismos-de-presentacion-directa-de-peticiones-opiniones-quejas-denuncias-o-sugerencias-sesesc\/#primaryimage","url":"https:\/\/sesesc.qroo.gob.mx\/wp-content\/uploads\/elementor\/thumbs\/180795-qsy119lti34ijxyacxkadud876iwmcd3gx7f0g784o.png","contentUrl":"https:\/\/sesesc.qroo.gob.mx\/wp-content\/uploads\/elementor\/thumbs\/180795-qsy119lti34ijxyacxkadud876iwmcd3gx7f0g784o.png"},{"@type":"BreadcrumbList","@id":"https:\/\/sesesc.qroo.gob.mx\/index.php\/xlix-mecanismos-de-presentacion-directa-de-peticiones-opiniones-quejas-denuncias-o-sugerencias-sesesc\/#breadcrumb","itemListElement":[{"@type":"ListItem","position":1,"name":"Inicio","item":"https:\/\/sesesc.qroo.gob.mx\/"},{"@type":"ListItem","position":2,"name":"XLIX Mecanismos de Presentaci\u00f3n Directa de Peticiones, Opiniones, Quejas, Denuncias o Sugerencias SESESC"}]},{"@type":"WebSite","@id":"https:\/\/sesesc.qroo.gob.mx\/#website","url":"https:\/\/sesesc.qroo.gob.mx\/","name":"Secretariado Ejecutivo del Sistema Estatal de Seguridad P\u00fablica","description":"","potentialAction":[{"@type":"SearchAction","target":{"@type":"EntryPoint","urlTemplate":"https:\/\/sesesc.qroo.gob.mx\/?s={search_term_string}"},"query-input":{"@type":"PropertyValueSpecification","valueRequired":true,"valueName":"search_term_string"}}],"inLanguage":"es"}]}},"_links":{"self":[{"href":"https:\/\/sesesc.qroo.gob.mx\/index.php\/wp-json\/wp\/v2\/pages\/37360","targetHints":{"allow":["GET"]}}],"collection":[{"href":"https:\/\/sesesc.qroo.gob.mx\/index.php\/wp-json\/wp\/v2\/pages"}],"about":[{"href":"https:\/\/sesesc.qroo.gob.mx\/index.php\/wp-json\/wp\/v2\/types\/page"}],"author":[{"embeddable":true,"href":"https:\/\/sesesc.qroo.gob.mx\/index.php\/wp-json\/wp\/v2\/users\/4"}],"replies":[{"embeddable":true,"href":"https:\/\/sesesc.qroo.gob.mx\/index.php\/wp-json\/wp\/v2\/comments?post=37360"}],"version-history":[{"count":75,"href":"https:\/\/sesesc.qroo.gob.mx\/index.php\/wp-json\/wp\/v2\/pages\/37360\/revisions"}],"predecessor-version":[{"id":41154,"href":"https:\/\/sesesc.qroo.gob.mx\/index.php\/wp-json\/wp\/v2\/pages\/37360\/revisions\/41154"}],"wp:attachment":[{"href":"https:\/\/sesesc.qroo.gob.mx\/index.php\/wp-json\/wp\/v2\/media?parent=37360"}],"curies":[{"name":"wp","href":"https:\/\/api.w.org\/{rel}","templated":true}]}}