{"id":37443,"date":"2024-08-21T12:23:47","date_gmt":"2024-08-21T17:23:47","guid":{"rendered":"https:\/\/sesesc.qroo.gob.mx\/?page_id=37443"},"modified":"2026-04-28T16:15:17","modified_gmt":"2026-04-28T21:15:17","slug":"tramites-y-servicios","status":"publish","type":"page","link":"https:\/\/sesesc.qroo.gob.mx\/index.php\/tramites-y-servicios\/","title":{"rendered":"Tr\u00e1mites y servicios"},"content":{"rendered":"\t\t<div data-elementor-type=\"wp-page\" data-elementor-id=\"37443\" class=\"elementor elementor-37443\">\n\t\t\t\t<div class=\"elementor-element elementor-element-3dec895 e-flex e-con-boxed e-con e-parent\" data-id=\"3dec895\" data-element_type=\"container\" data-settings=\"{&quot;background_background&quot;:&quot;classic&quot;}\">\n\t\t\t\t\t<div class=\"e-con-inner\">\n\t\t\t\t<div class=\"elementor-element elementor-element-f32a70d elementor-widget elementor-widget-heading\" data-id=\"f32a70d\" data-element_type=\"widget\" data-widget_type=\"heading.default\">\n\t\t\t\t<div class=\"elementor-widget-container\">\n\t\t\t\t\t<h2 class=\"elementor-heading-title elementor-size-default\">Tr\u00e1mites y servicios <\/h2>\t\t\t\t<\/div>\n\t\t\t\t<\/div>\n\t\t\t\t\t<\/div>\n\t\t\t\t<\/div>\n\t\t<div class=\"elementor-element elementor-element-e1b4e13 e-flex e-con-boxed e-con e-parent\" data-id=\"e1b4e13\" data-element_type=\"container\">\n\t\t\t\t\t<div class=\"e-con-inner\">\n\t\t\t\t<div class=\"elementor-element elementor-element-a32e781 elementor-widget elementor-widget-text-editor\" data-id=\"a32e781\" data-element_type=\"widget\" data-widget_type=\"text-editor.default\">\n\t\t\t\t<div class=\"elementor-widget-container\">\n\t\t\t\t\t\t\t\t\t<p>En esta secci\u00f3n encontraras la lista de servicios que ofrece la Unidad de Transparencia del Secretariado Ejecutivo del Sistema Estatal de Seguridad Ciudadana (SESESC) y los requisitos para acceder a ellos.<\/p>\t\t\t\t\t\t\t\t<\/div>\n\t\t\t\t<\/div>\n\t\t\t\t\t<\/div>\n\t\t\t\t<\/div>\n\t\t<div class=\"elementor-element elementor-element-37189a7 e-flex e-con-boxed e-con e-parent\" data-id=\"37189a7\" data-element_type=\"container\">\n\t\t\t\t\t<div class=\"e-con-inner\">\n\t\t\t\t<div class=\"elementor-element elementor-element-36ec1d5 elementor-widget elementor-widget-html\" data-id=\"36ec1d5\" data-element_type=\"widget\" data-widget_type=\"html.default\">\n\t\t\t\t<div class=\"elementor-widget-container\">\n\t\t\t\t\t<div class=\"container\">\r\n  <a\r\n    class=\"column\"\r\n    href=\"https:\/\/www.catalogonacional.gob.mx\/FichaTramite?traHomoclave=SESESP-2022-1845-001-A\"\r\n  >\r\n    <p class=\"blanco\"><b>Solicitudes de acceso a la informaci\u00f3n p\u00fablica.<\/b><\/p>\r\n  <\/a>\r\n  <a\r\n    class=\"column\"\r\n    href=\"https:\/\/www.catalogonacional.gob.mx\/FichaTramite?traHomoclave=SESESP-2023-1845-002-A\"\r\n  >\r\n    <p class=\"blanco\">\r\n      <b\r\n        >Recepci\u00f3n de recursos de revisi\u00f3n en contra de respuestas o falta de\r\n        respuestas a solicitudes de informaci\u00f3n p\u00fablica y\/o del ejercicio de\r\n        derechos ARCO<\/b\r\n      >\r\n    <\/p>\r\n  <\/a>\r\n  <a\r\n    class=\"column\"\r\n    href=\"https:\/\/www.catalogonacional.gob.mx\/FichaTramite?traHomoclave=SESESP-2022-1845-002-A\"\r\n  >\r\n    <p class=\"blanco\">\r\n      <b\r\n        >Solicitudes para el ejercicio de los derechos de acceso, rectificaci\u00f3n,\r\n        cancelaci\u00f3n y oposici\u00f3n al tratamiento de los datos personales<\/b\r\n      >\r\n    <\/p>\r\n  <\/a>\r\n  <a\r\n    class=\"column\"\r\n    href=\"https:\/\/www.catalogonacional.gob.mx\/FichaTramite?traHomoclave=SESESP-2023-1845-001-A\"\r\n  >\r\n    <p class=\"blanco\">\r\n      <b\r\n        >Orientaci\u00f3n y asesor\u00eda en materia de acceso a la informaci\u00f3n p\u00fablica y\r\n        para el ejercicio de los derechos de acceso, rectificaci\u00f3n, cancelaci\u00f3n\r\n        y oposici\u00f3n de datos personales (ARCO)<\/b\r\n      >\r\n    <\/p>\r\n  <\/a>\r\n  <a\r\n    class=\"column\"\r\n    href=\"https:\/\/www.catalogonacional.gob.mx\/FichaTramite?traHomoclave=SESESP-2022-1845-001-B\"\r\n  >\r\n    <p class=\"blanco\">\r\n      <b\r\n        >Recepci\u00f3n de denuncias por incumplimiento a la publicaci\u00f3n de las\r\n        obligaciones de transparencia<\/b\r\n      >\r\n    <\/p>\r\n  <\/a>\r\n<\/div>\r\n<br \/>\r\n<br \/>\r\n<div class=\"container\">\r\n  <a\r\n    class=\"column\"\r\n    href=\"https:\/\/sesesc.qroo.gob.mx\/wp-content\/uploads\/2026\/04\/1.-Formato-Solicitud-de-Informacion-Publica-SESESC-2026.pdf\"\r\n  >\r\n    <p class=\"blanco\"><b>Formato de Solicitud de Informaci\u00f3n P\u00fablica<\/b><\/p>\r\n  <\/a>\r\n  <a\r\n    class=\"column\"\r\n    href=\"https:\/\/sesesc.qroo.gob.mx\/wp-content\/uploads\/2026\/04\/2.-Formato-Solicitud-Derechos-ARCO-SESESC-2026.pdf\"\r\n  >\r\n    <p class=\"blanco\"><b>Formato de Solicitud de Derechos ARCO<\/b><\/p>\r\n  <\/a>\r\n  <a\r\n    class=\"column\"\r\n    href=\"https:\/\/sesesc.qroo.gob.mx\/wp-content\/uploads\/2026\/04\/3.-Formato-de-Denuncia-por-Incumplimiento-a-las-Obligaciones-de-Transparencia-2026.pdf\"\r\n  >\r\n    <p class=\"blanco\">\r\n      <b\r\n        >Formato de Denuncia por Incumplimiento a las Obligaciones de\r\n        Transparencia<\/b\r\n      >\r\n    <\/p>\r\n  <\/a>\r\n  <a\r\n    class=\"column\"\r\n    href=\"https:\/\/sesesc.qroo.gob.mx\/wp-content\/uploads\/2026\/04\/4.-Formato-Recurso-de-Revision-de-Acceso-a-la-Informacion.pdf\"\r\n  >\r\n    <p class=\"blanco\">\r\n      <b>Formato Recurso de Revisi\u00f3n de Acceso a la Informaci\u00f3n<\/b>\r\n    <\/p>\r\n  <\/a>\r\n  <a\r\n    class=\"column\"\r\n    href=\"https:\/\/sesesc.qroo.gob.mx\/wp-content\/uploads\/2026\/04\/5.-Formato-Recurso-de-Revision-de-los-Derechos-ARCO-y-Portabilidad-2026.pdf\"\r\n  >\r\n    <p class=\"blanco\">\r\n      <b>Formato Recurso de Revisi\u00f3n de los Derechos ARCO y Portabilidad<\/b>\r\n    <\/p>\r\n  <\/a>\r\n  <a\r\n    class=\"column\"\r\n    href=\"https:\/\/sesesc.qroo.gob.mx\/wp-content\/uploads\/2025\/02\/COSTOS-DE-REPRODUCCION.pdf\"\r\n  >\r\n    <p class=\"blanco\"><b>Costos de reproducci\u00f3n<\/b><\/p>\r\n  <\/a>\r\n<\/div>\r\n<style>\r\n  .container {\r\n    display: flex;\r\n    flex-wrap: wrap;\r\n    gap: 10px;\r\n    text-align: center;\r\n    font-family: \"Montserrat\";\r\n  }\r\n  .blanco {\r\n    color: rgb(82, 82, 82);\r\n  }\r\n  .column {\r\n    text-decoration: none;\r\n    color: rgb(82, 82, 82);\r\n    flex: 1;\r\n    background-color: #d8d8d8;\r\n    padding: 10px;\r\n    box-sizing: border-box;\r\n    border-radius: 10px;\r\n    font-size: 14px;\r\n  }\r\n\r\n  @media (max-width: 768px) {\r\n    .column {\r\n      flex: 1 1 100%;\r\n    }\r\n  }\r\n<\/style>\r\n\t\t\t\t<\/div>\n\t\t\t\t<\/div>\n\t\t\t\t\t<\/div>\n\t\t\t\t<\/div>\n\t\t\t\t<\/div>\n\t\t","protected":false},"excerpt":{"rendered":"<p>Tr\u00e1mites y servicios En esta secci\u00f3n encontraras la lista de servicios que ofrece la Unidad de Transparencia del Secretariado Ejecutivo del Sistema Estatal de Seguridad Ciudadana (SESESC) y los requisitos para acceder a ellos. Solicitudes de acceso a la informaci\u00f3n p\u00fablica. Recepci\u00f3n de recursos de revisi\u00f3n en contra de respuestas o falta de respuestas a &#8230; <a title=\"Tr\u00e1mites y servicios\" class=\"read-more\" href=\"https:\/\/sesesc.qroo.gob.mx\/index.php\/tramites-y-servicios\/\" aria-label=\"Leer m\u00e1s sobre Tr\u00e1mites y servicios\">Leer m\u00e1s<\/a><\/p>\n","protected":false},"author":4,"featured_media":0,"parent":0,"menu_order":0,"comment_status":"closed","ping_status":"closed","template":"","meta":{"footnotes":""},"class_list":["post-37443","page","type-page","status-publish"],"yoast_head":"<!-- This site is optimized with the Yoast SEO plugin v24.6 - https:\/\/yoast.com\/wordpress\/plugins\/seo\/ -->\n<title>Tr\u00e1mites y servicios - Secretariado Ejecutivo del Sistema Estatal de Seguridad P\u00fablica<\/title>\n<meta name=\"robots\" content=\"noindex, follow, max-snippet:-1, max-image-preview:large, max-video-preview:-1\" \/>\n<meta property=\"og:locale\" content=\"es_MX\" \/>\n<meta property=\"og:type\" content=\"article\" \/>\n<meta property=\"og:title\" content=\"Tr\u00e1mites y servicios - Secretariado Ejecutivo del Sistema Estatal de Seguridad P\u00fablica\" \/>\n<meta property=\"og:description\" content=\"Tr\u00e1mites y servicios En esta secci\u00f3n encontraras la lista de servicios que ofrece la Unidad de Transparencia del Secretariado Ejecutivo del Sistema Estatal de Seguridad Ciudadana (SESESC) y los requisitos para acceder a ellos. Solicitudes de acceso a la informaci\u00f3n p\u00fablica. Recepci\u00f3n de recursos de revisi\u00f3n en contra de respuestas o falta de respuestas a ... Leer m\u00e1s\" \/>\n<meta property=\"og:url\" content=\"https:\/\/sesesc.qroo.gob.mx\/index.php\/tramites-y-servicios\/\" \/>\n<meta property=\"og:site_name\" content=\"Secretariado Ejecutivo del Sistema Estatal de Seguridad P\u00fablica\" \/>\n<meta property=\"article:modified_time\" content=\"2026-04-28T21:15:17+00:00\" \/>\n<meta name=\"twitter:card\" content=\"summary_large_image\" \/>\n<meta name=\"twitter:label1\" content=\"Tiempo de lectura\" \/>\n\t<meta name=\"twitter:data1\" content=\"1 minuto\" \/>\n<script type=\"application\/ld+json\" class=\"yoast-schema-graph\">{\"@context\":\"https:\/\/schema.org\",\"@graph\":[{\"@type\":\"WebPage\",\"@id\":\"https:\/\/sesesc.qroo.gob.mx\/index.php\/tramites-y-servicios\/\",\"url\":\"https:\/\/sesesc.qroo.gob.mx\/index.php\/tramites-y-servicios\/\",\"name\":\"Tr\u00e1mites y servicios - Secretariado Ejecutivo del Sistema Estatal de Seguridad P\u00fablica\",\"isPartOf\":{\"@id\":\"https:\/\/sesesc.qroo.gob.mx\/#website\"},\"datePublished\":\"2024-08-21T17:23:47+00:00\",\"dateModified\":\"2026-04-28T21:15:17+00:00\",\"breadcrumb\":{\"@id\":\"https:\/\/sesesc.qroo.gob.mx\/index.php\/tramites-y-servicios\/#breadcrumb\"},\"inLanguage\":\"es\",\"potentialAction\":[{\"@type\":\"ReadAction\",\"target\":[\"https:\/\/sesesc.qroo.gob.mx\/index.php\/tramites-y-servicios\/\"]}]},{\"@type\":\"BreadcrumbList\",\"@id\":\"https:\/\/sesesc.qroo.gob.mx\/index.php\/tramites-y-servicios\/#breadcrumb\",\"itemListElement\":[{\"@type\":\"ListItem\",\"position\":1,\"name\":\"Inicio\",\"item\":\"https:\/\/sesesc.qroo.gob.mx\/\"},{\"@type\":\"ListItem\",\"position\":2,\"name\":\"Tr\u00e1mites y servicios\"}]},{\"@type\":\"WebSite\",\"@id\":\"https:\/\/sesesc.qroo.gob.mx\/#website\",\"url\":\"https:\/\/sesesc.qroo.gob.mx\/\",\"name\":\"Secretariado Ejecutivo del Sistema Estatal de Seguridad P\u00fablica\",\"description\":\"\",\"potentialAction\":[{\"@type\":\"SearchAction\",\"target\":{\"@type\":\"EntryPoint\",\"urlTemplate\":\"https:\/\/sesesc.qroo.gob.mx\/?s={search_term_string}\"},\"query-input\":{\"@type\":\"PropertyValueSpecification\",\"valueRequired\":true,\"valueName\":\"search_term_string\"}}],\"inLanguage\":\"es\"}]}<\/script>\n<!-- \/ Yoast SEO plugin. -->","yoast_head_json":{"title":"Tr\u00e1mites y servicios - Secretariado Ejecutivo del Sistema Estatal de Seguridad P\u00fablica","robots":{"index":"noindex","follow":"follow","max-snippet":"max-snippet:-1","max-image-preview":"max-image-preview:large","max-video-preview":"max-video-preview:-1"},"og_locale":"es_MX","og_type":"article","og_title":"Tr\u00e1mites y servicios - Secretariado Ejecutivo del Sistema Estatal de Seguridad P\u00fablica","og_description":"Tr\u00e1mites y servicios En esta secci\u00f3n encontraras la lista de servicios que ofrece la Unidad de Transparencia del Secretariado Ejecutivo del Sistema Estatal de Seguridad Ciudadana (SESESC) y los requisitos para acceder a ellos. Solicitudes de acceso a la informaci\u00f3n p\u00fablica. Recepci\u00f3n de recursos de revisi\u00f3n en contra de respuestas o falta de respuestas a ... Leer m\u00e1s","og_url":"https:\/\/sesesc.qroo.gob.mx\/index.php\/tramites-y-servicios\/","og_site_name":"Secretariado Ejecutivo del Sistema Estatal de Seguridad P\u00fablica","article_modified_time":"2026-04-28T21:15:17+00:00","twitter_card":"summary_large_image","twitter_misc":{"Tiempo de lectura":"1 minuto"},"schema":{"@context":"https:\/\/schema.org","@graph":[{"@type":"WebPage","@id":"https:\/\/sesesc.qroo.gob.mx\/index.php\/tramites-y-servicios\/","url":"https:\/\/sesesc.qroo.gob.mx\/index.php\/tramites-y-servicios\/","name":"Tr\u00e1mites y servicios - Secretariado Ejecutivo del Sistema Estatal de Seguridad P\u00fablica","isPartOf":{"@id":"https:\/\/sesesc.qroo.gob.mx\/#website"},"datePublished":"2024-08-21T17:23:47+00:00","dateModified":"2026-04-28T21:15:17+00:00","breadcrumb":{"@id":"https:\/\/sesesc.qroo.gob.mx\/index.php\/tramites-y-servicios\/#breadcrumb"},"inLanguage":"es","potentialAction":[{"@type":"ReadAction","target":["https:\/\/sesesc.qroo.gob.mx\/index.php\/tramites-y-servicios\/"]}]},{"@type":"BreadcrumbList","@id":"https:\/\/sesesc.qroo.gob.mx\/index.php\/tramites-y-servicios\/#breadcrumb","itemListElement":[{"@type":"ListItem","position":1,"name":"Inicio","item":"https:\/\/sesesc.qroo.gob.mx\/"},{"@type":"ListItem","position":2,"name":"Tr\u00e1mites y servicios"}]},{"@type":"WebSite","@id":"https:\/\/sesesc.qroo.gob.mx\/#website","url":"https:\/\/sesesc.qroo.gob.mx\/","name":"Secretariado Ejecutivo del Sistema Estatal de Seguridad P\u00fablica","description":"","potentialAction":[{"@type":"SearchAction","target":{"@type":"EntryPoint","urlTemplate":"https:\/\/sesesc.qroo.gob.mx\/?s={search_term_string}"},"query-input":{"@type":"PropertyValueSpecification","valueRequired":true,"valueName":"search_term_string"}}],"inLanguage":"es"}]}},"_links":{"self":[{"href":"https:\/\/sesesc.qroo.gob.mx\/index.php\/wp-json\/wp\/v2\/pages\/37443","targetHints":{"allow":["GET"]}}],"collection":[{"href":"https:\/\/sesesc.qroo.gob.mx\/index.php\/wp-json\/wp\/v2\/pages"}],"about":[{"href":"https:\/\/sesesc.qroo.gob.mx\/index.php\/wp-json\/wp\/v2\/types\/page"}],"author":[{"embeddable":true,"href":"https:\/\/sesesc.qroo.gob.mx\/index.php\/wp-json\/wp\/v2\/users\/4"}],"replies":[{"embeddable":true,"href":"https:\/\/sesesc.qroo.gob.mx\/index.php\/wp-json\/wp\/v2\/comments?post=37443"}],"version-history":[{"count":29,"href":"https:\/\/sesesc.qroo.gob.mx\/index.php\/wp-json\/wp\/v2\/pages\/37443\/revisions"}],"predecessor-version":[{"id":41165,"href":"https:\/\/sesesc.qroo.gob.mx\/index.php\/wp-json\/wp\/v2\/pages\/37443\/revisions\/41165"}],"wp:attachment":[{"href":"https:\/\/sesesc.qroo.gob.mx\/index.php\/wp-json\/wp\/v2\/media?parent=37443"}],"curies":[{"name":"wp","href":"https:\/\/api.w.org\/{rel}","templated":true}]}}