{"id":38805,"date":"2025-01-15T16:34:45","date_gmt":"2025-01-15T21:34:45","guid":{"rendered":"https:\/\/sesesc.qroo.gob.mx\/?page_id=38805"},"modified":"2025-01-15T17:06:21","modified_gmt":"2025-01-15T22:06:21","slug":"prevencion-social-de-la-violencia-y-la-delincuencia-con-participacion-ciudadana","status":"publish","type":"page","link":"https:\/\/sesesc.qroo.gob.mx\/index.php\/prevencion-social-de-la-violencia-y-la-delincuencia-con-participacion-ciudadana\/","title":{"rendered":"Prevenci\u00f3n Social de la Violencia y la Delincuencia con Participaci\u00f3n Ciudadana\u200b"},"content":{"rendered":"\t\t<div data-elementor-type=\"wp-page\" data-elementor-id=\"38805\" class=\"elementor elementor-38805\">\n\t\t\t\t<div class=\"elementor-element elementor-element-198a114 e-flex e-con-boxed e-con e-parent\" data-id=\"198a114\" data-element_type=\"container\">\n\t\t\t\t\t<div class=\"e-con-inner\">\n\t\t\t\t<div class=\"elementor-element elementor-element-d11c53c elementor-widget elementor-widget-heading\" data-id=\"d11c53c\" data-element_type=\"widget\" data-widget_type=\"heading.default\">\n\t\t\t\t<div class=\"elementor-widget-container\">\n\t\t\t\t\t<h2 class=\"elementor-heading-title elementor-size-default\">Prevenci\u00f3n Social de la Violencia y la Delincuencia con Participaci\u00f3n Ciudadana<\/h2>\t\t\t\t<\/div>\n\t\t\t\t<\/div>\n\t\t\t\t\t<\/div>\n\t\t\t\t<\/div>\n\t\t<div class=\"elementor-element elementor-element-96031a1 e-flex e-con-boxed e-con e-parent\" data-id=\"96031a1\" data-element_type=\"container\">\n\t\t\t\t\t<div class=\"e-con-inner\">\n\t\t\t\t<div class=\"elementor-element elementor-element-de48b58 elementor-widget elementor-widget-html\" data-id=\"de48b58\" data-element_type=\"widget\" data-widget_type=\"html.default\">\n\t\t\t\t<div class=\"elementor-widget-container\">\n\t\t\t\t\t<details>\r\n  <summary style=\"color: white\">2024<\/summary>\r\n  <details>\r\n    <summary>Informe<\/summary>\r\n    <p>\r\n      <a\r\n        href=\"https:\/\/sesesc.qroo.gob.mx\/wp-content\/uploads\/2025\/01\/IF_ED_E026-PSV_2024.pdf\"\r\n        >Informe final<\/a\r\n      >\r\n    <\/p>\r\n    <p>\r\n      <a\r\n        href=\"https:\/\/sesesc.qroo.gob.mx\/wp-content\/uploads\/2025\/01\/IE_ED_E026-PSV_2024.pdf\"\r\n        >Informe ejecutivo<\/a\r\n      >\r\n    <\/p>\r\n  <\/details>\r\n<\/details>\r\n<style>\r\n  details {\r\n    width: 100%;\r\n    margin: 10px 0;\r\n    background-color: #ffffff;\r\n    border: 1px solid transparent;\r\n    border-radius: 4px;\r\n    font-family: \"Montserrat\", sans-serif;\r\n  }\r\n  summary {\r\n    cursor: pointer;\r\n    font-weight: bold;\r\n    padding: 10px;\r\n    background-color: #afafaf;\r\n    border-bottom: 1px solid transparent;\r\n    border-radius: 4px 4px 0 0;\r\n  }\r\n  details[open] summary {\r\n    background-color: #a0a0a0;\r\n  }\r\n  a {\r\n    display: block;\r\n    padding: 5px 10px;\r\n    margin: 2px 0;\r\n    background-color: #ffffff;\r\n    text-decoration: none;\r\n    color: #ab0a3d;\r\n    border-radius: 4px;\r\n    transition: background-color 0.3s ease;\r\n    margin-left: 20px;\r\n  }\r\n  a:hover {\r\n    background-color: #ffffff;\r\n  }\r\n  details details {\r\n    margin: 0;\r\n    border: none;\r\n    background-color: white !important;\r\n  }\r\n  details details summary {\r\n    background-color: #ffffff !important;\r\n    border-radius: 4px;\r\n    padding-left: 20px;\r\n    color: #999999;\r\n  }\r\n  details details details summary {\r\n    background-color: #ffffff !important;\r\n    border-radius: 4px;\r\n    padding-left: 30px;\r\n    color: #999999;\r\n    border: none;\r\n  }\r\n  details details details a {\r\n    background-color: #ffffff;\r\n    border: none;\r\n  }\r\n<\/style>\r\n\t\t\t\t<\/div>\n\t\t\t\t<\/div>\n\t\t\t\t\t<\/div>\n\t\t\t\t<\/div>\n\t\t\t\t<\/div>\n\t\t","protected":false},"excerpt":{"rendered":"<p>Prevenci\u00f3n Social de la Violencia y la Delincuencia con Participaci\u00f3n Ciudadana 2024 Informe Informe final Informe ejecutivo<\/p>\n","protected":false},"author":4,"featured_media":0,"parent":0,"menu_order":0,"comment_status":"closed","ping_status":"closed","template":"","meta":{"footnotes":""},"class_list":["post-38805","page","type-page","status-publish"],"yoast_head":"<!-- This site is optimized with the Yoast SEO plugin v24.6 - https:\/\/yoast.com\/wordpress\/plugins\/seo\/ -->\n<title>Prevenci\u00f3n Social de la Violencia y la Delincuencia con Participaci\u00f3n Ciudadana\u200b - Secretariado Ejecutivo del Sistema Estatal de Seguridad P\u00fablica<\/title>\n<meta name=\"robots\" content=\"noindex, follow, max-snippet:-1, max-image-preview:large, max-video-preview:-1\" \/>\n<meta property=\"og:locale\" content=\"es_MX\" \/>\n<meta property=\"og:type\" content=\"article\" \/>\n<meta property=\"og:title\" content=\"Prevenci\u00f3n Social de la Violencia y la Delincuencia con Participaci\u00f3n Ciudadana\u200b - Secretariado Ejecutivo del Sistema Estatal de Seguridad P\u00fablica\" \/>\n<meta property=\"og:description\" content=\"Prevenci\u00f3n Social de la Violencia y la Delincuencia con Participaci\u00f3n Ciudadana 2024 Informe Informe final Informe ejecutivo\" \/>\n<meta property=\"og:url\" content=\"https:\/\/sesesc.qroo.gob.mx\/index.php\/prevencion-social-de-la-violencia-y-la-delincuencia-con-participacion-ciudadana\/\" \/>\n<meta property=\"og:site_name\" content=\"Secretariado Ejecutivo del Sistema Estatal de Seguridad P\u00fablica\" \/>\n<meta property=\"article:modified_time\" content=\"2025-01-15T22:06:21+00:00\" \/>\n<meta name=\"twitter:card\" content=\"summary_large_image\" \/>\n<meta name=\"twitter:label1\" content=\"Tiempo de lectura\" \/>\n\t<meta name=\"twitter:data1\" content=\"1 minuto\" \/>\n<script type=\"application\/ld+json\" class=\"yoast-schema-graph\">{\"@context\":\"https:\/\/schema.org\",\"@graph\":[{\"@type\":\"WebPage\",\"@id\":\"https:\/\/sesesc.qroo.gob.mx\/index.php\/prevencion-social-de-la-violencia-y-la-delincuencia-con-participacion-ciudadana\/\",\"url\":\"https:\/\/sesesc.qroo.gob.mx\/index.php\/prevencion-social-de-la-violencia-y-la-delincuencia-con-participacion-ciudadana\/\",\"name\":\"Prevenci\u00f3n Social de la Violencia y la Delincuencia con Participaci\u00f3n Ciudadana\u200b - Secretariado Ejecutivo del Sistema Estatal de Seguridad P\u00fablica\",\"isPartOf\":{\"@id\":\"https:\/\/sesesc.qroo.gob.mx\/#website\"},\"datePublished\":\"2025-01-15T21:34:45+00:00\",\"dateModified\":\"2025-01-15T22:06:21+00:00\",\"breadcrumb\":{\"@id\":\"https:\/\/sesesc.qroo.gob.mx\/index.php\/prevencion-social-de-la-violencia-y-la-delincuencia-con-participacion-ciudadana\/#breadcrumb\"},\"inLanguage\":\"es\",\"potentialAction\":[{\"@type\":\"ReadAction\",\"target\":[\"https:\/\/sesesc.qroo.gob.mx\/index.php\/prevencion-social-de-la-violencia-y-la-delincuencia-con-participacion-ciudadana\/\"]}]},{\"@type\":\"BreadcrumbList\",\"@id\":\"https:\/\/sesesc.qroo.gob.mx\/index.php\/prevencion-social-de-la-violencia-y-la-delincuencia-con-participacion-ciudadana\/#breadcrumb\",\"itemListElement\":[{\"@type\":\"ListItem\",\"position\":1,\"name\":\"Inicio\",\"item\":\"https:\/\/sesesc.qroo.gob.mx\/\"},{\"@type\":\"ListItem\",\"position\":2,\"name\":\"Prevenci\u00f3n Social de la Violencia y la Delincuencia con Participaci\u00f3n Ciudadana\u200b\"}]},{\"@type\":\"WebSite\",\"@id\":\"https:\/\/sesesc.qroo.gob.mx\/#website\",\"url\":\"https:\/\/sesesc.qroo.gob.mx\/\",\"name\":\"Secretariado Ejecutivo del Sistema Estatal de Seguridad P\u00fablica\",\"description\":\"\",\"potentialAction\":[{\"@type\":\"SearchAction\",\"target\":{\"@type\":\"EntryPoint\",\"urlTemplate\":\"https:\/\/sesesc.qroo.gob.mx\/?s={search_term_string}\"},\"query-input\":{\"@type\":\"PropertyValueSpecification\",\"valueRequired\":true,\"valueName\":\"search_term_string\"}}],\"inLanguage\":\"es\"}]}<\/script>\n<!-- \/ Yoast SEO plugin. -->","yoast_head_json":{"title":"Prevenci\u00f3n Social de la Violencia y la Delincuencia con Participaci\u00f3n Ciudadana\u200b - Secretariado Ejecutivo del Sistema Estatal de Seguridad P\u00fablica","robots":{"index":"noindex","follow":"follow","max-snippet":"max-snippet:-1","max-image-preview":"max-image-preview:large","max-video-preview":"max-video-preview:-1"},"og_locale":"es_MX","og_type":"article","og_title":"Prevenci\u00f3n Social de la Violencia y la Delincuencia con Participaci\u00f3n Ciudadana\u200b - Secretariado Ejecutivo del Sistema Estatal de Seguridad P\u00fablica","og_description":"Prevenci\u00f3n Social de la Violencia y la Delincuencia con Participaci\u00f3n Ciudadana 2024 Informe Informe final Informe ejecutivo","og_url":"https:\/\/sesesc.qroo.gob.mx\/index.php\/prevencion-social-de-la-violencia-y-la-delincuencia-con-participacion-ciudadana\/","og_site_name":"Secretariado Ejecutivo del Sistema Estatal de Seguridad P\u00fablica","article_modified_time":"2025-01-15T22:06:21+00:00","twitter_card":"summary_large_image","twitter_misc":{"Tiempo de lectura":"1 minuto"},"schema":{"@context":"https:\/\/schema.org","@graph":[{"@type":"WebPage","@id":"https:\/\/sesesc.qroo.gob.mx\/index.php\/prevencion-social-de-la-violencia-y-la-delincuencia-con-participacion-ciudadana\/","url":"https:\/\/sesesc.qroo.gob.mx\/index.php\/prevencion-social-de-la-violencia-y-la-delincuencia-con-participacion-ciudadana\/","name":"Prevenci\u00f3n Social de la Violencia y la Delincuencia con Participaci\u00f3n Ciudadana\u200b - Secretariado Ejecutivo del Sistema Estatal de Seguridad P\u00fablica","isPartOf":{"@id":"https:\/\/sesesc.qroo.gob.mx\/#website"},"datePublished":"2025-01-15T21:34:45+00:00","dateModified":"2025-01-15T22:06:21+00:00","breadcrumb":{"@id":"https:\/\/sesesc.qroo.gob.mx\/index.php\/prevencion-social-de-la-violencia-y-la-delincuencia-con-participacion-ciudadana\/#breadcrumb"},"inLanguage":"es","potentialAction":[{"@type":"ReadAction","target":["https:\/\/sesesc.qroo.gob.mx\/index.php\/prevencion-social-de-la-violencia-y-la-delincuencia-con-participacion-ciudadana\/"]}]},{"@type":"BreadcrumbList","@id":"https:\/\/sesesc.qroo.gob.mx\/index.php\/prevencion-social-de-la-violencia-y-la-delincuencia-con-participacion-ciudadana\/#breadcrumb","itemListElement":[{"@type":"ListItem","position":1,"name":"Inicio","item":"https:\/\/sesesc.qroo.gob.mx\/"},{"@type":"ListItem","position":2,"name":"Prevenci\u00f3n Social de la Violencia y la Delincuencia con Participaci\u00f3n Ciudadana\u200b"}]},{"@type":"WebSite","@id":"https:\/\/sesesc.qroo.gob.mx\/#website","url":"https:\/\/sesesc.qroo.gob.mx\/","name":"Secretariado Ejecutivo del Sistema Estatal de Seguridad P\u00fablica","description":"","potentialAction":[{"@type":"SearchAction","target":{"@type":"EntryPoint","urlTemplate":"https:\/\/sesesc.qroo.gob.mx\/?s={search_term_string}"},"query-input":{"@type":"PropertyValueSpecification","valueRequired":true,"valueName":"search_term_string"}}],"inLanguage":"es"}]}},"_links":{"self":[{"href":"https:\/\/sesesc.qroo.gob.mx\/index.php\/wp-json\/wp\/v2\/pages\/38805","targetHints":{"allow":["GET"]}}],"collection":[{"href":"https:\/\/sesesc.qroo.gob.mx\/index.php\/wp-json\/wp\/v2\/pages"}],"about":[{"href":"https:\/\/sesesc.qroo.gob.mx\/index.php\/wp-json\/wp\/v2\/types\/page"}],"author":[{"embeddable":true,"href":"https:\/\/sesesc.qroo.gob.mx\/index.php\/wp-json\/wp\/v2\/users\/4"}],"replies":[{"embeddable":true,"href":"https:\/\/sesesc.qroo.gob.mx\/index.php\/wp-json\/wp\/v2\/comments?post=38805"}],"version-history":[{"count":7,"href":"https:\/\/sesesc.qroo.gob.mx\/index.php\/wp-json\/wp\/v2\/pages\/38805\/revisions"}],"predecessor-version":[{"id":38814,"href":"https:\/\/sesesc.qroo.gob.mx\/index.php\/wp-json\/wp\/v2\/pages\/38805\/revisions\/38814"}],"wp:attachment":[{"href":"https:\/\/sesesc.qroo.gob.mx\/index.php\/wp-json\/wp\/v2\/media?parent=38805"}],"curies":[{"name":"wp","href":"https:\/\/api.w.org\/{rel}","templated":true}]}}