{"id":38888,"date":"2025-02-04T10:32:06","date_gmt":"2025-02-04T15:32:06","guid":{"rendered":"https:\/\/sesesc.qroo.gob.mx\/?page_id=38888"},"modified":"2026-04-14T12:48:42","modified_gmt":"2026-04-14T17:48:42","slug":"medios-de-verificacion","status":"publish","type":"page","link":"https:\/\/sesesc.qroo.gob.mx\/index.php\/medios-de-verificacion\/","title":{"rendered":"Medios de Verificaci\u00f3n"},"content":{"rendered":"\t\t<div data-elementor-type=\"wp-page\" data-elementor-id=\"38888\" class=\"elementor elementor-38888\">\n\t\t\t\t<div class=\"elementor-element elementor-element-d53c307 e-flex e-con-boxed e-con e-parent\" data-id=\"d53c307\" data-element_type=\"container\">\n\t\t\t\t\t<div class=\"e-con-inner\">\n\t\t\t\t<div class=\"elementor-element elementor-element-4e6a2d7 elementor-widget elementor-widget-heading\" data-id=\"4e6a2d7\" data-element_type=\"widget\" data-widget_type=\"heading.default\">\n\t\t\t\t<div class=\"elementor-widget-container\">\n\t\t\t\t\t<h2 class=\"elementor-heading-title elementor-size-default\">Medios de Verificaci\u00f3n<\/h2>\t\t\t\t<\/div>\n\t\t\t\t<\/div>\n\t\t\t\t\t<\/div>\n\t\t\t\t<\/div>\n\t\t<div class=\"elementor-element elementor-element-8a14778 e-flex e-con-boxed e-con e-parent\" data-id=\"8a14778\" data-element_type=\"container\">\n\t\t\t\t\t<div class=\"e-con-inner\">\n\t\t<div class=\"elementor-element elementor-element-44b6b61 e-con-full e-flex e-con e-child\" data-id=\"44b6b61\" data-element_type=\"container\">\n\t\t<div class=\"elementor-element elementor-element-36a0d1a e-con-full e-flex e-con e-child\" data-id=\"36a0d1a\" data-element_type=\"container\">\n\t\t\t\t<div class=\"elementor-element elementor-element-751f473 elementor-widget elementor-widget-heading\" data-id=\"751f473\" data-element_type=\"widget\" data-widget_type=\"heading.default\">\n\t\t\t\t<div class=\"elementor-widget-container\">\n\t\t\t\t\t<h3 class=\"elementor-heading-title elementor-size-default\">M001<\/h3>\t\t\t\t<\/div>\n\t\t\t\t<\/div>\n\t\t\t\t<div class=\"elementor-element elementor-element-9a06acc elementor-widget elementor-widget-html\" data-id=\"9a06acc\" data-element_type=\"widget\" data-widget_type=\"html.default\">\n\t\t\t\t<div class=\"elementor-widget-container\">\n\t\t\t\t\t<details>\r\n    <summary style=\"color: white\">2025<\/summary>\r\n       \r\n    <p class=\"trimestre\">Primer Trimestre<\/p>\r\n        <p>\r\n        <a href=\"https:\/\/sesesc.qroo.gob.mx\/wp-content\/uploads\/2025\/04\/M001C01.pdf\">M001C01<\/a>\r\n         <a href=\"https:\/\/sesesc.qroo.gob.mx\/wp-content\/uploads\/2025\/04\/M001C01A01.pdf\">M001C01A01<\/a>\r\n        <\/p>\r\n       \r\n    <p class=\"trimestre\">Segundo Trimestre<\/p>\r\n      <p>\r\n        <a href=\"https:\/\/sesesc.qroo.gob.mx\/wp-content\/uploads\/2025\/07\/M001C01.pdf\">M001C01<\/a>\r\n        <a href=\"https:\/\/sesesc.qroo.gob.mx\/wp-content\/uploads\/2025\/07\/M001C01A01.pdf\">M001C01A01<\/a>\r\n      <\/p>\r\n  \r\n    <p class=\"trimestre\">Tercer Trimestre<\/p>\r\n      <p>\r\n        <a href=\"https:\/\/sesesc.qroo.gob.mx\/wp-content\/uploads\/2025\/10\/PPM001C01.pdf\">M001C01<\/a>\r\n        <a href=\"https:\/\/sesesc.qroo.gob.mx\/wp-content\/uploads\/2025\/10\/PPM001C01A01.pdf\">M001C01A01<\/a>\r\n      <\/p>\r\n\r\n    <p class=\"trimestre\">Cuarto Trimestre<\/p>\r\n        <p>\r\n            <a href=\"https:\/\/sesesc.qroo.gob.mx\/wp-content\/uploads\/2026\/01\/M001PROPOSITO.pdf\">M001PROP\u00d3SITO<\/a>\r\n          <a href=\"https:\/\/sesesc.qroo.gob.mx\/wp-content\/uploads\/2026\/01\/2.-M001C01.pdf\">M001C01<\/a>\r\n          <a href=\"https:\/\/sesesc.qroo.gob.mx\/wp-content\/uploads\/2026\/01\/3.-M001C01A01.pdf\">M001C01A01<\/a>\r\n           <a href=\"https:\/\/sesesc.qroo.gob.mx\/wp-content\/uploads\/2026\/01\/1.-M001FIN.pdf\">M001FIN<\/a>\r\n        <\/p>\r\n  <\/details>\r\n  \r\n  <style>\r\n      details {\r\n        width: 100%;\r\n        margin: 10px 0;\r\n        background-color: #ffffff;\r\n        border: 1px solid transparent;\r\n        border-radius: 4px;\r\n        font-family: \"Montserrat\", sans-serif;\r\n      }\r\n      summary {\r\n        cursor: pointer;\r\n        font-weight: bold;\r\n        padding: 10px;\r\n        background-color: #afafaf;\r\n        border-bottom: 1px solid transparent;\r\n        border-radius: 4px 4px 0 0;\r\n      }\r\n      details[open] summary {\r\n        background-color: #a0a0a0;\r\n      }\r\n      .trimestre {\r\n        display: block;\r\n        padding: 5px 10px;\r\n        margin: 10px 0;\r\n        background-color: #ffffff;\r\n        text-decoration: none;\r\n        color: #000;\r\n        border-radius: 4px;\r\n        transition: background-color 0.3s ease;\r\n        margin-left: 10px;\r\n      }\r\n      .trimestre:hover {\r\n        background-color: #ffffff;\r\n      }\r\n      a {\r\n        display: block;\r\n        padding: 5px 10px;\r\n        margin: 10px 0;\r\n        background-color: #ffffff;\r\n        text-decoration: none;\r\n        color: #ab0a3d;\r\n        border-radius: 4px;\r\n        transition: background-color 0.3s ease;\r\n        margin-left: 20px;\r\n      }\r\n      a:hover {\r\n        background-color: #ffffff;\r\n      }\r\n      details details {\r\n        margin: 0;\r\n        border: none;\r\n        background-color: white !important;\r\n      }\r\n      details details summary {\r\n        background-color: #ffffff !important;\r\n        border-radius: 4px;\r\n        padding-left: 20px;\r\n        color: #999999;\r\n      }\r\n      details details details summary {\r\n        background-color: #ffffff !important;\r\n        border-radius: 4px;\r\n        padding-left: 30px;\r\n        color: #999999;\r\n        border: none;\r\n      }\r\n      details details details a {\r\n        background-color: #ffffff;\r\n        border: none;\r\n      }\r\n    <\/style>\r\n  \t\t\t\t<\/div>\n\t\t\t\t<\/div>\n\t\t\t\t<\/div>\n\t\t\t\t<\/div>\n\t\t<div class=\"elementor-element elementor-element-701edf8 e-con-full e-flex e-con e-child\" data-id=\"701edf8\" data-element_type=\"container\">\n\t\t<div class=\"elementor-element elementor-element-52fb24f e-con-full e-flex e-con e-child\" data-id=\"52fb24f\" data-element_type=\"container\">\n\t\t\t\t<div class=\"elementor-element elementor-element-f15fd2c elementor-widget elementor-widget-heading\" data-id=\"f15fd2c\" data-element_type=\"widget\" data-widget_type=\"heading.default\">\n\t\t\t\t<div class=\"elementor-widget-container\">\n\t\t\t\t\t<h3 class=\"elementor-heading-title elementor-size-default\">P006<\/h3>\t\t\t\t<\/div>\n\t\t\t\t<\/div>\n\t\t\t\t<div class=\"elementor-element elementor-element-eb19668 elementor-widget elementor-widget-html\" data-id=\"eb19668\" data-element_type=\"widget\" data-widget_type=\"html.default\">\n\t\t\t\t<div class=\"elementor-widget-container\">\n\t\t\t\t\t<details>\r\n    <summary style=\"color: white\">2025<\/summary>\r\n       \r\n    <p class=\"trimestre\">Primer Trimestre<\/p>\r\n        <p>\r\n        <a href=\"https:\/\/sesesc.qroo.gob.mx\/wp-content\/uploads\/2025\/04\/P006-C01.pdf\">P006 C01<\/a>\r\n        <a href=\"https:\/\/sesesc.qroo.gob.mx\/wp-content\/uploads\/2025\/04\/P006-C01A01.pdf\">P006 C01A01<\/a>\r\n        <\/p>\r\n       \r\n    <p class=\"trimestre\">Segundo Trimestre<\/p>\r\n      <p>\r\n        <a href=\"https:\/\/sesesc.qroo.gob.mx\/wp-content\/uploads\/2025\/07\/P006C01.pdf\">P006C01<\/a>\r\n        <a href=\"https:\/\/sesesc.qroo.gob.mx\/wp-content\/uploads\/2025\/07\/P006C01A01.pdf\">P006C01A01<\/a>\r\n        <a href=\"https:\/\/sesesc.qroo.gob.mx\/wp-content\/uploads\/2025\/07\/P006C01A02.pdf\">P006C01A02<\/a>\r\n      <\/p>\r\n  \r\n    <p class=\"trimestre\">Tercer Trimestre<\/p>\r\n     <p>\r\n        <a href=\"https:\/\/sesesc.qroo.gob.mx\/wp-content\/uploads\/2025\/10\/P006C01.pdf\">P006C01<\/a>\r\n        <a href=\"https:\/\/sesesc.qroo.gob.mx\/wp-content\/uploads\/2025\/10\/P006C01A01.pdf\">P006C01A01<\/a>\r\n        <a href=\"https:\/\/sesesc.qroo.gob.mx\/wp-content\/uploads\/2025\/10\/P006C01A02.pdf\">P006C01A02<\/a>\r\n      <\/p>\r\n    <\/p>\r\n    <p class=\"trimestre\">Cuarto Trimestre<\/p>\r\n        <p>\r\n        <a href=\"https:\/\/sesesc.qroo.gob.mx\/wp-content\/uploads\/2026\/01\/P006C01.pdf\">P006C01<\/a>\r\n        <a href=\"https:\/\/sesesc.qroo.gob.mx\/wp-content\/uploads\/2026\/01\/P006C01A01.pdf\">P006C01A01<\/a>\r\n          <a href=\"https:\/\/sesesc.qroo.gob.mx\/wp-content\/uploads\/2026\/01\/3.-P006C01A02.pdf\">P006C01A02<\/a>\r\n          <a href=\"https:\/\/sesesc.qroo.gob.mx\/wp-content\/uploads\/2026\/01\/2.-P006PROPOSITO.pdf\">P006PROPOSITO<\/a>\r\n          <a href=\"https:\/\/sesesc.qroo.gob.mx\/wp-content\/uploads\/2026\/01\/1.-P006FIN.pdf\">P006FIN<\/a>\r\n        <\/p>\r\n  <\/details>\r\n  \r\n  <style>\r\n      details {\r\n        width: 100%;\r\n        margin: 10px 0;\r\n        background-color: #ffffff;\r\n        border: 1px solid transparent;\r\n        border-radius: 4px;\r\n        font-family: \"Montserrat\", sans-serif;\r\n      }\r\n      summary {\r\n        cursor: pointer;\r\n        font-weight: bold;\r\n        padding: 10px;\r\n        background-color: #afafaf;\r\n        border-bottom: 1px solid transparent;\r\n        border-radius: 4px 4px 0 0;\r\n      }\r\n      details[open] summary {\r\n        background-color: #a0a0a0;\r\n      }\r\n      .trimestre {\r\n        display: block;\r\n        padding: 5px 10px;\r\n        margin: 10px 0;\r\n        background-color: #ffffff;\r\n        text-decoration: none;\r\n        color: #000;\r\n        border-radius: 4px;\r\n        transition: background-color 0.3s ease;\r\n        margin-left: 10px;\r\n      }\r\n      .trimestre:hover {\r\n        background-color: #ffffff;\r\n      }\r\n      a {\r\n        display: block;\r\n        padding: 5px 10px;\r\n        margin: 10px 0;\r\n        background-color: #ffffff;\r\n        text-decoration: none;\r\n        color: #ab0a3d;\r\n        border-radius: 4px;\r\n        transition: background-color 0.3s ease;\r\n        margin-left: 20px;\r\n      }\r\n      a:hover {\r\n        background-color: #ffffff;\r\n      }\r\n      details details {\r\n        margin: 0;\r\n        border: none;\r\n        background-color: white !important;\r\n      }\r\n      details details summary {\r\n        background-color: #ffffff !important;\r\n        border-radius: 4px;\r\n        padding-left: 20px;\r\n        color: #999999;\r\n      }\r\n      details details details summary {\r\n        background-color: #ffffff !important;\r\n        border-radius: 4px;\r\n        padding-left: 30px;\r\n        color: #999999;\r\n        border: none;\r\n      }\r\n      details details details a {\r\n        background-color: #ffffff;\r\n        border: none;\r\n      }\r\n    <\/style>\r\n  \t\t\t\t<\/div>\n\t\t\t\t<\/div>\n\t\t\t\t<\/div>\n\t\t\t\t<\/div>\n\t\t<div class=\"elementor-element elementor-element-f5bc366 e-con-full e-flex e-con e-child\" data-id=\"f5bc366\" data-element_type=\"container\">\n\t\t<div class=\"elementor-element elementor-element-f2ceed6 e-con-full e-flex e-con e-child\" data-id=\"f2ceed6\" data-element_type=\"container\">\n\t\t\t\t<div class=\"elementor-element elementor-element-51fcc4d elementor-widget elementor-widget-heading\" data-id=\"51fcc4d\" data-element_type=\"widget\" data-widget_type=\"heading.default\">\n\t\t\t\t<div class=\"elementor-widget-container\">\n\t\t\t\t\t<h3 class=\"elementor-heading-title elementor-size-default\">E026<\/h3>\t\t\t\t<\/div>\n\t\t\t\t<\/div>\n\t\t\t\t<div class=\"elementor-element elementor-element-7ba58b1 elementor-widget elementor-widget-html\" data-id=\"7ba58b1\" data-element_type=\"widget\" data-widget_type=\"html.default\">\n\t\t\t\t<div class=\"elementor-widget-container\">\n\t\t\t\t\t<details>\r\n    <summary style=\"color: white\">2025<\/summary>\r\n       \r\n    <p class=\"trimestre\">Primer Trimestre<\/p>\r\n        <p>\r\n        <a href=\"https:\/\/sesesc.qroo.gob.mx\/wp-content\/uploads\/2025\/04\/E026-C02A01.pdf\">E026 C02A01<\/a>\r\n        <a href=\"https:\/\/sesesc.qroo.gob.mx\/wp-content\/uploads\/2025\/04\/E026C02A02.pdf\">E026 C02A02<\/a>\r\n        <a href=\"https:\/\/sesesc.qroo.gob.mx\/wp-content\/uploads\/2025\/04\/E026-C02A03.pdf\">E026 C02A03<\/a>\r\n    <\/p>\r\n       \r\n    <p class=\"trimestre\">Segundo Trimestre<\/p>\r\n      <p>\r\n        <a href=\"https:\/\/sesesc.qroo.gob.mx\/wp-content\/uploads\/2025\/07\/E026C02A01.pdf\">E026C02A01<\/a>\r\n        <a href=\"https:\/\/sesesc.qroo.gob.mx\/wp-content\/uploads\/2025\/07\/E026C02A02.pdf\">E026C02A02<\/a>\r\n        <a href=\"https:\/\/sesesc.qroo.gob.mx\/wp-content\/uploads\/2025\/07\/E026C02A03.pdf\">E026C02A03<\/a>\r\n      <\/p>\r\n  \r\n    <p class=\"trimestre\">Tercer Trimestre<\/p>\r\n      <p>\r\n        <a href=\"https:\/\/sesesc.qroo.gob.mx\/wp-content\/uploads\/2025\/10\/E026C02A01.pdf\">E026C02A01<\/a>\r\n        <a href=\"https:\/\/sesesc.qroo.gob.mx\/wp-content\/uploads\/2025\/10\/E026C02A02.pdf\">E026C02A02<\/a>\r\n        <a href=\"https:\/\/sesesc.qroo.gob.mx\/wp-content\/uploads\/2025\/10\/E026C02A03.pdf\">E026C02A03<\/a>\r\n      <\/p>\r\n\r\n    <p class=\"trimestre\">Cuarto Trimestre<\/p>\r\n        <p> \r\n        <a href=\"https:\/\/sesesc.qroo.gob.mx\/wp-content\/uploads\/2026\/01\/E026C02.pdf\">E026C02<\/a>\r\n         <a href=\"https:\/\/sesesc.qroo.gob.mx\/wp-content\/uploads\/2026\/01\/E026C02A01.pdf\">E026C02A01<\/a>\r\n        <a href=\"https:\/\/sesesc.qroo.gob.mx\/wp-content\/uploads\/2026\/01\/E026C02A02.pdf\">E026C02A02<\/a>\r\n        <a href=\"https:\/\/sesesc.qroo.gob.mx\/wp-content\/uploads\/2026\/01\/E026C02A03.pdf\">E026C02A03<\/a>\r\n        <\/p>\r\n        <a href=\"https:\/\/sesesc.qroo.gob.mx\/wp-content\/uploads\/2026\/01\/E026C02A04.pdf\">E026C02A04<\/a>\r\n        <\/p>\r\n        <a href=\"https:\/\/sesesc.qroo.gob.mx\/wp-content\/uploads\/2026\/01\/E026C02A05.pdf\">E026C02A05<\/a>\r\n        <\/p>\r\n         <a href=\"https:\/\/sesesc.qroo.gob.mx\/wp-content\/uploads\/2026\/01\/E026FIN.pdf\">E026FIN<\/a>\r\n        <\/p>\r\n  <\/details>\r\n  \r\n  <style>\r\n      details {\r\n        width: 100%;\r\n        margin: 10px 0;\r\n        background-color: #ffffff;\r\n        border: 1px solid transparent;\r\n        border-radius: 4px;\r\n        font-family: \"Montserrat\", sans-serif;\r\n      }\r\n      summary {\r\n        cursor: pointer;\r\n        font-weight: bold;\r\n        padding: 10px;\r\n        background-color: #afafaf;\r\n        border-bottom: 1px solid transparent;\r\n        border-radius: 4px 4px 0 0;\r\n      }\r\n      details[open] summary {\r\n        background-color: #a0a0a0;\r\n      }\r\n      .trimestre {\r\n        display: block;\r\n        padding: 5px 10px;\r\n        margin: 10px 0;\r\n        background-color: #ffffff;\r\n        text-decoration: none;\r\n        color: #000;\r\n        border-radius: 4px;\r\n        transition: background-color 0.3s ease;\r\n        margin-left: 10px;\r\n      }\r\n      .trimestre:hover {\r\n        background-color: #ffffff;\r\n      }\r\n      a {\r\n        display: block;\r\n        padding: 5px 10px;\r\n        margin: 10px 0;\r\n        background-color: #ffffff;\r\n        text-decoration: none;\r\n        color: #ab0a3d;\r\n        border-radius: 4px;\r\n        transition: background-color 0.3s ease;\r\n        margin-left: 20px;\r\n      }\r\n      a:hover {\r\n        background-color: #ffffff;\r\n      }\r\n      details details {\r\n        margin: 0;\r\n        border: none;\r\n        background-color: white !important;\r\n      }\r\n      details details summary {\r\n        background-color: #ffffff !important;\r\n        border-radius: 4px;\r\n        padding-left: 20px;\r\n        color: #999999;\r\n      }\r\n      details details details summary {\r\n        background-color: #ffffff !important;\r\n        border-radius: 4px;\r\n        padding-left: 30px;\r\n        color: #999999;\r\n        border: none;\r\n      }\r\n      details details details a {\r\n        background-color: #ffffff;\r\n        border: none;\r\n      }\r\n    <\/style>\r\n  \t\t\t\t<\/div>\n\t\t\t\t<\/div>\n\t\t\t\t<\/div>\n\t\t\t\t<\/div>\n\t\t<div class=\"elementor-element elementor-element-10dfdc9 e-con-full e-flex e-con e-child\" data-id=\"10dfdc9\" data-element_type=\"container\">\n\t\t\t\t<div class=\"elementor-element elementor-element-4dfe743 elementor-widget elementor-widget-html\" data-id=\"4dfe743\" data-element_type=\"widget\" data-widget_type=\"html.default\">\n\t\t\t\t<div class=\"elementor-widget-container\">\n\t\t\t\t\t<details>\r\n    <summary style=\"color: white\">2026<\/summary>\r\n       \r\n    <p class=\"trimestre\">Primer Trimestre<\/p>\r\n        <p>\r\n        <a href=\"https:\/\/sesesc.qroo.gob.mx\/wp-content\/uploads\/2026\/04\/M001C01.pdf\">M001C01<\/a>\r\n        <\/p>\r\n        <a href=\"https:\/\/sesesc.qroo.gob.mx\/wp-content\/uploads\/2026\/04\/M001C01A01.pdf\">M001C01A01<\/a>\r\n        <\/p>\r\n        <a href=\"https:\/\/sesesc.qroo.gob.mx\/wp-content\/uploads\/2026\/04\/M001C01A02.pdf\">M001C01A02<\/a>\r\n        <\/p>\r\n        <\/summary>\r\n    <\/details>\t\t\t\t<\/div>\n\t\t\t\t<\/div>\n\t\t\t\t<\/div>\n\t\t<div class=\"elementor-element elementor-element-3035561 e-con-full e-flex e-con e-child\" data-id=\"3035561\" data-element_type=\"container\">\n\t\t\t\t<div class=\"elementor-element elementor-element-7f2f226 elementor-widget elementor-widget-html\" data-id=\"7f2f226\" data-element_type=\"widget\" data-widget_type=\"html.default\">\n\t\t\t\t<div class=\"elementor-widget-container\">\n\t\t\t\t\t<details>\r\n    <summary style=\"color: white\">2026<\/summary>\r\n       \r\n    <p class=\"trimestre\">Primer Trimestre<\/p>\r\n        <p>\r\n        <a href=\"https:\/\/sesesc.qroo.gob.mx\/wp-content\/uploads\/2026\/03\/MINUTA-SESESC-CFFyE-001-FASP-2026.pdf\">P006C01A01<\/a>\r\n        <\/p>\r\n        <\/summary>\r\n    <\/details>\t\t\t\t<\/div>\n\t\t\t\t<\/div>\n\t\t\t\t<\/div>\n\t\t<div class=\"elementor-element elementor-element-e4d9557 e-con-full e-flex e-con e-child\" data-id=\"e4d9557\" data-element_type=\"container\">\n\t\t\t\t<div class=\"elementor-element elementor-element-d88eb4d elementor-widget elementor-widget-html\" data-id=\"d88eb4d\" data-element_type=\"widget\" data-widget_type=\"html.default\">\n\t\t\t\t<div class=\"elementor-widget-container\">\n\t\t\t\t\t<details>\r\n    <summary style=\"color: white\">2026<\/summary>\r\n       \r\n    <p class=\"trimestre\">Primer Trimestre<\/p>\r\n        <p>\r\n        <a href=\"https:\/\/sesesc.qroo.gob.mx\/wp-content\/uploads\/2026\/04\/E026C05A02.pdf\">E026 C05A02<\/a>\r\n        <\/p>\r\n        <\/summary>\r\n    <\/details>\t\t\t\t<\/div>\n\t\t\t\t<\/div>\n\t\t\t\t<\/div>\n\t\t\t\t\t<\/div>\n\t\t\t\t<\/div>\n\t\t<div class=\"elementor-element elementor-element-fa7d103 e-flex e-con-boxed e-con e-parent\" data-id=\"fa7d103\" data-element_type=\"container\">\n\t\t\t\t\t<div class=\"e-con-inner\">\n\t\t\t\t\t<\/div>\n\t\t\t\t<\/div>\n\t\t\t\t<\/div>\n\t\t","protected":false},"excerpt":{"rendered":"<p>Medios de Verificaci\u00f3n M001 2025 Primer Trimestre M001C01 M001C01A01 Segundo Trimestre M001C01 M001C01A01 Tercer Trimestre M001C01 M001C01A01 Cuarto Trimestre M001PROP\u00d3SITO M001C01 M001C01A01 M001FIN P006 2025 Primer Trimestre P006 C01 P006 C01A01 Segundo Trimestre P006C01 P006C01A01 P006C01A02 Tercer Trimestre P006C01 P006C01A01 P006C01A02 Cuarto Trimestre P006C01 P006C01A01 P006C01A02 P006PROPOSITO P006FIN E026 2025 Primer Trimestre E026 C02A01 E026 &#8230; <a title=\"Medios de Verificaci\u00f3n\" class=\"read-more\" href=\"https:\/\/sesesc.qroo.gob.mx\/index.php\/medios-de-verificacion\/\" aria-label=\"Leer m\u00e1s sobre Medios de Verificaci\u00f3n\">Leer m\u00e1s<\/a><\/p>\n","protected":false},"author":4,"featured_media":0,"parent":0,"menu_order":0,"comment_status":"closed","ping_status":"closed","template":"","meta":{"footnotes":""},"class_list":["post-38888","page","type-page","status-publish"],"yoast_head":"<!-- This site is optimized with the Yoast SEO plugin v24.6 - https:\/\/yoast.com\/wordpress\/plugins\/seo\/ -->\n<title>Medios de Verificaci\u00f3n - Secretariado Ejecutivo del Sistema Estatal de Seguridad P\u00fablica<\/title>\n<meta name=\"robots\" content=\"noindex, follow, max-snippet:-1, max-image-preview:large, max-video-preview:-1\" \/>\n<meta property=\"og:locale\" content=\"es_MX\" \/>\n<meta property=\"og:type\" content=\"article\" \/>\n<meta property=\"og:title\" content=\"Medios de Verificaci\u00f3n - Secretariado Ejecutivo del Sistema Estatal de Seguridad P\u00fablica\" \/>\n<meta property=\"og:description\" content=\"Medios de Verificaci\u00f3n M001 2025 Primer Trimestre M001C01 M001C01A01 Segundo Trimestre M001C01 M001C01A01 Tercer Trimestre M001C01 M001C01A01 Cuarto Trimestre M001PROP\u00d3SITO M001C01 M001C01A01 M001FIN P006 2025 Primer Trimestre P006 C01 P006 C01A01 Segundo Trimestre P006C01 P006C01A01 P006C01A02 Tercer Trimestre P006C01 P006C01A01 P006C01A02 Cuarto Trimestre P006C01 P006C01A01 P006C01A02 P006PROPOSITO P006FIN E026 2025 Primer Trimestre E026 C02A01 E026 ... Leer m\u00e1s\" \/>\n<meta property=\"og:url\" content=\"https:\/\/sesesc.qroo.gob.mx\/index.php\/medios-de-verificacion\/\" \/>\n<meta property=\"og:site_name\" content=\"Secretariado Ejecutivo del Sistema Estatal de Seguridad P\u00fablica\" \/>\n<meta property=\"article:modified_time\" content=\"2026-04-14T17:48:42+00:00\" \/>\n<meta name=\"twitter:card\" content=\"summary_large_image\" \/>\n<meta name=\"twitter:label1\" content=\"Tiempo de lectura\" \/>\n\t<meta name=\"twitter:data1\" content=\"1 minuto\" \/>\n<script type=\"application\/ld+json\" class=\"yoast-schema-graph\">{\"@context\":\"https:\/\/schema.org\",\"@graph\":[{\"@type\":\"WebPage\",\"@id\":\"https:\/\/sesesc.qroo.gob.mx\/index.php\/medios-de-verificacion\/\",\"url\":\"https:\/\/sesesc.qroo.gob.mx\/index.php\/medios-de-verificacion\/\",\"name\":\"Medios de Verificaci\u00f3n - Secretariado Ejecutivo del Sistema Estatal de Seguridad P\u00fablica\",\"isPartOf\":{\"@id\":\"https:\/\/sesesc.qroo.gob.mx\/#website\"},\"datePublished\":\"2025-02-04T15:32:06+00:00\",\"dateModified\":\"2026-04-14T17:48:42+00:00\",\"breadcrumb\":{\"@id\":\"https:\/\/sesesc.qroo.gob.mx\/index.php\/medios-de-verificacion\/#breadcrumb\"},\"inLanguage\":\"es\",\"potentialAction\":[{\"@type\":\"ReadAction\",\"target\":[\"https:\/\/sesesc.qroo.gob.mx\/index.php\/medios-de-verificacion\/\"]}]},{\"@type\":\"BreadcrumbList\",\"@id\":\"https:\/\/sesesc.qroo.gob.mx\/index.php\/medios-de-verificacion\/#breadcrumb\",\"itemListElement\":[{\"@type\":\"ListItem\",\"position\":1,\"name\":\"Inicio\",\"item\":\"https:\/\/sesesc.qroo.gob.mx\/\"},{\"@type\":\"ListItem\",\"position\":2,\"name\":\"Medios de Verificaci\u00f3n\"}]},{\"@type\":\"WebSite\",\"@id\":\"https:\/\/sesesc.qroo.gob.mx\/#website\",\"url\":\"https:\/\/sesesc.qroo.gob.mx\/\",\"name\":\"Secretariado Ejecutivo del Sistema Estatal de Seguridad P\u00fablica\",\"description\":\"\",\"potentialAction\":[{\"@type\":\"SearchAction\",\"target\":{\"@type\":\"EntryPoint\",\"urlTemplate\":\"https:\/\/sesesc.qroo.gob.mx\/?s={search_term_string}\"},\"query-input\":{\"@type\":\"PropertyValueSpecification\",\"valueRequired\":true,\"valueName\":\"search_term_string\"}}],\"inLanguage\":\"es\"}]}<\/script>\n<!-- \/ Yoast SEO plugin. -->","yoast_head_json":{"title":"Medios de Verificaci\u00f3n - Secretariado Ejecutivo del Sistema Estatal de Seguridad P\u00fablica","robots":{"index":"noindex","follow":"follow","max-snippet":"max-snippet:-1","max-image-preview":"max-image-preview:large","max-video-preview":"max-video-preview:-1"},"og_locale":"es_MX","og_type":"article","og_title":"Medios de Verificaci\u00f3n - Secretariado Ejecutivo del Sistema Estatal de Seguridad P\u00fablica","og_description":"Medios de Verificaci\u00f3n M001 2025 Primer Trimestre M001C01 M001C01A01 Segundo Trimestre M001C01 M001C01A01 Tercer Trimestre M001C01 M001C01A01 Cuarto Trimestre M001PROP\u00d3SITO M001C01 M001C01A01 M001FIN P006 2025 Primer Trimestre P006 C01 P006 C01A01 Segundo Trimestre P006C01 P006C01A01 P006C01A02 Tercer Trimestre P006C01 P006C01A01 P006C01A02 Cuarto Trimestre P006C01 P006C01A01 P006C01A02 P006PROPOSITO P006FIN E026 2025 Primer Trimestre E026 C02A01 E026 ... Leer m\u00e1s","og_url":"https:\/\/sesesc.qroo.gob.mx\/index.php\/medios-de-verificacion\/","og_site_name":"Secretariado Ejecutivo del Sistema Estatal de Seguridad P\u00fablica","article_modified_time":"2026-04-14T17:48:42+00:00","twitter_card":"summary_large_image","twitter_misc":{"Tiempo de lectura":"1 minuto"},"schema":{"@context":"https:\/\/schema.org","@graph":[{"@type":"WebPage","@id":"https:\/\/sesesc.qroo.gob.mx\/index.php\/medios-de-verificacion\/","url":"https:\/\/sesesc.qroo.gob.mx\/index.php\/medios-de-verificacion\/","name":"Medios de Verificaci\u00f3n - Secretariado Ejecutivo del Sistema Estatal de Seguridad P\u00fablica","isPartOf":{"@id":"https:\/\/sesesc.qroo.gob.mx\/#website"},"datePublished":"2025-02-04T15:32:06+00:00","dateModified":"2026-04-14T17:48:42+00:00","breadcrumb":{"@id":"https:\/\/sesesc.qroo.gob.mx\/index.php\/medios-de-verificacion\/#breadcrumb"},"inLanguage":"es","potentialAction":[{"@type":"ReadAction","target":["https:\/\/sesesc.qroo.gob.mx\/index.php\/medios-de-verificacion\/"]}]},{"@type":"BreadcrumbList","@id":"https:\/\/sesesc.qroo.gob.mx\/index.php\/medios-de-verificacion\/#breadcrumb","itemListElement":[{"@type":"ListItem","position":1,"name":"Inicio","item":"https:\/\/sesesc.qroo.gob.mx\/"},{"@type":"ListItem","position":2,"name":"Medios de Verificaci\u00f3n"}]},{"@type":"WebSite","@id":"https:\/\/sesesc.qroo.gob.mx\/#website","url":"https:\/\/sesesc.qroo.gob.mx\/","name":"Secretariado Ejecutivo del Sistema Estatal de Seguridad P\u00fablica","description":"","potentialAction":[{"@type":"SearchAction","target":{"@type":"EntryPoint","urlTemplate":"https:\/\/sesesc.qroo.gob.mx\/?s={search_term_string}"},"query-input":{"@type":"PropertyValueSpecification","valueRequired":true,"valueName":"search_term_string"}}],"inLanguage":"es"}]}},"_links":{"self":[{"href":"https:\/\/sesesc.qroo.gob.mx\/index.php\/wp-json\/wp\/v2\/pages\/38888","targetHints":{"allow":["GET"]}}],"collection":[{"href":"https:\/\/sesesc.qroo.gob.mx\/index.php\/wp-json\/wp\/v2\/pages"}],"about":[{"href":"https:\/\/sesesc.qroo.gob.mx\/index.php\/wp-json\/wp\/v2\/types\/page"}],"author":[{"embeddable":true,"href":"https:\/\/sesesc.qroo.gob.mx\/index.php\/wp-json\/wp\/v2\/users\/4"}],"replies":[{"embeddable":true,"href":"https:\/\/sesesc.qroo.gob.mx\/index.php\/wp-json\/wp\/v2\/comments?post=38888"}],"version-history":[{"count":61,"href":"https:\/\/sesesc.qroo.gob.mx\/index.php\/wp-json\/wp\/v2\/pages\/38888\/revisions"}],"predecessor-version":[{"id":41090,"href":"https:\/\/sesesc.qroo.gob.mx\/index.php\/wp-json\/wp\/v2\/pages\/38888\/revisions\/41090"}],"wp:attachment":[{"href":"https:\/\/sesesc.qroo.gob.mx\/index.php\/wp-json\/wp\/v2\/media?parent=38888"}],"curies":[{"name":"wp","href":"https:\/\/api.w.org\/{rel}","templated":true}]}}