{"id":39256,"date":"2025-04-15T11:57:32","date_gmt":"2025-04-15T16:57:32","guid":{"rendered":"https:\/\/sesesc.qroo.gob.mx\/?page_id=39256"},"modified":"2025-04-15T11:58:51","modified_gmt":"2025-04-15T16:58:51","slug":"adquisiciones-sesesp","status":"publish","type":"page","link":"https:\/\/sesesc.qroo.gob.mx\/index.php\/adquisiciones-sesesp\/","title":{"rendered":"Adquisiciones SESESP"},"content":{"rendered":"\t\t<div data-elementor-type=\"wp-page\" data-elementor-id=\"39256\" class=\"elementor elementor-39256\">\n\t\t\t\t<div class=\"elementor-element elementor-element-c8e9769 e-flex e-con-boxed e-con e-parent\" data-id=\"c8e9769\" data-element_type=\"container\">\n\t\t\t\t\t<div class=\"e-con-inner\">\n\t\t<div class=\"elementor-element elementor-element-b0bb597 e-con-full e-flex e-con e-child\" data-id=\"b0bb597\" data-element_type=\"container\">\n\t\t\t\t<div class=\"elementor-element elementor-element-148d4cc elementor-widget elementor-widget-heading\" data-id=\"148d4cc\" data-element_type=\"widget\" data-widget_type=\"heading.default\">\n\t\t\t\t<div class=\"elementor-widget-container\">\n\t\t\t\t\t<h2 class=\"elementor-heading-title elementor-size-default\">Adquisiciones<\/h2>\t\t\t\t<\/div>\n\t\t\t\t<\/div>\n\t\t\t\t<\/div>\n\t\t\t\t\t<\/div>\n\t\t\t\t<\/div>\n\t\t<div class=\"elementor-element elementor-element-53f541e e-flex e-con-boxed e-con e-parent\" data-id=\"53f541e\" data-element_type=\"container\">\n\t\t\t\t\t<div class=\"e-con-inner\">\n\t\t<div class=\"elementor-element elementor-element-6e9ce8e e-con-full e-flex e-con e-child\" data-id=\"6e9ce8e\" data-element_type=\"container\">\n\t\t\t\t<div class=\"elementor-element elementor-element-c5a237c elementor-widget elementor-widget-html\" data-id=\"c5a237c\" data-element_type=\"widget\" data-widget_type=\"html.default\">\n\t\t\t\t<div class=\"elementor-widget-container\">\n\t\t\t\t\t<details>\r\n  <summary style=\"color: white\">Programa Anual de Adquisiones<\/summary>\r\n  <a\r\n    href=\"https:\/\/sesesc.qroo.gob.mx\/wp-content\/uploads\/2025\/02\/Anexo-1-PAAAyPS-publico.pdf\"\r\n    >PAAAyPS P\u00fablico 2024\r\n  <\/a>\r\n  <a\r\n    href=\"https:\/\/sesesc.qroo.gob.mx\/wp-content\/uploads\/2024\/08\/PAAAyPS-Publico-2023.pdf\"\r\n    >PAAAyPS P\u00fablico 2023<\/a\r\n  >\r\n  <a\r\n    href=\"https:\/\/sesesc.qroo.gob.mx\/wp-content\/uploads\/2024\/08\/PAAAyPS-2022.pdf\"\r\n    >PAAAyPS P\u00fablico 2022<\/a\r\n  >\r\n<\/details>\r\n&nbsp;\r\n\r\n<details>\r\n  <summary style=\"color: white\">\r\n    Montos M\u00e1ximos para las Adquisiones, Arrendimientos y Prestaci\u00f3n de\r\n    Servicios\r\n  <\/summary>\r\n  <a\r\n    href=\"https:\/\/sesesc.qroo.gob.mx\/wp-content\/uploads\/2025\/02\/Anexo-2-montos-maximos.pdf\"\r\n    >Rangos Montos M\u00e1ximos contrataci\u00f3n 2024<\/a\r\n  >\r\n\r\n  <a\r\n    href=\"https:\/\/sesesc.qroo.gob.mx\/wp-content\/uploads\/2024\/08\/Montos-Maximos-2023.pdf\"\r\n    >Rangos Montos M\u00e1ximos contrataci\u00f3n 2023<\/a\r\n  >\r\n\r\n  <a\r\n    href=\"https:\/\/sesesc.qroo.gob.mx\/wp-content\/uploads\/2024\/08\/Montos-Maximos-2022.pdf\"\r\n    >Rangos Montos M\u00e1ximos contrataci\u00f3n 2022<\/a\r\n  >\r\n<\/details>\r\n<style>\r\n  details {\r\n    width: 100%;\r\n    margin: 10px 0;\r\n    background-color: #ffffff;\r\n    border: 1px solid transparent;\r\n    border-radius: 4px;\r\n    font-family: \"Montserrat\", sans-serif;\r\n  }\r\n  summary {\r\n    cursor: pointer;\r\n    font-weight: bold;\r\n    padding: 10px;\r\n    background-color: #afafaf;\r\n    border-bottom: 1px solid transparent;\r\n    border-radius: 4px 4px 0 0;\r\n  }\r\n  details[open] summary {\r\n    background-color: #a0a0a0;\r\n  }\r\n  a {\r\n    display: block;\r\n    padding: 5px 10px;\r\n    margin: 2px 0;\r\n    background-color: #ffffff;\r\n    text-decoration: none;\r\n    color: #ab0a3d;\r\n    border-radius: 4px;\r\n    transition: background-color 0.3s ease;\r\n    margin-left: 20px;\r\n  }\r\n  a:hover {\r\n    background-color: #ffffff;\r\n  }\r\n  details details {\r\n    margin: 0;\r\n    border: none;\r\n    background-color: white !important;\r\n  }\r\n  details details summary {\r\n    background-color: #ffffff !important;\r\n    border-radius: 4px;\r\n    padding-left: 20px;\r\n    color: #999999;\r\n  }\r\n  details details details summary {\r\n    background-color: #ffffff !important;\r\n    border-radius: 4px;\r\n    padding-left: 30px;\r\n    color: #999999;\r\n    border: none;\r\n  }\r\n  details details details a {\r\n    background-color: #ffffff;\r\n    border: none;\r\n  }\r\n<\/style>\r\n\t\t\t\t<\/div>\n\t\t\t\t<\/div>\n\t\t\t\t<\/div>\n\t\t\t\t\t<\/div>\n\t\t\t\t<\/div>\n\t\t\t\t<\/div>\n\t\t","protected":false},"excerpt":{"rendered":"<p>Adquisiciones Programa Anual de Adquisiones PAAAyPS P\u00fablico 2024 PAAAyPS P\u00fablico 2023 PAAAyPS P\u00fablico 2022 &nbsp; Montos M\u00e1ximos para las Adquisiones, Arrendimientos y Prestaci\u00f3n de Servicios Rangos Montos M\u00e1ximos contrataci\u00f3n 2024 Rangos Montos M\u00e1ximos contrataci\u00f3n 2023 Rangos Montos M\u00e1ximos contrataci\u00f3n 2022<\/p>\n","protected":false},"author":4,"featured_media":0,"parent":0,"menu_order":0,"comment_status":"closed","ping_status":"closed","template":"","meta":{"footnotes":""},"class_list":["post-39256","page","type-page","status-publish"],"yoast_head":"<!-- This site is optimized with the Yoast SEO plugin v24.6 - https:\/\/yoast.com\/wordpress\/plugins\/seo\/ -->\n<title>Adquisiciones SESESP - Secretariado Ejecutivo del Sistema Estatal de Seguridad P\u00fablica<\/title>\n<meta name=\"robots\" content=\"noindex, follow, max-snippet:-1, max-image-preview:large, max-video-preview:-1\" \/>\n<meta property=\"og:locale\" content=\"es_MX\" \/>\n<meta property=\"og:type\" content=\"article\" \/>\n<meta property=\"og:title\" content=\"Adquisiciones SESESP - Secretariado Ejecutivo del Sistema Estatal de Seguridad P\u00fablica\" \/>\n<meta property=\"og:description\" content=\"Adquisiciones Programa Anual de Adquisiones PAAAyPS P\u00fablico 2024 PAAAyPS P\u00fablico 2023 PAAAyPS P\u00fablico 2022 &nbsp; Montos M\u00e1ximos para las Adquisiones, Arrendimientos y Prestaci\u00f3n de Servicios Rangos Montos M\u00e1ximos contrataci\u00f3n 2024 Rangos Montos M\u00e1ximos contrataci\u00f3n 2023 Rangos Montos M\u00e1ximos contrataci\u00f3n 2022\" \/>\n<meta property=\"og:url\" content=\"https:\/\/sesesc.qroo.gob.mx\/index.php\/adquisiciones-sesesp\/\" \/>\n<meta property=\"og:site_name\" content=\"Secretariado Ejecutivo del Sistema Estatal de Seguridad P\u00fablica\" \/>\n<meta property=\"article:modified_time\" content=\"2025-04-15T16:58:51+00:00\" \/>\n<meta name=\"twitter:card\" content=\"summary_large_image\" \/>\n<meta name=\"twitter:label1\" content=\"Tiempo de lectura\" \/>\n\t<meta name=\"twitter:data1\" content=\"1 minuto\" \/>\n<script type=\"application\/ld+json\" class=\"yoast-schema-graph\">{\"@context\":\"https:\/\/schema.org\",\"@graph\":[{\"@type\":\"WebPage\",\"@id\":\"https:\/\/sesesc.qroo.gob.mx\/index.php\/adquisiciones-sesesp\/\",\"url\":\"https:\/\/sesesc.qroo.gob.mx\/index.php\/adquisiciones-sesesp\/\",\"name\":\"Adquisiciones SESESP - Secretariado Ejecutivo del Sistema Estatal de Seguridad P\u00fablica\",\"isPartOf\":{\"@id\":\"https:\/\/sesesc.qroo.gob.mx\/#website\"},\"datePublished\":\"2025-04-15T16:57:32+00:00\",\"dateModified\":\"2025-04-15T16:58:51+00:00\",\"breadcrumb\":{\"@id\":\"https:\/\/sesesc.qroo.gob.mx\/index.php\/adquisiciones-sesesp\/#breadcrumb\"},\"inLanguage\":\"es\",\"potentialAction\":[{\"@type\":\"ReadAction\",\"target\":[\"https:\/\/sesesc.qroo.gob.mx\/index.php\/adquisiciones-sesesp\/\"]}]},{\"@type\":\"BreadcrumbList\",\"@id\":\"https:\/\/sesesc.qroo.gob.mx\/index.php\/adquisiciones-sesesp\/#breadcrumb\",\"itemListElement\":[{\"@type\":\"ListItem\",\"position\":1,\"name\":\"Inicio\",\"item\":\"https:\/\/sesesc.qroo.gob.mx\/\"},{\"@type\":\"ListItem\",\"position\":2,\"name\":\"Adquisiciones SESESP\"}]},{\"@type\":\"WebSite\",\"@id\":\"https:\/\/sesesc.qroo.gob.mx\/#website\",\"url\":\"https:\/\/sesesc.qroo.gob.mx\/\",\"name\":\"Secretariado Ejecutivo del Sistema Estatal de Seguridad P\u00fablica\",\"description\":\"\",\"potentialAction\":[{\"@type\":\"SearchAction\",\"target\":{\"@type\":\"EntryPoint\",\"urlTemplate\":\"https:\/\/sesesc.qroo.gob.mx\/?s={search_term_string}\"},\"query-input\":{\"@type\":\"PropertyValueSpecification\",\"valueRequired\":true,\"valueName\":\"search_term_string\"}}],\"inLanguage\":\"es\"}]}<\/script>\n<!-- \/ Yoast SEO plugin. -->","yoast_head_json":{"title":"Adquisiciones SESESP - Secretariado Ejecutivo del Sistema Estatal de Seguridad P\u00fablica","robots":{"index":"noindex","follow":"follow","max-snippet":"max-snippet:-1","max-image-preview":"max-image-preview:large","max-video-preview":"max-video-preview:-1"},"og_locale":"es_MX","og_type":"article","og_title":"Adquisiciones SESESP - Secretariado Ejecutivo del Sistema Estatal de Seguridad P\u00fablica","og_description":"Adquisiciones Programa Anual de Adquisiones PAAAyPS P\u00fablico 2024 PAAAyPS P\u00fablico 2023 PAAAyPS P\u00fablico 2022 &nbsp; Montos M\u00e1ximos para las Adquisiones, Arrendimientos y Prestaci\u00f3n de Servicios Rangos Montos M\u00e1ximos contrataci\u00f3n 2024 Rangos Montos M\u00e1ximos contrataci\u00f3n 2023 Rangos Montos M\u00e1ximos contrataci\u00f3n 2022","og_url":"https:\/\/sesesc.qroo.gob.mx\/index.php\/adquisiciones-sesesp\/","og_site_name":"Secretariado Ejecutivo del Sistema Estatal de Seguridad P\u00fablica","article_modified_time":"2025-04-15T16:58:51+00:00","twitter_card":"summary_large_image","twitter_misc":{"Tiempo de lectura":"1 minuto"},"schema":{"@context":"https:\/\/schema.org","@graph":[{"@type":"WebPage","@id":"https:\/\/sesesc.qroo.gob.mx\/index.php\/adquisiciones-sesesp\/","url":"https:\/\/sesesc.qroo.gob.mx\/index.php\/adquisiciones-sesesp\/","name":"Adquisiciones SESESP - Secretariado Ejecutivo del Sistema Estatal de Seguridad P\u00fablica","isPartOf":{"@id":"https:\/\/sesesc.qroo.gob.mx\/#website"},"datePublished":"2025-04-15T16:57:32+00:00","dateModified":"2025-04-15T16:58:51+00:00","breadcrumb":{"@id":"https:\/\/sesesc.qroo.gob.mx\/index.php\/adquisiciones-sesesp\/#breadcrumb"},"inLanguage":"es","potentialAction":[{"@type":"ReadAction","target":["https:\/\/sesesc.qroo.gob.mx\/index.php\/adquisiciones-sesesp\/"]}]},{"@type":"BreadcrumbList","@id":"https:\/\/sesesc.qroo.gob.mx\/index.php\/adquisiciones-sesesp\/#breadcrumb","itemListElement":[{"@type":"ListItem","position":1,"name":"Inicio","item":"https:\/\/sesesc.qroo.gob.mx\/"},{"@type":"ListItem","position":2,"name":"Adquisiciones SESESP"}]},{"@type":"WebSite","@id":"https:\/\/sesesc.qroo.gob.mx\/#website","url":"https:\/\/sesesc.qroo.gob.mx\/","name":"Secretariado Ejecutivo del Sistema Estatal de Seguridad P\u00fablica","description":"","potentialAction":[{"@type":"SearchAction","target":{"@type":"EntryPoint","urlTemplate":"https:\/\/sesesc.qroo.gob.mx\/?s={search_term_string}"},"query-input":{"@type":"PropertyValueSpecification","valueRequired":true,"valueName":"search_term_string"}}],"inLanguage":"es"}]}},"_links":{"self":[{"href":"https:\/\/sesesc.qroo.gob.mx\/index.php\/wp-json\/wp\/v2\/pages\/39256","targetHints":{"allow":["GET"]}}],"collection":[{"href":"https:\/\/sesesc.qroo.gob.mx\/index.php\/wp-json\/wp\/v2\/pages"}],"about":[{"href":"https:\/\/sesesc.qroo.gob.mx\/index.php\/wp-json\/wp\/v2\/types\/page"}],"author":[{"embeddable":true,"href":"https:\/\/sesesc.qroo.gob.mx\/index.php\/wp-json\/wp\/v2\/users\/4"}],"replies":[{"embeddable":true,"href":"https:\/\/sesesc.qroo.gob.mx\/index.php\/wp-json\/wp\/v2\/comments?post=39256"}],"version-history":[{"count":4,"href":"https:\/\/sesesc.qroo.gob.mx\/index.php\/wp-json\/wp\/v2\/pages\/39256\/revisions"}],"predecessor-version":[{"id":39261,"href":"https:\/\/sesesc.qroo.gob.mx\/index.php\/wp-json\/wp\/v2\/pages\/39256\/revisions\/39261"}],"wp:attachment":[{"href":"https:\/\/sesesc.qroo.gob.mx\/index.php\/wp-json\/wp\/v2\/media?parent=39256"}],"curies":[{"name":"wp","href":"https:\/\/api.w.org\/{rel}","templated":true}]}}