{"id":39309,"date":"2025-04-16T12:05:09","date_gmt":"2025-04-16T17:05:09","guid":{"rendered":"https:\/\/sesesc.qroo.gob.mx\/?page_id=39309"},"modified":"2025-10-27T10:59:41","modified_gmt":"2025-10-27T15:59:41","slug":"transparencia-sesesp","status":"publish","type":"page","link":"https:\/\/sesesc.qroo.gob.mx\/index.php\/transparencia-sesesp\/","title":{"rendered":"Transparencia SESESP"},"content":{"rendered":"\t\t<div data-elementor-type=\"wp-page\" data-elementor-id=\"39309\" class=\"elementor elementor-39309\">\n\t\t\t\t<div class=\"elementor-element elementor-element-dbb0040 e-flex e-con-boxed e-con e-parent\" data-id=\"dbb0040\" data-element_type=\"container\">\n\t\t\t\t\t<div class=\"e-con-inner\">\n\t\t\t\t<div class=\"elementor-element elementor-element-e2738d0 elementor-widget elementor-widget-heading\" data-id=\"e2738d0\" data-element_type=\"widget\" data-widget_type=\"heading.default\">\n\t\t\t\t<div class=\"elementor-widget-container\">\n\t\t\t\t\t<h2 class=\"elementor-heading-title elementor-size-default\">Transparencia <\/h2>\t\t\t\t<\/div>\n\t\t\t\t<\/div>\n\t\t\t\t\t<\/div>\n\t\t\t\t<\/div>\n\t\t<div class=\"elementor-element elementor-element-9cf9fe7 e-flex e-con-boxed e-con e-parent\" data-id=\"9cf9fe7\" data-element_type=\"container\">\n\t\t\t\t\t<div class=\"e-con-inner\">\n\t\t\t\t<div class=\"elementor-element elementor-element-92d2330 elementor-widget elementor-widget-html\" data-id=\"92d2330\" data-element_type=\"widget\" data-widget_type=\"html.default\">\n\t\t\t\t<div class=\"elementor-widget-container\">\n\t\t\t\t\t<style>\n    .contenedor {\n      display: flex;\n      flex-wrap: wrap;\n      gap: 10px; \n    }\n\n    .columna {\n      flex: 1 0 10%; \/* base 10%, crece con espacio disponible *\/\n      min-width: 120px;\n      background-color: #a2a2a2;\n      color: white;\n      text-align: center;\n      padding: 20px;\n      border-radius: 8px;\n    }\n\n    @media (max-width: 768px) {\n      .columna {\n        flex: 1 0 30%;\n      }\n    }\n\n    @media (max-width: 480px) {\n      .columna {\n        flex: 1 0 45%;\n      }\n    }\n<\/style>\n<div class=\"contenedor\">\n  <div class=\"columna\">\n      <a href=\"https:\/\/sesesc.qroo.gob.mx\/index.php\/obligaciones-de-transparencia-3\/\">OBLIGACIONES DE TRANSPARENCIA<\/a>\n    <\/div>\n  <div class=\"columna\">\n      <a href=\"https:\/\/sesesc.qroo.gob.mx\/index.php\/informes-de-solicitud-de-acceso-a-la-informacion-y-del-ejercicio-de-derecho-arco\/\">INFORMES DE SOLICITUD DE ACCESO A LA INFORMACION Y DEL EJERCICIO DE DERECHO ARCO\n<\/a>\n  <\/div>\n  <div class=\"columna\">\n      <a href=\"https:\/\/sesesc.qroo.gob.mx\/index.php\/denuncias-por-incumplimiento-a-las-obligaciones-de-transparencia\/\">DENUNCIAS POR INCUMPLIMIENTO A LAS OBLIGACIONES DE TRANSPARENCIA\n<\/a>\n  <\/div>\n  <div class=\"columna\">\n      <a href=\"https:\/\/sesesc.qroo.gob.mx\/index.php\/indice-de-expedientes-clasificados-como-reservados\/\">INDICE DE EXPEDIENTES CLASIFICADOS COMO RESERVADOS\n<\/a>\n  <\/div>\n  <div class=\"columna\"><a href=\"https:\/\/sesesc.qroo.gob.mx\/index.php\/xlix-mecanismos-de-presentacion-directa-de-peticiones-opiniones-quejas-denuncias-o-sugerencias-2\/\">MECANISMOS DE PRESENTACI\u00d3N DIRECTA DE PETICIONES<\/a><\/div>\n  <div class=\"columna\"><a href=\"https:\/\/sesesc.qroo.gob.mx\/index.php\/informe-de-avances-del-septimo-transitorio\/\">INFORME DE AVANCES DEL S\u00c9PTIMO TRANSITORIO<\/a>\n<\/div>\n  <div class=\"columna\">\n      <a href=\"https:\/\/sesesc.qroo.gob.mx\/wp-content\/uploads\/2025\/10\/Proyecto-Documento-de-Seguridad-Del-SESESP.pdf\">VERSI\u00d3N P\u00daBLICA DEL DOCUMENTO DE SEGURIDAD<\/a>\n    <\/div>\t\t\t\t<\/div>\n\t\t\t\t<\/div>\n\t\t\t\t\t<\/div>\n\t\t\t\t<\/div>\n\t\t\t\t<\/div>\n\t\t","protected":false},"excerpt":{"rendered":"<p>Transparencia OBLIGACIONES DE TRANSPARENCIA INFORMES DE SOLICITUD DE ACCESO A LA INFORMACION Y DEL EJERCICIO DE DERECHO ARCO DENUNCIAS POR INCUMPLIMIENTO A LAS OBLIGACIONES DE TRANSPARENCIA INDICE DE EXPEDIENTES CLASIFICADOS COMO RESERVADOS MECANISMOS DE PRESENTACI\u00d3N DIRECTA DE PETICIONES INFORME DE AVANCES DEL S\u00c9PTIMO TRANSITORIO VERSI\u00d3N P\u00daBLICA DEL DOCUMENTO DE SEGURIDAD<\/p>\n","protected":false},"author":4,"featured_media":0,"parent":0,"menu_order":0,"comment_status":"closed","ping_status":"closed","template":"","meta":{"footnotes":""},"class_list":["post-39309","page","type-page","status-publish"],"yoast_head":"<!-- This site is optimized with the Yoast SEO plugin v24.6 - https:\/\/yoast.com\/wordpress\/plugins\/seo\/ -->\n<title>Transparencia SESESP - Secretariado Ejecutivo del Sistema Estatal de Seguridad P\u00fablica<\/title>\n<meta name=\"robots\" content=\"noindex, follow, max-snippet:-1, max-image-preview:large, max-video-preview:-1\" \/>\n<meta property=\"og:locale\" content=\"es_MX\" \/>\n<meta property=\"og:type\" content=\"article\" \/>\n<meta property=\"og:title\" content=\"Transparencia SESESP - Secretariado Ejecutivo del Sistema Estatal de Seguridad P\u00fablica\" \/>\n<meta property=\"og:description\" content=\"Transparencia OBLIGACIONES DE TRANSPARENCIA INFORMES DE SOLICITUD DE ACCESO A LA INFORMACION Y DEL EJERCICIO DE DERECHO ARCO DENUNCIAS POR INCUMPLIMIENTO A LAS OBLIGACIONES DE TRANSPARENCIA INDICE DE EXPEDIENTES CLASIFICADOS COMO RESERVADOS MECANISMOS DE PRESENTACI\u00d3N DIRECTA DE PETICIONES INFORME DE AVANCES DEL S\u00c9PTIMO TRANSITORIO VERSI\u00d3N P\u00daBLICA DEL DOCUMENTO DE SEGURIDAD\" \/>\n<meta property=\"og:url\" content=\"https:\/\/sesesc.qroo.gob.mx\/index.php\/transparencia-sesesp\/\" \/>\n<meta property=\"og:site_name\" content=\"Secretariado Ejecutivo del Sistema Estatal de Seguridad P\u00fablica\" \/>\n<meta property=\"article:modified_time\" content=\"2025-10-27T15:59:41+00:00\" \/>\n<meta name=\"twitter:card\" content=\"summary_large_image\" \/>\n<meta name=\"twitter:label1\" content=\"Tiempo de lectura\" \/>\n\t<meta name=\"twitter:data1\" content=\"1 minuto\" \/>\n<script type=\"application\/ld+json\" class=\"yoast-schema-graph\">{\"@context\":\"https:\/\/schema.org\",\"@graph\":[{\"@type\":\"WebPage\",\"@id\":\"https:\/\/sesesc.qroo.gob.mx\/index.php\/transparencia-sesesp\/\",\"url\":\"https:\/\/sesesc.qroo.gob.mx\/index.php\/transparencia-sesesp\/\",\"name\":\"Transparencia SESESP - Secretariado Ejecutivo del Sistema Estatal de Seguridad P\u00fablica\",\"isPartOf\":{\"@id\":\"https:\/\/sesesc.qroo.gob.mx\/#website\"},\"datePublished\":\"2025-04-16T17:05:09+00:00\",\"dateModified\":\"2025-10-27T15:59:41+00:00\",\"breadcrumb\":{\"@id\":\"https:\/\/sesesc.qroo.gob.mx\/index.php\/transparencia-sesesp\/#breadcrumb\"},\"inLanguage\":\"es\",\"potentialAction\":[{\"@type\":\"ReadAction\",\"target\":[\"https:\/\/sesesc.qroo.gob.mx\/index.php\/transparencia-sesesp\/\"]}]},{\"@type\":\"BreadcrumbList\",\"@id\":\"https:\/\/sesesc.qroo.gob.mx\/index.php\/transparencia-sesesp\/#breadcrumb\",\"itemListElement\":[{\"@type\":\"ListItem\",\"position\":1,\"name\":\"Inicio\",\"item\":\"https:\/\/sesesc.qroo.gob.mx\/\"},{\"@type\":\"ListItem\",\"position\":2,\"name\":\"Transparencia SESESP\"}]},{\"@type\":\"WebSite\",\"@id\":\"https:\/\/sesesc.qroo.gob.mx\/#website\",\"url\":\"https:\/\/sesesc.qroo.gob.mx\/\",\"name\":\"Secretariado Ejecutivo del Sistema Estatal de Seguridad P\u00fablica\",\"description\":\"\",\"potentialAction\":[{\"@type\":\"SearchAction\",\"target\":{\"@type\":\"EntryPoint\",\"urlTemplate\":\"https:\/\/sesesc.qroo.gob.mx\/?s={search_term_string}\"},\"query-input\":{\"@type\":\"PropertyValueSpecification\",\"valueRequired\":true,\"valueName\":\"search_term_string\"}}],\"inLanguage\":\"es\"}]}<\/script>\n<!-- \/ Yoast SEO plugin. -->","yoast_head_json":{"title":"Transparencia SESESP - Secretariado Ejecutivo del Sistema Estatal de Seguridad P\u00fablica","robots":{"index":"noindex","follow":"follow","max-snippet":"max-snippet:-1","max-image-preview":"max-image-preview:large","max-video-preview":"max-video-preview:-1"},"og_locale":"es_MX","og_type":"article","og_title":"Transparencia SESESP - Secretariado Ejecutivo del Sistema Estatal de Seguridad P\u00fablica","og_description":"Transparencia OBLIGACIONES DE TRANSPARENCIA INFORMES DE SOLICITUD DE ACCESO A LA INFORMACION Y DEL EJERCICIO DE DERECHO ARCO DENUNCIAS POR INCUMPLIMIENTO A LAS OBLIGACIONES DE TRANSPARENCIA INDICE DE EXPEDIENTES CLASIFICADOS COMO RESERVADOS MECANISMOS DE PRESENTACI\u00d3N DIRECTA DE PETICIONES INFORME DE AVANCES DEL S\u00c9PTIMO TRANSITORIO VERSI\u00d3N P\u00daBLICA DEL DOCUMENTO DE SEGURIDAD","og_url":"https:\/\/sesesc.qroo.gob.mx\/index.php\/transparencia-sesesp\/","og_site_name":"Secretariado Ejecutivo del Sistema Estatal de Seguridad P\u00fablica","article_modified_time":"2025-10-27T15:59:41+00:00","twitter_card":"summary_large_image","twitter_misc":{"Tiempo de lectura":"1 minuto"},"schema":{"@context":"https:\/\/schema.org","@graph":[{"@type":"WebPage","@id":"https:\/\/sesesc.qroo.gob.mx\/index.php\/transparencia-sesesp\/","url":"https:\/\/sesesc.qroo.gob.mx\/index.php\/transparencia-sesesp\/","name":"Transparencia SESESP - Secretariado Ejecutivo del Sistema Estatal de Seguridad P\u00fablica","isPartOf":{"@id":"https:\/\/sesesc.qroo.gob.mx\/#website"},"datePublished":"2025-04-16T17:05:09+00:00","dateModified":"2025-10-27T15:59:41+00:00","breadcrumb":{"@id":"https:\/\/sesesc.qroo.gob.mx\/index.php\/transparencia-sesesp\/#breadcrumb"},"inLanguage":"es","potentialAction":[{"@type":"ReadAction","target":["https:\/\/sesesc.qroo.gob.mx\/index.php\/transparencia-sesesp\/"]}]},{"@type":"BreadcrumbList","@id":"https:\/\/sesesc.qroo.gob.mx\/index.php\/transparencia-sesesp\/#breadcrumb","itemListElement":[{"@type":"ListItem","position":1,"name":"Inicio","item":"https:\/\/sesesc.qroo.gob.mx\/"},{"@type":"ListItem","position":2,"name":"Transparencia SESESP"}]},{"@type":"WebSite","@id":"https:\/\/sesesc.qroo.gob.mx\/#website","url":"https:\/\/sesesc.qroo.gob.mx\/","name":"Secretariado Ejecutivo del Sistema Estatal de Seguridad P\u00fablica","description":"","potentialAction":[{"@type":"SearchAction","target":{"@type":"EntryPoint","urlTemplate":"https:\/\/sesesc.qroo.gob.mx\/?s={search_term_string}"},"query-input":{"@type":"PropertyValueSpecification","valueRequired":true,"valueName":"search_term_string"}}],"inLanguage":"es"}]}},"_links":{"self":[{"href":"https:\/\/sesesc.qroo.gob.mx\/index.php\/wp-json\/wp\/v2\/pages\/39309","targetHints":{"allow":["GET"]}}],"collection":[{"href":"https:\/\/sesesc.qroo.gob.mx\/index.php\/wp-json\/wp\/v2\/pages"}],"about":[{"href":"https:\/\/sesesc.qroo.gob.mx\/index.php\/wp-json\/wp\/v2\/types\/page"}],"author":[{"embeddable":true,"href":"https:\/\/sesesc.qroo.gob.mx\/index.php\/wp-json\/wp\/v2\/users\/4"}],"replies":[{"embeddable":true,"href":"https:\/\/sesesc.qroo.gob.mx\/index.php\/wp-json\/wp\/v2\/comments?post=39309"}],"version-history":[{"count":28,"href":"https:\/\/sesesc.qroo.gob.mx\/index.php\/wp-json\/wp\/v2\/pages\/39309\/revisions"}],"predecessor-version":[{"id":40534,"href":"https:\/\/sesesc.qroo.gob.mx\/index.php\/wp-json\/wp\/v2\/pages\/39309\/revisions\/40534"}],"wp:attachment":[{"href":"https:\/\/sesesc.qroo.gob.mx\/index.php\/wp-json\/wp\/v2\/media?parent=39309"}],"curies":[{"name":"wp","href":"https:\/\/api.w.org\/{rel}","templated":true}]}}