{"id":39349,"date":"2025-04-21T11:52:04","date_gmt":"2025-04-21T16:52:04","guid":{"rendered":"https:\/\/sesesc.qroo.gob.mx\/?page_id=39349"},"modified":"2025-04-21T11:55:25","modified_gmt":"2025-04-21T16:55:25","slug":"xlix-mecanismos-de-presentacion-directa-de-peticiones-opiniones-quejas-denuncias-o-sugerencias-2","status":"publish","type":"page","link":"https:\/\/sesesc.qroo.gob.mx\/index.php\/xlix-mecanismos-de-presentacion-directa-de-peticiones-opiniones-quejas-denuncias-o-sugerencias-2\/","title":{"rendered":"XLIX Mecanismos de Presentaci\u00f3n Directa de Peticiones, Opiniones, Quejas, Denuncias o Sugerencias."},"content":{"rendered":"\t\t<div data-elementor-type=\"wp-page\" data-elementor-id=\"39349\" class=\"elementor elementor-39349\">\n\t\t\t\t<div class=\"elementor-element elementor-element-ac33311 e-flex e-con-boxed e-con e-parent\" data-id=\"ac33311\" data-element_type=\"container\">\n\t\t\t\t\t<div class=\"e-con-inner\">\n\t\t<div class=\"elementor-element elementor-element-c437630 e-con-full e-flex e-con e-child\" data-id=\"c437630\" data-element_type=\"container\" data-settings=\"{&quot;background_background&quot;:&quot;classic&quot;}\">\n\t\t\t\t<div class=\"elementor-element elementor-element-037e9b7 elementor-widget elementor-widget-heading\" data-id=\"037e9b7\" data-element_type=\"widget\" data-widget_type=\"heading.default\">\n\t\t\t\t<div class=\"elementor-widget-container\">\n\t\t\t\t\t<h2 class=\"elementor-heading-title elementor-size-default\">XLIX Mecanismos de Presentaci\u00f3n Directa de Peticiones, Opiniones, Quejas, Denuncias o Sugerencias.<\/h2>\t\t\t\t<\/div>\n\t\t\t\t<\/div>\n\t\t\t\t<\/div>\n\t\t\t\t\t<\/div>\n\t\t\t\t<\/div>\n\t\t<div class=\"elementor-element elementor-element-91f2c4a e-flex e-con-boxed e-con e-parent\" data-id=\"91f2c4a\" data-element_type=\"container\">\n\t\t\t\t\t<div class=\"e-con-inner\">\n\t\t<div class=\"elementor-element elementor-element-c94e668 e-con-full e-flex e-con e-child\" data-id=\"c94e668\" data-element_type=\"container\">\n\t\t\t\t<div class=\"elementor-element elementor-element-461dbb9 elementor-widget elementor-widget-text-editor\" data-id=\"461dbb9\" data-element_type=\"widget\" data-widget_type=\"text-editor.default\">\n\t\t\t\t<div class=\"elementor-widget-container\">\n\t\t\t\t\t\t\t\t\t<p>En esta secci\u00f3n encontraras informaci\u00f3n relativo a los formatos para presentaci\u00f3n directa de peticiones, opiniones, quejas, denuncias o sugerencias, dirigido a este Sujeto Obligado y los informes generados trimestralmente.<\/p><p>Actualizaci\u00f3n: Trimestral<\/p>\t\t\t\t\t\t\t\t<\/div>\n\t\t\t\t<\/div>\n\t\t\t\t<\/div>\n\t\t\t\t\t<\/div>\n\t\t\t\t<\/div>\n\t\t<div class=\"elementor-element elementor-element-71f9a0c e-flex e-con-boxed e-con e-parent\" data-id=\"71f9a0c\" data-element_type=\"container\">\n\t\t\t\t\t<div class=\"e-con-inner\">\n\t\t<div class=\"elementor-element elementor-element-b907330 e-con-full e-flex e-con e-child\" data-id=\"b907330\" data-element_type=\"container\">\n\t\t<div class=\"elementor-element elementor-element-2cf18db e-con-full e-flex e-con e-child\" data-id=\"2cf18db\" data-element_type=\"container\">\n\t\t\t\t<div class=\"elementor-element elementor-element-bfbf5e5 elementor-widget elementor-widget-image\" data-id=\"bfbf5e5\" data-element_type=\"widget\" data-widget_type=\"image.default\">\n\t\t\t\t<div class=\"elementor-widget-container\">\n\t\t\t\t\t\t\t\t\t\t\t\t\t\t\t<img decoding=\"async\" src=\"https:\/\/sesesc.qroo.gob.mx\/wp-content\/uploads\/elementor\/thumbs\/4451366-qsy0hkvid06bdyjrbf7l5t7oank5ek7hfhbb5te2g8.png\" title=\"4451366\" alt=\"4451366\" loading=\"lazy\" \/>\t\t\t\t\t\t\t\t\t\t\t\t\t\t\t<\/div>\n\t\t\t\t<\/div>\n\t\t\t\t<\/div>\n\t\t<div class=\"elementor-element elementor-element-5588738 e-con-full e-flex e-con e-child\" data-id=\"5588738\" data-element_type=\"container\">\n\t\t\t\t<div class=\"elementor-element elementor-element-bdb160a elementor-widget elementor-widget-heading\" data-id=\"bdb160a\" data-element_type=\"widget\" data-widget_type=\"heading.default\">\n\t\t\t\t<div class=\"elementor-widget-container\">\n\t\t\t\t\t<h2 class=\"elementor-heading-title elementor-size-default\">Informes de mecanismos<\/h2>\t\t\t\t<\/div>\n\t\t\t\t<\/div>\n\t\t\t\t<\/div>\n\t\t\t\t<\/div>\n\t\t\t\t\t<\/div>\n\t\t\t\t<\/div>\n\t\t<div class=\"elementor-element elementor-element-d0601b2 e-flex e-con-boxed e-con e-parent\" data-id=\"d0601b2\" data-element_type=\"container\">\n\t\t\t\t\t<div class=\"e-con-inner\">\n\t\t<div class=\"elementor-element elementor-element-95ac224 e-con-full e-flex e-con e-child\" data-id=\"95ac224\" data-element_type=\"container\">\n\t\t\t\t<div class=\"elementor-element elementor-element-e1b21a2 elementor-widget elementor-widget-html\" data-id=\"e1b21a2\" data-element_type=\"widget\" data-widget_type=\"html.default\">\n\t\t\t\t<div class=\"elementor-widget-container\">\n\t\t\t\t\t<details>\r\n  <summary style=\"color: white\">\r\n    2023 DEL PRIMER TRIMESTRE- AL CUARTO TRIMESTRE\r\n  <\/summary>\r\n  <p>\r\n    <a\r\n      href=\"https:\/\/sesesc.qroo.gob.mx\/wp-content\/uploads\/2024\/08\/PRIMER-TRIMESTRE-2023.pdf\"\r\n      >Primer trimestre<\/a\r\n    >\r\n  <\/p>\r\n  <p>\r\n    <a\r\n      href=\"https:\/\/sesesc.qroo.gob.mx\/wp-content\/uploads\/2024\/08\/SEGUNDO-TRIMESTRE-2023.pdf\"\r\n      >Segundo trimestre<\/a\r\n    >\r\n  <\/p>\r\n  <p>\r\n    <a\r\n      href=\"https:\/\/sesesc.qroo.gob.mx\/wp-content\/uploads\/2024\/08\/TERCER-INFORME-DE-MECANISMOS-2023.pdf\"\r\n      >Tercer trimestre<\/a\r\n    >\r\n  <\/p>\r\n  <p>\r\n    <a\r\n      href=\"https:\/\/sesesc.qroo.gob.mx\/wp-content\/uploads\/2024\/08\/PRIMER-TRIMESTRE-2023-1.pdf\"\r\n      >Cuarto trimestre<\/a\r\n    >\r\n  <\/p>\r\n<\/details>\r\n<details>\r\n  <summary style=\"color: white\">\r\n    2024 DEL PRIMER TRIMESTRE- AL CUARTO TRIMESTRE\r\n  <\/summary>\r\n  <p>\r\n    <a\r\n      href=\"https:\/\/sesesc.qroo.gob.mx\/wp-content\/uploads\/2024\/08\/PRIMER-INFORME-DE-MECANISMOS-2024.pdf\"\r\n      >Primer trimestre<\/a\r\n    >\r\n  <\/p>\r\n  <p>\r\n    <a\r\n      href=\"https:\/\/sesesc.qroo.gob.mx\/wp-content\/uploads\/2024\/08\/SEGUNDO-INFORME-DE-MECANISMOS-2024.pdf\"\r\n      >Segundo trimestre<\/a\r\n    >\r\n  <\/p>\r\n  <p>\r\n    <a\r\n      href=\"https:\/\/sesesc.qroo.gob.mx\/wp-content\/uploads\/2024\/10\/TERCER-INFORME-DE-MECANISMOS-2024.pdf\"\r\n      >Tercer trimestre<\/a\r\n    >\r\n  <\/p>\r\n  <p>\r\n    <a\r\n      href=\"https:\/\/sesesc.qroo.gob.mx\/wp-content\/uploads\/2025\/01\/4.-DENUNCIAS-POR-INCUMPLIMIENTOS-A-LAS-OBLIGACIONES-DE-TRANSPARENCIA-CUARTO-TRIM-2024-1.pdf\"\r\n      >Cuarto trimestre<\/a\r\n    >\r\n  <\/p>\r\n<\/details>\r\n<style>\r\n  .div-container {\r\n    padding: 20px;\r\n    background-color: #ffffff;\r\n    transition: max-height 0.2s ease-out;\r\n    box-shadow: 1px 4px 8px rgba(0, 0, 0, 0.1);\r\n  }\r\n\r\n  details {\r\n    width: 100%;\r\n    margin: 10px 0;\r\n    background-color: #ececec;\r\n    border: 1px solid #ffffff00;\r\n    border-radius: 4px;\r\n    font-family: \"Montserrat\", sans-serif;\r\n  }\r\n\r\n  summary {\r\n    cursor: pointer;\r\n    font-weight: bold;\r\n    padding: 10px;\r\n    background-color: #afafaf;\r\n    border-bottom: 1px solid #ffffff00;\r\n    border-radius: 4px 4px 0 0;\r\n  }\r\n\r\n  details[open] summary {\r\n    background-color: #a0a0a0;\r\n  }\r\n\r\n  details p {\r\n    padding: 10px;\r\n    margin: 0;\r\n    background-color: #f9f9f9;\r\n    border-radius: 0 0 4px 4px;\r\n  }\r\n\r\n  a {\r\n    text-decoration: none;\r\n  }\r\n\r\n  a:hover {\r\n    text-decoration: underline;\r\n  }\r\n<\/style>\r\n\t\t\t\t<\/div>\n\t\t\t\t<\/div>\n\t\t\t\t<\/div>\n\t\t\t\t\t<\/div>\n\t\t\t\t<\/div>\n\t\t<div class=\"elementor-element elementor-element-9959a73 e-flex e-con-boxed e-con e-parent\" data-id=\"9959a73\" data-element_type=\"container\">\n\t\t\t\t\t<div class=\"e-con-inner\">\n\t\t<div class=\"elementor-element elementor-element-084588b e-con-full e-flex e-con e-child\" data-id=\"084588b\" data-element_type=\"container\">\n\t\t\t\t<div class=\"elementor-element elementor-element-cc2ed6b elementor-widget elementor-widget-image\" data-id=\"cc2ed6b\" data-element_type=\"widget\" data-widget_type=\"image.default\">\n\t\t\t\t<div class=\"elementor-widget-container\">\n\t\t\t\t\t\t\t\t\t\t\t\t\t\t\t<img decoding=\"async\" src=\"https:\/\/sesesc.qroo.gob.mx\/wp-content\/uploads\/elementor\/thumbs\/432662-qsy1c8e18i4y060ubo7lh2qtp0h2f7wcz77cknxvjc.png\" title=\"432662\" alt=\"432662\" loading=\"lazy\" \/>\t\t\t\t\t\t\t\t\t\t\t\t\t\t\t<\/div>\n\t\t\t\t<\/div>\n\t\t\t\t<\/div>\n\t\t<div class=\"elementor-element elementor-element-ad53a6d e-con-full e-flex e-con e-child\" data-id=\"ad53a6d\" data-element_type=\"container\">\n\t\t\t\t<div class=\"elementor-element elementor-element-7f12a03 elementor-widget elementor-widget-heading\" data-id=\"7f12a03\" data-element_type=\"widget\" data-widget_type=\"heading.default\">\n\t\t\t\t<div class=\"elementor-widget-container\">\n\t\t\t\t\t<h2 class=\"elementor-heading-title elementor-size-default\">Estad\u00edstica de preguntas <br>frecuentes<\/h2>\t\t\t\t<\/div>\n\t\t\t\t<\/div>\n\t\t\t\t<\/div>\n\t\t\t\t\t<\/div>\n\t\t\t\t<\/div>\n\t\t<div class=\"elementor-element elementor-element-97d0f21 e-con-full e-flex e-con e-parent\" data-id=\"97d0f21\" data-element_type=\"container\">\n\t\t\t\t<div class=\"elementor-element elementor-element-5128829 elementor-widget elementor-widget-html\" data-id=\"5128829\" data-element_type=\"widget\" data-widget_type=\"html.default\">\n\t\t\t\t<div class=\"elementor-widget-container\">\n\t\t\t\t\t<details>\r\n    <summary style=\"color: white;\">Documentos estad\u00edstica <\/summary>\r\n    <p><a href=\"https:\/\/sesesc.qroo.gob.mx\/wp-content\/uploads\/2024\/08\/1.-ESTADISTICA-PREGUNTAS-FRECUENTES.pdf\">Primer trimestre<\/a><\/p>\r\n    <p><a href=\"https:\/\/sesesc.qroo.gob.mx\/wp-content\/uploads\/2024\/08\/2.-ESTADISTICA-PREGUNTAS-FRECUENTES.pdf\">Segundo trimestre<\/a><\/p>\r\n    <p><a href=\"https:\/\/sesesc.qroo.gob.mx\/wp-content\/uploads\/2024\/10\/TERCER-INFORME-DE-MECANISMOS-2024-1.pdf\">Tercer trimestre<\/a><\/p>\r\n    <p><a href=\"https:\/\/sesesc.qroo.gob.mx\/wp-content\/uploads\/2025\/01\/4.-ESTADISTICA-PREGUNTAS-FRECUENTES-CUARTO-TRIM-2024.pdf\">Cuarto trimestre<\/a><\/p>\r\n<\/details>\r\n<style>\r\n    .div-container {\r\n        padding: 20px;\r\n        background-color: #ffffff;\r\n        transition: max-height 0.2s ease-out;\r\n        box-shadow: 1px 4px 8px rgba(0, 0, 0, 0.1);\r\n    }\r\n\r\n    details {\r\n        width: 100%;\r\n        margin: 10px 0;\r\n        background-color: #ececec; \r\n        border: 1px solid #ffffff00;\r\n        border-radius: 4px;\r\n        font-family: \"Montserrat\", sans-serif;\r\n    }\r\n\r\n    summary {\r\n        cursor: pointer;\r\n        font-weight: bold;\r\n        padding: 10px;\r\n        background-color: #afafaf;\r\n        border-bottom: 1px solid #ffffff00;\r\n        border-radius: 4px 4px 0 0;\r\n    }\r\n\r\n    details[open] summary {\r\n        background-color: #a0a0a0;\r\n    }\r\n\r\n    details p {\r\n        padding: 10px;\r\n        margin: 0;\r\n        background-color: #f9f9f9;\r\n        border-radius: 0 0 4px 4px;\r\n    }\r\n\r\n    a {\r\n        text-decoration: none;\r\n    }\r\n\r\n    a:hover {\r\n        text-decoration: underline;\r\n    }\r\n<\/style>\r\n\t\t\t\t<\/div>\n\t\t\t\t<\/div>\n\t\t\t\t<\/div>\n\t\t\t\t<\/div>\n\t\t","protected":false},"excerpt":{"rendered":"<p>XLIX Mecanismos de Presentaci\u00f3n Directa de Peticiones, Opiniones, Quejas, Denuncias o Sugerencias. En esta secci\u00f3n encontraras informaci\u00f3n relativo a los formatos para presentaci\u00f3n directa de peticiones, opiniones, quejas, denuncias o sugerencias, dirigido a este Sujeto Obligado y los informes generados trimestralmente. Actualizaci\u00f3n: Trimestral Informes de mecanismos 2023 DEL PRIMER TRIMESTRE- AL CUARTO TRIMESTRE Primer trimestre &#8230; <a title=\"XLIX Mecanismos de Presentaci\u00f3n Directa de Peticiones, Opiniones, Quejas, Denuncias o Sugerencias.\" class=\"read-more\" href=\"https:\/\/sesesc.qroo.gob.mx\/index.php\/xlix-mecanismos-de-presentacion-directa-de-peticiones-opiniones-quejas-denuncias-o-sugerencias-2\/\" aria-label=\"Leer m\u00e1s sobre XLIX Mecanismos de Presentaci\u00f3n Directa de Peticiones, Opiniones, Quejas, Denuncias o Sugerencias.\">Leer m\u00e1s<\/a><\/p>\n","protected":false},"author":4,"featured_media":0,"parent":0,"menu_order":0,"comment_status":"closed","ping_status":"closed","template":"","meta":{"footnotes":""},"class_list":["post-39349","page","type-page","status-publish"],"yoast_head":"<!-- This site is optimized with the Yoast SEO plugin v24.6 - https:\/\/yoast.com\/wordpress\/plugins\/seo\/ -->\n<title>XLIX Mecanismos de Presentaci\u00f3n Directa de Peticiones, Opiniones, Quejas, Denuncias o Sugerencias. - Secretariado Ejecutivo del Sistema Estatal de Seguridad P\u00fablica<\/title>\n<meta name=\"robots\" content=\"noindex, follow, max-snippet:-1, max-image-preview:large, max-video-preview:-1\" \/>\n<meta property=\"og:locale\" content=\"es_MX\" \/>\n<meta property=\"og:type\" content=\"article\" \/>\n<meta property=\"og:title\" content=\"XLIX Mecanismos de Presentaci\u00f3n Directa de Peticiones, Opiniones, Quejas, Denuncias o Sugerencias. - Secretariado Ejecutivo del Sistema Estatal de Seguridad P\u00fablica\" \/>\n<meta property=\"og:description\" content=\"XLIX Mecanismos de Presentaci\u00f3n Directa de Peticiones, Opiniones, Quejas, Denuncias o Sugerencias. En esta secci\u00f3n encontraras informaci\u00f3n relativo a los formatos para presentaci\u00f3n directa de peticiones, opiniones, quejas, denuncias o sugerencias, dirigido a este Sujeto Obligado y los informes generados trimestralmente. Actualizaci\u00f3n: Trimestral Informes de mecanismos 2023 DEL PRIMER TRIMESTRE- AL CUARTO TRIMESTRE Primer trimestre ... Leer m\u00e1s\" \/>\n<meta property=\"og:url\" content=\"https:\/\/sesesc.qroo.gob.mx\/index.php\/xlix-mecanismos-de-presentacion-directa-de-peticiones-opiniones-quejas-denuncias-o-sugerencias-2\/\" \/>\n<meta property=\"og:site_name\" content=\"Secretariado Ejecutivo del Sistema Estatal de Seguridad P\u00fablica\" \/>\n<meta property=\"article:modified_time\" content=\"2025-04-21T16:55:25+00:00\" \/>\n<meta property=\"og:image\" content=\"https:\/\/sesesc.qroo.gob.mx\/wp-content\/uploads\/elementor\/thumbs\/4451366-qsy0hkvid06bdyjrbf7l5t7oank5ek7hfhbb5te2g8.png\" \/>\n<meta name=\"twitter:card\" content=\"summary_large_image\" \/>\n<meta name=\"twitter:label1\" content=\"Tiempo de lectura\" \/>\n\t<meta name=\"twitter:data1\" content=\"1 minuto\" \/>\n<script type=\"application\/ld+json\" class=\"yoast-schema-graph\">{\"@context\":\"https:\/\/schema.org\",\"@graph\":[{\"@type\":\"WebPage\",\"@id\":\"https:\/\/sesesc.qroo.gob.mx\/index.php\/xlix-mecanismos-de-presentacion-directa-de-peticiones-opiniones-quejas-denuncias-o-sugerencias-2\/\",\"url\":\"https:\/\/sesesc.qroo.gob.mx\/index.php\/xlix-mecanismos-de-presentacion-directa-de-peticiones-opiniones-quejas-denuncias-o-sugerencias-2\/\",\"name\":\"XLIX Mecanismos de Presentaci\u00f3n Directa de Peticiones, Opiniones, Quejas, Denuncias o Sugerencias. - Secretariado Ejecutivo del Sistema Estatal de Seguridad P\u00fablica\",\"isPartOf\":{\"@id\":\"https:\/\/sesesc.qroo.gob.mx\/#website\"},\"primaryImageOfPage\":{\"@id\":\"https:\/\/sesesc.qroo.gob.mx\/index.php\/xlix-mecanismos-de-presentacion-directa-de-peticiones-opiniones-quejas-denuncias-o-sugerencias-2\/#primaryimage\"},\"image\":{\"@id\":\"https:\/\/sesesc.qroo.gob.mx\/index.php\/xlix-mecanismos-de-presentacion-directa-de-peticiones-opiniones-quejas-denuncias-o-sugerencias-2\/#primaryimage\"},\"thumbnailUrl\":\"https:\/\/sesesc.qroo.gob.mx\/wp-content\/uploads\/elementor\/thumbs\/4451366-qsy0hkvid06bdyjrbf7l5t7oank5ek7hfhbb5te2g8.png\",\"datePublished\":\"2025-04-21T16:52:04+00:00\",\"dateModified\":\"2025-04-21T16:55:25+00:00\",\"breadcrumb\":{\"@id\":\"https:\/\/sesesc.qroo.gob.mx\/index.php\/xlix-mecanismos-de-presentacion-directa-de-peticiones-opiniones-quejas-denuncias-o-sugerencias-2\/#breadcrumb\"},\"inLanguage\":\"es\",\"potentialAction\":[{\"@type\":\"ReadAction\",\"target\":[\"https:\/\/sesesc.qroo.gob.mx\/index.php\/xlix-mecanismos-de-presentacion-directa-de-peticiones-opiniones-quejas-denuncias-o-sugerencias-2\/\"]}]},{\"@type\":\"ImageObject\",\"inLanguage\":\"es\",\"@id\":\"https:\/\/sesesc.qroo.gob.mx\/index.php\/xlix-mecanismos-de-presentacion-directa-de-peticiones-opiniones-quejas-denuncias-o-sugerencias-2\/#primaryimage\",\"url\":\"https:\/\/sesesc.qroo.gob.mx\/wp-content\/uploads\/elementor\/thumbs\/4451366-qsy0hkvid06bdyjrbf7l5t7oank5ek7hfhbb5te2g8.png\",\"contentUrl\":\"https:\/\/sesesc.qroo.gob.mx\/wp-content\/uploads\/elementor\/thumbs\/4451366-qsy0hkvid06bdyjrbf7l5t7oank5ek7hfhbb5te2g8.png\"},{\"@type\":\"BreadcrumbList\",\"@id\":\"https:\/\/sesesc.qroo.gob.mx\/index.php\/xlix-mecanismos-de-presentacion-directa-de-peticiones-opiniones-quejas-denuncias-o-sugerencias-2\/#breadcrumb\",\"itemListElement\":[{\"@type\":\"ListItem\",\"position\":1,\"name\":\"Inicio\",\"item\":\"https:\/\/sesesc.qroo.gob.mx\/\"},{\"@type\":\"ListItem\",\"position\":2,\"name\":\"XLIX Mecanismos de Presentaci\u00f3n Directa de Peticiones, Opiniones, Quejas, Denuncias o Sugerencias.\"}]},{\"@type\":\"WebSite\",\"@id\":\"https:\/\/sesesc.qroo.gob.mx\/#website\",\"url\":\"https:\/\/sesesc.qroo.gob.mx\/\",\"name\":\"Secretariado Ejecutivo del Sistema Estatal de Seguridad P\u00fablica\",\"description\":\"\",\"potentialAction\":[{\"@type\":\"SearchAction\",\"target\":{\"@type\":\"EntryPoint\",\"urlTemplate\":\"https:\/\/sesesc.qroo.gob.mx\/?s={search_term_string}\"},\"query-input\":{\"@type\":\"PropertyValueSpecification\",\"valueRequired\":true,\"valueName\":\"search_term_string\"}}],\"inLanguage\":\"es\"}]}<\/script>\n<!-- \/ Yoast SEO plugin. -->","yoast_head_json":{"title":"XLIX Mecanismos de Presentaci\u00f3n Directa de Peticiones, Opiniones, Quejas, Denuncias o Sugerencias. - Secretariado Ejecutivo del Sistema Estatal de Seguridad P\u00fablica","robots":{"index":"noindex","follow":"follow","max-snippet":"max-snippet:-1","max-image-preview":"max-image-preview:large","max-video-preview":"max-video-preview:-1"},"og_locale":"es_MX","og_type":"article","og_title":"XLIX Mecanismos de Presentaci\u00f3n Directa de Peticiones, Opiniones, Quejas, Denuncias o Sugerencias. - Secretariado Ejecutivo del Sistema Estatal de Seguridad P\u00fablica","og_description":"XLIX Mecanismos de Presentaci\u00f3n Directa de Peticiones, Opiniones, Quejas, Denuncias o Sugerencias. En esta secci\u00f3n encontraras informaci\u00f3n relativo a los formatos para presentaci\u00f3n directa de peticiones, opiniones, quejas, denuncias o sugerencias, dirigido a este Sujeto Obligado y los informes generados trimestralmente. Actualizaci\u00f3n: Trimestral Informes de mecanismos 2023 DEL PRIMER TRIMESTRE- AL CUARTO TRIMESTRE Primer trimestre ... Leer m\u00e1s","og_url":"https:\/\/sesesc.qroo.gob.mx\/index.php\/xlix-mecanismos-de-presentacion-directa-de-peticiones-opiniones-quejas-denuncias-o-sugerencias-2\/","og_site_name":"Secretariado Ejecutivo del Sistema Estatal de Seguridad P\u00fablica","article_modified_time":"2025-04-21T16:55:25+00:00","og_image":[{"url":"https:\/\/sesesc.qroo.gob.mx\/wp-content\/uploads\/elementor\/thumbs\/4451366-qsy0hkvid06bdyjrbf7l5t7oank5ek7hfhbb5te2g8.png","type":"","width":"","height":""}],"twitter_card":"summary_large_image","twitter_misc":{"Tiempo de lectura":"1 minuto"},"schema":{"@context":"https:\/\/schema.org","@graph":[{"@type":"WebPage","@id":"https:\/\/sesesc.qroo.gob.mx\/index.php\/xlix-mecanismos-de-presentacion-directa-de-peticiones-opiniones-quejas-denuncias-o-sugerencias-2\/","url":"https:\/\/sesesc.qroo.gob.mx\/index.php\/xlix-mecanismos-de-presentacion-directa-de-peticiones-opiniones-quejas-denuncias-o-sugerencias-2\/","name":"XLIX Mecanismos de Presentaci\u00f3n Directa de Peticiones, Opiniones, Quejas, Denuncias o Sugerencias. - Secretariado Ejecutivo del Sistema Estatal de Seguridad P\u00fablica","isPartOf":{"@id":"https:\/\/sesesc.qroo.gob.mx\/#website"},"primaryImageOfPage":{"@id":"https:\/\/sesesc.qroo.gob.mx\/index.php\/xlix-mecanismos-de-presentacion-directa-de-peticiones-opiniones-quejas-denuncias-o-sugerencias-2\/#primaryimage"},"image":{"@id":"https:\/\/sesesc.qroo.gob.mx\/index.php\/xlix-mecanismos-de-presentacion-directa-de-peticiones-opiniones-quejas-denuncias-o-sugerencias-2\/#primaryimage"},"thumbnailUrl":"https:\/\/sesesc.qroo.gob.mx\/wp-content\/uploads\/elementor\/thumbs\/4451366-qsy0hkvid06bdyjrbf7l5t7oank5ek7hfhbb5te2g8.png","datePublished":"2025-04-21T16:52:04+00:00","dateModified":"2025-04-21T16:55:25+00:00","breadcrumb":{"@id":"https:\/\/sesesc.qroo.gob.mx\/index.php\/xlix-mecanismos-de-presentacion-directa-de-peticiones-opiniones-quejas-denuncias-o-sugerencias-2\/#breadcrumb"},"inLanguage":"es","potentialAction":[{"@type":"ReadAction","target":["https:\/\/sesesc.qroo.gob.mx\/index.php\/xlix-mecanismos-de-presentacion-directa-de-peticiones-opiniones-quejas-denuncias-o-sugerencias-2\/"]}]},{"@type":"ImageObject","inLanguage":"es","@id":"https:\/\/sesesc.qroo.gob.mx\/index.php\/xlix-mecanismos-de-presentacion-directa-de-peticiones-opiniones-quejas-denuncias-o-sugerencias-2\/#primaryimage","url":"https:\/\/sesesc.qroo.gob.mx\/wp-content\/uploads\/elementor\/thumbs\/4451366-qsy0hkvid06bdyjrbf7l5t7oank5ek7hfhbb5te2g8.png","contentUrl":"https:\/\/sesesc.qroo.gob.mx\/wp-content\/uploads\/elementor\/thumbs\/4451366-qsy0hkvid06bdyjrbf7l5t7oank5ek7hfhbb5te2g8.png"},{"@type":"BreadcrumbList","@id":"https:\/\/sesesc.qroo.gob.mx\/index.php\/xlix-mecanismos-de-presentacion-directa-de-peticiones-opiniones-quejas-denuncias-o-sugerencias-2\/#breadcrumb","itemListElement":[{"@type":"ListItem","position":1,"name":"Inicio","item":"https:\/\/sesesc.qroo.gob.mx\/"},{"@type":"ListItem","position":2,"name":"XLIX Mecanismos de Presentaci\u00f3n Directa de Peticiones, Opiniones, Quejas, Denuncias o Sugerencias."}]},{"@type":"WebSite","@id":"https:\/\/sesesc.qroo.gob.mx\/#website","url":"https:\/\/sesesc.qroo.gob.mx\/","name":"Secretariado Ejecutivo del Sistema Estatal de Seguridad P\u00fablica","description":"","potentialAction":[{"@type":"SearchAction","target":{"@type":"EntryPoint","urlTemplate":"https:\/\/sesesc.qroo.gob.mx\/?s={search_term_string}"},"query-input":{"@type":"PropertyValueSpecification","valueRequired":true,"valueName":"search_term_string"}}],"inLanguage":"es"}]}},"_links":{"self":[{"href":"https:\/\/sesesc.qroo.gob.mx\/index.php\/wp-json\/wp\/v2\/pages\/39349","targetHints":{"allow":["GET"]}}],"collection":[{"href":"https:\/\/sesesc.qroo.gob.mx\/index.php\/wp-json\/wp\/v2\/pages"}],"about":[{"href":"https:\/\/sesesc.qroo.gob.mx\/index.php\/wp-json\/wp\/v2\/types\/page"}],"author":[{"embeddable":true,"href":"https:\/\/sesesc.qroo.gob.mx\/index.php\/wp-json\/wp\/v2\/users\/4"}],"replies":[{"embeddable":true,"href":"https:\/\/sesesc.qroo.gob.mx\/index.php\/wp-json\/wp\/v2\/comments?post=39349"}],"version-history":[{"count":7,"href":"https:\/\/sesesc.qroo.gob.mx\/index.php\/wp-json\/wp\/v2\/pages\/39349\/revisions"}],"predecessor-version":[{"id":39356,"href":"https:\/\/sesesc.qroo.gob.mx\/index.php\/wp-json\/wp\/v2\/pages\/39349\/revisions\/39356"}],"wp:attachment":[{"href":"https:\/\/sesesc.qroo.gob.mx\/index.php\/wp-json\/wp\/v2\/media?parent=39349"}],"curies":[{"name":"wp","href":"https:\/\/api.w.org\/{rel}","templated":true}]}}