{"id":39451,"date":"2025-04-24T11:39:27","date_gmt":"2025-04-24T16:39:27","guid":{"rendered":"https:\/\/sesesc.qroo.gob.mx\/?page_id=39451"},"modified":"2026-04-28T15:44:43","modified_gmt":"2026-04-28T20:44:43","slug":"informes-de-solicitud-de-acceso-a-la-informacion-y-del-ejercicio-de-derecho-arco-sesesc","status":"publish","type":"page","link":"https:\/\/sesesc.qroo.gob.mx\/index.php\/informes-de-solicitud-de-acceso-a-la-informacion-y-del-ejercicio-de-derecho-arco-sesesc\/","title":{"rendered":"Informes de solicitud de acceso a la Informaci\u00f3n y del ejercicio de derecho ARCO\u00a0SESESC"},"content":{"rendered":"\t\t<div data-elementor-type=\"wp-page\" data-elementor-id=\"39451\" class=\"elementor elementor-39451\">\n\t\t\t\t<div class=\"elementor-element elementor-element-5935977e e-flex e-con-boxed e-con e-parent\" data-id=\"5935977e\" data-element_type=\"container\" data-settings=\"{&quot;background_background&quot;:&quot;classic&quot;}\">\n\t\t\t\t\t<div class=\"e-con-inner\">\n\t\t\t\t<div class=\"elementor-element elementor-element-d76de7f elementor-widget elementor-widget-heading\" data-id=\"d76de7f\" data-element_type=\"widget\" data-widget_type=\"heading.default\">\n\t\t\t\t<div class=\"elementor-widget-container\">\n\t\t\t\t\t<h2 class=\"elementor-heading-title elementor-size-default\">INFORMES DE SOLICITUDES DE ACCESO A LA INFORMACI\u00d3N <\/h2>\t\t\t\t<\/div>\n\t\t\t\t<\/div>\n\t\t\t\t\t<\/div>\n\t\t\t\t<\/div>\n\t\t<div class=\"elementor-element elementor-element-e600a3f e-flex e-con-boxed e-con e-parent\" data-id=\"e600a3f\" data-element_type=\"container\">\n\t\t\t\t\t<div class=\"e-con-inner\">\n\t\t\t\t<div class=\"elementor-element elementor-element-b8800d7 elementor-widget elementor-widget-html\" data-id=\"b8800d7\" data-element_type=\"widget\" data-widget_type=\"html.default\">\n\t\t\t\t<div class=\"elementor-widget-container\">\n\t\t\t\t\t<div class=\"container\">\r\n  <a\r\n    class=\"column\"\r\n    href=\"https:\/\/sesesc.qroo.gob.mx\/wp-content\/uploads\/2026\/04\/ARCO-SAI-ENERO-FEB-MARZ.pdf\"\r\n  >\r\n    <h2 class=\"blanco\"><b>2026<\/b><\/h2>\r\n    <span>Enero-Diciembre<\/span>\r\n  <\/a>\r\n<\/div>\r\n<style>\r\n  .container {\r\n    display: flex;\r\n    flex-wrap: wrap;\r\n    gap: 10px;\r\n    text-align: center;\r\n    font-family: \"Montserrat\";\r\n  }\r\n  .blanco {\r\n    color: white !important;\r\n  }\r\n  .column {\r\n    text-decoration: none;\r\n    color: white;\r\n    flex: 1;\r\n    background-color: #d6b482;\r\n    padding: 20px;\r\n    box-sizing: border-box;\r\n    border-radius: 20px;\r\n  }\r\n\r\n  @media (max-width: 768px) {\r\n    .column {\r\n      flex: 1 1 100%;\r\n    }\r\n  }\r\n<\/style>\t\t\t\t<\/div>\n\t\t\t\t<\/div>\n\t\t\t\t\t<\/div>\n\t\t\t\t<\/div>\n\t\t<div class=\"elementor-element elementor-element-43245c92 e-flex e-con-boxed e-con e-parent\" data-id=\"43245c92\" data-element_type=\"container\">\n\t\t\t\t\t<div class=\"e-con-inner\">\n\t\t\t\t<div class=\"elementor-element elementor-element-41667b20 elementor-widget elementor-widget-html\" data-id=\"41667b20\" data-element_type=\"widget\" data-widget_type=\"html.default\">\n\t\t\t\t<div class=\"elementor-widget-container\">\n\t\t\t\t\t<div class=\"container\">\r\n  <a\r\n    class=\"column\"\r\n    href=\"https:\/\/sesesc.qroo.gob.mx\/index.php\/2025-enero-diciembre-sai\/\"\r\n  >\r\n    <h2 class=\"blanco\"><b>2025<\/b><\/h2>\r\n    <span>Enero-Diciembre<\/span>\r\n  <\/a>\r\n<\/div>\r\n<style>\r\n  .container {\r\n    display: flex;\r\n    flex-wrap: wrap;\r\n    gap: 10px;\r\n    text-align: center;\r\n    font-family: \"Montserrat\";\r\n  }\r\n  .blanco {\r\n    color: white !important;\r\n  }\r\n  .column {\r\n    text-decoration: none;\r\n    color: white;\r\n    flex: 1;\r\n    background-color: #d6b482;\r\n    padding: 20px;\r\n    box-sizing: border-box;\r\n    border-radius: 20px;\r\n  }\r\n\r\n  @media (max-width: 768px) {\r\n    .column {\r\n      flex: 1 1 100%;\r\n    }\r\n  }\r\n<\/style>\r\n\t\t\t\t<\/div>\n\t\t\t\t<\/div>\n\t\t\t\t<div class=\"elementor-element elementor-element-b234bfb elementor-widget elementor-widget-spacer\" data-id=\"b234bfb\" data-element_type=\"widget\" data-widget_type=\"spacer.default\">\n\t\t\t\t<div class=\"elementor-widget-container\">\n\t\t\t\t\t\t\t<div class=\"elementor-spacer\">\n\t\t\t<div class=\"elementor-spacer-inner\"><\/div>\n\t\t<\/div>\n\t\t\t\t\t\t<\/div>\n\t\t\t\t<\/div>\n\t\t\t\t\t<\/div>\n\t\t\t\t<\/div>\n\t\t<div class=\"elementor-element elementor-element-0cf00d4 e-flex e-con-boxed e-con e-parent\" data-id=\"0cf00d4\" data-element_type=\"container\">\n\t\t\t\t\t<div class=\"e-con-inner\">\n\t\t\t\t<div class=\"elementor-element elementor-element-72a8ed3 elementor-widget elementor-widget-heading\" data-id=\"72a8ed3\" data-element_type=\"widget\" data-widget_type=\"heading.default\">\n\t\t\t\t<div class=\"elementor-widget-container\">\n\t\t\t\t\t<h2 class=\"elementor-heading-title elementor-size-default\">INFORMES MENSUALES DE SOLICITUDES DEL EJERCICIO DE DERECHOS ARCO<\/h2>\t\t\t\t<\/div>\n\t\t\t\t<\/div>\n\t\t\t\t\t<\/div>\n\t\t\t\t<\/div>\n\t\t<div class=\"elementor-element elementor-element-dc18f12 e-flex e-con-boxed e-con e-parent\" data-id=\"dc18f12\" data-element_type=\"container\">\n\t\t\t\t\t<div class=\"e-con-inner\">\n\t\t\t\t<div class=\"elementor-element elementor-element-b7e281c elementor-widget elementor-widget-html\" data-id=\"b7e281c\" data-element_type=\"widget\" data-widget_type=\"html.default\">\n\t\t\t\t<div class=\"elementor-widget-container\">\n\t\t\t\t\t<div class=\"container\">\r\n  <a\r\n    class=\"column\"\r\n    href=\"https:\/\/sesesc.qroo.gob.mx\/wp-content\/uploads\/2026\/04\/ARCO-ENERO-FEB-MARZ.pdf\"\r\n  >\r\n    <h2 class=\"blanco\"><b>2026<\/b><\/h2>\r\n    <span>Enero-Diciembre<\/span>\r\n  <\/a>\r\n<\/div>\r\n<style>\r\n  .container {\r\n    display: flex;\r\n    flex-wrap: wrap;\r\n    gap: 10px;\r\n    text-align: center;\r\n    font-family: \"Montserrat\";\r\n  }\r\n  .blanco {\r\n    color: white !important;\r\n  }\r\n  .column {\r\n    text-decoration: none;\r\n    color: white;\r\n    flex: 1;\r\n    background-color: #d6b482;\r\n    padding: 20px;\r\n    box-sizing: border-box;\r\n    border-radius: 20px;\r\n  }\r\n\r\n  @media (max-width: 768px) {\r\n    .column {\r\n      flex: 1 1 100%;\r\n    }\r\n  }\r\n<\/style>\t\t\t\t<\/div>\n\t\t\t\t<\/div>\n\t\t\t\t\t<\/div>\n\t\t\t\t<\/div>\n\t\t<div class=\"elementor-element elementor-element-c598caa e-flex e-con-boxed e-con e-parent\" data-id=\"c598caa\" data-element_type=\"container\">\n\t\t\t\t\t<div class=\"e-con-inner\">\n\t\t\t\t<div class=\"elementor-element elementor-element-58e218a elementor-widget elementor-widget-html\" data-id=\"58e218a\" data-element_type=\"widget\" data-widget_type=\"html.default\">\n\t\t\t\t<div class=\"elementor-widget-container\">\n\t\t\t\t\t<div class=\"container\">\r\n  <a\r\n    class=\"column\"\r\n    href=\"https:\/\/sesesc.qroo.gob.mx\/index.php\/2025-enero-diciembre-arco\/\"\r\n  >\r\n    <h2 class=\"blanco\"><b>2025<\/b><\/h2>\r\n    <span>Enero-Diciembre<\/span>\r\n  <\/a>\r\n<\/div>\r\n<style>\r\n  .container {\r\n    display: flex;\r\n    flex-wrap: wrap;\r\n    gap: 10px;\r\n    text-align: center;\r\n    font-family: \"Montserrat\";\r\n  }\r\n  .blanco {\r\n    color: white !important;\r\n  }\r\n  .column {\r\n    text-decoration: none;\r\n    color: white;\r\n    flex: 1;\r\n    background-color: #d6b482;\r\n    padding: 20px;\r\n    box-sizing: border-box;\r\n    border-radius: 20px;\r\n  }\r\n\r\n  @media (max-width: 768px) {\r\n    .column {\r\n      flex: 1 1 100%;\r\n    }\r\n  }\r\n<\/style>\r\n\t\t\t\t<\/div>\n\t\t\t\t<\/div>\n\t\t\t\t\t<\/div>\n\t\t\t\t<\/div>\n\t\t<div class=\"elementor-element elementor-element-cdbd20b e-flex e-con-boxed e-con e-parent\" data-id=\"cdbd20b\" data-element_type=\"container\">\n\t\t\t\t\t<div class=\"e-con-inner\">\n\t\t\t\t<div class=\"elementor-element elementor-element-90a50d7 elementor-widget elementor-widget-heading\" data-id=\"90a50d7\" data-element_type=\"widget\" data-widget_type=\"heading.default\">\n\t\t\t\t<div class=\"elementor-widget-container\">\n\t\t\t\t\t<h4 class=\"elementor-heading-title elementor-size-default\">Art\u00edculo 54. Informe de capacitaci\u00f3n semestral<\/h4>\t\t\t\t<\/div>\n\t\t\t\t<\/div>\n\t\t\t\t<div class=\"elementor-element elementor-element-cac91cf elementor-widget elementor-widget-html\" data-id=\"cac91cf\" data-element_type=\"widget\" data-widget_type=\"html.default\">\n\t\t\t\t<div class=\"elementor-widget-container\">\n\t\t\t\t\t<div class=\"container\">\r\n  <a\r\n    class=\"column\"\r\n    href=\"https:\/\/sesesc.qroo.gob.mx\/index.php\/informe-de-capacitacion-semestral\/\"\r\n  >\r\n    <h4 class=\"blanco\"><b>Informe de cumplimiento sobre la capacitaci\u00f3n proporcionada al personal que forma parte de los Comit\u00e9s y Unidades de Transparencia.\r\n<\/b><\/h4>\r\n  <\/a>\r\n<\/div>\r\n<style>\r\n  .container {\r\n    display: flex;\r\n    flex-wrap: wrap;\r\n    gap: 10px;\r\n    text-align: center;\r\n    font-family: \"Montserrat\";\r\n  }\r\n  .blanco {\r\n    color: white !important;\r\n  }\r\n  .column {\r\n    text-decoration: none;\r\n    color: white;\r\n    flex: 1;\r\n    background-color: #d6b482;\r\n    padding: 20px;\r\n    box-sizing: border-box;\r\n    border-radius: 20px;\r\n  }\r\n\r\n  @media (max-width: 768px) {\r\n    .column {\r\n      flex: 1 1 100%;\r\n    }\r\n  }\r\n<\/style>\r\n\t\t\t\t<\/div>\n\t\t\t\t<\/div>\n\t\t\t\t\t<\/div>\n\t\t\t\t<\/div>\n\t\t<div class=\"elementor-element elementor-element-30f624da e-flex e-con-boxed e-con e-parent\" data-id=\"30f624da\" data-element_type=\"container\">\n\t\t\t\t\t<div class=\"e-con-inner\">\n\t\t\t\t<div class=\"elementor-element elementor-element-74e1435f elementor-widget elementor-widget-text-editor\" data-id=\"74e1435f\" data-element_type=\"widget\" data-widget_type=\"text-editor.default\">\n\t\t\t\t<div class=\"elementor-widget-container\">\n\t\t\t\t\t\t\t\t\t<p>En esta secci\u00f3n podr\u00e1 acceder a los formatos y los requisitos para realizar las solicitudes de acceso a la informaci\u00f3n p\u00fablica.<\/p>\t\t\t\t\t\t\t\t<\/div>\n\t\t\t\t<\/div>\n\t\t\t\t\t<\/div>\n\t\t\t\t<\/div>\n\t\t<div class=\"elementor-element elementor-element-4e7935cf e-grid e-con-boxed e-con e-parent\" data-id=\"4e7935cf\" data-element_type=\"container\" data-settings=\"{&quot;background_background&quot;:&quot;classic&quot;}\">\n\t\t\t\t\t<div class=\"e-con-inner\">\n\t\t<div class=\"elementor-element elementor-element-2a29ef2e e-con-full e-flex e-con e-child\" data-id=\"2a29ef2e\" data-element_type=\"container\">\n\t\t<div class=\"elementor-element elementor-element-194c174 e-con-full e-flex e-con e-child\" data-id=\"194c174\" data-element_type=\"container\" data-settings=\"{&quot;background_background&quot;:&quot;gradient&quot;}\">\n\t\t\t\t<div class=\"elementor-element elementor-element-2847815e elementor-widget elementor-widget-text-editor\" data-id=\"2847815e\" data-element_type=\"widget\" data-widget_type=\"text-editor.default\">\n\t\t\t\t<div class=\"elementor-widget-container\">\n\t\t\t\t\t\t\t\t\t<h4 style=\"color: white\">Descarga el formato de solicitud de acceso a la informaci\u00f3n<\/h4>\t\t\t\t\t\t\t\t<\/div>\n\t\t\t\t<\/div>\n\t\t\t\t<div class=\"elementor-element elementor-element-3895536c elementor-view-default elementor-widget elementor-widget-icon\" data-id=\"3895536c\" data-element_type=\"widget\" data-widget_type=\"icon.default\">\n\t\t\t\t<div class=\"elementor-widget-container\">\n\t\t\t\t\t\t\t<div class=\"elementor-icon-wrapper\">\n\t\t\t<a class=\"elementor-icon\" href=\"https:\/\/sesesc.qroo.gob.mx\/wp-content\/uploads\/2025\/02\/1.-Formato-Solicitud-de-Informacion-Publica-SESESC-2025.pdf\">\n\t\t\t<i aria-hidden=\"true\" class=\"icon icon-download-button\"><\/i>\t\t\t<\/a>\n\t\t<\/div>\n\t\t\t\t\t\t<\/div>\n\t\t\t\t<\/div>\n\t\t\t\t<\/div>\n\t\t\t\t<\/div>\n\t\t<div class=\"elementor-element elementor-element-3f448426 e-con-full e-flex e-con e-child\" data-id=\"3f448426\" data-element_type=\"container\">\n\t\t<div class=\"elementor-element elementor-element-51abf04c e-con-full e-flex e-con e-child\" data-id=\"51abf04c\" data-element_type=\"container\" data-settings=\"{&quot;background_background&quot;:&quot;gradient&quot;}\">\n\t\t<div class=\"elementor-element elementor-element-5df1b77 e-con-full e-flex e-con e-child\" data-id=\"5df1b77\" data-element_type=\"container\" data-settings=\"{&quot;background_background&quot;:&quot;gradient&quot;}\">\n\t\t\t\t<div class=\"elementor-element elementor-element-1850b5ec elementor-widget elementor-widget-text-editor\" data-id=\"1850b5ec\" data-element_type=\"widget\" data-widget_type=\"text-editor.default\">\n\t\t\t\t<div class=\"elementor-widget-container\">\n\t\t\t\t\t\t\t\t\t<h4 style=\"color: white;\">Realiza tu solicitud en la Plataforma Nacional de Transparencia<\/h4>\t\t\t\t\t\t\t\t<\/div>\n\t\t\t\t<\/div>\n\t\t<div class=\"elementor-element elementor-element-5db0998 e-con-full e-flex e-con e-child\" data-id=\"5db0998\" data-element_type=\"container\" data-settings=\"{&quot;background_background&quot;:&quot;gradient&quot;}\">\n\t\t\t\t<div class=\"elementor-element elementor-element-5ebd4ea0 elementor-view-default elementor-widget elementor-widget-icon\" data-id=\"5ebd4ea0\" data-element_type=\"widget\" data-widget_type=\"icon.default\">\n\t\t\t\t<div class=\"elementor-widget-container\">\n\t\t\t\t\t\t\t<div class=\"elementor-icon-wrapper\">\n\t\t\t<a class=\"elementor-icon\" href=\"https:\/\/www.plataformadetransparencia.org.mx\/%20\">\n\t\t\t<i aria-hidden=\"true\" class=\"icon icon-download-button\"><\/i>\t\t\t<\/a>\n\t\t<\/div>\n\t\t\t\t\t\t<\/div>\n\t\t\t\t<\/div>\n\t\t\t\t<\/div>\n\t\t\t\t<\/div>\n\t\t\t\t<\/div>\n\t\t\t\t<\/div>\n\t\t\t\t\t<\/div>\n\t\t\t\t<\/div>\n\t\t\t\t<\/div>\n\t\t","protected":false},"excerpt":{"rendered":"<p>INFORMES DE SOLICITUDES DE ACCESO A LA INFORMACI\u00d3N 2026 Enero-Diciembre 2025 Enero-Diciembre INFORMES MENSUALES DE SOLICITUDES DEL EJERCICIO DE DERECHOS ARCO 2026 Enero-Diciembre 2025 Enero-Diciembre Art\u00edculo 54. Informe de capacitaci\u00f3n semestral Informe de cumplimiento sobre la capacitaci\u00f3n proporcionada al personal que forma parte de los Comit\u00e9s y Unidades de Transparencia. En esta secci\u00f3n podr\u00e1 acceder &#8230; <a title=\"Informes de solicitud de acceso a la Informaci\u00f3n y del ejercicio de derecho ARCO\u00a0SESESC\" class=\"read-more\" href=\"https:\/\/sesesc.qroo.gob.mx\/index.php\/informes-de-solicitud-de-acceso-a-la-informacion-y-del-ejercicio-de-derecho-arco-sesesc\/\" aria-label=\"Leer m\u00e1s sobre Informes de solicitud de acceso a la Informaci\u00f3n y del ejercicio de derecho ARCO\u00a0SESESC\">Leer m\u00e1s<\/a><\/p>\n","protected":false},"author":4,"featured_media":0,"parent":0,"menu_order":0,"comment_status":"closed","ping_status":"closed","template":"","meta":{"footnotes":""},"class_list":["post-39451","page","type-page","status-publish"],"yoast_head":"<!-- This site is optimized with the Yoast SEO plugin v24.6 - https:\/\/yoast.com\/wordpress\/plugins\/seo\/ -->\n<title>Informes de solicitud de acceso a la Informaci\u00f3n y del ejercicio de derecho ARCO\u00a0SESESC - Secretariado Ejecutivo del Sistema Estatal de Seguridad P\u00fablica<\/title>\n<meta name=\"robots\" content=\"noindex, follow, max-snippet:-1, max-image-preview:large, max-video-preview:-1\" \/>\n<meta property=\"og:locale\" content=\"es_MX\" \/>\n<meta property=\"og:type\" content=\"article\" \/>\n<meta property=\"og:title\" content=\"Informes de solicitud de acceso a la Informaci\u00f3n y del ejercicio de derecho ARCO\u00a0SESESC - Secretariado Ejecutivo del Sistema Estatal de Seguridad P\u00fablica\" \/>\n<meta property=\"og:description\" content=\"INFORMES DE SOLICITUDES DE ACCESO A LA INFORMACI\u00d3N 2026 Enero-Diciembre 2025 Enero-Diciembre INFORMES MENSUALES DE SOLICITUDES DEL EJERCICIO DE DERECHOS ARCO 2026 Enero-Diciembre 2025 Enero-Diciembre Art\u00edculo 54. Informe de capacitaci\u00f3n semestral Informe de cumplimiento sobre la capacitaci\u00f3n proporcionada al personal que forma parte de los Comit\u00e9s y Unidades de Transparencia. En esta secci\u00f3n podr\u00e1 acceder ... Leer m\u00e1s\" \/>\n<meta property=\"og:url\" content=\"https:\/\/sesesc.qroo.gob.mx\/index.php\/informes-de-solicitud-de-acceso-a-la-informacion-y-del-ejercicio-de-derecho-arco-sesesc\/\" \/>\n<meta property=\"og:site_name\" content=\"Secretariado Ejecutivo del Sistema Estatal de Seguridad P\u00fablica\" \/>\n<meta property=\"article:modified_time\" content=\"2026-04-28T20:44:43+00:00\" \/>\n<meta name=\"twitter:card\" content=\"summary_large_image\" \/>\n<meta name=\"twitter:label1\" content=\"Tiempo de lectura\" \/>\n\t<meta name=\"twitter:data1\" content=\"1 minuto\" \/>\n<script type=\"application\/ld+json\" class=\"yoast-schema-graph\">{\"@context\":\"https:\/\/schema.org\",\"@graph\":[{\"@type\":\"WebPage\",\"@id\":\"https:\/\/sesesc.qroo.gob.mx\/index.php\/informes-de-solicitud-de-acceso-a-la-informacion-y-del-ejercicio-de-derecho-arco-sesesc\/\",\"url\":\"https:\/\/sesesc.qroo.gob.mx\/index.php\/informes-de-solicitud-de-acceso-a-la-informacion-y-del-ejercicio-de-derecho-arco-sesesc\/\",\"name\":\"Informes de solicitud de acceso a la Informaci\u00f3n y del ejercicio de derecho ARCO\u00a0SESESC - Secretariado Ejecutivo del Sistema Estatal de Seguridad P\u00fablica\",\"isPartOf\":{\"@id\":\"https:\/\/sesesc.qroo.gob.mx\/#website\"},\"datePublished\":\"2025-04-24T16:39:27+00:00\",\"dateModified\":\"2026-04-28T20:44:43+00:00\",\"breadcrumb\":{\"@id\":\"https:\/\/sesesc.qroo.gob.mx\/index.php\/informes-de-solicitud-de-acceso-a-la-informacion-y-del-ejercicio-de-derecho-arco-sesesc\/#breadcrumb\"},\"inLanguage\":\"es\",\"potentialAction\":[{\"@type\":\"ReadAction\",\"target\":[\"https:\/\/sesesc.qroo.gob.mx\/index.php\/informes-de-solicitud-de-acceso-a-la-informacion-y-del-ejercicio-de-derecho-arco-sesesc\/\"]}]},{\"@type\":\"BreadcrumbList\",\"@id\":\"https:\/\/sesesc.qroo.gob.mx\/index.php\/informes-de-solicitud-de-acceso-a-la-informacion-y-del-ejercicio-de-derecho-arco-sesesc\/#breadcrumb\",\"itemListElement\":[{\"@type\":\"ListItem\",\"position\":1,\"name\":\"Inicio\",\"item\":\"https:\/\/sesesc.qroo.gob.mx\/\"},{\"@type\":\"ListItem\",\"position\":2,\"name\":\"Informes de solicitud de acceso a la Informaci\u00f3n y del ejercicio de derecho ARCO\u00a0SESESC\"}]},{\"@type\":\"WebSite\",\"@id\":\"https:\/\/sesesc.qroo.gob.mx\/#website\",\"url\":\"https:\/\/sesesc.qroo.gob.mx\/\",\"name\":\"Secretariado Ejecutivo del Sistema Estatal de Seguridad P\u00fablica\",\"description\":\"\",\"potentialAction\":[{\"@type\":\"SearchAction\",\"target\":{\"@type\":\"EntryPoint\",\"urlTemplate\":\"https:\/\/sesesc.qroo.gob.mx\/?s={search_term_string}\"},\"query-input\":{\"@type\":\"PropertyValueSpecification\",\"valueRequired\":true,\"valueName\":\"search_term_string\"}}],\"inLanguage\":\"es\"}]}<\/script>\n<!-- \/ Yoast SEO plugin. -->","yoast_head_json":{"title":"Informes de solicitud de acceso a la Informaci\u00f3n y del ejercicio de derecho ARCO\u00a0SESESC - Secretariado Ejecutivo del Sistema Estatal de Seguridad P\u00fablica","robots":{"index":"noindex","follow":"follow","max-snippet":"max-snippet:-1","max-image-preview":"max-image-preview:large","max-video-preview":"max-video-preview:-1"},"og_locale":"es_MX","og_type":"article","og_title":"Informes de solicitud de acceso a la Informaci\u00f3n y del ejercicio de derecho ARCO\u00a0SESESC - Secretariado Ejecutivo del Sistema Estatal de Seguridad P\u00fablica","og_description":"INFORMES DE SOLICITUDES DE ACCESO A LA INFORMACI\u00d3N 2026 Enero-Diciembre 2025 Enero-Diciembre INFORMES MENSUALES DE SOLICITUDES DEL EJERCICIO DE DERECHOS ARCO 2026 Enero-Diciembre 2025 Enero-Diciembre Art\u00edculo 54. Informe de capacitaci\u00f3n semestral Informe de cumplimiento sobre la capacitaci\u00f3n proporcionada al personal que forma parte de los Comit\u00e9s y Unidades de Transparencia. En esta secci\u00f3n podr\u00e1 acceder ... Leer m\u00e1s","og_url":"https:\/\/sesesc.qroo.gob.mx\/index.php\/informes-de-solicitud-de-acceso-a-la-informacion-y-del-ejercicio-de-derecho-arco-sesesc\/","og_site_name":"Secretariado Ejecutivo del Sistema Estatal de Seguridad P\u00fablica","article_modified_time":"2026-04-28T20:44:43+00:00","twitter_card":"summary_large_image","twitter_misc":{"Tiempo de lectura":"1 minuto"},"schema":{"@context":"https:\/\/schema.org","@graph":[{"@type":"WebPage","@id":"https:\/\/sesesc.qroo.gob.mx\/index.php\/informes-de-solicitud-de-acceso-a-la-informacion-y-del-ejercicio-de-derecho-arco-sesesc\/","url":"https:\/\/sesesc.qroo.gob.mx\/index.php\/informes-de-solicitud-de-acceso-a-la-informacion-y-del-ejercicio-de-derecho-arco-sesesc\/","name":"Informes de solicitud de acceso a la Informaci\u00f3n y del ejercicio de derecho ARCO\u00a0SESESC - Secretariado Ejecutivo del Sistema Estatal de Seguridad P\u00fablica","isPartOf":{"@id":"https:\/\/sesesc.qroo.gob.mx\/#website"},"datePublished":"2025-04-24T16:39:27+00:00","dateModified":"2026-04-28T20:44:43+00:00","breadcrumb":{"@id":"https:\/\/sesesc.qroo.gob.mx\/index.php\/informes-de-solicitud-de-acceso-a-la-informacion-y-del-ejercicio-de-derecho-arco-sesesc\/#breadcrumb"},"inLanguage":"es","potentialAction":[{"@type":"ReadAction","target":["https:\/\/sesesc.qroo.gob.mx\/index.php\/informes-de-solicitud-de-acceso-a-la-informacion-y-del-ejercicio-de-derecho-arco-sesesc\/"]}]},{"@type":"BreadcrumbList","@id":"https:\/\/sesesc.qroo.gob.mx\/index.php\/informes-de-solicitud-de-acceso-a-la-informacion-y-del-ejercicio-de-derecho-arco-sesesc\/#breadcrumb","itemListElement":[{"@type":"ListItem","position":1,"name":"Inicio","item":"https:\/\/sesesc.qroo.gob.mx\/"},{"@type":"ListItem","position":2,"name":"Informes de solicitud de acceso a la Informaci\u00f3n y del ejercicio de derecho ARCO\u00a0SESESC"}]},{"@type":"WebSite","@id":"https:\/\/sesesc.qroo.gob.mx\/#website","url":"https:\/\/sesesc.qroo.gob.mx\/","name":"Secretariado Ejecutivo del Sistema Estatal de Seguridad P\u00fablica","description":"","potentialAction":[{"@type":"SearchAction","target":{"@type":"EntryPoint","urlTemplate":"https:\/\/sesesc.qroo.gob.mx\/?s={search_term_string}"},"query-input":{"@type":"PropertyValueSpecification","valueRequired":true,"valueName":"search_term_string"}}],"inLanguage":"es"}]}},"_links":{"self":[{"href":"https:\/\/sesesc.qroo.gob.mx\/index.php\/wp-json\/wp\/v2\/pages\/39451","targetHints":{"allow":["GET"]}}],"collection":[{"href":"https:\/\/sesesc.qroo.gob.mx\/index.php\/wp-json\/wp\/v2\/pages"}],"about":[{"href":"https:\/\/sesesc.qroo.gob.mx\/index.php\/wp-json\/wp\/v2\/types\/page"}],"author":[{"embeddable":true,"href":"https:\/\/sesesc.qroo.gob.mx\/index.php\/wp-json\/wp\/v2\/users\/4"}],"replies":[{"embeddable":true,"href":"https:\/\/sesesc.qroo.gob.mx\/index.php\/wp-json\/wp\/v2\/comments?post=39451"}],"version-history":[{"count":23,"href":"https:\/\/sesesc.qroo.gob.mx\/index.php\/wp-json\/wp\/v2\/pages\/39451\/revisions"}],"predecessor-version":[{"id":41123,"href":"https:\/\/sesesc.qroo.gob.mx\/index.php\/wp-json\/wp\/v2\/pages\/39451\/revisions\/41123"}],"wp:attachment":[{"href":"https:\/\/sesesc.qroo.gob.mx\/index.php\/wp-json\/wp\/v2\/media?parent=39451"}],"curies":[{"name":"wp","href":"https:\/\/api.w.org\/{rel}","templated":true}]}}