{"id":39523,"date":"2025-04-24T13:27:38","date_gmt":"2025-04-24T18:27:38","guid":{"rendered":"https:\/\/sesesc.qroo.gob.mx\/?page_id=39523"},"modified":"2026-04-29T12:36:22","modified_gmt":"2026-04-29T17:36:22","slug":"obligaciones-de-transparencia-sesesc","status":"publish","type":"page","link":"https:\/\/sesesc.qroo.gob.mx\/index.php\/obligaciones-de-transparencia-sesesc\/","title":{"rendered":"Obligaciones de Transparencia SESESC"},"content":{"rendered":"\t\t<div data-elementor-type=\"wp-page\" data-elementor-id=\"39523\" class=\"elementor elementor-39523\">\n\t\t\t\t<div class=\"elementor-element elementor-element-7a4c64b5 e-flex e-con-boxed e-con e-parent\" data-id=\"7a4c64b5\" data-element_type=\"container\" data-settings=\"{&quot;background_background&quot;:&quot;classic&quot;}\">\n\t\t\t\t\t<div class=\"e-con-inner\">\n\t\t\t\t<div class=\"elementor-element elementor-element-417dc529 elementor-widget elementor-widget-heading\" data-id=\"417dc529\" data-element_type=\"widget\" data-widget_type=\"heading.default\">\n\t\t\t\t<div class=\"elementor-widget-container\">\n\t\t\t\t\t<h2 class=\"elementor-heading-title elementor-size-default\">OBLIGACIONES DE TRANSPARENCIA<\/h2>\t\t\t\t<\/div>\n\t\t\t\t<\/div>\n\t\t\t\t\t<\/div>\n\t\t\t\t<\/div>\n\t\t<div class=\"elementor-element elementor-element-3cdc7908 e-flex e-con-boxed e-con e-parent\" data-id=\"3cdc7908\" data-element_type=\"container\">\n\t\t\t\t\t<div class=\"e-con-inner\">\n\t\t\t\t<div class=\"elementor-element elementor-element-3668e7c4 elementor-widget elementor-widget-text-editor\" data-id=\"3668e7c4\" data-element_type=\"widget\" data-widget_type=\"text-editor.default\">\n\t\t\t\t<div class=\"elementor-widget-container\">\n\t\t\t\t\t\t\t\t\t<p>En esta secci\u00f3n podr\u00e1 acceder a la informaci\u00f3n P\u00fablica del SESESC, para cumplir con sus Obligaciones de Transparencia establecidas en la Ley General de Transparencia y Acceso a la Informaci\u00f3n P\u00fablica y la Ley de Transparencia y Acceso a la Informaci\u00f3n P\u00fablica del Estado de Quintana Roo, de acuerdo con la Tabla de Aplicabilidad aprobada por el Pleno.<\/p>\t\t\t\t\t\t\t\t<\/div>\n\t\t\t\t<\/div>\n\t\t\t\t\t<\/div>\n\t\t\t\t<\/div>\n\t\t<div class=\"elementor-element elementor-element-46048aed e-con-full e-flex e-con e-parent\" data-id=\"46048aed\" data-element_type=\"container\">\n\t\t\t\t<div class=\"elementor-element elementor-element-59797ea7 elementor-widget elementor-widget-heading\" data-id=\"59797ea7\" data-element_type=\"widget\" data-widget_type=\"heading.default\">\n\t\t\t\t<div class=\"elementor-widget-container\">\n\t\t\t\t\t<h4 class=\"elementor-heading-title elementor-size-default\">Sistemas de portales de Obligaciones de Transparencia<\/h4>\t\t\t\t<\/div>\n\t\t\t\t<\/div>\n\t\t<div class=\"elementor-element elementor-element-64e5b706 e-flex e-con-boxed e-con e-child\" data-id=\"64e5b706\" data-element_type=\"container\">\n\t\t\t\t\t<div class=\"e-con-inner\">\n\t\t\t\t<div class=\"elementor-element elementor-element-1de02ce2 elementor-widget elementor-widget-text-editor\" data-id=\"1de02ce2\" data-element_type=\"widget\" data-widget_type=\"text-editor.default\">\n\t\t\t\t<div class=\"elementor-widget-container\">\n\t\t\t\t\t\t\t\t\t<p>Los sujetos obligados deber\u00e1n publicar en la Plataforma Nacional y en sus portales de internet, en forma permanente y actualizada, con acceso al p\u00fablico y mediante procesos inform\u00e1ticos sencillos y de f\u00e1cil comprensi\u00f3n, y de acuerdo con sus facultades, atribuciones, funciones u objeto social, seg\u00fan corresponda, la informaci\u00f3n de car\u00e1cter com\u00fan.<\/p>\t\t\t\t\t\t\t\t<\/div>\n\t\t\t\t<\/div>\n\t\t<div class=\"elementor-element elementor-element-d31fe25 e-con-full e-flex e-con e-child\" data-id=\"d31fe25\" data-element_type=\"container\">\n\t\t\t\t<div class=\"elementor-element elementor-element-5a148c9 elementor-invisible elementor-widget elementor-widget-image\" data-id=\"5a148c9\" data-element_type=\"widget\" data-settings=\"{&quot;_animation&quot;:&quot;bounce&quot;}\" data-widget_type=\"image.default\">\n\t\t\t\t<div class=\"elementor-widget-container\">\n\t\t\t\t\t\t\t\t\t\t\t\t\t\t\t\t<a href=\"https:\/\/consultapublicamx.plataformadetransparencia.org.mx\/vut-web\/faces\/view\/consultaPublica.xhtml?idEntidad=MjM=&#038;idOrgano=MjM=&#038;idSujetoObligado=MjU3OTc=#inicio%20\">\n\t\t\t\t\t\t\t<img fetchpriority=\"high\" decoding=\"async\" width=\"3000\" height=\"534\" src=\"https:\/\/sesesc.qroo.gob.mx\/wp-content\/uploads\/2025\/07\/banner_pnt.png\" class=\"attachment-full size-full wp-image-40087\" alt=\"\" srcset=\"https:\/\/sesesc.qroo.gob.mx\/wp-content\/uploads\/2025\/07\/banner_pnt.png 3000w, https:\/\/sesesc.qroo.gob.mx\/wp-content\/uploads\/2025\/07\/banner_pnt-300x53.png 300w, https:\/\/sesesc.qroo.gob.mx\/wp-content\/uploads\/2025\/07\/banner_pnt-1024x182.png 1024w, https:\/\/sesesc.qroo.gob.mx\/wp-content\/uploads\/2025\/07\/banner_pnt-768x137.png 768w, https:\/\/sesesc.qroo.gob.mx\/wp-content\/uploads\/2025\/07\/banner_pnt-1536x273.png 1536w, https:\/\/sesesc.qroo.gob.mx\/wp-content\/uploads\/2025\/07\/banner_pnt-2048x365.png 2048w\" sizes=\"(max-width: 3000px) 100vw, 3000px\" \/>\t\t\t\t\t\t\t\t<\/a>\n\t\t\t\t\t\t\t\t\t\t\t\t\t\t\t<\/div>\n\t\t\t\t<\/div>\n\t\t\t\t<\/div>\n\t\t\t\t\t<\/div>\n\t\t\t\t<\/div>\n\t\t\t\t<\/div>\n\t\t<div class=\"elementor-element elementor-element-2eb1cc32 e-con-full e-flex e-con e-parent\" data-id=\"2eb1cc32\" data-element_type=\"container\">\n\t\t\t\t<div class=\"elementor-element elementor-element-1d31484f elementor-widget elementor-widget-heading\" data-id=\"1d31484f\" data-element_type=\"widget\" data-widget_type=\"heading.default\">\n\t\t\t\t<div class=\"elementor-widget-container\">\n\t\t\t\t\t<h4 class=\"elementor-heading-title elementor-size-default\">Tabla de aplicabilidad y Tabla de actualizaci\u00f3n y conservaci\u00f3n de la Informaci\u00f3n<\/h4>\t\t\t\t<\/div>\n\t\t\t\t<\/div>\n\t\t<div class=\"elementor-element elementor-element-793a5814 e-flex e-con-boxed e-con e-child\" data-id=\"793a5814\" data-element_type=\"container\">\n\t\t\t\t\t<div class=\"e-con-inner\">\n\t\t\t\t<div class=\"elementor-element elementor-element-2e89f755 elementor-widget elementor-widget-text-editor\" data-id=\"2e89f755\" data-element_type=\"widget\" data-widget_type=\"text-editor.default\">\n\t\t\t\t<div class=\"elementor-widget-container\">\n\t\t\t\t\t\t\t\t\t<p>Los Sujetos Obligados deber\u00e1n informar al Instituto y verificar que se publiquen en la Plataforma Nacional de Transparencia, cu\u00e1les son los rubros que son aplicables a sus portales de Internet.<\/p>\t\t\t\t\t\t\t\t<\/div>\n\t\t\t\t<\/div>\n\t\t\t\t\t<\/div>\n\t\t\t\t<\/div>\n\t\t\t\t<\/div>\n\t\t<div class=\"elementor-element elementor-element-e7f46ea e-flex e-con-boxed e-con e-parent\" data-id=\"e7f46ea\" data-element_type=\"container\">\n\t\t\t\t\t<div class=\"e-con-inner\">\n\t\t<div class=\"elementor-element elementor-element-9ffaf2d e-con-full e-flex e-con e-child\" data-id=\"9ffaf2d\" data-element_type=\"container\">\n\t\t\t\t<div class=\"elementor-element elementor-element-182093c5 elementor-invisible elementor-widget elementor-widget-image\" data-id=\"182093c5\" data-element_type=\"widget\" data-settings=\"{&quot;_animation&quot;:&quot;bounce&quot;}\" data-widget_type=\"image.default\">\n\t\t\t\t<div class=\"elementor-widget-container\">\n\t\t\t\t\t\t\t\t\t\t\t\t\t\t\t\t<a href=\"https:\/\/sesesc.qroo.gob.mx\/wp-content\/uploads\/2026\/04\/TABLA-DE-APLICABILIDAD-2026-VF-SESESC.pdf\">\n\t\t\t\t\t\t\t<img decoding=\"async\" width=\"1024\" height=\"431\" src=\"https:\/\/sesesc.qroo.gob.mx\/wp-content\/uploads\/2024\/08\/tabla-aplicabilidad-1024x431.png\" class=\"attachment-large size-large wp-image-37683\" alt=\"\" srcset=\"https:\/\/sesesc.qroo.gob.mx\/wp-content\/uploads\/2024\/08\/tabla-aplicabilidad-1024x431.png 1024w, https:\/\/sesesc.qroo.gob.mx\/wp-content\/uploads\/2024\/08\/tabla-aplicabilidad-300x126.png 300w, https:\/\/sesesc.qroo.gob.mx\/wp-content\/uploads\/2024\/08\/tabla-aplicabilidad-768x324.png 768w, https:\/\/sesesc.qroo.gob.mx\/wp-content\/uploads\/2024\/08\/tabla-aplicabilidad-1536x647.png 1536w, https:\/\/sesesc.qroo.gob.mx\/wp-content\/uploads\/2024\/08\/tabla-aplicabilidad-2048x863.png 2048w\" sizes=\"(max-width: 1024px) 100vw, 1024px\" \/>\t\t\t\t\t\t\t\t<\/a>\n\t\t\t\t\t\t\t\t\t\t\t\t\t\t\t<\/div>\n\t\t\t\t<\/div>\n\t\t\t\t<\/div>\n\t\t<div class=\"elementor-element elementor-element-b1aaea0 e-con-full e-flex e-con e-child\" data-id=\"b1aaea0\" data-element_type=\"container\">\n\t\t\t\t<\/div>\n\t\t<div class=\"elementor-element elementor-element-91c19b0 e-con-full e-flex e-con e-child\" data-id=\"91c19b0\" data-element_type=\"container\">\n\t\t\t\t<div class=\"elementor-element elementor-element-514df181 elementor-invisible elementor-widget elementor-widget-image\" data-id=\"514df181\" data-element_type=\"widget\" data-settings=\"{&quot;_animation&quot;:&quot;bounce&quot;}\" data-widget_type=\"image.default\">\n\t\t\t\t<div class=\"elementor-widget-container\">\n\t\t\t\t\t\t\t\t\t\t\t\t\t\t\t\t<a href=\"https:\/\/sesesc.qroo.gob.mx\/wp-content\/uploads\/2026\/04\/TABLA-DE-CONSERVACION-Y-ACTUALIZACION-2026-OFICIAL-VIGENTE.pdf\">\n\t\t\t\t\t\t\t<img decoding=\"async\" width=\"1024\" height=\"431\" src=\"https:\/\/sesesc.qroo.gob.mx\/wp-content\/uploads\/2024\/08\/tabla-actualizacion-conservacion-1024x431.png\" class=\"attachment-large size-large wp-image-37684\" alt=\"\" srcset=\"https:\/\/sesesc.qroo.gob.mx\/wp-content\/uploads\/2024\/08\/tabla-actualizacion-conservacion-1024x431.png 1024w, https:\/\/sesesc.qroo.gob.mx\/wp-content\/uploads\/2024\/08\/tabla-actualizacion-conservacion-300x126.png 300w, https:\/\/sesesc.qroo.gob.mx\/wp-content\/uploads\/2024\/08\/tabla-actualizacion-conservacion-768x324.png 768w, https:\/\/sesesc.qroo.gob.mx\/wp-content\/uploads\/2024\/08\/tabla-actualizacion-conservacion-1536x647.png 1536w, https:\/\/sesesc.qroo.gob.mx\/wp-content\/uploads\/2024\/08\/tabla-actualizacion-conservacion-2048x863.png 2048w\" sizes=\"(max-width: 1024px) 100vw, 1024px\" \/>\t\t\t\t\t\t\t\t<\/a>\n\t\t\t\t\t\t\t\t\t\t\t\t\t\t\t<\/div>\n\t\t\t\t<\/div>\n\t\t\t\t<\/div>\n\t\t\t\t\t<\/div>\n\t\t\t\t<\/div>\n\t\t<div class=\"elementor-element elementor-element-cd1a759 e-flex e-con-boxed e-con e-parent\" data-id=\"cd1a759\" data-element_type=\"container\" data-settings=\"{&quot;background_background&quot;:&quot;classic&quot;}\">\n\t\t\t\t\t<div class=\"e-con-inner\">\n\t\t\t\t<div class=\"elementor-element elementor-element-9e86eaa elementor-widget elementor-widget-heading\" data-id=\"9e86eaa\" data-element_type=\"widget\" data-widget_type=\"heading.default\">\n\t\t\t\t<div class=\"elementor-widget-container\">\n\t\t\t\t\t<h2 class=\"elementor-heading-title elementor-size-default\">OBLIGACIONES DE TRANSPARENCIA DEL SESESC<\/h2>\t\t\t\t<\/div>\n\t\t\t\t<\/div>\n\t\t\t\t\t<\/div>\n\t\t\t\t<\/div>\n\t\t<div class=\"elementor-element elementor-element-69ae59e e-flex e-con-boxed e-con e-parent\" data-id=\"69ae59e\" data-element_type=\"container\">\n\t\t\t\t\t<div class=\"e-con-inner\">\n\t\t\t\t<div class=\"elementor-element elementor-element-eff8cf5 elementor-widget elementor-widget-text-editor\" data-id=\"eff8cf5\" data-element_type=\"widget\" data-widget_type=\"text-editor.default\">\n\t\t\t\t<div class=\"elementor-widget-container\">\n\t\t\t\t\t\t\t\t\t<p>Informaci\u00f3n hist\u00f3rica referidas en el art\u00edculo 91 sobre fracciones comunes de este sujeto obligado.\u00a0 Podr\u00e1 consultar informaci\u00f3n p\u00fablica obligatoria de car\u00e1cter hist\u00f3rico, correspondiente a los art\u00edculos 91 y 93 de la Ley de Transparencia y Acceso a la Informaci\u00f3n P\u00fablica para el Estado de Quintana Roo, aplicable a los ejercicios 2022, 2023, 2024 y 2025, conforme a la legislaci\u00f3n vigente en dichos periodos.<\/p>\t\t\t\t\t\t\t\t<\/div>\n\t\t\t\t<\/div>\n\t\t\t\t\t<\/div>\n\t\t\t\t<\/div>\n\t\t<div class=\"elementor-element elementor-element-9315519 e-flex e-con-boxed e-con e-parent\" data-id=\"9315519\" data-element_type=\"container\">\n\t\t\t\t\t<div class=\"e-con-inner\">\n\t\t<div class=\"elementor-element elementor-element-bd11ad3 e-con-full e-flex e-con e-child\" data-id=\"bd11ad3\" data-element_type=\"container\">\n\t\t\t\t<div class=\"elementor-element elementor-element-401d175 elementor-widget elementor-widget-eael-creative-button\" data-id=\"401d175\" data-element_type=\"widget\" data-widget_type=\"eael-creative-button.default\">\n\t\t\t\t<div class=\"elementor-widget-container\">\n\t\t\t\t\t        <div class=\"eael-creative-button-wrapper\">\n\n            <a class=\"eael-creative-button eael-creative-button--default\" href=\"https:\/\/consultapublicamx.plataformadetransparencia.org.mx\/vut-web\/faces\/view\/consultaPublica.xhtml?idEntidad=MjM=&#038;idOrgano=MjM=&#038;idSujetoObligado=MjU3OTc=#inicio\" data-text=\"Go!\">\n\n\t    \n                <div class=\"creative-button-inner\">\n\n                    \n                    <span class=\"cretive-button-text\">OBLIGACIONES GENERALES<\/span>\n\n                                    <\/div>\n\t                        <\/a>\n        <\/div>\n        \t\t\t\t<\/div>\n\t\t\t\t<\/div>\n\t\t\t\t<\/div>\n\t\t<div class=\"elementor-element elementor-element-1572ac2 e-con-full e-flex e-con e-child\" data-id=\"1572ac2\" data-element_type=\"container\">\n\t\t\t\t<div class=\"elementor-element elementor-element-5071c6f elementor-widget elementor-widget-eael-creative-button\" data-id=\"5071c6f\" data-element_type=\"widget\" data-widget_type=\"eael-creative-button.default\">\n\t\t\t\t<div class=\"elementor-widget-container\">\n\t\t\t\t\t        <div class=\"eael-creative-button-wrapper\">\n\n            <a class=\"eael-creative-button eael-creative-button--default\" href=\"https:\/\/consultapublicamx.plataformadetransparencia.org.mx\/vut-web\/faces\/view\/consultaPublica.xhtml?idEntidad=MjM=&#038;idOrgano=MjM=&#038;idSujetoObligado=MjU3OTc=#inicio\" data-text=\"OBLIGACIONES ESPECIFICAS\">\n\n\t    \n                <div class=\"creative-button-inner\">\n\n                    \n                    <span class=\"cretive-button-text\">OBLIGACIONES ESPECIFICAS<\/span>\n\n                                    <\/div>\n\t                        <\/a>\n        <\/div>\n        \t\t\t\t<\/div>\n\t\t\t\t<\/div>\n\t\t\t\t<\/div>\n\t\t\t\t\t<\/div>\n\t\t\t\t<\/div>\n\t\t<div class=\"elementor-element elementor-element-d95c375 e-flex e-con-boxed e-con e-parent\" data-id=\"d95c375\" data-element_type=\"container\">\n\t\t\t\t\t<div class=\"e-con-inner\">\n\t\t\t\t<div class=\"elementor-element elementor-element-643b976 elementor-widget elementor-widget-text-editor\" data-id=\"643b976\" data-element_type=\"widget\" data-widget_type=\"text-editor.default\">\n\t\t\t\t<div class=\"elementor-widget-container\">\n\t\t\t\t\t\t\t\t\t<p>Para la consulta de la informaci\u00f3n p\u00fablica obligatoria vigente, prevista en los art\u00edculos 75, 76 y 77 y de la Ley de Transparencia y Acceso a la Informaci\u00f3n P\u00fablica del Estado de Quintana Roo, publicada en el Peri\u00f3dico Oficial del Estado el 25 de noviembre de 2025, dicha informaci\u00f3n se encuentra disponible para su consulta en la Plataforma Nacional de Transparencia, a trav\u00e9s del siguiente enlace:<\/p>\t\t\t\t\t\t\t\t<\/div>\n\t\t\t\t<\/div>\n\t\t\t\t\t<\/div>\n\t\t\t\t<\/div>\n\t\t<div class=\"elementor-element elementor-element-870f51f e-flex e-con-boxed e-con e-parent\" data-id=\"870f51f\" data-element_type=\"container\">\n\t\t\t\t\t<div class=\"e-con-inner\">\n\t\t<div class=\"elementor-element elementor-element-c5bcddb e-con-full e-flex e-con e-child\" data-id=\"c5bcddb\" data-element_type=\"container\">\n\t\t\t\t<div class=\"elementor-element elementor-element-2567912 elementor-widget elementor-widget-eael-creative-button\" data-id=\"2567912\" data-element_type=\"widget\" data-widget_type=\"eael-creative-button.default\">\n\t\t\t\t<div class=\"elementor-widget-container\">\n\t\t\t\t\t        <div class=\"eael-creative-button-wrapper\">\n\n            <a class=\"eael-creative-button eael-creative-button--default\" href=\"https:\/\/consultapublicamx.plataformadetransparencia.org.mx\/vut-web\/faces\/view\/consultaPublica.xhtml?idEntidad=MjM=&#038;idOrgano=MjM=&#038;idSujetoObligado=MjU3OTc=#inicio%20\" data-text=\"OBLIGACIONES GENERALES\">\n\n\t    \n                <div class=\"creative-button-inner\">\n\n                    \n                    <span class=\"cretive-button-text\">OBLIGACIONES GENERALES<\/span>\n\n                                    <\/div>\n\t                        <\/a>\n        <\/div>\n        \t\t\t\t<\/div>\n\t\t\t\t<\/div>\n\t\t\t\t<\/div>\n\t\t<div class=\"elementor-element elementor-element-36c2280 e-con-full e-flex e-con e-child\" data-id=\"36c2280\" data-element_type=\"container\">\n\t\t\t\t<div class=\"elementor-element elementor-element-1ebf6fb elementor-widget elementor-widget-eael-creative-button\" data-id=\"1ebf6fb\" data-element_type=\"widget\" data-widget_type=\"eael-creative-button.default\">\n\t\t\t\t<div class=\"elementor-widget-container\">\n\t\t\t\t\t        <div class=\"eael-creative-button-wrapper\">\n\n            <a class=\"eael-creative-button eael-creative-button--default\" href=\"https:\/\/consultapublicamx.plataformadetransparencia.org.mx\/vut-web\/faces\/view\/consultaPublica.xhtml?idEntidad=MjM=&#038;idOrgano=MjM=&#038;idSujetoObligado=MjU3OTc=#inicio%20\" data-text=\"OBLIGACIONES ESPECIFICAS\">\n\n\t    \n                <div class=\"creative-button-inner\">\n\n                    \n                    <span class=\"cretive-button-text\">OBLIGACIONES ESPECIFICAS<\/span>\n\n                                    <\/div>\n\t                        <\/a>\n        <\/div>\n        \t\t\t\t<\/div>\n\t\t\t\t<\/div>\n\t\t\t\t<\/div>\n\t\t\t\t\t<\/div>\n\t\t\t\t<\/div>\n\t\t\t\t<\/div>\n\t\t","protected":false},"excerpt":{"rendered":"<p>OBLIGACIONES DE TRANSPARENCIA En esta secci\u00f3n podr\u00e1 acceder a la informaci\u00f3n P\u00fablica del SESESC, para cumplir con sus Obligaciones de Transparencia establecidas en la Ley General de Transparencia y Acceso a la Informaci\u00f3n P\u00fablica y la Ley de Transparencia y Acceso a la Informaci\u00f3n P\u00fablica del Estado de Quintana Roo, de acuerdo con la Tabla &#8230; <a title=\"Obligaciones de Transparencia SESESC\" class=\"read-more\" href=\"https:\/\/sesesc.qroo.gob.mx\/index.php\/obligaciones-de-transparencia-sesesc\/\" aria-label=\"Leer m\u00e1s sobre Obligaciones de Transparencia SESESC\">Leer m\u00e1s<\/a><\/p>\n","protected":false},"author":4,"featured_media":0,"parent":0,"menu_order":0,"comment_status":"closed","ping_status":"closed","template":"","meta":{"footnotes":""},"class_list":["post-39523","page","type-page","status-publish"],"yoast_head":"<!-- This site is optimized with the Yoast SEO plugin v24.6 - https:\/\/yoast.com\/wordpress\/plugins\/seo\/ -->\n<title>Obligaciones de Transparencia SESESC - Secretariado Ejecutivo del Sistema Estatal de Seguridad P\u00fablica<\/title>\n<meta name=\"robots\" content=\"noindex, follow, max-snippet:-1, max-image-preview:large, max-video-preview:-1\" \/>\n<meta property=\"og:locale\" content=\"es_MX\" \/>\n<meta property=\"og:type\" content=\"article\" \/>\n<meta property=\"og:title\" content=\"Obligaciones de Transparencia SESESC - Secretariado Ejecutivo del Sistema Estatal de Seguridad P\u00fablica\" \/>\n<meta property=\"og:description\" content=\"OBLIGACIONES DE TRANSPARENCIA En esta secci\u00f3n podr\u00e1 acceder a la informaci\u00f3n P\u00fablica del SESESC, para cumplir con sus Obligaciones de Transparencia establecidas en la Ley General de Transparencia y Acceso a la Informaci\u00f3n P\u00fablica y la Ley de Transparencia y Acceso a la Informaci\u00f3n P\u00fablica del Estado de Quintana Roo, de acuerdo con la Tabla ... Leer m\u00e1s\" \/>\n<meta property=\"og:url\" content=\"https:\/\/sesesc.qroo.gob.mx\/index.php\/obligaciones-de-transparencia-sesesc\/\" \/>\n<meta property=\"og:site_name\" content=\"Secretariado Ejecutivo del Sistema Estatal de Seguridad P\u00fablica\" \/>\n<meta property=\"article:modified_time\" content=\"2026-04-29T17:36:22+00:00\" \/>\n<meta property=\"og:image\" content=\"https:\/\/sesesc.qroo.gob.mx\/wp-content\/uploads\/2025\/07\/banner_pnt.png\" \/>\n\t<meta property=\"og:image:width\" content=\"3000\" \/>\n\t<meta property=\"og:image:height\" content=\"534\" \/>\n\t<meta property=\"og:image:type\" content=\"image\/png\" \/>\n<meta name=\"twitter:card\" content=\"summary_large_image\" \/>\n<meta name=\"twitter:label1\" content=\"Tiempo de lectura\" \/>\n\t<meta name=\"twitter:data1\" content=\"2 minutos\" \/>\n<script type=\"application\/ld+json\" class=\"yoast-schema-graph\">{\"@context\":\"https:\/\/schema.org\",\"@graph\":[{\"@type\":\"WebPage\",\"@id\":\"https:\/\/sesesc.qroo.gob.mx\/index.php\/obligaciones-de-transparencia-sesesc\/\",\"url\":\"https:\/\/sesesc.qroo.gob.mx\/index.php\/obligaciones-de-transparencia-sesesc\/\",\"name\":\"Obligaciones de Transparencia SESESC - Secretariado Ejecutivo del Sistema Estatal de Seguridad P\u00fablica\",\"isPartOf\":{\"@id\":\"https:\/\/sesesc.qroo.gob.mx\/#website\"},\"primaryImageOfPage\":{\"@id\":\"https:\/\/sesesc.qroo.gob.mx\/index.php\/obligaciones-de-transparencia-sesesc\/#primaryimage\"},\"image\":{\"@id\":\"https:\/\/sesesc.qroo.gob.mx\/index.php\/obligaciones-de-transparencia-sesesc\/#primaryimage\"},\"thumbnailUrl\":\"https:\/\/sesesc.qroo.gob.mx\/wp-content\/uploads\/2025\/07\/banner_pnt.png\",\"datePublished\":\"2025-04-24T18:27:38+00:00\",\"dateModified\":\"2026-04-29T17:36:22+00:00\",\"breadcrumb\":{\"@id\":\"https:\/\/sesesc.qroo.gob.mx\/index.php\/obligaciones-de-transparencia-sesesc\/#breadcrumb\"},\"inLanguage\":\"es\",\"potentialAction\":[{\"@type\":\"ReadAction\",\"target\":[\"https:\/\/sesesc.qroo.gob.mx\/index.php\/obligaciones-de-transparencia-sesesc\/\"]}]},{\"@type\":\"ImageObject\",\"inLanguage\":\"es\",\"@id\":\"https:\/\/sesesc.qroo.gob.mx\/index.php\/obligaciones-de-transparencia-sesesc\/#primaryimage\",\"url\":\"https:\/\/sesesc.qroo.gob.mx\/wp-content\/uploads\/2025\/07\/banner_pnt.png\",\"contentUrl\":\"https:\/\/sesesc.qroo.gob.mx\/wp-content\/uploads\/2025\/07\/banner_pnt.png\",\"width\":3000,\"height\":534},{\"@type\":\"BreadcrumbList\",\"@id\":\"https:\/\/sesesc.qroo.gob.mx\/index.php\/obligaciones-de-transparencia-sesesc\/#breadcrumb\",\"itemListElement\":[{\"@type\":\"ListItem\",\"position\":1,\"name\":\"Inicio\",\"item\":\"https:\/\/sesesc.qroo.gob.mx\/\"},{\"@type\":\"ListItem\",\"position\":2,\"name\":\"Obligaciones de Transparencia SESESC\"}]},{\"@type\":\"WebSite\",\"@id\":\"https:\/\/sesesc.qroo.gob.mx\/#website\",\"url\":\"https:\/\/sesesc.qroo.gob.mx\/\",\"name\":\"Secretariado Ejecutivo del Sistema Estatal de Seguridad P\u00fablica\",\"description\":\"\",\"potentialAction\":[{\"@type\":\"SearchAction\",\"target\":{\"@type\":\"EntryPoint\",\"urlTemplate\":\"https:\/\/sesesc.qroo.gob.mx\/?s={search_term_string}\"},\"query-input\":{\"@type\":\"PropertyValueSpecification\",\"valueRequired\":true,\"valueName\":\"search_term_string\"}}],\"inLanguage\":\"es\"}]}<\/script>\n<!-- \/ Yoast SEO plugin. -->","yoast_head_json":{"title":"Obligaciones de Transparencia SESESC - Secretariado Ejecutivo del Sistema Estatal de Seguridad P\u00fablica","robots":{"index":"noindex","follow":"follow","max-snippet":"max-snippet:-1","max-image-preview":"max-image-preview:large","max-video-preview":"max-video-preview:-1"},"og_locale":"es_MX","og_type":"article","og_title":"Obligaciones de Transparencia SESESC - Secretariado Ejecutivo del Sistema Estatal de Seguridad P\u00fablica","og_description":"OBLIGACIONES DE TRANSPARENCIA En esta secci\u00f3n podr\u00e1 acceder a la informaci\u00f3n P\u00fablica del SESESC, para cumplir con sus Obligaciones de Transparencia establecidas en la Ley General de Transparencia y Acceso a la Informaci\u00f3n P\u00fablica y la Ley de Transparencia y Acceso a la Informaci\u00f3n P\u00fablica del Estado de Quintana Roo, de acuerdo con la Tabla ... Leer m\u00e1s","og_url":"https:\/\/sesesc.qroo.gob.mx\/index.php\/obligaciones-de-transparencia-sesesc\/","og_site_name":"Secretariado Ejecutivo del Sistema Estatal de Seguridad P\u00fablica","article_modified_time":"2026-04-29T17:36:22+00:00","og_image":[{"width":3000,"height":534,"url":"https:\/\/sesesc.qroo.gob.mx\/wp-content\/uploads\/2025\/07\/banner_pnt.png","type":"image\/png"}],"twitter_card":"summary_large_image","twitter_misc":{"Tiempo de lectura":"2 minutos"},"schema":{"@context":"https:\/\/schema.org","@graph":[{"@type":"WebPage","@id":"https:\/\/sesesc.qroo.gob.mx\/index.php\/obligaciones-de-transparencia-sesesc\/","url":"https:\/\/sesesc.qroo.gob.mx\/index.php\/obligaciones-de-transparencia-sesesc\/","name":"Obligaciones de Transparencia SESESC - Secretariado Ejecutivo del Sistema Estatal de Seguridad P\u00fablica","isPartOf":{"@id":"https:\/\/sesesc.qroo.gob.mx\/#website"},"primaryImageOfPage":{"@id":"https:\/\/sesesc.qroo.gob.mx\/index.php\/obligaciones-de-transparencia-sesesc\/#primaryimage"},"image":{"@id":"https:\/\/sesesc.qroo.gob.mx\/index.php\/obligaciones-de-transparencia-sesesc\/#primaryimage"},"thumbnailUrl":"https:\/\/sesesc.qroo.gob.mx\/wp-content\/uploads\/2025\/07\/banner_pnt.png","datePublished":"2025-04-24T18:27:38+00:00","dateModified":"2026-04-29T17:36:22+00:00","breadcrumb":{"@id":"https:\/\/sesesc.qroo.gob.mx\/index.php\/obligaciones-de-transparencia-sesesc\/#breadcrumb"},"inLanguage":"es","potentialAction":[{"@type":"ReadAction","target":["https:\/\/sesesc.qroo.gob.mx\/index.php\/obligaciones-de-transparencia-sesesc\/"]}]},{"@type":"ImageObject","inLanguage":"es","@id":"https:\/\/sesesc.qroo.gob.mx\/index.php\/obligaciones-de-transparencia-sesesc\/#primaryimage","url":"https:\/\/sesesc.qroo.gob.mx\/wp-content\/uploads\/2025\/07\/banner_pnt.png","contentUrl":"https:\/\/sesesc.qroo.gob.mx\/wp-content\/uploads\/2025\/07\/banner_pnt.png","width":3000,"height":534},{"@type":"BreadcrumbList","@id":"https:\/\/sesesc.qroo.gob.mx\/index.php\/obligaciones-de-transparencia-sesesc\/#breadcrumb","itemListElement":[{"@type":"ListItem","position":1,"name":"Inicio","item":"https:\/\/sesesc.qroo.gob.mx\/"},{"@type":"ListItem","position":2,"name":"Obligaciones de Transparencia SESESC"}]},{"@type":"WebSite","@id":"https:\/\/sesesc.qroo.gob.mx\/#website","url":"https:\/\/sesesc.qroo.gob.mx\/","name":"Secretariado Ejecutivo del Sistema Estatal de Seguridad P\u00fablica","description":"","potentialAction":[{"@type":"SearchAction","target":{"@type":"EntryPoint","urlTemplate":"https:\/\/sesesc.qroo.gob.mx\/?s={search_term_string}"},"query-input":{"@type":"PropertyValueSpecification","valueRequired":true,"valueName":"search_term_string"}}],"inLanguage":"es"}]}},"_links":{"self":[{"href":"https:\/\/sesesc.qroo.gob.mx\/index.php\/wp-json\/wp\/v2\/pages\/39523","targetHints":{"allow":["GET"]}}],"collection":[{"href":"https:\/\/sesesc.qroo.gob.mx\/index.php\/wp-json\/wp\/v2\/pages"}],"about":[{"href":"https:\/\/sesesc.qroo.gob.mx\/index.php\/wp-json\/wp\/v2\/types\/page"}],"author":[{"embeddable":true,"href":"https:\/\/sesesc.qroo.gob.mx\/index.php\/wp-json\/wp\/v2\/users\/4"}],"replies":[{"embeddable":true,"href":"https:\/\/sesesc.qroo.gob.mx\/index.php\/wp-json\/wp\/v2\/comments?post=39523"}],"version-history":[{"count":44,"href":"https:\/\/sesesc.qroo.gob.mx\/index.php\/wp-json\/wp\/v2\/pages\/39523\/revisions"}],"predecessor-version":[{"id":41260,"href":"https:\/\/sesesc.qroo.gob.mx\/index.php\/wp-json\/wp\/v2\/pages\/39523\/revisions\/41260"}],"wp:attachment":[{"href":"https:\/\/sesesc.qroo.gob.mx\/index.php\/wp-json\/wp\/v2\/media?parent=39523"}],"curies":[{"name":"wp","href":"https:\/\/api.w.org\/{rel}","templated":true}]}}