{"id":39592,"date":"2025-04-24T13:44:57","date_gmt":"2025-04-24T18:44:57","guid":{"rendered":"https:\/\/sesesc.qroo.gob.mx\/?page_id=39592"},"modified":"2026-04-28T16:00:07","modified_gmt":"2026-04-28T21:00:07","slug":"denuncias-por-incumplimiento-a-las-obligaciones-de-transparencia-sesesc","status":"publish","type":"page","link":"https:\/\/sesesc.qroo.gob.mx\/index.php\/denuncias-por-incumplimiento-a-las-obligaciones-de-transparencia-sesesc\/","title":{"rendered":"Denuncias por incumplimiento a las obligaciones de transparencia SESESC"},"content":{"rendered":"\t\t<div data-elementor-type=\"wp-page\" data-elementor-id=\"39592\" class=\"elementor elementor-39592\">\n\t\t\t\t<div class=\"elementor-element elementor-element-6903b821 e-flex e-con-boxed e-con e-parent\" data-id=\"6903b821\" data-element_type=\"container\" data-settings=\"{&quot;background_background&quot;:&quot;classic&quot;}\">\n\t\t\t\t\t<div class=\"e-con-inner\">\n\t\t\t\t<div class=\"elementor-element elementor-element-53da22ce elementor-widget elementor-widget-heading\" data-id=\"53da22ce\" data-element_type=\"widget\" data-widget_type=\"heading.default\">\n\t\t\t\t<div class=\"elementor-widget-container\">\n\t\t\t\t\t<h2 class=\"elementor-heading-title elementor-size-default\">DENUNCIAS POR INCUMPLIMIENTO A LAS OBLIGACIONES DE TRANSPARENCIA. <\/h2>\t\t\t\t<\/div>\n\t\t\t\t<\/div>\n\t\t\t\t\t<\/div>\n\t\t\t\t<\/div>\n\t\t<div class=\"elementor-element elementor-element-5f2f62a0 e-flex e-con-boxed e-con e-parent\" data-id=\"5f2f62a0\" data-element_type=\"container\">\n\t\t\t\t\t<div class=\"e-con-inner\">\n\t\t\t\t<div class=\"elementor-element elementor-element-dba9a55 elementor-widget elementor-widget-text-editor\" data-id=\"dba9a55\" data-element_type=\"widget\" data-widget_type=\"text-editor.default\">\n\t\t\t\t<div class=\"elementor-widget-container\">\n\t\t\t\t\t\t\t\t\t<p>Esta secci\u00f3n contiene el registro de las \u201cDenuncias por incumplimiento a las obligaciones de transparencia\u201d<\/p>\t\t\t\t\t\t\t\t<\/div>\n\t\t\t\t<\/div>\n\t\t\t\t<div class=\"elementor-element elementor-element-98bcd6c elementor-widget elementor-widget-html\" data-id=\"98bcd6c\" data-element_type=\"widget\" data-widget_type=\"html.default\">\n\t\t\t\t<div class=\"elementor-widget-container\">\n\t\t\t\t\t\r\n<details>\r\n    <summary style=\"color: white;\">A\u00d1O 2026<\/summary>\r\n    <p><a href=\"https:\/\/sesesc.qroo.gob.mx\/wp-content\/uploads\/2026\/04\/LTAIPQROO_94_Denuncias-por-imcumplimiento-a-obligaciones-de-transparencia.xlsx\">Primer trimestre<\/a><\/p>\r\n<\/details>\r\n\r\n<details>\r\n    <summary style=\"color: white;\">A\u00d1O 2025<\/summary>\r\n    <p><a href=\"https:\/\/sesesc.qroo.gob.mx\/wp-content\/uploads\/2025\/04\/1.-DENUNCIAS-POR-INCUMPLIMIENTOS-A-LAS-OBLIGACIONES-DE-TRANSPARENCIA-2025.pdf\">Primer trimestre<\/a><\/p>\r\n     <p><a href=\"https:\/\/sesesc.qroo.gob.mx\/wp-content\/uploads\/2025\/07\/2-DENUNCIAS-POR-INCUMPLIMIENTOS-A-LAS-OBLIGACIONES-DE-TRANSPARENCIA-2025.pdf\">Segundo trimestre<\/a><\/p>\r\n     <p><a href=\"https:\/\/sesesc.qroo.gob.mx\/wp-content\/uploads\/2025\/10\/3-DENUNCIAS-POR-INCUMPLIMIENTOS-A-LAS-OBLIGACIONES-DE-TRANSPARENCIA-2025.pdf\">Tercer trimestre<\/a><\/p>\r\n     <p><a href=\"https:\/\/sesesc.qroo.gob.mx\/wp-content\/uploads\/2026\/01\/4-DENUNCIAS-POR-INCUMPLIMIENTOS-A-LAS-OBLIGACIONES-DE-TRANSPARENCIA-2025.pdf\">Cuarto trimestre<\/a><\/p>\r\n<\/details>\r\n\r\n<style>\r\n    .div-container {\r\n        padding: 20px;\r\n        background-color: #ffffff;\r\n        transition: max-height 0.2s ease-out;\r\n        box-shadow: 1px 4px 8px rgba(0, 0, 0, 0.1);\r\n    }\r\n\r\n    details {\r\n        width: 100%;\r\n        margin: 10px 0;\r\n        background-color: #ececec; \r\n        border: 1px solid #ffffff00;\r\n        border-radius: 4px;\r\n        font-family: \"Montserrat\", sans-serif;\r\n    }\r\n\r\n    summary {\r\n        cursor: pointer;\r\n        font-weight: bold;\r\n        padding: 10px;\r\n        background-color: #afafaf;\r\n        border-bottom: 1px solid #ffffff00;\r\n        border-radius: 4px 4px 0 0;\r\n    }\r\n\r\n    details[open] summary {\r\n        background-color: #a0a0a0;\r\n    }\r\n\r\n    details p {\r\n        padding: 10px;\r\n        margin: 0;\r\n        background-color: #f9f9f9;\r\n        border-radius: 0 0 4px 4px;\r\n    }\r\n\r\n    a {\r\n        text-decoration: none;\r\n    }\r\n\r\n    a:hover {\r\n        text-decoration: underline;\r\n    }\r\n<\/style>\t\t\t\t<\/div>\n\t\t\t\t<\/div>\n\t\t\t\t\t<\/div>\n\t\t\t\t<\/div>\n\t\t<div class=\"elementor-element elementor-element-5ab9e5e e-flex e-con-boxed e-con e-parent\" data-id=\"5ab9e5e\" data-element_type=\"container\">\n\t\t\t\t\t<div class=\"e-con-inner\">\n\t\t\t\t<div class=\"elementor-element elementor-element-8f4cc75 elementor-widget elementor-widget-text-editor\" data-id=\"8f4cc75\" data-element_type=\"widget\" data-widget_type=\"text-editor.default\">\n\t\t\t\t<div class=\"elementor-widget-container\">\n\t\t\t\t\t\t\t\t\t<p>Para mayor informaci\u00f3n acerca de las denuncias por incumplimiento de obligaciones de otros sujetos obligados, puede consultar el micrositio: <a href=\"https:\/\/www.iqtp.gob.mx\/lista-estrados\/\">https:\/\/www.iqtp.gob.mx\/lista-estrados\/<\/a>\u00a0\u00a0\u00a0<\/p>\t\t\t\t\t\t\t\t<\/div>\n\t\t\t\t<\/div>\n\t\t\t\t\t<\/div>\n\t\t\t\t<\/div>\n\t\t\t\t<\/div>\n\t\t","protected":false},"excerpt":{"rendered":"<p>DENUNCIAS POR INCUMPLIMIENTO A LAS OBLIGACIONES DE TRANSPARENCIA. Esta secci\u00f3n contiene el registro de las \u201cDenuncias por incumplimiento a las obligaciones de transparencia\u201d A\u00d1O 2026 Primer trimestre A\u00d1O 2025 Primer trimestre Segundo trimestre Tercer trimestre Cuarto trimestre Para mayor informaci\u00f3n acerca de las denuncias por incumplimiento de obligaciones de otros sujetos obligados, puede consultar el &#8230; <a title=\"Denuncias por incumplimiento a las obligaciones de transparencia SESESC\" class=\"read-more\" href=\"https:\/\/sesesc.qroo.gob.mx\/index.php\/denuncias-por-incumplimiento-a-las-obligaciones-de-transparencia-sesesc\/\" aria-label=\"Leer m\u00e1s sobre Denuncias por incumplimiento a las obligaciones de transparencia SESESC\">Leer m\u00e1s<\/a><\/p>\n","protected":false},"author":4,"featured_media":0,"parent":0,"menu_order":0,"comment_status":"closed","ping_status":"closed","template":"","meta":{"footnotes":""},"class_list":["post-39592","page","type-page","status-publish"],"yoast_head":"<!-- This site is optimized with the Yoast SEO plugin v24.6 - https:\/\/yoast.com\/wordpress\/plugins\/seo\/ -->\n<title>Denuncias por incumplimiento a las obligaciones de transparencia SESESC - Secretariado Ejecutivo del Sistema Estatal de Seguridad P\u00fablica<\/title>\n<meta name=\"robots\" content=\"noindex, follow, max-snippet:-1, max-image-preview:large, max-video-preview:-1\" \/>\n<meta property=\"og:locale\" content=\"es_MX\" \/>\n<meta property=\"og:type\" content=\"article\" \/>\n<meta property=\"og:title\" content=\"Denuncias por incumplimiento a las obligaciones de transparencia SESESC - Secretariado Ejecutivo del Sistema Estatal de Seguridad P\u00fablica\" \/>\n<meta property=\"og:description\" content=\"DENUNCIAS POR INCUMPLIMIENTO A LAS OBLIGACIONES DE TRANSPARENCIA. Esta secci\u00f3n contiene el registro de las \u201cDenuncias por incumplimiento a las obligaciones de transparencia\u201d A\u00d1O 2026 Primer trimestre A\u00d1O 2025 Primer trimestre Segundo trimestre Tercer trimestre Cuarto trimestre Para mayor informaci\u00f3n acerca de las denuncias por incumplimiento de obligaciones de otros sujetos obligados, puede consultar el ... Leer m\u00e1s\" \/>\n<meta property=\"og:url\" content=\"https:\/\/sesesc.qroo.gob.mx\/index.php\/denuncias-por-incumplimiento-a-las-obligaciones-de-transparencia-sesesc\/\" \/>\n<meta property=\"og:site_name\" content=\"Secretariado Ejecutivo del Sistema Estatal de Seguridad P\u00fablica\" \/>\n<meta property=\"article:modified_time\" content=\"2026-04-28T21:00:07+00:00\" \/>\n<meta name=\"twitter:card\" content=\"summary_large_image\" \/>\n<meta name=\"twitter:label1\" content=\"Tiempo de lectura\" \/>\n\t<meta name=\"twitter:data1\" content=\"1 minuto\" \/>\n<script type=\"application\/ld+json\" class=\"yoast-schema-graph\">{\"@context\":\"https:\/\/schema.org\",\"@graph\":[{\"@type\":\"WebPage\",\"@id\":\"https:\/\/sesesc.qroo.gob.mx\/index.php\/denuncias-por-incumplimiento-a-las-obligaciones-de-transparencia-sesesc\/\",\"url\":\"https:\/\/sesesc.qroo.gob.mx\/index.php\/denuncias-por-incumplimiento-a-las-obligaciones-de-transparencia-sesesc\/\",\"name\":\"Denuncias por incumplimiento a las obligaciones de transparencia SESESC - Secretariado Ejecutivo del Sistema Estatal de Seguridad P\u00fablica\",\"isPartOf\":{\"@id\":\"https:\/\/sesesc.qroo.gob.mx\/#website\"},\"datePublished\":\"2025-04-24T18:44:57+00:00\",\"dateModified\":\"2026-04-28T21:00:07+00:00\",\"breadcrumb\":{\"@id\":\"https:\/\/sesesc.qroo.gob.mx\/index.php\/denuncias-por-incumplimiento-a-las-obligaciones-de-transparencia-sesesc\/#breadcrumb\"},\"inLanguage\":\"es\",\"potentialAction\":[{\"@type\":\"ReadAction\",\"target\":[\"https:\/\/sesesc.qroo.gob.mx\/index.php\/denuncias-por-incumplimiento-a-las-obligaciones-de-transparencia-sesesc\/\"]}]},{\"@type\":\"BreadcrumbList\",\"@id\":\"https:\/\/sesesc.qroo.gob.mx\/index.php\/denuncias-por-incumplimiento-a-las-obligaciones-de-transparencia-sesesc\/#breadcrumb\",\"itemListElement\":[{\"@type\":\"ListItem\",\"position\":1,\"name\":\"Inicio\",\"item\":\"https:\/\/sesesc.qroo.gob.mx\/\"},{\"@type\":\"ListItem\",\"position\":2,\"name\":\"Denuncias por incumplimiento a las obligaciones de transparencia SESESC\"}]},{\"@type\":\"WebSite\",\"@id\":\"https:\/\/sesesc.qroo.gob.mx\/#website\",\"url\":\"https:\/\/sesesc.qroo.gob.mx\/\",\"name\":\"Secretariado Ejecutivo del Sistema Estatal de Seguridad P\u00fablica\",\"description\":\"\",\"potentialAction\":[{\"@type\":\"SearchAction\",\"target\":{\"@type\":\"EntryPoint\",\"urlTemplate\":\"https:\/\/sesesc.qroo.gob.mx\/?s={search_term_string}\"},\"query-input\":{\"@type\":\"PropertyValueSpecification\",\"valueRequired\":true,\"valueName\":\"search_term_string\"}}],\"inLanguage\":\"es\"}]}<\/script>\n<!-- \/ Yoast SEO plugin. -->","yoast_head_json":{"title":"Denuncias por incumplimiento a las obligaciones de transparencia SESESC - Secretariado Ejecutivo del Sistema Estatal de Seguridad P\u00fablica","robots":{"index":"noindex","follow":"follow","max-snippet":"max-snippet:-1","max-image-preview":"max-image-preview:large","max-video-preview":"max-video-preview:-1"},"og_locale":"es_MX","og_type":"article","og_title":"Denuncias por incumplimiento a las obligaciones de transparencia SESESC - Secretariado Ejecutivo del Sistema Estatal de Seguridad P\u00fablica","og_description":"DENUNCIAS POR INCUMPLIMIENTO A LAS OBLIGACIONES DE TRANSPARENCIA. Esta secci\u00f3n contiene el registro de las \u201cDenuncias por incumplimiento a las obligaciones de transparencia\u201d A\u00d1O 2026 Primer trimestre A\u00d1O 2025 Primer trimestre Segundo trimestre Tercer trimestre Cuarto trimestre Para mayor informaci\u00f3n acerca de las denuncias por incumplimiento de obligaciones de otros sujetos obligados, puede consultar el ... Leer m\u00e1s","og_url":"https:\/\/sesesc.qroo.gob.mx\/index.php\/denuncias-por-incumplimiento-a-las-obligaciones-de-transparencia-sesesc\/","og_site_name":"Secretariado Ejecutivo del Sistema Estatal de Seguridad P\u00fablica","article_modified_time":"2026-04-28T21:00:07+00:00","twitter_card":"summary_large_image","twitter_misc":{"Tiempo de lectura":"1 minuto"},"schema":{"@context":"https:\/\/schema.org","@graph":[{"@type":"WebPage","@id":"https:\/\/sesesc.qroo.gob.mx\/index.php\/denuncias-por-incumplimiento-a-las-obligaciones-de-transparencia-sesesc\/","url":"https:\/\/sesesc.qroo.gob.mx\/index.php\/denuncias-por-incumplimiento-a-las-obligaciones-de-transparencia-sesesc\/","name":"Denuncias por incumplimiento a las obligaciones de transparencia SESESC - Secretariado Ejecutivo del Sistema Estatal de Seguridad P\u00fablica","isPartOf":{"@id":"https:\/\/sesesc.qroo.gob.mx\/#website"},"datePublished":"2025-04-24T18:44:57+00:00","dateModified":"2026-04-28T21:00:07+00:00","breadcrumb":{"@id":"https:\/\/sesesc.qroo.gob.mx\/index.php\/denuncias-por-incumplimiento-a-las-obligaciones-de-transparencia-sesesc\/#breadcrumb"},"inLanguage":"es","potentialAction":[{"@type":"ReadAction","target":["https:\/\/sesesc.qroo.gob.mx\/index.php\/denuncias-por-incumplimiento-a-las-obligaciones-de-transparencia-sesesc\/"]}]},{"@type":"BreadcrumbList","@id":"https:\/\/sesesc.qroo.gob.mx\/index.php\/denuncias-por-incumplimiento-a-las-obligaciones-de-transparencia-sesesc\/#breadcrumb","itemListElement":[{"@type":"ListItem","position":1,"name":"Inicio","item":"https:\/\/sesesc.qroo.gob.mx\/"},{"@type":"ListItem","position":2,"name":"Denuncias por incumplimiento a las obligaciones de transparencia SESESC"}]},{"@type":"WebSite","@id":"https:\/\/sesesc.qroo.gob.mx\/#website","url":"https:\/\/sesesc.qroo.gob.mx\/","name":"Secretariado Ejecutivo del Sistema Estatal de Seguridad P\u00fablica","description":"","potentialAction":[{"@type":"SearchAction","target":{"@type":"EntryPoint","urlTemplate":"https:\/\/sesesc.qroo.gob.mx\/?s={search_term_string}"},"query-input":{"@type":"PropertyValueSpecification","valueRequired":true,"valueName":"search_term_string"}}],"inLanguage":"es"}]}},"_links":{"self":[{"href":"https:\/\/sesesc.qroo.gob.mx\/index.php\/wp-json\/wp\/v2\/pages\/39592","targetHints":{"allow":["GET"]}}],"collection":[{"href":"https:\/\/sesesc.qroo.gob.mx\/index.php\/wp-json\/wp\/v2\/pages"}],"about":[{"href":"https:\/\/sesesc.qroo.gob.mx\/index.php\/wp-json\/wp\/v2\/types\/page"}],"author":[{"embeddable":true,"href":"https:\/\/sesesc.qroo.gob.mx\/index.php\/wp-json\/wp\/v2\/users\/4"}],"replies":[{"embeddable":true,"href":"https:\/\/sesesc.qroo.gob.mx\/index.php\/wp-json\/wp\/v2\/comments?post=39592"}],"version-history":[{"count":25,"href":"https:\/\/sesesc.qroo.gob.mx\/index.php\/wp-json\/wp\/v2\/pages\/39592\/revisions"}],"predecessor-version":[{"id":41146,"href":"https:\/\/sesesc.qroo.gob.mx\/index.php\/wp-json\/wp\/v2\/pages\/39592\/revisions\/41146"}],"wp:attachment":[{"href":"https:\/\/sesesc.qroo.gob.mx\/index.php\/wp-json\/wp\/v2\/media?parent=39592"}],"curies":[{"name":"wp","href":"https:\/\/api.w.org\/{rel}","templated":true}]}}