{"id":39636,"date":"2025-04-24T15:40:37","date_gmt":"2025-04-24T20:40:37","guid":{"rendered":"https:\/\/sesesc.qroo.gob.mx\/?page_id=39636"},"modified":"2026-01-21T16:28:53","modified_gmt":"2026-01-21T21:28:53","slug":"indice-de-expedientes-clasificados-como-reservados-sesesc","status":"publish","type":"page","link":"https:\/\/sesesc.qroo.gob.mx\/index.php\/indice-de-expedientes-clasificados-como-reservados-sesesc\/","title":{"rendered":"\u00cdndice de expedientes clasificados como reservados SESESC"},"content":{"rendered":"\t\t<div data-elementor-type=\"wp-page\" data-elementor-id=\"39636\" class=\"elementor elementor-39636\">\n\t\t\t\t<div class=\"elementor-element elementor-element-6cc1de85 e-flex e-con-boxed e-con e-parent\" data-id=\"6cc1de85\" data-element_type=\"container\" data-settings=\"{&quot;background_background&quot;:&quot;classic&quot;}\">\n\t\t\t\t\t<div class=\"e-con-inner\">\n\t\t\t\t<div class=\"elementor-element elementor-element-3e8f5ef elementor-widget elementor-widget-heading\" data-id=\"3e8f5ef\" data-element_type=\"widget\" data-widget_type=\"heading.default\">\n\t\t\t\t<div class=\"elementor-widget-container\">\n\t\t\t\t\t<h2 class=\"elementor-heading-title elementor-size-default\">\u00cdNDICE DE EXPEDIENTES CLASIFICADOS COMO RESERVADOS.<\/h2>\t\t\t\t<\/div>\n\t\t\t\t<\/div>\n\t\t\t\t\t<\/div>\n\t\t\t\t<\/div>\n\t\t<div class=\"elementor-element elementor-element-510e89cd e-flex e-con-boxed e-con e-parent\" data-id=\"510e89cd\" data-element_type=\"container\">\n\t\t\t\t\t<div class=\"e-con-inner\">\n\t\t\t\t<div class=\"elementor-element elementor-element-45347eda elementor-widget elementor-widget-text-editor\" data-id=\"45347eda\" data-element_type=\"widget\" data-widget_type=\"text-editor.default\">\n\t\t\t\t<div class=\"elementor-widget-container\">\n\t\t\t\t\t\t\t\t\t<p>De conformidad con la Ley de Transparencia y Acceso a la Informaci\u00f3n P\u00fablica para el Estado de Quintana Roo este Sujeto Obligado presenta cada semestre el \u00edndice de expedientes clasificados como reservados.<\/p><p>Actualizaci\u00f3n: Semestral.<\/p>\t\t\t\t\t\t\t\t<\/div>\n\t\t\t\t<\/div>\n\t\t\t\t<div class=\"elementor-element elementor-element-4e6b6c97 elementor-widget elementor-widget-html\" data-id=\"4e6b6c97\" data-element_type=\"widget\" data-widget_type=\"html.default\">\n\t\t\t\t<div class=\"elementor-widget-container\">\n\t\t\t\t\t\r\n<details>\r\n    <summary style=\"color: white;\">A\u00d1O 2025<\/summary>\r\n    <p><a href=\"https:\/\/sesesc.qroo.gob.mx\/wp-content\/uploads\/2025\/07\/2.-INDICE-DE-EXPEDIENTE-CLASIFICADOS-COMO-RESERVADOS-2025.pdf\">Primer Semestre<\/a><\/p>\r\n     <p><a href=\"https:\/\/sesesc.qroo.gob.mx\/wp-content\/uploads\/2026\/01\/2.-INDICE-DE-EXPEDIENTE-CLASIFICADOS-COMO-RESERVADOS-2-2025.pdf\">Segundo Semestre<\/a><\/p>\r\n<\/details>\r\n\r\n<style>\r\n    .div-container {\r\n        padding: 20px;\r\n        background-color: #ffffff;\r\n        transition: max-height 0.2s ease-out;\r\n        box-shadow: 1px 4px 8px rgba(0, 0, 0, 0.1);\r\n    }\r\n\r\n    details {\r\n        width: 100%;\r\n        margin: 10px 0;\r\n        background-color: #ececec; \r\n        border: 1px solid #ffffff00;\r\n        border-radius: 4px;\r\n        font-family: \"Montserrat\", sans-serif;\r\n    }\r\n\r\n    summary {\r\n        cursor: pointer;\r\n        font-weight: bold;\r\n        padding: 10px;\r\n        background-color: #afafaf;\r\n        border-bottom: 1px solid #ffffff00;\r\n        border-radius: 4px 4px 0 0;\r\n    }\r\n\r\n    details[open] summary {\r\n        background-color: #a0a0a0;\r\n    }\r\n\r\n    details p {\r\n        padding: 10px;\r\n        margin: 0;\r\n        background-color: #f9f9f9;\r\n        border-radius: 0 0 4px 4px;\r\n    }\r\n\r\n    a {\r\n        text-decoration: none;\r\n    }\r\n\r\n    a:hover {\r\n        text-decoration: underline;\r\n    }\r\n<\/style>\t\t\t\t<\/div>\n\t\t\t\t<\/div>\n\t\t\t\t\t<\/div>\n\t\t\t\t<\/div>\n\t\t\t\t<\/div>\n\t\t","protected":false},"excerpt":{"rendered":"<p>\u00cdNDICE DE EXPEDIENTES CLASIFICADOS COMO RESERVADOS. De conformidad con la Ley de Transparencia y Acceso a la Informaci\u00f3n P\u00fablica para el Estado de Quintana Roo este Sujeto Obligado presenta cada semestre el \u00edndice de expedientes clasificados como reservados. Actualizaci\u00f3n: Semestral. A\u00d1O 2025 Primer Semestre Segundo Semestre<\/p>\n","protected":false},"author":4,"featured_media":0,"parent":0,"menu_order":0,"comment_status":"closed","ping_status":"closed","template":"","meta":{"footnotes":""},"class_list":["post-39636","page","type-page","status-publish"],"yoast_head":"<!-- This site is optimized with the Yoast SEO plugin v24.6 - https:\/\/yoast.com\/wordpress\/plugins\/seo\/ -->\n<title>\u00cdndice de expedientes clasificados como reservados SESESC - Secretariado Ejecutivo del Sistema Estatal de Seguridad P\u00fablica<\/title>\n<meta name=\"robots\" content=\"noindex, follow, max-snippet:-1, max-image-preview:large, max-video-preview:-1\" \/>\n<meta property=\"og:locale\" content=\"es_MX\" \/>\n<meta property=\"og:type\" content=\"article\" \/>\n<meta property=\"og:title\" content=\"\u00cdndice de expedientes clasificados como reservados SESESC - Secretariado Ejecutivo del Sistema Estatal de Seguridad P\u00fablica\" \/>\n<meta property=\"og:description\" content=\"\u00cdNDICE DE EXPEDIENTES CLASIFICADOS COMO RESERVADOS. De conformidad con la Ley de Transparencia y Acceso a la Informaci\u00f3n P\u00fablica para el Estado de Quintana Roo este Sujeto Obligado presenta cada semestre el \u00edndice de expedientes clasificados como reservados. Actualizaci\u00f3n: Semestral. A\u00d1O 2025 Primer Semestre Segundo Semestre\" \/>\n<meta property=\"og:url\" content=\"https:\/\/sesesc.qroo.gob.mx\/index.php\/indice-de-expedientes-clasificados-como-reservados-sesesc\/\" \/>\n<meta property=\"og:site_name\" content=\"Secretariado Ejecutivo del Sistema Estatal de Seguridad P\u00fablica\" \/>\n<meta property=\"article:modified_time\" content=\"2026-01-21T21:28:53+00:00\" \/>\n<meta name=\"twitter:card\" content=\"summary_large_image\" \/>\n<meta name=\"twitter:label1\" content=\"Tiempo de lectura\" \/>\n\t<meta name=\"twitter:data1\" content=\"1 minuto\" \/>\n<script type=\"application\/ld+json\" class=\"yoast-schema-graph\">{\"@context\":\"https:\/\/schema.org\",\"@graph\":[{\"@type\":\"WebPage\",\"@id\":\"https:\/\/sesesc.qroo.gob.mx\/index.php\/indice-de-expedientes-clasificados-como-reservados-sesesc\/\",\"url\":\"https:\/\/sesesc.qroo.gob.mx\/index.php\/indice-de-expedientes-clasificados-como-reservados-sesesc\/\",\"name\":\"\u00cdndice de expedientes clasificados como reservados SESESC - Secretariado Ejecutivo del Sistema Estatal de Seguridad P\u00fablica\",\"isPartOf\":{\"@id\":\"https:\/\/sesesc.qroo.gob.mx\/#website\"},\"datePublished\":\"2025-04-24T20:40:37+00:00\",\"dateModified\":\"2026-01-21T21:28:53+00:00\",\"breadcrumb\":{\"@id\":\"https:\/\/sesesc.qroo.gob.mx\/index.php\/indice-de-expedientes-clasificados-como-reservados-sesesc\/#breadcrumb\"},\"inLanguage\":\"es\",\"potentialAction\":[{\"@type\":\"ReadAction\",\"target\":[\"https:\/\/sesesc.qroo.gob.mx\/index.php\/indice-de-expedientes-clasificados-como-reservados-sesesc\/\"]}]},{\"@type\":\"BreadcrumbList\",\"@id\":\"https:\/\/sesesc.qroo.gob.mx\/index.php\/indice-de-expedientes-clasificados-como-reservados-sesesc\/#breadcrumb\",\"itemListElement\":[{\"@type\":\"ListItem\",\"position\":1,\"name\":\"Inicio\",\"item\":\"https:\/\/sesesc.qroo.gob.mx\/\"},{\"@type\":\"ListItem\",\"position\":2,\"name\":\"\u00cdndice de expedientes clasificados como reservados SESESC\"}]},{\"@type\":\"WebSite\",\"@id\":\"https:\/\/sesesc.qroo.gob.mx\/#website\",\"url\":\"https:\/\/sesesc.qroo.gob.mx\/\",\"name\":\"Secretariado Ejecutivo del Sistema Estatal de Seguridad P\u00fablica\",\"description\":\"\",\"potentialAction\":[{\"@type\":\"SearchAction\",\"target\":{\"@type\":\"EntryPoint\",\"urlTemplate\":\"https:\/\/sesesc.qroo.gob.mx\/?s={search_term_string}\"},\"query-input\":{\"@type\":\"PropertyValueSpecification\",\"valueRequired\":true,\"valueName\":\"search_term_string\"}}],\"inLanguage\":\"es\"}]}<\/script>\n<!-- \/ Yoast SEO plugin. -->","yoast_head_json":{"title":"\u00cdndice de expedientes clasificados como reservados SESESC - Secretariado Ejecutivo del Sistema Estatal de Seguridad P\u00fablica","robots":{"index":"noindex","follow":"follow","max-snippet":"max-snippet:-1","max-image-preview":"max-image-preview:large","max-video-preview":"max-video-preview:-1"},"og_locale":"es_MX","og_type":"article","og_title":"\u00cdndice de expedientes clasificados como reservados SESESC - Secretariado Ejecutivo del Sistema Estatal de Seguridad P\u00fablica","og_description":"\u00cdNDICE DE EXPEDIENTES CLASIFICADOS COMO RESERVADOS. De conformidad con la Ley de Transparencia y Acceso a la Informaci\u00f3n P\u00fablica para el Estado de Quintana Roo este Sujeto Obligado presenta cada semestre el \u00edndice de expedientes clasificados como reservados. Actualizaci\u00f3n: Semestral. A\u00d1O 2025 Primer Semestre Segundo Semestre","og_url":"https:\/\/sesesc.qroo.gob.mx\/index.php\/indice-de-expedientes-clasificados-como-reservados-sesesc\/","og_site_name":"Secretariado Ejecutivo del Sistema Estatal de Seguridad P\u00fablica","article_modified_time":"2026-01-21T21:28:53+00:00","twitter_card":"summary_large_image","twitter_misc":{"Tiempo de lectura":"1 minuto"},"schema":{"@context":"https:\/\/schema.org","@graph":[{"@type":"WebPage","@id":"https:\/\/sesesc.qroo.gob.mx\/index.php\/indice-de-expedientes-clasificados-como-reservados-sesesc\/","url":"https:\/\/sesesc.qroo.gob.mx\/index.php\/indice-de-expedientes-clasificados-como-reservados-sesesc\/","name":"\u00cdndice de expedientes clasificados como reservados SESESC - Secretariado Ejecutivo del Sistema Estatal de Seguridad P\u00fablica","isPartOf":{"@id":"https:\/\/sesesc.qroo.gob.mx\/#website"},"datePublished":"2025-04-24T20:40:37+00:00","dateModified":"2026-01-21T21:28:53+00:00","breadcrumb":{"@id":"https:\/\/sesesc.qroo.gob.mx\/index.php\/indice-de-expedientes-clasificados-como-reservados-sesesc\/#breadcrumb"},"inLanguage":"es","potentialAction":[{"@type":"ReadAction","target":["https:\/\/sesesc.qroo.gob.mx\/index.php\/indice-de-expedientes-clasificados-como-reservados-sesesc\/"]}]},{"@type":"BreadcrumbList","@id":"https:\/\/sesesc.qroo.gob.mx\/index.php\/indice-de-expedientes-clasificados-como-reservados-sesesc\/#breadcrumb","itemListElement":[{"@type":"ListItem","position":1,"name":"Inicio","item":"https:\/\/sesesc.qroo.gob.mx\/"},{"@type":"ListItem","position":2,"name":"\u00cdndice de expedientes clasificados como reservados SESESC"}]},{"@type":"WebSite","@id":"https:\/\/sesesc.qroo.gob.mx\/#website","url":"https:\/\/sesesc.qroo.gob.mx\/","name":"Secretariado Ejecutivo del Sistema Estatal de Seguridad P\u00fablica","description":"","potentialAction":[{"@type":"SearchAction","target":{"@type":"EntryPoint","urlTemplate":"https:\/\/sesesc.qroo.gob.mx\/?s={search_term_string}"},"query-input":{"@type":"PropertyValueSpecification","valueRequired":true,"valueName":"search_term_string"}}],"inLanguage":"es"}]}},"_links":{"self":[{"href":"https:\/\/sesesc.qroo.gob.mx\/index.php\/wp-json\/wp\/v2\/pages\/39636","targetHints":{"allow":["GET"]}}],"collection":[{"href":"https:\/\/sesesc.qroo.gob.mx\/index.php\/wp-json\/wp\/v2\/pages"}],"about":[{"href":"https:\/\/sesesc.qroo.gob.mx\/index.php\/wp-json\/wp\/v2\/types\/page"}],"author":[{"embeddable":true,"href":"https:\/\/sesesc.qroo.gob.mx\/index.php\/wp-json\/wp\/v2\/users\/4"}],"replies":[{"embeddable":true,"href":"https:\/\/sesesc.qroo.gob.mx\/index.php\/wp-json\/wp\/v2\/comments?post=39636"}],"version-history":[{"count":16,"href":"https:\/\/sesesc.qroo.gob.mx\/index.php\/wp-json\/wp\/v2\/pages\/39636\/revisions"}],"predecessor-version":[{"id":40797,"href":"https:\/\/sesesc.qroo.gob.mx\/index.php\/wp-json\/wp\/v2\/pages\/39636\/revisions\/40797"}],"wp:attachment":[{"href":"https:\/\/sesesc.qroo.gob.mx\/index.php\/wp-json\/wp\/v2\/media?parent=39636"}],"curies":[{"name":"wp","href":"https:\/\/api.w.org\/{rel}","templated":true}]}}