{"id":39647,"date":"2025-04-24T17:08:17","date_gmt":"2025-04-24T22:08:17","guid":{"rendered":"https:\/\/sesesc.qroo.gob.mx\/?page_id=39647"},"modified":"2025-04-24T17:17:24","modified_gmt":"2025-04-24T22:17:24","slug":"programa-quintanarroense-de-cultura-institucional","status":"publish","type":"page","link":"https:\/\/sesesc.qroo.gob.mx\/index.php\/programa-quintanarroense-de-cultura-institucional\/","title":{"rendered":"Programa Quintanarroense de Cultura Institucional"},"content":{"rendered":"\t\t<div data-elementor-type=\"wp-page\" data-elementor-id=\"39647\" class=\"elementor elementor-39647\">\n\t\t\t\t<div class=\"elementor-element elementor-element-ebcbbdd e-flex e-con-boxed e-con e-parent\" data-id=\"ebcbbdd\" data-element_type=\"container\">\n\t\t\t\t\t<div class=\"e-con-inner\">\n\t\t\t\t<div class=\"elementor-element elementor-element-050ef1c elementor-widget elementor-widget-heading\" data-id=\"050ef1c\" data-element_type=\"widget\" data-widget_type=\"heading.default\">\n\t\t\t\t<div class=\"elementor-widget-container\">\n\t\t\t\t\t<h2 class=\"elementor-heading-title elementor-size-default\">Programa Quintanarroense de Cultura Institucional<\/h2>\t\t\t\t<\/div>\n\t\t\t\t<\/div>\n\t\t\t\t\t<\/div>\n\t\t\t\t<\/div>\n\t\t<div class=\"elementor-element elementor-element-1b8d424 e-flex e-con-boxed e-con e-parent\" data-id=\"1b8d424\" data-element_type=\"container\">\n\t\t\t\t\t<div class=\"e-con-inner\">\n\t\t<div class=\"elementor-element elementor-element-161f961 e-grid e-con-full e-con e-child\" data-id=\"161f961\" data-element_type=\"container\">\n\t\t\t\t<div class=\"elementor-element elementor-element-9505e54 elementor-widget elementor-widget-heading\" data-id=\"9505e54\" data-element_type=\"widget\" data-widget_type=\"heading.default\">\n\t\t\t\t<div class=\"elementor-widget-container\">\n\t\t\t\t\t<h4 class=\"elementor-heading-title elementor-size-default\">Comit\u00e9 para la igualdad de G\u00e9nero<br><\/h4>\t\t\t\t<\/div>\n\t\t\t\t<\/div>\n\t\t\t\t<div class=\"elementor-element elementor-element-b18c28e elementor-widget elementor-widget-heading\" data-id=\"b18c28e\" data-element_type=\"widget\" data-widget_type=\"heading.default\">\n\t\t\t\t<div class=\"elementor-widget-container\">\n\t\t\t\t\t<h4 class=\"elementor-heading-title elementor-size-default\">Subcomit\u00e9 Interno contra el Hostigamiento y Acoso Sexual<\/h4>\t\t\t\t<\/div>\n\t\t\t\t<\/div>\n\t\t\t\t<div class=\"elementor-element elementor-element-c4f242f elementor-widget elementor-widget-text-editor\" data-id=\"c4f242f\" data-element_type=\"widget\" data-widget_type=\"text-editor.default\">\n\t\t\t\t<div class=\"elementor-widget-container\">\n\t\t\t\t\t\t\t\t\t<p>Te presentamos a las personas que integran el Comit\u00e9 Institucional para la Igualdad de G\u00e9nero en el Secretariado Ejecutivo del Sistema Estatal de Seguridad Ciudadana del Estado de Quintana Roo:<\/p>\t\t\t\t\t\t\t\t<\/div>\n\t\t\t\t<\/div>\n\t\t\t\t<div class=\"elementor-element elementor-element-983f1c0 elementor-widget elementor-widget-text-editor\" data-id=\"983f1c0\" data-element_type=\"widget\" data-widget_type=\"text-editor.default\">\n\t\t\t\t<div class=\"elementor-widget-container\">\n\t\t\t\t\t\t\t\t\t<p>Te presentamos a las personas que integran el Subcomit\u00e9 Interno contra el Hostigamiento y Acoso Sexual en el Secretariado Ejecutivo del Sistema Estatal de Seguridad Ciudadana del Estado de Quintana Roo:<\/p>\t\t\t\t\t\t\t\t<\/div>\n\t\t\t\t<\/div>\n\t\t\t\t<div class=\"elementor-element elementor-element-2e26231 elementor-widget elementor-widget-html\" data-id=\"2e26231\" data-element_type=\"widget\" data-widget_type=\"html.default\">\n\t\t\t\t<div class=\"elementor-widget-container\">\n\t\t\t\t\t<iframe src=\"https:\/\/sesesc.qroo.gob.mx\/wp-content\/uploads\/2025\/04\/1.-INTEGRANTES-DEL-COMITE-INSTITUCIONAL-PARA-LA-IGUALDAD-DE-GENERO.pdf\" width=\"100%\" height=\"800\"><\/iframe>\t\t\t\t<\/div>\n\t\t\t\t<\/div>\n\t\t\t\t<div class=\"elementor-element elementor-element-39fdb96 elementor-widget elementor-widget-html\" data-id=\"39fdb96\" data-element_type=\"widget\" data-widget_type=\"html.default\">\n\t\t\t\t<div class=\"elementor-widget-container\">\n\t\t\t\t\t<iframe src=\"https:\/\/sesesc.qroo.gob.mx\/wp-content\/uploads\/2025\/04\/1.1-INTEGRANTES-DEL-SUBCOMITE-INSTITUCIONAL-PARA-LA-IGUALDAD-DE-GENERO.pdf\" width=\"100%\" height=\"800\"><\/iframe>\t\t\t\t<\/div>\n\t\t\t\t<\/div>\n\t\t\t\t<\/div>\n\t\t\t\t\t<\/div>\n\t\t\t\t<\/div>\n\t\t<div class=\"elementor-element elementor-element-5127a6d e-flex e-con-boxed e-con e-parent\" data-id=\"5127a6d\" data-element_type=\"container\">\n\t\t\t\t\t<div class=\"e-con-inner\">\n\t\t\t\t<div class=\"elementor-element elementor-element-1be2199 elementor-widget elementor-widget-spacer\" data-id=\"1be2199\" data-element_type=\"widget\" data-widget_type=\"spacer.default\">\n\t\t\t\t<div class=\"elementor-widget-container\">\n\t\t\t\t\t\t\t<div class=\"elementor-spacer\">\n\t\t\t<div class=\"elementor-spacer-inner\"><\/div>\n\t\t<\/div>\n\t\t\t\t\t\t<\/div>\n\t\t\t\t<\/div>\n\t\t\t\t\t<\/div>\n\t\t\t\t<\/div>\n\t\t<div class=\"elementor-element elementor-element-949743b e-flex e-con-boxed e-con e-parent\" data-id=\"949743b\" data-element_type=\"container\">\n\t\t\t\t\t<div class=\"e-con-inner\">\n\t\t<div class=\"elementor-element elementor-element-2a30d4d e-grid e-con-full e-con e-child\" data-id=\"2a30d4d\" data-element_type=\"container\">\n\t\t<div class=\"elementor-element elementor-element-ad7e938 e-con-full e-flex e-con e-child\" data-id=\"ad7e938\" data-element_type=\"container\">\n\t\t\t\t<div class=\"elementor-element elementor-element-0fd99b6 elementor-widget elementor-widget-image\" data-id=\"0fd99b6\" data-element_type=\"widget\" data-widget_type=\"image.default\">\n\t\t\t\t<div class=\"elementor-widget-container\">\n\t\t\t\t\t\t\t\t\t\t\t\t\t\t\t\t<a href=\"https:\/\/sesesc.qroo.gob.mx\/wp-content\/uploads\/2025\/04\/2.-39-Pronunciamiento-CERO-TOLERANCIA-2025.pdf\">\n\t\t\t\t\t\t\t<img decoding=\"async\" width=\"150\" height=\"150\" src=\"https:\/\/sesesc.qroo.gob.mx\/wp-content\/uploads\/2025\/04\/greyscale_1024254-150x150.png\" class=\"attachment-thumbnail size-thumbnail wp-image-39654\" alt=\"\" srcset=\"https:\/\/sesesc.qroo.gob.mx\/wp-content\/uploads\/2025\/04\/greyscale_1024254-150x150.png 150w, https:\/\/sesesc.qroo.gob.mx\/wp-content\/uploads\/2025\/04\/greyscale_1024254-300x300.png 300w, https:\/\/sesesc.qroo.gob.mx\/wp-content\/uploads\/2025\/04\/greyscale_1024254.png 512w\" sizes=\"(max-width: 150px) 100vw, 150px\" \/>\t\t\t\t\t\t\t\t<\/a>\n\t\t\t\t\t\t\t\t\t\t\t\t\t\t\t<\/div>\n\t\t\t\t<\/div>\n\t\t\t\t<div class=\"elementor-element elementor-element-3737114 elementor-widget elementor-widget-heading\" data-id=\"3737114\" data-element_type=\"widget\" data-widget_type=\"heading.default\">\n\t\t\t\t<div class=\"elementor-widget-container\">\n\t\t\t\t\t<h4 class=\"elementor-heading-title elementor-size-default\"><br>Pronunciamiento cero Tolerancia\n<\/h4>\t\t\t\t<\/div>\n\t\t\t\t<\/div>\n\t\t\t\t<\/div>\n\t\t<div class=\"elementor-element elementor-element-9118a09 e-con-full e-flex e-con e-child\" data-id=\"9118a09\" data-element_type=\"container\">\n\t\t\t\t<div class=\"elementor-element elementor-element-abf941d elementor-widget elementor-widget-image\" data-id=\"abf941d\" data-element_type=\"widget\" data-widget_type=\"image.default\">\n\t\t\t\t<div class=\"elementor-widget-container\">\n\t\t\t\t\t\t\t\t\t\t\t\t\t\t\t<img decoding=\"async\" width=\"150\" height=\"150\" src=\"https:\/\/sesesc.qroo.gob.mx\/wp-content\/uploads\/2025\/04\/buzon-150x150.png\" class=\"attachment-thumbnail size-thumbnail wp-image-39656\" alt=\"\" srcset=\"https:\/\/sesesc.qroo.gob.mx\/wp-content\/uploads\/2025\/04\/buzon-150x150.png 150w, https:\/\/sesesc.qroo.gob.mx\/wp-content\/uploads\/2025\/04\/buzon-300x300.png 300w, https:\/\/sesesc.qroo.gob.mx\/wp-content\/uploads\/2025\/04\/buzon.png 512w\" sizes=\"(max-width: 150px) 100vw, 150px\" \/>\t\t\t\t\t\t\t\t\t\t\t\t\t\t\t<\/div>\n\t\t\t\t<\/div>\n\t\t\t\t<div class=\"elementor-element elementor-element-8ab53ca elementor-widget elementor-widget-heading\" data-id=\"8ab53ca\" data-element_type=\"widget\" data-widget_type=\"heading.default\">\n\t\t\t\t<div class=\"elementor-widget-container\">\n\t\t\t\t\t<h4 class=\"elementor-heading-title elementor-size-default\"><br>Buz\u00f3n de Hostigamiento Laboral y Acoso Sexual<\/h4>\t\t\t\t<\/div>\n\t\t\t\t<\/div>\n\t\t\t\t<\/div>\n\t\t<div class=\"elementor-element elementor-element-2ff7061 e-con-full e-flex e-con e-child\" data-id=\"2ff7061\" data-element_type=\"container\">\n\t\t\t\t<div class=\"elementor-element elementor-element-9848cfa elementor-widget elementor-widget-image\" data-id=\"9848cfa\" data-element_type=\"widget\" data-widget_type=\"image.default\">\n\t\t\t\t<div class=\"elementor-widget-container\">\n\t\t\t\t\t\t\t\t\t\t\t\t\t\t\t<img decoding=\"async\" width=\"150\" height=\"150\" src=\"https:\/\/sesesc.qroo.gob.mx\/wp-content\/uploads\/2025\/04\/reunion-150x150.png\" class=\"attachment-thumbnail size-thumbnail wp-image-39657\" alt=\"\" srcset=\"https:\/\/sesesc.qroo.gob.mx\/wp-content\/uploads\/2025\/04\/reunion-150x150.png 150w, https:\/\/sesesc.qroo.gob.mx\/wp-content\/uploads\/2025\/04\/reunion-300x300.png 300w, https:\/\/sesesc.qroo.gob.mx\/wp-content\/uploads\/2025\/04\/reunion.png 512w\" sizes=\"(max-width: 150px) 100vw, 150px\" \/>\t\t\t\t\t\t\t\t\t\t\t\t\t\t\t<\/div>\n\t\t\t\t<\/div>\n\t\t\t\t<div class=\"elementor-element elementor-element-6ad222c elementor-widget elementor-widget-heading\" data-id=\"6ad222c\" data-element_type=\"widget\" data-widget_type=\"heading.default\">\n\t\t\t\t<div class=\"elementor-widget-container\">\n\t\t\t\t\t<h4 class=\"elementor-heading-title elementor-size-default\"><br>Sesiones Ejercicio 2025<\/h4>\t\t\t\t<\/div>\n\t\t\t\t<\/div>\n\t\t\t\t<\/div>\n\t\t\t\t<\/div>\n\t\t\t\t\t<\/div>\n\t\t\t\t<\/div>\n\t\t<div class=\"elementor-element elementor-element-05c7104 e-flex e-con-boxed e-con e-parent\" data-id=\"05c7104\" data-element_type=\"container\">\n\t\t\t\t\t<div class=\"e-con-inner\">\n\t\t\t\t<div class=\"elementor-element elementor-element-1d420eb elementor-widget elementor-widget-spacer\" data-id=\"1d420eb\" data-element_type=\"widget\" data-widget_type=\"spacer.default\">\n\t\t\t\t<div class=\"elementor-widget-container\">\n\t\t\t\t\t\t\t<div class=\"elementor-spacer\">\n\t\t\t<div class=\"elementor-spacer-inner\"><\/div>\n\t\t<\/div>\n\t\t\t\t\t\t<\/div>\n\t\t\t\t<\/div>\n\t\t\t\t\t<\/div>\n\t\t\t\t<\/div>\n\t\t<div class=\"elementor-element elementor-element-1133441b e-flex e-con-boxed e-con e-parent\" data-id=\"1133441b\" data-element_type=\"container\">\n\t\t\t\t\t<div class=\"e-con-inner\">\n\t\t<div class=\"elementor-element elementor-element-3fa4c2b8 e-con-full e-flex e-con e-child\" data-id=\"3fa4c2b8\" data-element_type=\"container\">\n\t\t\t\t<div class=\"elementor-element elementor-element-5378d412 elementor-widget elementor-widget-image\" data-id=\"5378d412\" data-element_type=\"widget\" data-widget_type=\"image.default\">\n\t\t\t\t<div class=\"elementor-widget-container\">\n\t\t\t\t\t\t\t\t\t\t\t\t\t\t\t<img loading=\"lazy\" decoding=\"async\" width=\"150\" height=\"150\" src=\"https:\/\/sesesc.qroo.gob.mx\/wp-content\/uploads\/2025\/04\/evaluacion-150x150.png\" class=\"attachment-thumbnail size-thumbnail wp-image-39658\" alt=\"\" srcset=\"https:\/\/sesesc.qroo.gob.mx\/wp-content\/uploads\/2025\/04\/evaluacion-150x150.png 150w, https:\/\/sesesc.qroo.gob.mx\/wp-content\/uploads\/2025\/04\/evaluacion-300x300.png 300w, https:\/\/sesesc.qroo.gob.mx\/wp-content\/uploads\/2025\/04\/elementor\/thumbs\/evaluacion-r4ulgf9j19jzwwts85bhn8suvuhafsspeb4rxuqyug.png 100w, https:\/\/sesesc.qroo.gob.mx\/wp-content\/uploads\/2025\/04\/evaluacion.png 512w\" sizes=\"(max-width: 150px) 100vw, 150px\" \/>\t\t\t\t\t\t\t\t\t\t\t\t\t\t\t<\/div>\n\t\t\t\t<\/div>\n\t\t\t\t<\/div>\n\t\t<div class=\"elementor-element elementor-element-100163d9 e-con-full e-flex e-con e-child\" data-id=\"100163d9\" data-element_type=\"container\">\n\t\t\t\t<div class=\"elementor-element elementor-element-5ab77de9 elementor-widget elementor-widget-heading\" data-id=\"5ab77de9\" data-element_type=\"widget\" data-widget_type=\"heading.default\">\n\t\t\t\t<div class=\"elementor-widget-container\">\n\t\t\t\t\t<h2 class=\"elementor-heading-title elementor-size-default\">Actividades<\/h2>\t\t\t\t<\/div>\n\t\t\t\t<\/div>\n\t\t\t\t<\/div>\n\t\t\t\t\t<\/div>\n\t\t\t\t<\/div>\n\t\t<div class=\"elementor-element elementor-element-3ff4171 e-flex e-con-boxed e-con e-parent\" data-id=\"3ff4171\" data-element_type=\"container\">\n\t\t\t\t\t<div class=\"e-con-inner\">\n\t\t\t\t<div class=\"elementor-element elementor-element-999e13a elementor-widget elementor-widget-spacer\" data-id=\"999e13a\" data-element_type=\"widget\" data-widget_type=\"spacer.default\">\n\t\t\t\t<div class=\"elementor-widget-container\">\n\t\t\t\t\t\t\t<div class=\"elementor-spacer\">\n\t\t\t<div class=\"elementor-spacer-inner\"><\/div>\n\t\t<\/div>\n\t\t\t\t\t\t<\/div>\n\t\t\t\t<\/div>\n\t\t\t\t<div class=\"elementor-element elementor-element-8d4fd02 elementor-widget elementor-widget-html\" data-id=\"8d4fd02\" data-element_type=\"widget\" data-widget_type=\"html.default\">\n\t\t\t\t<div class=\"elementor-widget-container\">\n\t\t\t\t\t<details>\r\n  <summary style=\"color: white\">A\u00f1o 2024<\/summary>\r\n  <p>\r\n    <a href=\"https:\/\/sesesc.qroo.gob.mx\/wp-content\/uploads\/2025\/04\/5.-Informe-de-Actividades-2024.pdf\">Informe de Actividades<\/a>\r\n  <\/p>\r\n<\/details>\r\n<details>\r\n  <summary style=\"color: white\">A\u00f1o 2025<\/summary>\r\n  <p>\r\n    <a href=\"\"><\/a>\r\n  <\/p>\r\n<\/details>\r\n<style>\r\n  .div-container {\r\n    padding: 20px;\r\n    background-color: #ffffff;\r\n    transition: max-height 0.2s ease-out;\r\n    box-shadow: 1px 4px 8px rgba(0, 0, 0, 0.1);\r\n  }\r\n\r\n  details {\r\n    width: 100%;\r\n    margin: 10px 0;\r\n    background-color: #ececec;\r\n    border: 1px solid #ffffff00;\r\n    border-radius: 4px;\r\n    font-family: \"Montserrat\", sans-serif;\r\n  }\r\n\r\n  summary {\r\n    cursor: pointer;\r\n    font-weight: bold;\r\n    padding: 10px;\r\n    background-color: #afafaf;\r\n    border-bottom: 1px solid #ffffff00;\r\n    border-radius: 4px 4px 0 0;\r\n  }\r\n\r\n  details[open] summary {\r\n    background-color: #a0a0a0;\r\n  }\r\n\r\n  details p {\r\n    padding: 10px;\r\n    margin: 0;\r\n    background-color: #f9f9f9;\r\n    border-radius: 0 0 4px 4px;\r\n  }\r\n\r\n  a {\r\n    text-decoration: none;\r\n  }\r\n\r\n  a:hover {\r\n    text-decoration: underline;\r\n  }\r\n<\/style>\r\n\t\t\t\t<\/div>\n\t\t\t\t<\/div>\n\t\t\t\t\t<\/div>\n\t\t\t\t<\/div>\n\t\t<div class=\"elementor-element elementor-element-7dce05a e-flex e-con-boxed e-con e-parent\" data-id=\"7dce05a\" data-element_type=\"container\">\n\t\t\t\t\t<div class=\"e-con-inner\">\n\t\t\t\t<div class=\"elementor-element elementor-element-63812ab elementor-widget elementor-widget-spacer\" data-id=\"63812ab\" data-element_type=\"widget\" data-widget_type=\"spacer.default\">\n\t\t\t\t<div class=\"elementor-widget-container\">\n\t\t\t\t\t\t\t<div class=\"elementor-spacer\">\n\t\t\t<div class=\"elementor-spacer-inner\"><\/div>\n\t\t<\/div>\n\t\t\t\t\t\t<\/div>\n\t\t\t\t<\/div>\n\t\t\t\t\t<\/div>\n\t\t\t\t<\/div>\n\t\t\t\t<\/div>\n\t\t","protected":false},"excerpt":{"rendered":"<p>Programa Quintanarroense de Cultura Institucional Comit\u00e9 para la igualdad de G\u00e9nero Subcomit\u00e9 Interno contra el Hostigamiento y Acoso Sexual Te presentamos a las personas que integran el Comit\u00e9 Institucional para la Igualdad de G\u00e9nero en el Secretariado Ejecutivo del Sistema Estatal de Seguridad Ciudadana del Estado de Quintana Roo: Te presentamos a las personas que &#8230; <a title=\"Programa Quintanarroense de Cultura Institucional\" class=\"read-more\" href=\"https:\/\/sesesc.qroo.gob.mx\/index.php\/programa-quintanarroense-de-cultura-institucional\/\" aria-label=\"Leer m\u00e1s sobre Programa Quintanarroense de Cultura Institucional\">Leer m\u00e1s<\/a><\/p>\n","protected":false},"author":4,"featured_media":0,"parent":0,"menu_order":0,"comment_status":"closed","ping_status":"closed","template":"","meta":{"footnotes":""},"class_list":["post-39647","page","type-page","status-publish"],"yoast_head":"<!-- This site is optimized with the Yoast SEO plugin v24.6 - https:\/\/yoast.com\/wordpress\/plugins\/seo\/ -->\n<title>Programa Quintanarroense de Cultura Institucional - Secretariado Ejecutivo del Sistema Estatal de Seguridad P\u00fablica<\/title>\n<meta name=\"robots\" content=\"noindex, follow, max-snippet:-1, max-image-preview:large, max-video-preview:-1\" \/>\n<meta property=\"og:locale\" content=\"es_MX\" \/>\n<meta property=\"og:type\" content=\"article\" \/>\n<meta property=\"og:title\" content=\"Programa Quintanarroense de Cultura Institucional - Secretariado Ejecutivo del Sistema Estatal de Seguridad P\u00fablica\" \/>\n<meta property=\"og:description\" content=\"Programa Quintanarroense de Cultura Institucional Comit\u00e9 para la igualdad de G\u00e9nero Subcomit\u00e9 Interno contra el Hostigamiento y Acoso Sexual Te presentamos a las personas que integran el Comit\u00e9 Institucional para la Igualdad de G\u00e9nero en el Secretariado Ejecutivo del Sistema Estatal de Seguridad Ciudadana del Estado de Quintana Roo: Te presentamos a las personas que ... Leer m\u00e1s\" \/>\n<meta property=\"og:url\" content=\"https:\/\/sesesc.qroo.gob.mx\/index.php\/programa-quintanarroense-de-cultura-institucional\/\" \/>\n<meta property=\"og:site_name\" content=\"Secretariado Ejecutivo del Sistema Estatal de Seguridad P\u00fablica\" \/>\n<meta property=\"article:modified_time\" content=\"2025-04-24T22:17:24+00:00\" \/>\n<meta property=\"og:image\" content=\"https:\/\/sesesc.qroo.gob.mx\/wp-content\/uploads\/2025\/04\/greyscale_1024254.png\" \/>\n\t<meta property=\"og:image:width\" content=\"512\" \/>\n\t<meta property=\"og:image:height\" content=\"512\" \/>\n\t<meta property=\"og:image:type\" content=\"image\/png\" \/>\n<meta name=\"twitter:card\" content=\"summary_large_image\" \/>\n<meta name=\"twitter:label1\" content=\"Tiempo de lectura\" \/>\n\t<meta name=\"twitter:data1\" content=\"2 minutos\" \/>\n<script type=\"application\/ld+json\" class=\"yoast-schema-graph\">{\"@context\":\"https:\/\/schema.org\",\"@graph\":[{\"@type\":\"WebPage\",\"@id\":\"https:\/\/sesesc.qroo.gob.mx\/index.php\/programa-quintanarroense-de-cultura-institucional\/\",\"url\":\"https:\/\/sesesc.qroo.gob.mx\/index.php\/programa-quintanarroense-de-cultura-institucional\/\",\"name\":\"Programa Quintanarroense de Cultura Institucional - Secretariado Ejecutivo del Sistema Estatal de Seguridad P\u00fablica\",\"isPartOf\":{\"@id\":\"https:\/\/sesesc.qroo.gob.mx\/#website\"},\"primaryImageOfPage\":{\"@id\":\"https:\/\/sesesc.qroo.gob.mx\/index.php\/programa-quintanarroense-de-cultura-institucional\/#primaryimage\"},\"image\":{\"@id\":\"https:\/\/sesesc.qroo.gob.mx\/index.php\/programa-quintanarroense-de-cultura-institucional\/#primaryimage\"},\"thumbnailUrl\":\"https:\/\/sesesc.qroo.gob.mx\/wp-content\/uploads\/2025\/04\/greyscale_1024254-150x150.png\",\"datePublished\":\"2025-04-24T22:08:17+00:00\",\"dateModified\":\"2025-04-24T22:17:24+00:00\",\"breadcrumb\":{\"@id\":\"https:\/\/sesesc.qroo.gob.mx\/index.php\/programa-quintanarroense-de-cultura-institucional\/#breadcrumb\"},\"inLanguage\":\"es\",\"potentialAction\":[{\"@type\":\"ReadAction\",\"target\":[\"https:\/\/sesesc.qroo.gob.mx\/index.php\/programa-quintanarroense-de-cultura-institucional\/\"]}]},{\"@type\":\"ImageObject\",\"inLanguage\":\"es\",\"@id\":\"https:\/\/sesesc.qroo.gob.mx\/index.php\/programa-quintanarroense-de-cultura-institucional\/#primaryimage\",\"url\":\"https:\/\/sesesc.qroo.gob.mx\/wp-content\/uploads\/2025\/04\/greyscale_1024254.png\",\"contentUrl\":\"https:\/\/sesesc.qroo.gob.mx\/wp-content\/uploads\/2025\/04\/greyscale_1024254.png\",\"width\":512,\"height\":512},{\"@type\":\"BreadcrumbList\",\"@id\":\"https:\/\/sesesc.qroo.gob.mx\/index.php\/programa-quintanarroense-de-cultura-institucional\/#breadcrumb\",\"itemListElement\":[{\"@type\":\"ListItem\",\"position\":1,\"name\":\"Inicio\",\"item\":\"https:\/\/sesesc.qroo.gob.mx\/\"},{\"@type\":\"ListItem\",\"position\":2,\"name\":\"Programa Quintanarroense de Cultura Institucional\"}]},{\"@type\":\"WebSite\",\"@id\":\"https:\/\/sesesc.qroo.gob.mx\/#website\",\"url\":\"https:\/\/sesesc.qroo.gob.mx\/\",\"name\":\"Secretariado Ejecutivo del Sistema Estatal de Seguridad P\u00fablica\",\"description\":\"\",\"potentialAction\":[{\"@type\":\"SearchAction\",\"target\":{\"@type\":\"EntryPoint\",\"urlTemplate\":\"https:\/\/sesesc.qroo.gob.mx\/?s={search_term_string}\"},\"query-input\":{\"@type\":\"PropertyValueSpecification\",\"valueRequired\":true,\"valueName\":\"search_term_string\"}}],\"inLanguage\":\"es\"}]}<\/script>\n<!-- \/ Yoast SEO plugin. -->","yoast_head_json":{"title":"Programa Quintanarroense de Cultura Institucional - Secretariado Ejecutivo del Sistema Estatal de Seguridad P\u00fablica","robots":{"index":"noindex","follow":"follow","max-snippet":"max-snippet:-1","max-image-preview":"max-image-preview:large","max-video-preview":"max-video-preview:-1"},"og_locale":"es_MX","og_type":"article","og_title":"Programa Quintanarroense de Cultura Institucional - Secretariado Ejecutivo del Sistema Estatal de Seguridad P\u00fablica","og_description":"Programa Quintanarroense de Cultura Institucional Comit\u00e9 para la igualdad de G\u00e9nero Subcomit\u00e9 Interno contra el Hostigamiento y Acoso Sexual Te presentamos a las personas que integran el Comit\u00e9 Institucional para la Igualdad de G\u00e9nero en el Secretariado Ejecutivo del Sistema Estatal de Seguridad Ciudadana del Estado de Quintana Roo: Te presentamos a las personas que ... Leer m\u00e1s","og_url":"https:\/\/sesesc.qroo.gob.mx\/index.php\/programa-quintanarroense-de-cultura-institucional\/","og_site_name":"Secretariado Ejecutivo del Sistema Estatal de Seguridad P\u00fablica","article_modified_time":"2025-04-24T22:17:24+00:00","og_image":[{"width":512,"height":512,"url":"https:\/\/sesesc.qroo.gob.mx\/wp-content\/uploads\/2025\/04\/greyscale_1024254.png","type":"image\/png"}],"twitter_card":"summary_large_image","twitter_misc":{"Tiempo de lectura":"2 minutos"},"schema":{"@context":"https:\/\/schema.org","@graph":[{"@type":"WebPage","@id":"https:\/\/sesesc.qroo.gob.mx\/index.php\/programa-quintanarroense-de-cultura-institucional\/","url":"https:\/\/sesesc.qroo.gob.mx\/index.php\/programa-quintanarroense-de-cultura-institucional\/","name":"Programa Quintanarroense de Cultura Institucional - Secretariado Ejecutivo del Sistema Estatal de Seguridad P\u00fablica","isPartOf":{"@id":"https:\/\/sesesc.qroo.gob.mx\/#website"},"primaryImageOfPage":{"@id":"https:\/\/sesesc.qroo.gob.mx\/index.php\/programa-quintanarroense-de-cultura-institucional\/#primaryimage"},"image":{"@id":"https:\/\/sesesc.qroo.gob.mx\/index.php\/programa-quintanarroense-de-cultura-institucional\/#primaryimage"},"thumbnailUrl":"https:\/\/sesesc.qroo.gob.mx\/wp-content\/uploads\/2025\/04\/greyscale_1024254-150x150.png","datePublished":"2025-04-24T22:08:17+00:00","dateModified":"2025-04-24T22:17:24+00:00","breadcrumb":{"@id":"https:\/\/sesesc.qroo.gob.mx\/index.php\/programa-quintanarroense-de-cultura-institucional\/#breadcrumb"},"inLanguage":"es","potentialAction":[{"@type":"ReadAction","target":["https:\/\/sesesc.qroo.gob.mx\/index.php\/programa-quintanarroense-de-cultura-institucional\/"]}]},{"@type":"ImageObject","inLanguage":"es","@id":"https:\/\/sesesc.qroo.gob.mx\/index.php\/programa-quintanarroense-de-cultura-institucional\/#primaryimage","url":"https:\/\/sesesc.qroo.gob.mx\/wp-content\/uploads\/2025\/04\/greyscale_1024254.png","contentUrl":"https:\/\/sesesc.qroo.gob.mx\/wp-content\/uploads\/2025\/04\/greyscale_1024254.png","width":512,"height":512},{"@type":"BreadcrumbList","@id":"https:\/\/sesesc.qroo.gob.mx\/index.php\/programa-quintanarroense-de-cultura-institucional\/#breadcrumb","itemListElement":[{"@type":"ListItem","position":1,"name":"Inicio","item":"https:\/\/sesesc.qroo.gob.mx\/"},{"@type":"ListItem","position":2,"name":"Programa Quintanarroense de Cultura Institucional"}]},{"@type":"WebSite","@id":"https:\/\/sesesc.qroo.gob.mx\/#website","url":"https:\/\/sesesc.qroo.gob.mx\/","name":"Secretariado Ejecutivo del Sistema Estatal de Seguridad P\u00fablica","description":"","potentialAction":[{"@type":"SearchAction","target":{"@type":"EntryPoint","urlTemplate":"https:\/\/sesesc.qroo.gob.mx\/?s={search_term_string}"},"query-input":{"@type":"PropertyValueSpecification","valueRequired":true,"valueName":"search_term_string"}}],"inLanguage":"es"}]}},"_links":{"self":[{"href":"https:\/\/sesesc.qroo.gob.mx\/index.php\/wp-json\/wp\/v2\/pages\/39647","targetHints":{"allow":["GET"]}}],"collection":[{"href":"https:\/\/sesesc.qroo.gob.mx\/index.php\/wp-json\/wp\/v2\/pages"}],"about":[{"href":"https:\/\/sesesc.qroo.gob.mx\/index.php\/wp-json\/wp\/v2\/types\/page"}],"author":[{"embeddable":true,"href":"https:\/\/sesesc.qroo.gob.mx\/index.php\/wp-json\/wp\/v2\/users\/4"}],"replies":[{"embeddable":true,"href":"https:\/\/sesesc.qroo.gob.mx\/index.php\/wp-json\/wp\/v2\/comments?post=39647"}],"version-history":[{"count":19,"href":"https:\/\/sesesc.qroo.gob.mx\/index.php\/wp-json\/wp\/v2\/pages\/39647\/revisions"}],"predecessor-version":[{"id":39675,"href":"https:\/\/sesesc.qroo.gob.mx\/index.php\/wp-json\/wp\/v2\/pages\/39647\/revisions\/39675"}],"wp:attachment":[{"href":"https:\/\/sesesc.qroo.gob.mx\/index.php\/wp-json\/wp\/v2\/media?parent=39647"}],"curies":[{"name":"wp","href":"https:\/\/api.w.org\/{rel}","templated":true}]}}