{"id":39797,"date":"2025-05-28T10:52:23","date_gmt":"2025-05-28T15:52:23","guid":{"rendered":"https:\/\/sesesc.qroo.gob.mx\/?page_id=39797"},"modified":"2026-04-28T15:27:31","modified_gmt":"2026-04-28T20:27:31","slug":"fofisp-sesesc","status":"publish","type":"page","link":"https:\/\/sesesc.qroo.gob.mx\/index.php\/fofisp-sesesc\/","title":{"rendered":"FOFISP SESESC"},"content":{"rendered":"\t\t<div data-elementor-type=\"wp-page\" data-elementor-id=\"39797\" class=\"elementor elementor-39797\">\n\t\t\t\t<div class=\"elementor-element elementor-element-d395985 e-flex e-con-boxed e-con e-parent\" data-id=\"d395985\" data-element_type=\"container\">\n\t\t\t\t\t<div class=\"e-con-inner\">\n\t\t<div class=\"elementor-element elementor-element-972a8ad e-con-full e-flex e-con e-child\" data-id=\"972a8ad\" data-element_type=\"container\">\n\t\t\t\t<div class=\"elementor-element elementor-element-f13eb89 elementor-widget elementor-widget-heading\" data-id=\"f13eb89\" data-element_type=\"widget\" data-widget_type=\"heading.default\">\n\t\t\t\t<div class=\"elementor-widget-container\">\n\t\t\t\t\t<h2 class=\"elementor-heading-title elementor-size-default\">Fondo para el Fortalecimiento de las Instituciones de Seguridad P\u00fablica\u200b<\/h2>\t\t\t\t<\/div>\n\t\t\t\t<\/div>\n\t\t\t\t<\/div>\n\t\t\t\t\t<\/div>\n\t\t\t\t<\/div>\n\t\t<div class=\"elementor-element elementor-element-6b81c81 e-flex e-con-boxed e-con e-parent\" data-id=\"6b81c81\" data-element_type=\"container\">\n\t\t\t\t\t<div class=\"e-con-inner\">\n\t\t\t\t<div class=\"elementor-element elementor-element-411ca63 elementor-widget elementor-widget-html\" data-id=\"411ca63\" data-element_type=\"widget\" data-widget_type=\"html.default\">\n\t\t\t\t<div class=\"elementor-widget-container\">\n\t\t\t\t\t<details>\r\n  <summary style=\"color: white\">FOFISP 2026<\/summary>\r\n  <details>\r\n    <summary>Convenio y Anexo <\/summary>\r\n    <p>\r\n      <a\r\n        href=\"https:\/\/sesesc.qroo.gob.mx\/wp-content\/uploads\/2026\/04\/Convenio-FOFISP.pdf\"\r\n        >Convenio<\/a\r\n      >\r\n    <\/p>\r\n     <p>\r\n      <a\r\n        href=\"https:\/\/sesesc.qroo.gob.mx\/wp-content\/uploads\/2026\/04\/Anexo-Tecnico-FOFISP.pdf\"\r\n        >Anexo t\u00e9cnico <\/a\r\n      >\r\n    <\/p>\r\n  <\/details>\r\n <\/details>\r\n      \r\n<details>\r\n  <summary style=\"color: white\">FOFISP 2025<\/summary>\r\n  <details>\r\n    <summary>Convenio y Anexo <\/summary>\r\n    <p>\r\n      <a\r\n        href=\"https:\/\/sesesc.qroo.gob.mx\/wp-content\/uploads\/2025\/05\/Convenio-Especifico-de-Adhesion-FOFISP.pdf\"\r\n        >Convenio espec\u00edfico de adhesi\u00f3n <\/a\r\n      >\r\n    <\/p>\r\n     <p>\r\n      <a\r\n        href=\"https:\/\/sesesc.qroo.gob.mx\/wp-content\/uploads\/2025\/05\/Anexo-Tecnico-de-FOFISP.pdf\"\r\n        >Anexo t\u00e9cnico <\/a\r\n      >\r\n    <\/p>\r\n  <\/details>\r\n  <details>\r\n    <summary>Primer trimestre<\/summary>\r\n    <p>\r\n      <a\r\n        href=\"https:\/\/sesesc.qroo.gob.mx\/wp-content\/uploads\/2025\/05\/FOFISP-1ER-TRIMESTRE-SRFT-2025-Indicadores.pdf\"\r\n        >Sistema de recursos federales transferidos informe de indicadores PFD<\/a\r\n      >\r\n    <\/p>\r\n     <p>\r\n      <a\r\n        href=\"https:\/\/sesesc.qroo.gob.mx\/wp-content\/uploads\/2025\/05\/FOFISP-1ER-TRIM-SRFT-2025-PUB.xlsx\"\r\n        >Sistema de recursos federales transferidos informe de indicadores XLSX<\/a\r\n      >\r\n    <\/p>\r\n  <\/details>\r\n  <details>\r\n    <summary>Segundo trimestre<\/summary>\r\n    <p>\r\n      <a\r\n        href=\"https:\/\/sesesc.qroo.gob.mx\/wp-content\/uploads\/2025\/08\/2o-trim-fofisp-2025.pdf\"\r\n        >Sistema de recursos federales transferidos informe financiero PFD<\/a\r\n      >\r\n    <\/p>\r\n     <p>\r\n      <a\r\n        href=\"https:\/\/sesesc.qroo.gob.mx\/wp-content\/uploads\/2025\/08\/2o-trim-fofisp-2025.xlsx\"\r\n        >Sistema de recursos federales transferidos informe financiero XLSX<\/a\r\n      >\r\n    <\/p>\r\n  <\/details>\r\n  <details>\r\n    <summary>Tercer trimestre<\/summary>\r\n    <p>\r\n      <a\r\n        href=\"https:\/\/sesesc.qroo.gob.mx\/wp-content\/uploads\/2025\/10\/3er-trimestre-fofisp-pub.pdf\"\r\n        > Informes sobre la Situaci\u00f3n Econ\u00f3mica, las Finanzas P\u00fablicas y la Deuda P\u00fablica PFD<\/a\r\n      >\r\n    <\/p>\r\n     <p>\r\n      <a\r\n        href=\"https:\/\/sesesc.qroo.gob.mx\/wp-content\/uploads\/2025\/10\/3er.-Trimestre-Fofisp-pub.xlsx\"\r\n        >Informes sobre la Situaci\u00f3n Econ\u00f3mica, las Finanzas P\u00fablicas y la Deuda P\u00fablica XLSX<\/a\r\n      >\r\n    <\/p>\r\n  <\/details>\r\n  <style>\r\n  details {\r\n    width: 100%;\r\n    margin: 10px 0;\r\n    background-color: #ffffff;\r\n    border: 1px solid transparent;\r\n    border-radius: 4px;\r\n    font-family: \"Montserrat\", sans-serif;\r\n  }\r\n  summary {\r\n    cursor: pointer;\r\n    font-weight: bold;\r\n    padding: 10px;\r\n    background-color: #afafaf;\r\n    border-bottom: 1px solid transparent;\r\n    border-radius: 4px 4px 0 0;\r\n  }\r\n  details[open] summary {\r\n    background-color: #a0a0a0;\r\n  }\r\n  a {\r\n    display: block;\r\n    padding: 5px 10px;\r\n    margin: 2px 0;\r\n    background-color: #ffffff;\r\n    text-decoration: none;\r\n    color: #ab0a3d;\r\n    border-radius: 4px;\r\n    transition: background-color 0.3s ease;\r\n    margin-left: 20px;\r\n  }\r\n  a:hover {\r\n    background-color: #ffffff;\r\n  }\r\n  details details {\r\n    margin: 0;\r\n    border: none;\r\n    background-color: white !important;\r\n  }\r\n  details details summary {\r\n    background-color: #ffffff !important;\r\n    border-radius: 4px;\r\n    padding-left: 20px;\r\n    color: #999999;\r\n  }\r\n  details details details summary {\r\n    background-color: #ffffff !important;\r\n    border-radius: 4px;\r\n    padding-left: 30px;\r\n    color: #999999;\r\n    border: none;\r\n  }\r\n  details details details a {\r\n    background-color: #ffffff;\r\n    border: none;\r\n  }\r\n<\/style>\t\t\t\t<\/div>\n\t\t\t\t<\/div>\n\t\t\t\t\t<\/div>\n\t\t\t\t<\/div>\n\t\t\t\t<\/div>\n\t\t","protected":false},"excerpt":{"rendered":"<p>Fondo para el Fortalecimiento de las Instituciones de Seguridad P\u00fablica\u200b FOFISP 2026 Convenio y Anexo Convenio Anexo t\u00e9cnico FOFISP 2025 Convenio y Anexo Convenio espec\u00edfico de adhesi\u00f3n Anexo t\u00e9cnico Primer trimestre Sistema de recursos federales transferidos informe de indicadores PFD Sistema de recursos federales transferidos informe de indicadores XLSX Segundo trimestre Sistema de recursos federales &#8230; <a title=\"FOFISP SESESC\" class=\"read-more\" href=\"https:\/\/sesesc.qroo.gob.mx\/index.php\/fofisp-sesesc\/\" aria-label=\"Leer m\u00e1s sobre FOFISP SESESC\">Leer m\u00e1s<\/a><\/p>\n","protected":false},"author":4,"featured_media":0,"parent":0,"menu_order":0,"comment_status":"closed","ping_status":"closed","template":"","meta":{"footnotes":""},"class_list":["post-39797","page","type-page","status-publish"],"yoast_head":"<!-- This site is optimized with the Yoast SEO plugin v24.6 - https:\/\/yoast.com\/wordpress\/plugins\/seo\/ -->\n<title>FOFISP SESESC - Secretariado Ejecutivo del Sistema Estatal de Seguridad P\u00fablica<\/title>\n<meta name=\"robots\" content=\"noindex, follow, max-snippet:-1, max-image-preview:large, max-video-preview:-1\" \/>\n<meta property=\"og:locale\" content=\"es_MX\" \/>\n<meta property=\"og:type\" content=\"article\" \/>\n<meta property=\"og:title\" content=\"FOFISP SESESC - Secretariado Ejecutivo del Sistema Estatal de Seguridad P\u00fablica\" \/>\n<meta property=\"og:description\" content=\"Fondo para el Fortalecimiento de las Instituciones de Seguridad P\u00fablica\u200b FOFISP 2026 Convenio y Anexo Convenio Anexo t\u00e9cnico FOFISP 2025 Convenio y Anexo Convenio espec\u00edfico de adhesi\u00f3n Anexo t\u00e9cnico Primer trimestre Sistema de recursos federales transferidos informe de indicadores PFD Sistema de recursos federales transferidos informe de indicadores XLSX Segundo trimestre Sistema de recursos federales ... Leer m\u00e1s\" \/>\n<meta property=\"og:url\" content=\"https:\/\/sesesc.qroo.gob.mx\/index.php\/fofisp-sesesc\/\" \/>\n<meta property=\"og:site_name\" content=\"Secretariado Ejecutivo del Sistema Estatal de Seguridad P\u00fablica\" \/>\n<meta property=\"article:modified_time\" content=\"2026-04-28T20:27:31+00:00\" \/>\n<meta name=\"twitter:card\" content=\"summary_large_image\" \/>\n<meta name=\"twitter:label1\" content=\"Tiempo de lectura\" \/>\n\t<meta name=\"twitter:data1\" content=\"1 minuto\" \/>\n<script type=\"application\/ld+json\" class=\"yoast-schema-graph\">{\"@context\":\"https:\/\/schema.org\",\"@graph\":[{\"@type\":\"WebPage\",\"@id\":\"https:\/\/sesesc.qroo.gob.mx\/index.php\/fofisp-sesesc\/\",\"url\":\"https:\/\/sesesc.qroo.gob.mx\/index.php\/fofisp-sesesc\/\",\"name\":\"FOFISP SESESC - Secretariado Ejecutivo del Sistema Estatal de Seguridad P\u00fablica\",\"isPartOf\":{\"@id\":\"https:\/\/sesesc.qroo.gob.mx\/#website\"},\"datePublished\":\"2025-05-28T15:52:23+00:00\",\"dateModified\":\"2026-04-28T20:27:31+00:00\",\"breadcrumb\":{\"@id\":\"https:\/\/sesesc.qroo.gob.mx\/index.php\/fofisp-sesesc\/#breadcrumb\"},\"inLanguage\":\"es\",\"potentialAction\":[{\"@type\":\"ReadAction\",\"target\":[\"https:\/\/sesesc.qroo.gob.mx\/index.php\/fofisp-sesesc\/\"]}]},{\"@type\":\"BreadcrumbList\",\"@id\":\"https:\/\/sesesc.qroo.gob.mx\/index.php\/fofisp-sesesc\/#breadcrumb\",\"itemListElement\":[{\"@type\":\"ListItem\",\"position\":1,\"name\":\"Inicio\",\"item\":\"https:\/\/sesesc.qroo.gob.mx\/\"},{\"@type\":\"ListItem\",\"position\":2,\"name\":\"FOFISP SESESC\"}]},{\"@type\":\"WebSite\",\"@id\":\"https:\/\/sesesc.qroo.gob.mx\/#website\",\"url\":\"https:\/\/sesesc.qroo.gob.mx\/\",\"name\":\"Secretariado Ejecutivo del Sistema Estatal de Seguridad P\u00fablica\",\"description\":\"\",\"potentialAction\":[{\"@type\":\"SearchAction\",\"target\":{\"@type\":\"EntryPoint\",\"urlTemplate\":\"https:\/\/sesesc.qroo.gob.mx\/?s={search_term_string}\"},\"query-input\":{\"@type\":\"PropertyValueSpecification\",\"valueRequired\":true,\"valueName\":\"search_term_string\"}}],\"inLanguage\":\"es\"}]}<\/script>\n<!-- \/ Yoast SEO plugin. -->","yoast_head_json":{"title":"FOFISP SESESC - Secretariado Ejecutivo del Sistema Estatal de Seguridad P\u00fablica","robots":{"index":"noindex","follow":"follow","max-snippet":"max-snippet:-1","max-image-preview":"max-image-preview:large","max-video-preview":"max-video-preview:-1"},"og_locale":"es_MX","og_type":"article","og_title":"FOFISP SESESC - Secretariado Ejecutivo del Sistema Estatal de Seguridad P\u00fablica","og_description":"Fondo para el Fortalecimiento de las Instituciones de Seguridad P\u00fablica\u200b FOFISP 2026 Convenio y Anexo Convenio Anexo t\u00e9cnico FOFISP 2025 Convenio y Anexo Convenio espec\u00edfico de adhesi\u00f3n Anexo t\u00e9cnico Primer trimestre Sistema de recursos federales transferidos informe de indicadores PFD Sistema de recursos federales transferidos informe de indicadores XLSX Segundo trimestre Sistema de recursos federales ... Leer m\u00e1s","og_url":"https:\/\/sesesc.qroo.gob.mx\/index.php\/fofisp-sesesc\/","og_site_name":"Secretariado Ejecutivo del Sistema Estatal de Seguridad P\u00fablica","article_modified_time":"2026-04-28T20:27:31+00:00","twitter_card":"summary_large_image","twitter_misc":{"Tiempo de lectura":"1 minuto"},"schema":{"@context":"https:\/\/schema.org","@graph":[{"@type":"WebPage","@id":"https:\/\/sesesc.qroo.gob.mx\/index.php\/fofisp-sesesc\/","url":"https:\/\/sesesc.qroo.gob.mx\/index.php\/fofisp-sesesc\/","name":"FOFISP SESESC - Secretariado Ejecutivo del Sistema Estatal de Seguridad P\u00fablica","isPartOf":{"@id":"https:\/\/sesesc.qroo.gob.mx\/#website"},"datePublished":"2025-05-28T15:52:23+00:00","dateModified":"2026-04-28T20:27:31+00:00","breadcrumb":{"@id":"https:\/\/sesesc.qroo.gob.mx\/index.php\/fofisp-sesesc\/#breadcrumb"},"inLanguage":"es","potentialAction":[{"@type":"ReadAction","target":["https:\/\/sesesc.qroo.gob.mx\/index.php\/fofisp-sesesc\/"]}]},{"@type":"BreadcrumbList","@id":"https:\/\/sesesc.qroo.gob.mx\/index.php\/fofisp-sesesc\/#breadcrumb","itemListElement":[{"@type":"ListItem","position":1,"name":"Inicio","item":"https:\/\/sesesc.qroo.gob.mx\/"},{"@type":"ListItem","position":2,"name":"FOFISP SESESC"}]},{"@type":"WebSite","@id":"https:\/\/sesesc.qroo.gob.mx\/#website","url":"https:\/\/sesesc.qroo.gob.mx\/","name":"Secretariado Ejecutivo del Sistema Estatal de Seguridad P\u00fablica","description":"","potentialAction":[{"@type":"SearchAction","target":{"@type":"EntryPoint","urlTemplate":"https:\/\/sesesc.qroo.gob.mx\/?s={search_term_string}"},"query-input":{"@type":"PropertyValueSpecification","valueRequired":true,"valueName":"search_term_string"}}],"inLanguage":"es"}]}},"_links":{"self":[{"href":"https:\/\/sesesc.qroo.gob.mx\/index.php\/wp-json\/wp\/v2\/pages\/39797","targetHints":{"allow":["GET"]}}],"collection":[{"href":"https:\/\/sesesc.qroo.gob.mx\/index.php\/wp-json\/wp\/v2\/pages"}],"about":[{"href":"https:\/\/sesesc.qroo.gob.mx\/index.php\/wp-json\/wp\/v2\/types\/page"}],"author":[{"embeddable":true,"href":"https:\/\/sesesc.qroo.gob.mx\/index.php\/wp-json\/wp\/v2\/users\/4"}],"replies":[{"embeddable":true,"href":"https:\/\/sesesc.qroo.gob.mx\/index.php\/wp-json\/wp\/v2\/comments?post=39797"}],"version-history":[{"count":34,"href":"https:\/\/sesesc.qroo.gob.mx\/index.php\/wp-json\/wp\/v2\/pages\/39797\/revisions"}],"predecessor-version":[{"id":41114,"href":"https:\/\/sesesc.qroo.gob.mx\/index.php\/wp-json\/wp\/v2\/pages\/39797\/revisions\/41114"}],"wp:attachment":[{"href":"https:\/\/sesesc.qroo.gob.mx\/index.php\/wp-json\/wp\/v2\/media?parent=39797"}],"curies":[{"name":"wp","href":"https:\/\/api.w.org\/{rel}","templated":true}]}}