{"id":40103,"date":"2025-07-14T17:01:56","date_gmt":"2025-07-14T22:01:56","guid":{"rendered":"https:\/\/sesesc.qroo.gob.mx\/?page_id=40103"},"modified":"2025-07-14T17:02:04","modified_gmt":"2025-07-14T22:02:04","slug":"informe-de-capacitacion-semestral","status":"publish","type":"page","link":"https:\/\/sesesc.qroo.gob.mx\/index.php\/informe-de-capacitacion-semestral\/","title":{"rendered":"Informe de capacitaci\u00f3n semestral"},"content":{"rendered":"\t\t<div data-elementor-type=\"wp-page\" data-elementor-id=\"40103\" class=\"elementor elementor-40103\">\n\t\t\t\t<div class=\"elementor-element elementor-element-25d03656 e-flex e-con-boxed e-con e-parent\" data-id=\"25d03656\" data-element_type=\"container\">\n\t\t\t\t\t<div class=\"e-con-inner\">\n\t\t\t\t<div class=\"elementor-element elementor-element-d8df72e elementor-widget elementor-widget-heading\" data-id=\"d8df72e\" data-element_type=\"widget\" data-widget_type=\"heading.default\">\n\t\t\t\t<div class=\"elementor-widget-container\">\n\t\t\t\t\t<h2 class=\"elementor-heading-title elementor-size-default\">Art\u00edculo 54. Informe de capacitaci\u00f3n semestral. \n<\/h2>\t\t\t\t<\/div>\n\t\t\t\t<\/div>\n\t\t\t\t<div class=\"elementor-element elementor-element-381f1fe7 elementor-widget elementor-widget-html\" data-id=\"381f1fe7\" data-element_type=\"widget\" data-widget_type=\"html.default\">\n\t\t\t\t<div class=\"elementor-widget-container\">\n\t\t\t\t\t<div class=\"container\">\r\n  <a\r\n    class=\"column\"\r\n    href=\"https:\/\/sesesc.qroo.gob.mx\/wp-content\/uploads\/2025\/07\/1-INFORME-2025.pdf\"\r\n  >\r\n    <h2 class=\"blanco\"><b>Primer semestre 2025<\/b><\/h2>\r\n  <\/a>\r\n \r\n   \r\n<\/div>\r\n<style>\r\n  .container {\r\n    display: flex;\r\n    flex-wrap: wrap;\r\n    gap: 10px;\r\n    text-align: center;\r\n    font-family: \"Montserrat\";\r\n    justify-content: space-between;\r\n  }\r\n\r\n  .blanco {\r\n    color: white !important;\r\n  }\r\n\r\n  .column {\r\n    text-decoration: none;\r\n    color: white;\r\n    flex: 1 1 calc(25% - 10px);\r\n    background-color: #d6b482;\r\n    padding: 20px;\r\n    box-sizing: border-box;\r\n    border-radius: 20px;\r\n  }\r\n\r\n  @media (max-width: 768px) {\r\n    .column {\r\n      flex: 1 1 100%;\r\n    }\r\n  }\r\n<\/style>\r\n\t\t\t\t<\/div>\n\t\t\t\t<\/div>\n\t\t\t\t\t<\/div>\n\t\t\t\t<\/div>\n\t\t\t\t<\/div>\n\t\t","protected":false},"excerpt":{"rendered":"<p>Art\u00edculo 54. Informe de capacitaci\u00f3n semestral. Primer semestre 2025<\/p>\n","protected":false},"author":4,"featured_media":0,"parent":0,"menu_order":0,"comment_status":"closed","ping_status":"closed","template":"","meta":{"footnotes":""},"class_list":["post-40103","page","type-page","status-publish"],"yoast_head":"<!-- This site is optimized with the Yoast SEO plugin v24.6 - https:\/\/yoast.com\/wordpress\/plugins\/seo\/ -->\n<title>Informe de capacitaci\u00f3n semestral - Secretariado Ejecutivo del Sistema Estatal de Seguridad P\u00fablica<\/title>\n<meta name=\"robots\" content=\"noindex, follow, max-snippet:-1, max-image-preview:large, max-video-preview:-1\" \/>\n<meta property=\"og:locale\" content=\"es_MX\" \/>\n<meta property=\"og:type\" content=\"article\" \/>\n<meta property=\"og:title\" content=\"Informe de capacitaci\u00f3n semestral - Secretariado Ejecutivo del Sistema Estatal de Seguridad P\u00fablica\" \/>\n<meta property=\"og:description\" content=\"Art\u00edculo 54. Informe de capacitaci\u00f3n semestral. Primer semestre 2025\" \/>\n<meta property=\"og:url\" content=\"https:\/\/sesesc.qroo.gob.mx\/index.php\/informe-de-capacitacion-semestral\/\" \/>\n<meta property=\"og:site_name\" content=\"Secretariado Ejecutivo del Sistema Estatal de Seguridad P\u00fablica\" \/>\n<meta property=\"article:modified_time\" content=\"2025-07-14T22:02:04+00:00\" \/>\n<meta name=\"twitter:card\" content=\"summary_large_image\" \/>\n<meta name=\"twitter:label1\" content=\"Tiempo de lectura\" \/>\n\t<meta name=\"twitter:data1\" content=\"1 minuto\" \/>\n<script type=\"application\/ld+json\" class=\"yoast-schema-graph\">{\"@context\":\"https:\/\/schema.org\",\"@graph\":[{\"@type\":\"WebPage\",\"@id\":\"https:\/\/sesesc.qroo.gob.mx\/index.php\/informe-de-capacitacion-semestral\/\",\"url\":\"https:\/\/sesesc.qroo.gob.mx\/index.php\/informe-de-capacitacion-semestral\/\",\"name\":\"Informe de capacitaci\u00f3n semestral - Secretariado Ejecutivo del Sistema Estatal de Seguridad P\u00fablica\",\"isPartOf\":{\"@id\":\"https:\/\/sesesc.qroo.gob.mx\/#website\"},\"datePublished\":\"2025-07-14T22:01:56+00:00\",\"dateModified\":\"2025-07-14T22:02:04+00:00\",\"breadcrumb\":{\"@id\":\"https:\/\/sesesc.qroo.gob.mx\/index.php\/informe-de-capacitacion-semestral\/#breadcrumb\"},\"inLanguage\":\"es\",\"potentialAction\":[{\"@type\":\"ReadAction\",\"target\":[\"https:\/\/sesesc.qroo.gob.mx\/index.php\/informe-de-capacitacion-semestral\/\"]}]},{\"@type\":\"BreadcrumbList\",\"@id\":\"https:\/\/sesesc.qroo.gob.mx\/index.php\/informe-de-capacitacion-semestral\/#breadcrumb\",\"itemListElement\":[{\"@type\":\"ListItem\",\"position\":1,\"name\":\"Inicio\",\"item\":\"https:\/\/sesesc.qroo.gob.mx\/\"},{\"@type\":\"ListItem\",\"position\":2,\"name\":\"Informe de capacitaci\u00f3n semestral\"}]},{\"@type\":\"WebSite\",\"@id\":\"https:\/\/sesesc.qroo.gob.mx\/#website\",\"url\":\"https:\/\/sesesc.qroo.gob.mx\/\",\"name\":\"Secretariado Ejecutivo del Sistema Estatal de Seguridad P\u00fablica\",\"description\":\"\",\"potentialAction\":[{\"@type\":\"SearchAction\",\"target\":{\"@type\":\"EntryPoint\",\"urlTemplate\":\"https:\/\/sesesc.qroo.gob.mx\/?s={search_term_string}\"},\"query-input\":{\"@type\":\"PropertyValueSpecification\",\"valueRequired\":true,\"valueName\":\"search_term_string\"}}],\"inLanguage\":\"es\"}]}<\/script>\n<!-- \/ Yoast SEO plugin. -->","yoast_head_json":{"title":"Informe de capacitaci\u00f3n semestral - Secretariado Ejecutivo del Sistema Estatal de Seguridad P\u00fablica","robots":{"index":"noindex","follow":"follow","max-snippet":"max-snippet:-1","max-image-preview":"max-image-preview:large","max-video-preview":"max-video-preview:-1"},"og_locale":"es_MX","og_type":"article","og_title":"Informe de capacitaci\u00f3n semestral - Secretariado Ejecutivo del Sistema Estatal de Seguridad P\u00fablica","og_description":"Art\u00edculo 54. Informe de capacitaci\u00f3n semestral. Primer semestre 2025","og_url":"https:\/\/sesesc.qroo.gob.mx\/index.php\/informe-de-capacitacion-semestral\/","og_site_name":"Secretariado Ejecutivo del Sistema Estatal de Seguridad P\u00fablica","article_modified_time":"2025-07-14T22:02:04+00:00","twitter_card":"summary_large_image","twitter_misc":{"Tiempo de lectura":"1 minuto"},"schema":{"@context":"https:\/\/schema.org","@graph":[{"@type":"WebPage","@id":"https:\/\/sesesc.qroo.gob.mx\/index.php\/informe-de-capacitacion-semestral\/","url":"https:\/\/sesesc.qroo.gob.mx\/index.php\/informe-de-capacitacion-semestral\/","name":"Informe de capacitaci\u00f3n semestral - Secretariado Ejecutivo del Sistema Estatal de Seguridad P\u00fablica","isPartOf":{"@id":"https:\/\/sesesc.qroo.gob.mx\/#website"},"datePublished":"2025-07-14T22:01:56+00:00","dateModified":"2025-07-14T22:02:04+00:00","breadcrumb":{"@id":"https:\/\/sesesc.qroo.gob.mx\/index.php\/informe-de-capacitacion-semestral\/#breadcrumb"},"inLanguage":"es","potentialAction":[{"@type":"ReadAction","target":["https:\/\/sesesc.qroo.gob.mx\/index.php\/informe-de-capacitacion-semestral\/"]}]},{"@type":"BreadcrumbList","@id":"https:\/\/sesesc.qroo.gob.mx\/index.php\/informe-de-capacitacion-semestral\/#breadcrumb","itemListElement":[{"@type":"ListItem","position":1,"name":"Inicio","item":"https:\/\/sesesc.qroo.gob.mx\/"},{"@type":"ListItem","position":2,"name":"Informe de capacitaci\u00f3n semestral"}]},{"@type":"WebSite","@id":"https:\/\/sesesc.qroo.gob.mx\/#website","url":"https:\/\/sesesc.qroo.gob.mx\/","name":"Secretariado Ejecutivo del Sistema Estatal de Seguridad P\u00fablica","description":"","potentialAction":[{"@type":"SearchAction","target":{"@type":"EntryPoint","urlTemplate":"https:\/\/sesesc.qroo.gob.mx\/?s={search_term_string}"},"query-input":{"@type":"PropertyValueSpecification","valueRequired":true,"valueName":"search_term_string"}}],"inLanguage":"es"}]}},"_links":{"self":[{"href":"https:\/\/sesesc.qroo.gob.mx\/index.php\/wp-json\/wp\/v2\/pages\/40103","targetHints":{"allow":["GET"]}}],"collection":[{"href":"https:\/\/sesesc.qroo.gob.mx\/index.php\/wp-json\/wp\/v2\/pages"}],"about":[{"href":"https:\/\/sesesc.qroo.gob.mx\/index.php\/wp-json\/wp\/v2\/types\/page"}],"author":[{"embeddable":true,"href":"https:\/\/sesesc.qroo.gob.mx\/index.php\/wp-json\/wp\/v2\/users\/4"}],"replies":[{"embeddable":true,"href":"https:\/\/sesesc.qroo.gob.mx\/index.php\/wp-json\/wp\/v2\/comments?post=40103"}],"version-history":[{"count":4,"href":"https:\/\/sesesc.qroo.gob.mx\/index.php\/wp-json\/wp\/v2\/pages\/40103\/revisions"}],"predecessor-version":[{"id":40110,"href":"https:\/\/sesesc.qroo.gob.mx\/index.php\/wp-json\/wp\/v2\/pages\/40103\/revisions\/40110"}],"wp:attachment":[{"href":"https:\/\/sesesc.qroo.gob.mx\/index.php\/wp-json\/wp\/v2\/media?parent=40103"}],"curies":[{"name":"wp","href":"https:\/\/api.w.org\/{rel}","templated":true}]}}