{"id":40991,"date":"2026-03-10T14:24:37","date_gmt":"2026-03-10T19:24:37","guid":{"rendered":"https:\/\/sesesc.qroo.gob.mx\/?page_id=40991"},"modified":"2026-03-10T15:05:56","modified_gmt":"2026-03-10T20:05:56","slug":"comite-de-transparencia","status":"publish","type":"page","link":"https:\/\/sesesc.qroo.gob.mx\/index.php\/comite-de-transparencia\/","title":{"rendered":"Comit\u00e9 de transparencia"},"content":{"rendered":"\t\t<div data-elementor-type=\"wp-page\" data-elementor-id=\"40991\" class=\"elementor elementor-40991\">\n\t\t\t\t<div class=\"elementor-element elementor-element-5f41106 e-flex e-con-boxed e-con e-parent\" data-id=\"5f41106\" data-element_type=\"container\">\n\t\t\t\t\t<div class=\"e-con-inner\">\n\t\t\t\t<div class=\"elementor-element elementor-element-6a1fb49 elementor-widget elementor-widget-heading\" data-id=\"6a1fb49\" data-element_type=\"widget\" data-widget_type=\"heading.default\">\n\t\t\t\t<div class=\"elementor-widget-container\">\n\t\t\t\t\t<h2 class=\"elementor-heading-title elementor-size-default\">COMIT\u00c9 DE TRANSPARENCIA<\/h2>\t\t\t\t<\/div>\n\t\t\t\t<\/div>\n\t\t\t\t\t<\/div>\n\t\t\t\t<\/div>\n\t\t<div class=\"elementor-element elementor-element-81d28da e-flex e-con-boxed e-con e-parent\" data-id=\"81d28da\" data-element_type=\"container\">\n\t\t\t\t\t<div class=\"e-con-inner\">\n\t\t\t\t<div class=\"elementor-element elementor-element-a751b36 elementor-widget elementor-widget-heading\" data-id=\"a751b36\" data-element_type=\"widget\" data-widget_type=\"heading.default\">\n\t\t\t\t<div class=\"elementor-widget-container\">\n\t\t\t\t\t<h2 class=\"elementor-heading-title elementor-size-default\">Integrantes<\/h2>\t\t\t\t<\/div>\n\t\t\t\t<\/div>\n\t\t\t\t<div class=\"elementor-element elementor-element-de8e3ac elementor-widget elementor-widget-text-editor\" data-id=\"de8e3ac\" data-element_type=\"widget\" data-widget_type=\"text-editor.default\">\n\t\t\t\t<div class=\"elementor-widget-container\">\n\t\t\t\t\t\t\t\t\t<p>En t\u00e9rminos de lo dispuesto en los art\u00edculos 22 fracciones I, XVII y XVIII, 37 y 38 de la Ley de Transparencia y Acceso a la Informaci\u00f3n P\u00fablica del Estado de Quintana Roo, el Comit\u00e9 de Transparencia del Secretariado Ejecutivo del Sistema Estatal de Seguridad Ciudadana del Estado de Quintana Roo, est\u00e1 conformado de la siguiente manera:<\/p>\t\t\t\t\t\t\t\t<\/div>\n\t\t\t\t<\/div>\n\t\t\t\t<div class=\"elementor-element elementor-element-d9428d5 elementor-widget elementor-widget-html\" data-id=\"d9428d5\" data-element_type=\"widget\" data-widget_type=\"html.default\">\n\t\t\t\t<div class=\"elementor-widget-container\">\n\t\t\t\t\t<style>\n.tabla-comite{\n    width: 100%;\n    border-collapse: collapse;\n    font-family: Montserrat;\n}\n\n.tabla-comite th{\n    background-color:#a2003e;\n    color:white;\n    text-align:center;\n    padding:10px;\n    font-weight:bold;\n}\n\n.tabla-comite td{\n    border:1px solid #000;\n    vertical-align:top;\n    padding:12px;\n    font-size:14px;\n}\n\n.nombre{\n    font-weight:bold;\n}\n\n.cargo{\n    color:#444;\n}\n\n.vacio{\n    font-weight:bold;\n}\n<\/style>\n<table class=\"tabla-comite\">\n\n<thead>\n<tr>\n<th>TITULAR<\/th>\n<th>SUPLENTE<\/th>\n<\/tr>\n<\/thead>\n\n<tbody>\n\n<tr>\n<td>\n<div class=\"nombre\">C.P. Fanny Reyna Salmor\u00e1n Salmor\u00e1n.<\/div>\n<div class=\"cargo\">En calidad de Presidenta y Coordinadora de Planeaci\u00f3n, Administraci\u00f3n y de Archivos.<\/div>\n<\/td>\n\n<td>\n<div class=\"nombre\">Lcdo. Pedro Antonio Canul G\u00f3ngora<\/div>\n<div class=\"cargo\">Jefe de Departamento de Planeaci\u00f3n, Comit\u00e9s y de Archivos.<\/div>\n<\/td>\n<\/tr>\n\n<tr>\n<td>\n<div class=\"vacio\">-<\/div>\n<div class=\"cargo\">En calidad de Secretaria y Coordinadora Jur\u00eddica y Titular de la Unidad de Transparencia Acceso a la Informaci\u00f3n P\u00fablica y Protecci\u00f3n de Datos Personales.<\/div>\n<\/td>\n\n<td>\n<div class=\"nombre\">Lic. Sergio Gonz\u00e1lez Garc\u00eda.<\/div>\n<div class=\"cargo\">Jefe de Departamento de Transparencia Acceso a la Informaci\u00f3n P\u00fablica y Protecci\u00f3n de Datos Personales.<\/div>\n<\/td>\n<\/tr>\n\n<tr>\n<td>\n<div class=\"nombre\">Lcdo. Jorge Abrahan Coob Calder\u00f3n.<\/div>\n<div class=\"cargo\">Titular del \u00d3rgano Interno de Control.<\/div>\n<\/td>\n\n<td>\n<div class=\"vacio\">--<\/div>\n<\/td>\n<\/tr>\n\n<tr>\n<td>\n<div class=\"nombre\">C. Edgar P\u00e9rez Mayorga.<\/div>\n<div class=\"cargo\">En calidad de Vocal y Coordinador de Fondos Federales y Estatales.<\/div>\n<\/td>\n\n<td>\n<div class=\"nombre\">Tec. Vicente Ariel Chan Chiquil<\/div>\n<div class=\"cargo\">Departamento de Seguimiento y Control de Fondos<\/div>\n<\/td>\n<\/tr>\n\n<tr>\n<td>\n<div class=\"nombre\">Lcdo. Eliel \u00c1rias \u00c1vila.<\/div>\n<div class=\"cargo\">En calidad de Vocal y Coordinador de Atenci\u00f3n a Riesgos.<\/div>\n<\/td>\n\n<td>\n<div class=\"nombre\">Lcdo. Oscar Abraham Montesinos Jimenez.<\/div>\n<div class=\"cargo\">Jefe de Departamento de Centro de Conocimiento y Bienestar.<\/div>\n<\/td>\n<\/tr>\n\n<\/tbody>\n<\/table>\t\t\t\t<\/div>\n\t\t\t\t<\/div>\n\t\t\t\t\t<\/div>\n\t\t\t\t<\/div>\n\t\t<div class=\"elementor-element elementor-element-6aa6a70 e-flex e-con-boxed e-con e-parent\" data-id=\"6aa6a70\" data-element_type=\"container\">\n\t\t\t\t\t<div class=\"e-con-inner\">\n\t\t\t\t<div class=\"elementor-element elementor-element-28eb3ec elementor-widget elementor-widget-heading\" data-id=\"28eb3ec\" data-element_type=\"widget\" data-widget_type=\"heading.default\">\n\t\t\t\t<div class=\"elementor-widget-container\">\n\t\t\t\t\t<h2 class=\"elementor-heading-title elementor-size-default\">Calendario de Sesiones Ordinarias \ndel <br>Comit\u00e9 de Transparencia para el ejercicio 2026<\/h2>\t\t\t\t<\/div>\n\t\t\t\t<\/div>\n\t\t\t\t<div class=\"elementor-element elementor-element-3b332db elementor-widget elementor-widget-html\" data-id=\"3b332db\" data-element_type=\"widget\" data-widget_type=\"html.default\">\n\t\t\t\t<div class=\"elementor-widget-container\">\n\t\t\t\t\t<style>\n    .calendario{\n    margin:40px auto;\n    display:grid;\n    grid-template-columns: repeat(3, 1fr);\n    gap:15px;\n}\n\n.sesion{\n    background:white;\n    border:2px solid #E3E3E3;\n    border-radius:8px;\n    text-align:center;\n    padding:25px;\n    box-shadow:0 3px 6px rgba(0,0,0,0.1);\n}\n\n.titulo{\n    font-size:20px;\n    font-weight:bold;\n    color:#a2003e;\n}\n\n.fecha{\n    font-size:18px;\n    margin-top:10px;\n    font-weight:bold;\n}\n\n<\/style>\n<div class=\"calendario\">\n\n<div class=\"sesion\">\n<div class=\"titulo\">SESI\u00d3N 1<\/div>\n<div class=\"fecha\">FEBRERO<\/div>\n<\/div>\n\n<div class=\"sesion\">\n<div class=\"titulo\">SESI\u00d3N 2<\/div>\n<div class=\"fecha\">ABRIL<\/div>\n<\/div>\n\n<div class=\"sesion\">\n<div class=\"titulo\">SESI\u00d3N 3<\/div>\n<div class=\"fecha\">JUNIO<\/div>\n<\/div>\n\n<div class=\"sesion\">\n<div class=\"titulo\">SESI\u00d3N 4<\/div>\n<div class=\"fecha\">AGOSTO<\/div>\n<\/div>\n\n<div class=\"sesion\">\n<div class=\"titulo\">SESI\u00d3N 5<\/div>\n<div class=\"fecha\">OCTUBRE<\/div>\n<\/div>\n\n<div class=\"sesion\">\n<div class=\"titulo\">SESI\u00d3N 6<\/div>\n<div class=\"fecha\">DICIEMBRE<\/div>\n<\/div>\n\n<\/div>\t\t\t\t<\/div>\n\t\t\t\t<\/div>\n\t\t\t\t\t<\/div>\n\t\t\t\t<\/div>\n\t\t<div class=\"elementor-element elementor-element-d19124f e-flex e-con-boxed e-con e-parent\" data-id=\"d19124f\" data-element_type=\"container\">\n\t\t\t\t\t<div class=\"e-con-inner\">\n\t\t<div class=\"elementor-element elementor-element-59053ba e-con-full e-flex e-con e-child\" data-id=\"59053ba\" data-element_type=\"container\">\n\t\t\t\t<div class=\"elementor-element elementor-element-95c93f4 elementor-widget elementor-widget-heading\" data-id=\"95c93f4\" data-element_type=\"widget\" data-widget_type=\"heading.default\">\n\t\t\t\t<div class=\"elementor-widget-container\">\n\t\t\t\t\t<h2 class=\"elementor-heading-title elementor-size-default\">Atribuciones<\/h2>\t\t\t\t<\/div>\n\t\t\t\t<\/div>\n\t\t\t\t<div class=\"elementor-element elementor-element-2d8746b elementor-widget elementor-widget-html\" data-id=\"2d8746b\" data-element_type=\"widget\" data-widget_type=\"html.default\">\n\t\t\t\t<div class=\"elementor-widget-container\">\n\t\t\t\t\t<div class=\"contenedor-botones\">\n\n<a href=\"https:\/\/sesesc.qroo.gob.mx\/wp-content\/uploads\/2026\/03\/Ley-de-Transparencia-y-Acceso-a-la-Informacion-Publica-del-Estado-de-Quintana-Roo-Comite-de-Transparencia.pdf\" class=\"boton-ley\">\nLey de Transparencia y Acceso a la Informaci\u00f3n P\u00fablica del Estado de Quintana Roo.\n<\/a>\n\n<a href=\"https:\/\/sesesc.qroo.gob.mx\/wp-content\/uploads\/2026\/03\/Ley-de-Proteccion-de-Datos-Personales-en-Posesion-de-Sujetos-Obligados-del-Estado-de-Quintana-Roo-Comite-de-Transparencia.pdf\" class=\"boton-ley\">\nLey de Protecci\u00f3n de Datos Personales en Posesi\u00f3n de Sujetos Obligados del Estado de Quintana Roo.\n<\/a>\n\n<\/div>\n<style>\n\n.contenedor-botones{\n    display:flex;\n    gap:20px;\n    justify-content:center;\n    margin-top:30px;\n}\n\n.boton-ley{\n    background:#a2003e;\n    color:white;\n    padding:15px 20px;\n    text-decoration:none;\n    border-radius:8px;\n    width:350px;\n    text-align:center;\n    font-weight:bold;\n    box-shadow:0 3px 6px rgba(0,0,0,0.2);\n    transition:0.3s;\n}\n\n.boton-ley:hover{\n    background:#BFBFBF;\n    transform:translateY(-2px);\n}\n\n<\/style>\t\t\t\t<\/div>\n\t\t\t\t<\/div>\n\t\t\t\t<\/div>\n\t\t<div class=\"elementor-element elementor-element-adb8ee5 e-con-full e-flex e-con e-child\" data-id=\"adb8ee5\" data-element_type=\"container\">\n\t\t\t\t<div class=\"elementor-element elementor-element-4a5cf23 elementor-widget elementor-widget-heading\" data-id=\"4a5cf23\" data-element_type=\"widget\" data-widget_type=\"heading.default\">\n\t\t\t\t<div class=\"elementor-widget-container\">\n\t\t\t\t\t<h2 class=\"elementor-heading-title elementor-size-default\">Actas<\/h2>\t\t\t\t<\/div>\n\t\t\t\t<\/div>\n\t\t\t\t<div class=\"elementor-element elementor-element-e7bfe05 elementor-widget elementor-widget-html\" data-id=\"e7bfe05\" data-element_type=\"widget\" data-widget_type=\"html.default\">\n\t\t\t\t<div class=\"elementor-widget-container\">\n\t\t\t\t\t<div class=\"contenedor-botones\">\n\n<a href=\"https:\/\/sesesc.qroo.gob.mx\/wp-content\/uploads\/2026\/03\/Acta-de-instalacion-CT-2026-SESESC.pdf\" class=\"boton-ley\"> Acta de instalaci\u00f3n de Comit\u00e9 de Transparencia del Secretariado Ejecutivo del Sistema Estatal de Seguridad Ciudadana del Estado de Quintana Roo. \n<\/a>\n\n<\/div>\n<style>\n\n.contenedor-botones{\n    display:flex;\n    gap:20px;\n    justify-content:center;\n    margin-top:30px;\n}\n\n.boton-ley{\n    background:#a2003e;\n    color:white;\n    padding:10px 20px;\n    text-decoration:none;\n    border-radius:8px;\n    width:350px;\n    text-align:center;\n    font-weight:bold;\n    box-shadow:0 3px 6px rgba(0,0,0,0.2);\n    transition:0.3s;\n}\n\n.boton-ley:hover{\n    background:#BFBFBF;\n    transform:translateY(-2px);\n}\n\n<\/style>\t\t\t\t<\/div>\n\t\t\t\t<\/div>\n\t\t\t\t<\/div>\n\t\t\t\t\t<\/div>\n\t\t\t\t<\/div>\n\t\t\t\t<\/div>\n\t\t","protected":false},"excerpt":{"rendered":"<p>COMIT\u00c9 DE TRANSPARENCIA Integrantes En t\u00e9rminos de lo dispuesto en los art\u00edculos 22 fracciones I, XVII y XVIII, 37 y 38 de la Ley de Transparencia y Acceso a la Informaci\u00f3n P\u00fablica del Estado de Quintana Roo, el Comit\u00e9 de Transparencia del Secretariado Ejecutivo del Sistema Estatal de Seguridad Ciudadana del Estado de Quintana Roo, &#8230; <a title=\"Comit\u00e9 de transparencia\" class=\"read-more\" href=\"https:\/\/sesesc.qroo.gob.mx\/index.php\/comite-de-transparencia\/\" aria-label=\"Leer m\u00e1s sobre Comit\u00e9 de transparencia\">Leer m\u00e1s<\/a><\/p>\n","protected":false},"author":4,"featured_media":0,"parent":0,"menu_order":0,"comment_status":"closed","ping_status":"closed","template":"","meta":{"footnotes":""},"class_list":["post-40991","page","type-page","status-publish"],"yoast_head":"<!-- This site is optimized with the Yoast SEO plugin v24.6 - https:\/\/yoast.com\/wordpress\/plugins\/seo\/ -->\n<title>Comit\u00e9 de transparencia - Secretariado Ejecutivo del Sistema Estatal de Seguridad P\u00fablica<\/title>\n<meta name=\"robots\" content=\"noindex, follow, max-snippet:-1, max-image-preview:large, max-video-preview:-1\" \/>\n<meta property=\"og:locale\" content=\"es_MX\" \/>\n<meta property=\"og:type\" content=\"article\" \/>\n<meta property=\"og:title\" content=\"Comit\u00e9 de transparencia - Secretariado Ejecutivo del Sistema Estatal de Seguridad P\u00fablica\" \/>\n<meta property=\"og:description\" content=\"COMIT\u00c9 DE TRANSPARENCIA Integrantes En t\u00e9rminos de lo dispuesto en los art\u00edculos 22 fracciones I, XVII y XVIII, 37 y 38 de la Ley de Transparencia y Acceso a la Informaci\u00f3n P\u00fablica del Estado de Quintana Roo, el Comit\u00e9 de Transparencia del Secretariado Ejecutivo del Sistema Estatal de Seguridad Ciudadana del Estado de Quintana Roo, ... Leer m\u00e1s\" \/>\n<meta property=\"og:url\" content=\"https:\/\/sesesc.qroo.gob.mx\/index.php\/comite-de-transparencia\/\" \/>\n<meta property=\"og:site_name\" content=\"Secretariado Ejecutivo del Sistema Estatal de Seguridad P\u00fablica\" \/>\n<meta property=\"article:modified_time\" content=\"2026-03-10T20:05:56+00:00\" \/>\n<meta name=\"twitter:card\" content=\"summary_large_image\" \/>\n<meta name=\"twitter:label1\" content=\"Tiempo de lectura\" \/>\n\t<meta name=\"twitter:data1\" content=\"2 minutos\" \/>\n<script type=\"application\/ld+json\" class=\"yoast-schema-graph\">{\"@context\":\"https:\/\/schema.org\",\"@graph\":[{\"@type\":\"WebPage\",\"@id\":\"https:\/\/sesesc.qroo.gob.mx\/index.php\/comite-de-transparencia\/\",\"url\":\"https:\/\/sesesc.qroo.gob.mx\/index.php\/comite-de-transparencia\/\",\"name\":\"Comit\u00e9 de transparencia - Secretariado Ejecutivo del Sistema Estatal de Seguridad P\u00fablica\",\"isPartOf\":{\"@id\":\"https:\/\/sesesc.qroo.gob.mx\/#website\"},\"datePublished\":\"2026-03-10T19:24:37+00:00\",\"dateModified\":\"2026-03-10T20:05:56+00:00\",\"breadcrumb\":{\"@id\":\"https:\/\/sesesc.qroo.gob.mx\/index.php\/comite-de-transparencia\/#breadcrumb\"},\"inLanguage\":\"es\",\"potentialAction\":[{\"@type\":\"ReadAction\",\"target\":[\"https:\/\/sesesc.qroo.gob.mx\/index.php\/comite-de-transparencia\/\"]}]},{\"@type\":\"BreadcrumbList\",\"@id\":\"https:\/\/sesesc.qroo.gob.mx\/index.php\/comite-de-transparencia\/#breadcrumb\",\"itemListElement\":[{\"@type\":\"ListItem\",\"position\":1,\"name\":\"Inicio\",\"item\":\"https:\/\/sesesc.qroo.gob.mx\/\"},{\"@type\":\"ListItem\",\"position\":2,\"name\":\"Comit\u00e9 de transparencia\"}]},{\"@type\":\"WebSite\",\"@id\":\"https:\/\/sesesc.qroo.gob.mx\/#website\",\"url\":\"https:\/\/sesesc.qroo.gob.mx\/\",\"name\":\"Secretariado Ejecutivo del Sistema Estatal de Seguridad P\u00fablica\",\"description\":\"\",\"potentialAction\":[{\"@type\":\"SearchAction\",\"target\":{\"@type\":\"EntryPoint\",\"urlTemplate\":\"https:\/\/sesesc.qroo.gob.mx\/?s={search_term_string}\"},\"query-input\":{\"@type\":\"PropertyValueSpecification\",\"valueRequired\":true,\"valueName\":\"search_term_string\"}}],\"inLanguage\":\"es\"}]}<\/script>\n<!-- \/ Yoast SEO plugin. -->","yoast_head_json":{"title":"Comit\u00e9 de transparencia - Secretariado Ejecutivo del Sistema Estatal de Seguridad P\u00fablica","robots":{"index":"noindex","follow":"follow","max-snippet":"max-snippet:-1","max-image-preview":"max-image-preview:large","max-video-preview":"max-video-preview:-1"},"og_locale":"es_MX","og_type":"article","og_title":"Comit\u00e9 de transparencia - Secretariado Ejecutivo del Sistema Estatal de Seguridad P\u00fablica","og_description":"COMIT\u00c9 DE TRANSPARENCIA Integrantes En t\u00e9rminos de lo dispuesto en los art\u00edculos 22 fracciones I, XVII y XVIII, 37 y 38 de la Ley de Transparencia y Acceso a la Informaci\u00f3n P\u00fablica del Estado de Quintana Roo, el Comit\u00e9 de Transparencia del Secretariado Ejecutivo del Sistema Estatal de Seguridad Ciudadana del Estado de Quintana Roo, ... Leer m\u00e1s","og_url":"https:\/\/sesesc.qroo.gob.mx\/index.php\/comite-de-transparencia\/","og_site_name":"Secretariado Ejecutivo del Sistema Estatal de Seguridad P\u00fablica","article_modified_time":"2026-03-10T20:05:56+00:00","twitter_card":"summary_large_image","twitter_misc":{"Tiempo de lectura":"2 minutos"},"schema":{"@context":"https:\/\/schema.org","@graph":[{"@type":"WebPage","@id":"https:\/\/sesesc.qroo.gob.mx\/index.php\/comite-de-transparencia\/","url":"https:\/\/sesesc.qroo.gob.mx\/index.php\/comite-de-transparencia\/","name":"Comit\u00e9 de transparencia - Secretariado Ejecutivo del Sistema Estatal de Seguridad P\u00fablica","isPartOf":{"@id":"https:\/\/sesesc.qroo.gob.mx\/#website"},"datePublished":"2026-03-10T19:24:37+00:00","dateModified":"2026-03-10T20:05:56+00:00","breadcrumb":{"@id":"https:\/\/sesesc.qroo.gob.mx\/index.php\/comite-de-transparencia\/#breadcrumb"},"inLanguage":"es","potentialAction":[{"@type":"ReadAction","target":["https:\/\/sesesc.qroo.gob.mx\/index.php\/comite-de-transparencia\/"]}]},{"@type":"BreadcrumbList","@id":"https:\/\/sesesc.qroo.gob.mx\/index.php\/comite-de-transparencia\/#breadcrumb","itemListElement":[{"@type":"ListItem","position":1,"name":"Inicio","item":"https:\/\/sesesc.qroo.gob.mx\/"},{"@type":"ListItem","position":2,"name":"Comit\u00e9 de transparencia"}]},{"@type":"WebSite","@id":"https:\/\/sesesc.qroo.gob.mx\/#website","url":"https:\/\/sesesc.qroo.gob.mx\/","name":"Secretariado Ejecutivo del Sistema Estatal de Seguridad P\u00fablica","description":"","potentialAction":[{"@type":"SearchAction","target":{"@type":"EntryPoint","urlTemplate":"https:\/\/sesesc.qroo.gob.mx\/?s={search_term_string}"},"query-input":{"@type":"PropertyValueSpecification","valueRequired":true,"valueName":"search_term_string"}}],"inLanguage":"es"}]}},"_links":{"self":[{"href":"https:\/\/sesesc.qroo.gob.mx\/index.php\/wp-json\/wp\/v2\/pages\/40991","targetHints":{"allow":["GET"]}}],"collection":[{"href":"https:\/\/sesesc.qroo.gob.mx\/index.php\/wp-json\/wp\/v2\/pages"}],"about":[{"href":"https:\/\/sesesc.qroo.gob.mx\/index.php\/wp-json\/wp\/v2\/types\/page"}],"author":[{"embeddable":true,"href":"https:\/\/sesesc.qroo.gob.mx\/index.php\/wp-json\/wp\/v2\/users\/4"}],"replies":[{"embeddable":true,"href":"https:\/\/sesesc.qroo.gob.mx\/index.php\/wp-json\/wp\/v2\/comments?post=40991"}],"version-history":[{"count":7,"href":"https:\/\/sesesc.qroo.gob.mx\/index.php\/wp-json\/wp\/v2\/pages\/40991\/revisions"}],"predecessor-version":[{"id":41004,"href":"https:\/\/sesesc.qroo.gob.mx\/index.php\/wp-json\/wp\/v2\/pages\/40991\/revisions\/41004"}],"wp:attachment":[{"href":"https:\/\/sesesc.qroo.gob.mx\/index.php\/wp-json\/wp\/v2\/media?parent=40991"}],"curies":[{"name":"wp","href":"https:\/\/api.w.org\/{rel}","templated":true}]}}