{"id":41207,"date":"2026-04-29T09:43:56","date_gmt":"2026-04-29T14:43:56","guid":{"rendered":"https:\/\/sesesc.qroo.gob.mx\/?page_id=41207"},"modified":"2026-04-29T10:22:08","modified_gmt":"2026-04-29T15:22:08","slug":"lineamientos-tecnicos-generales-para-la-publicacion-homologacion-y-estandarizacion-de-la-informacion-de-las-obligaciones-de-transparencia","status":"publish","type":"page","link":"https:\/\/sesesc.qroo.gob.mx\/index.php\/lineamientos-tecnicos-generales-para-la-publicacion-homologacion-y-estandarizacion-de-la-informacion-de-las-obligaciones-de-transparencia\/","title":{"rendered":"Lineamientos Tecnicos Generales para la P\u00fablicaci\u00f3n Homologaci\u00f3n y Estandarizaci\u00f3n de la Informaci\u00f3n de las Obligaciones de Transparencia"},"content":{"rendered":"\t\t<div data-elementor-type=\"wp-page\" data-elementor-id=\"41207\" class=\"elementor elementor-41207\">\n\t\t\t\t<div class=\"elementor-element elementor-element-91d89f8 e-flex e-con-boxed e-con e-parent\" data-id=\"91d89f8\" data-element_type=\"container\">\n\t\t\t\t\t<div class=\"e-con-inner\">\n\t\t\t\t<div class=\"elementor-element elementor-element-766917f elementor-widget elementor-widget-heading\" data-id=\"766917f\" data-element_type=\"widget\" data-widget_type=\"heading.default\">\n\t\t\t\t<div class=\"elementor-widget-container\">\n\t\t\t\t\t<h2 class=\"elementor-heading-title elementor-size-default\"> Lineamientos Tecnicos Generales para la P\u00fablicaci\u00f3n Homologaci\u00f3n y Estandarizaci\u00f3n de la Informaci\u00f3n de las Obligaciones de Transparencia<\/h2>\t\t\t\t<\/div>\n\t\t\t\t<\/div>\n\t\t\t\t\t<\/div>\n\t\t\t\t<\/div>\n\t\t<div class=\"elementor-element elementor-element-fa5340f e-flex e-con-boxed e-con e-parent\" data-id=\"fa5340f\" data-element_type=\"container\">\n\t\t\t\t\t<div class=\"e-con-inner\">\n\t\t\t\t<div class=\"elementor-element elementor-element-0eb5a9d elementor-widget elementor-widget-html\" data-id=\"0eb5a9d\" data-element_type=\"widget\" data-widget_type=\"html.default\">\n\t\t\t\t<div class=\"elementor-widget-container\">\n\t\t\t\t\t<iframe src=\"https:\/\/sesesc.qroo.gob.mx\/wp-content\/uploads\/2026\/04\/page1-30.pdf\" width=\"100%\" height=\"600px\" frameborder=\"0\"><\/iframe>\n<iframe src=\"https:\/\/sesesc.qroo.gob.mx\/wp-content\/uploads\/2026\/04\/page31-60.pdf\" width=\"100%\" height=\"600px\" frameborder=\"0\"><\/iframe>\n<iframe src=\"https:\/\/sesesc.qroo.gob.mx\/wp-content\/uploads\/2026\/04\/page61-90.pdf\" width=\"100%\" height=\"600px\" frameborder=\"0\"><\/iframe>\n<iframe src=\"https:\/\/sesesc.qroo.gob.mx\/wp-content\/uploads\/2026\/04\/page91-120.pdf\" width=\"100%\" height=\"600px\" frameborder=\"0\"><\/iframe>\n<iframe src=\"https:\/\/sesesc.qroo.gob.mx\/wp-content\/uploads\/2026\/04\/page121-150.pdf\" width=\"100%\" height=\"600px\" frameborder=\"0\"><\/iframe>\n<iframe src=\"https:\/\/sesesc.qroo.gob.mx\/wp-content\/uploads\/2026\/04\/page151-180.pdf\" width=\"100%\" height=\"600px\" frameborder=\"0\"><\/iframe>\n<iframe src=\"https:\/\/sesesc.qroo.gob.mx\/wp-content\/uploads\/2026\/04\/page181-210.pdf\" width=\"100%\" height=\"600px\" frameborder=\"0\"><\/iframe>\n<iframe src=\"https:\/\/sesesc.qroo.gob.mx\/wp-content\/uploads\/2026\/04\/page211-240.pdf\" width=\"100%\" height=\"600px\" frameborder=\"0\"><\/iframe>\n<iframe src=\"https:\/\/sesesc.qroo.gob.mx\/wp-content\/uploads\/2026\/04\/page241-270.pdf\" width=\"100%\" height=\"600px\" frameborder=\"0\"><\/iframe>\n<iframe src=\"https:\/\/sesesc.qroo.gob.mx\/wp-content\/uploads\/2026\/04\/page271-300.pdf\" width=\"100%\" height=\"600px\" frameborder=\"0\"><\/iframe>\n<iframe src=\"https:\/\/sesesc.qroo.gob.mx\/wp-content\/uploads\/2026\/04\/page301-330.pdf\" width=\"100%\" height=\"600px\" frameborder=\"0\"><\/iframe>\n<iframe src=\"https:\/\/sesesc.qroo.gob.mx\/wp-content\/uploads\/2026\/04\/page331-360.pdf\" width=\"100%\" height=\"600px\" frameborder=\"0\"><\/iframe>\n<iframe src=\"https:\/\/sesesc.qroo.gob.mx\/wp-content\/uploads\/2026\/04\/page361-390.pdf\" width=\"100%\" height=\"600px\" frameborder=\"0\"><\/iframe>\n<iframe src=\"https:\/\/sesesc.qroo.gob.mx\/wp-content\/uploads\/2026\/04\/page391-420.pdf\" width=\"100%\" height=\"600px\" frameborder=\"0\"><\/iframe>\n<iframe src=\"https:\/\/sesesc.qroo.gob.mx\/wp-content\/uploads\/2026\/04\/page421-450.pdf\" width=\"100%\" height=\"600px\" frameborder=\"0\"><\/iframe>\n<iframe src=\"https:\/\/sesesc.qroo.gob.mx\/wp-content\/uploads\/2026\/04\/page451-480.pdf\" width=\"100%\" height=\"600px\" frameborder=\"0\"><\/iframe>\n<iframe src=\"https:\/\/sesesc.qroo.gob.mx\/wp-content\/uploads\/2026\/04\/page481-510.pdf\" width=\"100%\" height=\"600px\" frameborder=\"0\"><\/iframe>\n<iframe src=\"https:\/\/sesesc.qroo.gob.mx\/wp-content\/uploads\/2026\/04\/page511-540.pdf\" width=\"100%\" height=\"600px\" frameborder=\"0\"><\/iframe>\n<iframe src=\"https:\/\/sesesc.qroo.gob.mx\/wp-content\/uploads\/2026\/04\/page541-570.pdf\" width=\"100%\" height=\"600px\" frameborder=\"0\"><\/iframe>\n<iframe src=\"https:\/\/sesesc.qroo.gob.mx\/wp-content\/uploads\/2026\/04\/page571-600.pdf\" width=\"100%\" height=\"600px\" frameborder=\"0\"><\/iframe>\n<iframe src=\"https:\/\/sesesc.qroo.gob.mx\/wp-content\/uploads\/2026\/04\/page601-630.pdf\" width=\"100%\" height=\"600px\" frameborder=\"0\"><\/iframe>\n<iframe src=\"https:\/\/sesesc.qroo.gob.mx\/wp-content\/uploads\/2026\/04\/page631-660.pdf\" width=\"100%\" height=\"600px\" frameborder=\"0\"><\/iframe>\n<iframe src=\"https:\/\/sesesc.qroo.gob.mx\/wp-content\/uploads\/2026\/04\/page661-690.pdf\" width=\"100%\" height=\"600px\" frameborder=\"0\"><\/iframe>\n<iframe src=\"https:\/\/sesesc.qroo.gob.mx\/wp-content\/uploads\/2026\/04\/page691-720.pdf\" width=\"100%\" height=\"600px\" frameborder=\"0\"><\/iframe>\n<iframe src=\"https:\/\/sesesc.qroo.gob.mx\/wp-content\/uploads\/2026\/04\/page721-750.pdf\" width=\"100%\" height=\"600px\" frameborder=\"0\"><\/iframe>\n<iframe src=\"https:\/\/sesesc.qroo.gob.mx\/wp-content\/uploads\/2026\/04\/page751-780.pdf\" width=\"100%\" height=\"600px\" frameborder=\"0\"><\/iframe>\n<iframe src=\"https:\/\/sesesc.qroo.gob.mx\/wp-content\/uploads\/2026\/04\/page781-790.pdf\" width=\"100%\" height=\"600px\" frameborder=\"0\"><\/iframe>\t\t\t\t<\/div>\n\t\t\t\t<\/div>\n\t\t\t\t\t<\/div>\n\t\t\t\t<\/div>\n\t\t\t\t<\/div>\n\t\t","protected":false},"excerpt":{"rendered":"<p>Lineamientos Tecnicos Generales para la P\u00fablicaci\u00f3n Homologaci\u00f3n y Estandarizaci\u00f3n de la Informaci\u00f3n de las Obligaciones de Transparencia<\/p>\n","protected":false},"author":4,"featured_media":0,"parent":0,"menu_order":0,"comment_status":"closed","ping_status":"closed","template":"","meta":{"footnotes":""},"class_list":["post-41207","page","type-page","status-publish"],"yoast_head":"<!-- This site is optimized with the Yoast SEO plugin v24.6 - https:\/\/yoast.com\/wordpress\/plugins\/seo\/ -->\n<title>Lineamientos Tecnicos Generales para la P\u00fablicaci\u00f3n Homologaci\u00f3n y Estandarizaci\u00f3n de la Informaci\u00f3n de las Obligaciones de Transparencia - Secretariado Ejecutivo del Sistema Estatal de Seguridad P\u00fablica<\/title>\n<meta name=\"robots\" content=\"noindex, follow, max-snippet:-1, max-image-preview:large, max-video-preview:-1\" \/>\n<meta property=\"og:locale\" content=\"es_MX\" \/>\n<meta property=\"og:type\" content=\"article\" \/>\n<meta property=\"og:title\" content=\"Lineamientos Tecnicos Generales para la P\u00fablicaci\u00f3n Homologaci\u00f3n y Estandarizaci\u00f3n de la Informaci\u00f3n de las Obligaciones de Transparencia - Secretariado Ejecutivo del Sistema Estatal de Seguridad P\u00fablica\" \/>\n<meta property=\"og:description\" content=\"Lineamientos Tecnicos Generales para la P\u00fablicaci\u00f3n Homologaci\u00f3n y Estandarizaci\u00f3n de la Informaci\u00f3n de las Obligaciones de Transparencia\" \/>\n<meta property=\"og:url\" content=\"https:\/\/sesesc.qroo.gob.mx\/index.php\/lineamientos-tecnicos-generales-para-la-publicacion-homologacion-y-estandarizacion-de-la-informacion-de-las-obligaciones-de-transparencia\/\" \/>\n<meta property=\"og:site_name\" content=\"Secretariado Ejecutivo del Sistema Estatal de Seguridad P\u00fablica\" \/>\n<meta property=\"article:modified_time\" content=\"2026-04-29T15:22:08+00:00\" \/>\n<meta name=\"twitter:card\" content=\"summary_large_image\" \/>\n<meta name=\"twitter:label1\" content=\"Tiempo de lectura\" \/>\n\t<meta name=\"twitter:data1\" content=\"1 minuto\" \/>\n<script type=\"application\/ld+json\" class=\"yoast-schema-graph\">{\"@context\":\"https:\/\/schema.org\",\"@graph\":[{\"@type\":\"WebPage\",\"@id\":\"https:\/\/sesesc.qroo.gob.mx\/index.php\/lineamientos-tecnicos-generales-para-la-publicacion-homologacion-y-estandarizacion-de-la-informacion-de-las-obligaciones-de-transparencia\/\",\"url\":\"https:\/\/sesesc.qroo.gob.mx\/index.php\/lineamientos-tecnicos-generales-para-la-publicacion-homologacion-y-estandarizacion-de-la-informacion-de-las-obligaciones-de-transparencia\/\",\"name\":\"Lineamientos Tecnicos Generales para la P\u00fablicaci\u00f3n Homologaci\u00f3n y Estandarizaci\u00f3n de la Informaci\u00f3n de las Obligaciones de Transparencia - Secretariado Ejecutivo del Sistema Estatal de Seguridad P\u00fablica\",\"isPartOf\":{\"@id\":\"https:\/\/sesesc.qroo.gob.mx\/#website\"},\"datePublished\":\"2026-04-29T14:43:56+00:00\",\"dateModified\":\"2026-04-29T15:22:08+00:00\",\"breadcrumb\":{\"@id\":\"https:\/\/sesesc.qroo.gob.mx\/index.php\/lineamientos-tecnicos-generales-para-la-publicacion-homologacion-y-estandarizacion-de-la-informacion-de-las-obligaciones-de-transparencia\/#breadcrumb\"},\"inLanguage\":\"es\",\"potentialAction\":[{\"@type\":\"ReadAction\",\"target\":[\"https:\/\/sesesc.qroo.gob.mx\/index.php\/lineamientos-tecnicos-generales-para-la-publicacion-homologacion-y-estandarizacion-de-la-informacion-de-las-obligaciones-de-transparencia\/\"]}]},{\"@type\":\"BreadcrumbList\",\"@id\":\"https:\/\/sesesc.qroo.gob.mx\/index.php\/lineamientos-tecnicos-generales-para-la-publicacion-homologacion-y-estandarizacion-de-la-informacion-de-las-obligaciones-de-transparencia\/#breadcrumb\",\"itemListElement\":[{\"@type\":\"ListItem\",\"position\":1,\"name\":\"Inicio\",\"item\":\"https:\/\/sesesc.qroo.gob.mx\/\"},{\"@type\":\"ListItem\",\"position\":2,\"name\":\"Lineamientos Tecnicos Generales para la P\u00fablicaci\u00f3n Homologaci\u00f3n y Estandarizaci\u00f3n de la Informaci\u00f3n de las Obligaciones de Transparencia\"}]},{\"@type\":\"WebSite\",\"@id\":\"https:\/\/sesesc.qroo.gob.mx\/#website\",\"url\":\"https:\/\/sesesc.qroo.gob.mx\/\",\"name\":\"Secretariado Ejecutivo del Sistema Estatal de Seguridad P\u00fablica\",\"description\":\"\",\"potentialAction\":[{\"@type\":\"SearchAction\",\"target\":{\"@type\":\"EntryPoint\",\"urlTemplate\":\"https:\/\/sesesc.qroo.gob.mx\/?s={search_term_string}\"},\"query-input\":{\"@type\":\"PropertyValueSpecification\",\"valueRequired\":true,\"valueName\":\"search_term_string\"}}],\"inLanguage\":\"es\"}]}<\/script>\n<!-- \/ Yoast SEO plugin. -->","yoast_head_json":{"title":"Lineamientos Tecnicos Generales para la P\u00fablicaci\u00f3n Homologaci\u00f3n y Estandarizaci\u00f3n de la Informaci\u00f3n de las Obligaciones de Transparencia - Secretariado Ejecutivo del Sistema Estatal de Seguridad P\u00fablica","robots":{"index":"noindex","follow":"follow","max-snippet":"max-snippet:-1","max-image-preview":"max-image-preview:large","max-video-preview":"max-video-preview:-1"},"og_locale":"es_MX","og_type":"article","og_title":"Lineamientos Tecnicos Generales para la P\u00fablicaci\u00f3n Homologaci\u00f3n y Estandarizaci\u00f3n de la Informaci\u00f3n de las Obligaciones de Transparencia - Secretariado Ejecutivo del Sistema Estatal de Seguridad P\u00fablica","og_description":"Lineamientos Tecnicos Generales para la P\u00fablicaci\u00f3n Homologaci\u00f3n y Estandarizaci\u00f3n de la Informaci\u00f3n de las Obligaciones de Transparencia","og_url":"https:\/\/sesesc.qroo.gob.mx\/index.php\/lineamientos-tecnicos-generales-para-la-publicacion-homologacion-y-estandarizacion-de-la-informacion-de-las-obligaciones-de-transparencia\/","og_site_name":"Secretariado Ejecutivo del Sistema Estatal de Seguridad P\u00fablica","article_modified_time":"2026-04-29T15:22:08+00:00","twitter_card":"summary_large_image","twitter_misc":{"Tiempo de lectura":"1 minuto"},"schema":{"@context":"https:\/\/schema.org","@graph":[{"@type":"WebPage","@id":"https:\/\/sesesc.qroo.gob.mx\/index.php\/lineamientos-tecnicos-generales-para-la-publicacion-homologacion-y-estandarizacion-de-la-informacion-de-las-obligaciones-de-transparencia\/","url":"https:\/\/sesesc.qroo.gob.mx\/index.php\/lineamientos-tecnicos-generales-para-la-publicacion-homologacion-y-estandarizacion-de-la-informacion-de-las-obligaciones-de-transparencia\/","name":"Lineamientos Tecnicos Generales para la P\u00fablicaci\u00f3n Homologaci\u00f3n y Estandarizaci\u00f3n de la Informaci\u00f3n de las Obligaciones de Transparencia - Secretariado Ejecutivo del Sistema Estatal de Seguridad P\u00fablica","isPartOf":{"@id":"https:\/\/sesesc.qroo.gob.mx\/#website"},"datePublished":"2026-04-29T14:43:56+00:00","dateModified":"2026-04-29T15:22:08+00:00","breadcrumb":{"@id":"https:\/\/sesesc.qroo.gob.mx\/index.php\/lineamientos-tecnicos-generales-para-la-publicacion-homologacion-y-estandarizacion-de-la-informacion-de-las-obligaciones-de-transparencia\/#breadcrumb"},"inLanguage":"es","potentialAction":[{"@type":"ReadAction","target":["https:\/\/sesesc.qroo.gob.mx\/index.php\/lineamientos-tecnicos-generales-para-la-publicacion-homologacion-y-estandarizacion-de-la-informacion-de-las-obligaciones-de-transparencia\/"]}]},{"@type":"BreadcrumbList","@id":"https:\/\/sesesc.qroo.gob.mx\/index.php\/lineamientos-tecnicos-generales-para-la-publicacion-homologacion-y-estandarizacion-de-la-informacion-de-las-obligaciones-de-transparencia\/#breadcrumb","itemListElement":[{"@type":"ListItem","position":1,"name":"Inicio","item":"https:\/\/sesesc.qroo.gob.mx\/"},{"@type":"ListItem","position":2,"name":"Lineamientos Tecnicos Generales para la P\u00fablicaci\u00f3n Homologaci\u00f3n y Estandarizaci\u00f3n de la Informaci\u00f3n de las Obligaciones de Transparencia"}]},{"@type":"WebSite","@id":"https:\/\/sesesc.qroo.gob.mx\/#website","url":"https:\/\/sesesc.qroo.gob.mx\/","name":"Secretariado Ejecutivo del Sistema Estatal de Seguridad P\u00fablica","description":"","potentialAction":[{"@type":"SearchAction","target":{"@type":"EntryPoint","urlTemplate":"https:\/\/sesesc.qroo.gob.mx\/?s={search_term_string}"},"query-input":{"@type":"PropertyValueSpecification","valueRequired":true,"valueName":"search_term_string"}}],"inLanguage":"es"}]}},"_links":{"self":[{"href":"https:\/\/sesesc.qroo.gob.mx\/index.php\/wp-json\/wp\/v2\/pages\/41207","targetHints":{"allow":["GET"]}}],"collection":[{"href":"https:\/\/sesesc.qroo.gob.mx\/index.php\/wp-json\/wp\/v2\/pages"}],"about":[{"href":"https:\/\/sesesc.qroo.gob.mx\/index.php\/wp-json\/wp\/v2\/types\/page"}],"author":[{"embeddable":true,"href":"https:\/\/sesesc.qroo.gob.mx\/index.php\/wp-json\/wp\/v2\/users\/4"}],"replies":[{"embeddable":true,"href":"https:\/\/sesesc.qroo.gob.mx\/index.php\/wp-json\/wp\/v2\/comments?post=41207"}],"version-history":[{"count":7,"href":"https:\/\/sesesc.qroo.gob.mx\/index.php\/wp-json\/wp\/v2\/pages\/41207\/revisions"}],"predecessor-version":[{"id":41242,"href":"https:\/\/sesesc.qroo.gob.mx\/index.php\/wp-json\/wp\/v2\/pages\/41207\/revisions\/41242"}],"wp:attachment":[{"href":"https:\/\/sesesc.qroo.gob.mx\/index.php\/wp-json\/wp\/v2\/media?parent=41207"}],"curies":[{"name":"wp","href":"https:\/\/api.w.org\/{rel}","templated":true}]}}